{"id":49354,"date":"2025-07-09T09:18:14","date_gmt":"2025-07-09T07:18:14","guid":{"rendered":"https:\/\/librairie7l.com\/?post_type=product&#038;p=49354"},"modified":"2026-04-04T04:33:08","modified_gmt":"2026-04-04T02:33:08","slug":"paul-starosta-2","status":"publish","type":"product","link":"https:\/\/librairie7l.com\/en\/produit\/paul-starosta-2\/","title":{"rendered":"PAUL STAROSTA"},"content":{"rendered":"<p>Biologiste de formation, il est devenu l&#8217;un des ma\u00eetres de la photographie naturaliste. Ses photographies de v\u00e9g\u00e9taux, d&#8217;animaux et de min\u00e9raux constituent depuis plus de trois d\u00e9cennies la mati\u00e8re scientifique et po\u00e9tique d&#8217;une quarantaine de publications \u00e9dit\u00e9es dans le monde entier. <\/p>\n<p>La photographie naturaliste constitue un corpus iconographique d&#8217;une extr\u00eame richesse dont on per\u00e7oit encore mieux aujourd&#8217;hui l&#8217;importance et la n\u00e9cessit\u00e9. Figure embl\u00e9matique de cette discipline, Paul Starosta, internationalement connu et respect\u00e9, incarne, par son perfectionnisme, la diversit\u00e9 de sa palette th\u00e9matique et son savoir-faire novateur, la quintessence de la photographie appliqu\u00e9e \u00e0 la recherche naturaliste. Qu&#8217;il traite du monde v\u00e9g\u00e9tal, animal ou min\u00e9ral, ce portraitiste du minuscule est l&#8217;un des meilleurs praticiens des techniques de la macrophotographie qui permet de saisir la moindre nuance chromatique d&#8217;une aile de papillon, l&#8217;architecture savante des dos de col\u00e9opt\u00e8res, et l&#8217;\u00e9l\u00e9gance quasi typographique des coquillages. Si la photographie est \u00abla vraie r\u00e9tine du savant\u00bb, comme l&#8217;affirmait l&#8217;astronome Jules Janssen, celle de Paul Starosta consacre d\u00e9finitivement la vraie beaut\u00e9 du vivant.<\/p>\n<p>Introduction de Val\u00e9rie Chansigaud  106 photographies reproduites en quadrichromie  Notices biographique et bibliographique<\/p>\n","protected":false},"excerpt":{"rendered":"<p>Biologiste de formation, il est devenu l&#8217;un des ma\u00eetres de la photographie naturaliste. Ses photographies de v\u00e9g\u00e9taux, d&#8217;animaux et de min\u00e9raux constituent depuis plus de trois d\u00e9cennies la mati\u00e8re scientifique et po\u00e9tique d&#8217;une quarantaine de publications \u00e9dit\u00e9es dans le monde entier. La photographie naturaliste constitue un corpus iconographique d&#8217;une extr\u00eame richesse dont on per\u00e7oit encore [&hellip;]<\/p>\n","protected":false},"featured_media":49352,"template":"","meta":[],"product_cat":[2948,2958],"product_tag":[],"acf":[],"yoast_head":"<!-- This site is optimized with the Yoast SEO plugin v20.11 - https:\/\/yoast.com\/wordpress\/plugins\/seo\/ -->\n<title>Paul Starosta - Librairie 7L<\/title>\n<meta name=\"robots\" content=\"index, follow, max-snippet:-1, max-image-preview:large, max-video-preview:-1\" \/>\n<link rel=\"canonical\" href=\"https:\/\/librairie7l.com\/en\/produit\/paul-starosta-2\/\" \/>\n<meta property=\"og:locale\" content=\"en_US\" \/>\n<meta property=\"og:type\" content=\"article\" \/>\n<meta property=\"og:title\" content=\"Paul Starosta - Librairie 7L\" \/>\n<meta property=\"og:description\" content=\"Biologiste de formation, il est devenu l&#8217;un des ma\u00eetres de la photographie naturaliste. Ses photographies de v\u00e9g\u00e9taux, d&#8217;animaux et de min\u00e9raux constituent depuis plus de trois d\u00e9cennies la mati\u00e8re scientifique et po\u00e9tique d&#8217;une quarantaine de publications \u00e9dit\u00e9es dans le monde entier. La photographie naturaliste constitue un corpus iconographique d&#8217;une extr\u00eame richesse dont on per\u00e7oit encore [&hellip;]\" \/>\n<meta property=\"og:url\" content=\"https:\/\/librairie7l.com\/en\/produit\/paul-starosta-2\/\" \/>\n<meta property=\"og:site_name\" content=\"Librairie 7L\" \/>\n<meta property=\"article:modified_time\" content=\"2026-04-04T02:33:08+00:00\" \/>\n<meta property=\"og:image\" content=\"https:\/\/librairie7l.com\/wp-content\/uploads\/2010\/02\/9782742791576_1_75.jpg\" \/>\n\t<meta property=\"og:image:width\" content=\"341\" \/>\n\t<meta property=\"og:image:height\" content=\"523\" \/>\n\t<meta property=\"og:image:type\" content=\"image\/jpeg\" \/>\n<meta name=\"twitter:card\" content=\"summary_large_image\" \/>\n<meta name=\"twitter:label1\" content=\"Est. reading time\" \/>\n\t<meta name=\"twitter:data1\" content=\"1 minute\" \/>\n<script type=\"application\/ld+json\" class=\"yoast-schema-graph\">{\"@context\":\"https:\/\/schema.org\",\"@graph\":[{\"@type\":\"WebPage\",\"@id\":\"https:\/\/librairie7l.com\/en\/produit\/paul-starosta-2\/\",\"url\":\"https:\/\/librairie7l.com\/en\/produit\/paul-starosta-2\/\",\"name\":\"Paul Starosta - Librairie 7L\",\"isPartOf\":{\"@id\":\"https:\/\/librairie7l.com\/en\/#website\"},\"datePublished\":\"2025-07-09T07:18:14+00:00\",\"dateModified\":\"2026-04-04T02:33:08+00:00\",\"breadcrumb\":{\"@id\":\"https:\/\/librairie7l.com\/en\/produit\/paul-starosta-2\/#breadcrumb\"},\"inLanguage\":\"en-US\",\"potentialAction\":[{\"@type\":\"ReadAction\",\"target\":[\"https:\/\/librairie7l.com\/en\/produit\/paul-starosta-2\/\"]}]},{\"@type\":\"BreadcrumbList\",\"@id\":\"https:\/\/librairie7l.com\/en\/produit\/paul-starosta-2\/#breadcrumb\",\"itemListElement\":[{\"@type\":\"ListItem\",\"position\":1,\"name\":\"Accueil\",\"item\":\"https:\/\/librairie7l.com\/en\/\"},{\"@type\":\"ListItem\",\"position\":2,\"name\":\"Shop\",\"item\":\"https:\/\/librairie7l.com\/en\/shop\/\"},{\"@type\":\"ListItem\",\"position\":3,\"name\":\"PAUL STAROSTA\"}]},{\"@type\":\"WebSite\",\"@id\":\"https:\/\/librairie7l.com\/en\/#website\",\"url\":\"https:\/\/librairie7l.com\/en\/\",\"name\":\"Librairie 7L\",\"description\":\"Librairie fond\u00e9e en 1999 par Karl Lagerfeld \u00e0 Paris\",\"publisher\":{\"@id\":\"https:\/\/librairie7l.com\/en\/#organization\"},\"potentialAction\":[{\"@type\":\"SearchAction\",\"target\":{\"@type\":\"EntryPoint\",\"urlTemplate\":\"https:\/\/librairie7l.com\/en\/?s={search_term_string}\"},\"query-input\":\"required name=search_term_string\"}],\"inLanguage\":\"en-US\"},{\"@type\":\"Organization\",\"@id\":\"https:\/\/librairie7l.com\/en\/#organization\",\"name\":\"Librairie 7L\",\"url\":\"https:\/\/librairie7l.com\/en\/\",\"logo\":{\"@type\":\"ImageObject\",\"inLanguage\":\"en-US\",\"@id\":\"https:\/\/librairie7l.com\/en\/#\/schema\/logo\/image\/\",\"url\":\"https:\/\/librairie7l.com\/wp-content\/uploads\/2022\/08\/logo-1.png\",\"contentUrl\":\"https:\/\/librairie7l.com\/wp-content\/uploads\/2022\/08\/logo-1.png\",\"width\":227,\"height\":301,\"caption\":\"Librairie 7L\"},\"image\":{\"@id\":\"https:\/\/librairie7l.com\/en\/#\/schema\/logo\/image\/\"}}]}<\/script>\n<!-- \/ Yoast SEO plugin. -->","yoast_head_json":{"title":"Paul Starosta - Librairie 7L","robots":{"index":"index","follow":"follow","max-snippet":"max-snippet:-1","max-image-preview":"max-image-preview:large","max-video-preview":"max-video-preview:-1"},"canonical":"https:\/\/librairie7l.com\/en\/produit\/paul-starosta-2\/","og_locale":"en_US","og_type":"article","og_title":"Paul Starosta - Librairie 7L","og_description":"Biologiste de formation, il est devenu l&#8217;un des ma\u00eetres de la photographie naturaliste. Ses photographies de v\u00e9g\u00e9taux, d&#8217;animaux et de min\u00e9raux constituent depuis plus de trois d\u00e9cennies la mati\u00e8re scientifique et po\u00e9tique d&#8217;une quarantaine de publications \u00e9dit\u00e9es dans le monde entier. La photographie naturaliste constitue un corpus iconographique d&#8217;une extr\u00eame richesse dont on per\u00e7oit encore [&hellip;]","og_url":"https:\/\/librairie7l.com\/en\/produit\/paul-starosta-2\/","og_site_name":"Librairie 7L","article_modified_time":"2026-04-04T02:33:08+00:00","og_image":[{"width":341,"height":523,"url":"https:\/\/librairie7l.com\/wp-content\/uploads\/2010\/02\/9782742791576_1_75.jpg","type":"image\/jpeg"}],"twitter_card":"summary_large_image","twitter_misc":{"Est. reading time":"1 minute"},"schema":{"@context":"https:\/\/schema.org","@graph":[{"@type":"WebPage","@id":"https:\/\/librairie7l.com\/en\/produit\/paul-starosta-2\/","url":"https:\/\/librairie7l.com\/en\/produit\/paul-starosta-2\/","name":"Paul Starosta - Librairie 7L","isPartOf":{"@id":"https:\/\/librairie7l.com\/en\/#website"},"datePublished":"2025-07-09T07:18:14+00:00","dateModified":"2026-04-04T02:33:08+00:00","breadcrumb":{"@id":"https:\/\/librairie7l.com\/en\/produit\/paul-starosta-2\/#breadcrumb"},"inLanguage":"en-US","potentialAction":[{"@type":"ReadAction","target":["https:\/\/librairie7l.com\/en\/produit\/paul-starosta-2\/"]}]},{"@type":"BreadcrumbList","@id":"https:\/\/librairie7l.com\/en\/produit\/paul-starosta-2\/#breadcrumb","itemListElement":[{"@type":"ListItem","position":1,"name":"Accueil","item":"https:\/\/librairie7l.com\/en\/"},{"@type":"ListItem","position":2,"name":"Shop","item":"https:\/\/librairie7l.com\/en\/shop\/"},{"@type":"ListItem","position":3,"name":"PAUL STAROSTA"}]},{"@type":"WebSite","@id":"https:\/\/librairie7l.com\/en\/#website","url":"https:\/\/librairie7l.com\/en\/","name":"Librairie 7L","description":"Librairie fond\u00e9e en 1999 par Karl Lagerfeld \u00e0 Paris","publisher":{"@id":"https:\/\/librairie7l.com\/en\/#organization"},"potentialAction":[{"@type":"SearchAction","target":{"@type":"EntryPoint","urlTemplate":"https:\/\/librairie7l.com\/en\/?s={search_term_string}"},"query-input":"required name=search_term_string"}],"inLanguage":"en-US"},{"@type":"Organization","@id":"https:\/\/librairie7l.com\/en\/#organization","name":"Librairie 7L","url":"https:\/\/librairie7l.com\/en\/","logo":{"@type":"ImageObject","inLanguage":"en-US","@id":"https:\/\/librairie7l.com\/en\/#\/schema\/logo\/image\/","url":"https:\/\/librairie7l.com\/wp-content\/uploads\/2022\/08\/logo-1.png","contentUrl":"https:\/\/librairie7l.com\/wp-content\/uploads\/2022\/08\/logo-1.png","width":227,"height":301,"caption":"Librairie 7L"},"image":{"@id":"https:\/\/librairie7l.com\/en\/#\/schema\/logo\/image\/"}}]}},"_links":{"self":[{"href":"https:\/\/librairie7l.com\/en\/wp-json\/wp\/v2\/product\/49354"}],"collection":[{"href":"https:\/\/librairie7l.com\/en\/wp-json\/wp\/v2\/product"}],"about":[{"href":"https:\/\/librairie7l.com\/en\/wp-json\/wp\/v2\/types\/product"}],"wp:featuredmedia":[{"embeddable":true,"href":"https:\/\/librairie7l.com\/en\/wp-json\/wp\/v2\/media\/49352"}],"wp:attachment":[{"href":"https:\/\/librairie7l.com\/en\/wp-json\/wp\/v2\/media?parent=49354"}],"wp:term":[{"taxonomy":"product_cat","embeddable":true,"href":"https:\/\/librairie7l.com\/en\/wp-json\/wp\/v2\/product_cat?post=49354"},{"taxonomy":"product_tag","embeddable":true,"href":"https:\/\/librairie7l.com\/en\/wp-json\/wp\/v2\/product_tag?post=49354"}],"curies":[{"name":"wp","href":"https:\/\/api.w.org\/{rel}","templated":true}]}}