{"id":49360,"date":"2025-07-09T16:02:28","date_gmt":"2025-07-09T14:02:28","guid":{"rendered":"https:\/\/librairie7l.com\/produit\/poesies\/"},"modified":"2026-04-09T04:46:30","modified_gmt":"2026-04-09T02:46:30","slug":"poesies","status":"publish","type":"product","link":"https:\/\/librairie7l.com\/en\/produit\/poesies\/","title":{"rendered":"PO\u00c9SIES"},"content":{"rendered":"<p>Following the novel <em>La Chambre des \u00e9cureuils<\/em> and the essays <em>Journal d&#8217;un peintre<\/em> and <em>Lettres <\/em><em>proven\u00e7ales<\/em>, the publishers Seghers and \u00c9ditions 7L continue to republish the literary work of Marie Laure de Noailles, one of the most important patrons of the 20th century and an emblematic figure in arts and literature.<\/p>\n<p>The third book in this series is devoted to her poetry and brings together three collections: <em>L\u2019An quarante<\/em> (1943), L<em>a viole d\u2019amour<\/em> (1944) and <em>Cires perdues<\/em> (1953).<\/p>\n<p>This new work, entitled <em>Po\u00e9sies<\/em>, features a preface by Chantal Thomas, member of the Acad\u00e9mie Fran\u00e7aise.<\/p>\n","protected":false},"excerpt":{"rendered":"<p>Following the novel La Chambre des \u00e9cureuils and the essays Journal d&#8217;un peintre and Lettres proven\u00e7ales, the publishers Seghers and \u00c9ditions 7L continue to republish the literary work of Marie Laure de Noailles, one of the most important patrons of the 20th century and an emblematic figure in arts and literature. The third book in [&hellip;]<\/p>\n","protected":false},"featured_media":48379,"template":"","meta":[],"product_cat":[9094,2948,2959],"product_tag":[],"acf":[],"yoast_head":"<!-- This site is optimized with the Yoast SEO plugin v20.11 - https:\/\/yoast.com\/wordpress\/plugins\/seo\/ -->\n<title>Po\u00e9sies - Librairie 7L<\/title>\n<meta name=\"robots\" content=\"index, follow, max-snippet:-1, max-image-preview:large, max-video-preview:-1\" \/>\n<link rel=\"canonical\" href=\"https:\/\/librairie7l.com\/en\/produit\/poesies\/\" \/>\n<meta property=\"og:locale\" content=\"en_US\" \/>\n<meta property=\"og:type\" content=\"article\" \/>\n<meta property=\"og:title\" content=\"Po\u00e9sies - Librairie 7L\" \/>\n<meta property=\"og:description\" content=\"Following the novel La Chambre des \u00e9cureuils and the essays Journal d&#8217;un peintre and Lettres proven\u00e7ales, the publishers Seghers and \u00c9ditions 7L continue to republish the literary work of Marie Laure de Noailles, one of the most important patrons of the 20th century and an emblematic figure in arts and literature. The third book in [&hellip;]\" \/>\n<meta property=\"og:url\" content=\"https:\/\/librairie7l.com\/en\/produit\/poesies\/\" \/>\n<meta property=\"og:site_name\" content=\"Librairie 7L\" \/>\n<meta property=\"article:modified_time\" content=\"2026-04-09T02:46:30+00:00\" \/>\n<meta property=\"og:image\" content=\"https:\/\/librairie7l.com\/wp-content\/uploads\/2025\/06\/Couv_9782232148569ORI.jpg\" \/>\n\t<meta property=\"og:image:width\" content=\"1677\" \/>\n\t<meta property=\"og:image:height\" content=\"2244\" \/>\n\t<meta property=\"og:image:type\" content=\"image\/jpeg\" \/>\n<meta name=\"twitter:card\" content=\"summary_large_image\" \/>\n<meta name=\"twitter:label1\" content=\"Est. reading time\" \/>\n\t<meta name=\"twitter:data1\" content=\"1 minute\" \/>\n<script type=\"application\/ld+json\" class=\"yoast-schema-graph\">{\"@context\":\"https:\/\/schema.org\",\"@graph\":[{\"@type\":\"WebPage\",\"@id\":\"https:\/\/librairie7l.com\/en\/produit\/poesies\/\",\"url\":\"https:\/\/librairie7l.com\/en\/produit\/poesies\/\",\"name\":\"Po\u00e9sies - Librairie 7L\",\"isPartOf\":{\"@id\":\"https:\/\/librairie7l.com\/en\/#website\"},\"datePublished\":\"2025-07-09T14:02:28+00:00\",\"dateModified\":\"2026-04-09T02:46:30+00:00\",\"breadcrumb\":{\"@id\":\"https:\/\/librairie7l.com\/en\/produit\/poesies\/#breadcrumb\"},\"inLanguage\":\"en-US\",\"potentialAction\":[{\"@type\":\"ReadAction\",\"target\":[\"https:\/\/librairie7l.com\/en\/produit\/poesies\/\"]}]},{\"@type\":\"BreadcrumbList\",\"@id\":\"https:\/\/librairie7l.com\/en\/produit\/poesies\/#breadcrumb\",\"itemListElement\":[{\"@type\":\"ListItem\",\"position\":1,\"name\":\"Accueil\",\"item\":\"https:\/\/librairie7l.com\/en\/\"},{\"@type\":\"ListItem\",\"position\":2,\"name\":\"Shop\",\"item\":\"https:\/\/librairie7l.com\/en\/shop\/\"},{\"@type\":\"ListItem\",\"position\":3,\"name\":\"PO\u00c9SIES\"}]},{\"@type\":\"WebSite\",\"@id\":\"https:\/\/librairie7l.com\/en\/#website\",\"url\":\"https:\/\/librairie7l.com\/en\/\",\"name\":\"Librairie 7L\",\"description\":\"Librairie fond\u00e9e en 1999 par Karl Lagerfeld \u00e0 Paris\",\"publisher\":{\"@id\":\"https:\/\/librairie7l.com\/en\/#organization\"},\"potentialAction\":[{\"@type\":\"SearchAction\",\"target\":{\"@type\":\"EntryPoint\",\"urlTemplate\":\"https:\/\/librairie7l.com\/en\/?s={search_term_string}\"},\"query-input\":\"required name=search_term_string\"}],\"inLanguage\":\"en-US\"},{\"@type\":\"Organization\",\"@id\":\"https:\/\/librairie7l.com\/en\/#organization\",\"name\":\"Librairie 7L\",\"url\":\"https:\/\/librairie7l.com\/en\/\",\"logo\":{\"@type\":\"ImageObject\",\"inLanguage\":\"en-US\",\"@id\":\"https:\/\/librairie7l.com\/en\/#\/schema\/logo\/image\/\",\"url\":\"https:\/\/librairie7l.com\/wp-content\/uploads\/2022\/08\/logo-1.png\",\"contentUrl\":\"https:\/\/librairie7l.com\/wp-content\/uploads\/2022\/08\/logo-1.png\",\"width\":227,\"height\":301,\"caption\":\"Librairie 7L\"},\"image\":{\"@id\":\"https:\/\/librairie7l.com\/en\/#\/schema\/logo\/image\/\"}}]}<\/script>\n<!-- \/ Yoast SEO plugin. -->","yoast_head_json":{"title":"Po\u00e9sies - Librairie 7L","robots":{"index":"index","follow":"follow","max-snippet":"max-snippet:-1","max-image-preview":"max-image-preview:large","max-video-preview":"max-video-preview:-1"},"canonical":"https:\/\/librairie7l.com\/en\/produit\/poesies\/","og_locale":"en_US","og_type":"article","og_title":"Po\u00e9sies - Librairie 7L","og_description":"Following the novel La Chambre des \u00e9cureuils and the essays Journal d&#8217;un peintre and Lettres proven\u00e7ales, the publishers Seghers and \u00c9ditions 7L continue to republish the literary work of Marie Laure de Noailles, one of the most important patrons of the 20th century and an emblematic figure in arts and literature. The third book in [&hellip;]","og_url":"https:\/\/librairie7l.com\/en\/produit\/poesies\/","og_site_name":"Librairie 7L","article_modified_time":"2026-04-09T02:46:30+00:00","og_image":[{"width":1677,"height":2244,"url":"https:\/\/librairie7l.com\/wp-content\/uploads\/2025\/06\/Couv_9782232148569ORI.jpg","type":"image\/jpeg"}],"twitter_card":"summary_large_image","twitter_misc":{"Est. reading time":"1 minute"},"schema":{"@context":"https:\/\/schema.org","@graph":[{"@type":"WebPage","@id":"https:\/\/librairie7l.com\/en\/produit\/poesies\/","url":"https:\/\/librairie7l.com\/en\/produit\/poesies\/","name":"Po\u00e9sies - Librairie 7L","isPartOf":{"@id":"https:\/\/librairie7l.com\/en\/#website"},"datePublished":"2025-07-09T14:02:28+00:00","dateModified":"2026-04-09T02:46:30+00:00","breadcrumb":{"@id":"https:\/\/librairie7l.com\/en\/produit\/poesies\/#breadcrumb"},"inLanguage":"en-US","potentialAction":[{"@type":"ReadAction","target":["https:\/\/librairie7l.com\/en\/produit\/poesies\/"]}]},{"@type":"BreadcrumbList","@id":"https:\/\/librairie7l.com\/en\/produit\/poesies\/#breadcrumb","itemListElement":[{"@type":"ListItem","position":1,"name":"Accueil","item":"https:\/\/librairie7l.com\/en\/"},{"@type":"ListItem","position":2,"name":"Shop","item":"https:\/\/librairie7l.com\/en\/shop\/"},{"@type":"ListItem","position":3,"name":"PO\u00c9SIES"}]},{"@type":"WebSite","@id":"https:\/\/librairie7l.com\/en\/#website","url":"https:\/\/librairie7l.com\/en\/","name":"Librairie 7L","description":"Librairie fond\u00e9e en 1999 par Karl Lagerfeld \u00e0 Paris","publisher":{"@id":"https:\/\/librairie7l.com\/en\/#organization"},"potentialAction":[{"@type":"SearchAction","target":{"@type":"EntryPoint","urlTemplate":"https:\/\/librairie7l.com\/en\/?s={search_term_string}"},"query-input":"required name=search_term_string"}],"inLanguage":"en-US"},{"@type":"Organization","@id":"https:\/\/librairie7l.com\/en\/#organization","name":"Librairie 7L","url":"https:\/\/librairie7l.com\/en\/","logo":{"@type":"ImageObject","inLanguage":"en-US","@id":"https:\/\/librairie7l.com\/en\/#\/schema\/logo\/image\/","url":"https:\/\/librairie7l.com\/wp-content\/uploads\/2022\/08\/logo-1.png","contentUrl":"https:\/\/librairie7l.com\/wp-content\/uploads\/2022\/08\/logo-1.png","width":227,"height":301,"caption":"Librairie 7L"},"image":{"@id":"https:\/\/librairie7l.com\/en\/#\/schema\/logo\/image\/"}}]}},"_links":{"self":[{"href":"https:\/\/librairie7l.com\/en\/wp-json\/wp\/v2\/product\/49360"}],"collection":[{"href":"https:\/\/librairie7l.com\/en\/wp-json\/wp\/v2\/product"}],"about":[{"href":"https:\/\/librairie7l.com\/en\/wp-json\/wp\/v2\/types\/product"}],"wp:featuredmedia":[{"embeddable":true,"href":"https:\/\/librairie7l.com\/en\/wp-json\/wp\/v2\/media\/48379"}],"wp:attachment":[{"href":"https:\/\/librairie7l.com\/en\/wp-json\/wp\/v2\/media?parent=49360"}],"wp:term":[{"taxonomy":"product_cat","embeddable":true,"href":"https:\/\/librairie7l.com\/en\/wp-json\/wp\/v2\/product_cat?post=49360"},{"taxonomy":"product_tag","embeddable":true,"href":"https:\/\/librairie7l.com\/en\/wp-json\/wp\/v2\/product_tag?post=49360"}],"curies":[{"name":"wp","href":"https:\/\/api.w.org\/{rel}","templated":true}]}}