{"id":49369,"date":"2025-07-09T22:43:24","date_gmt":"2025-07-09T20:43:24","guid":{"rendered":"https:\/\/librairie7l.com\/?post_type=product&#038;p=49369"},"modified":"2026-04-07T02:01:21","modified_gmt":"2026-04-07T00:01:21","slug":"la-magie-des-noeuds-et-du-tissage-art-occulte-dhier-et-daujourdhui-2","status":"publish","type":"product","link":"https:\/\/librairie7l.com\/en\/produit\/la-magie-des-noeuds-et-du-tissage-art-occulte-dhier-et-daujourdhui-2\/","title":{"rendered":"LA MAGIE DES NOEUDS ET DU TISSAGE : ART OCCULTE D&#8217;HIER ET D&#8217;AUJOURD&#8217;HUI"},"content":{"rendered":"<p>Apr\u00e8s le Grimoire des encres magiques, No\u00e9mie Myara revient avec un nouvel ouvrage tout aussi original et in\u00e9dit par son traitement et son sujet. L&#8217;auteure, \u00e0 travers sept chapitres, nous invite \u00e0 d\u00e9couvrir les symboliques des noeuds et tissages dans diff\u00e9rents mythes, traditions et cultures. Elle parcourt les mythes des quatre coins du monde en explorant les grandes figures, majoritairement f\u00e9minines, associ\u00e9es aux fils et tissages. Elle d\u00e9veloppe diff\u00e9rentes techniques, allant de la plus simple \u00e0 la plus complexe, afin de nous donner toutes les cl\u00e9s pour employer au mieux cette magie. Elle fait un d\u00e9tour par la num\u00e9rologie et la magie des couleurs et les mati\u00e8res, afin que nous puissions associer ces diverses symboliques pour un r\u00e9sultat optimal.<\/p>\n","protected":false},"excerpt":{"rendered":"<p>Apr\u00e8s le Grimoire des encres magiques, No\u00e9mie Myara revient avec un nouvel ouvrage tout aussi original et in\u00e9dit par son traitement et son sujet. L&#8217;auteure, \u00e0 travers sept chapitres, nous invite \u00e0 d\u00e9couvrir les symboliques des noeuds et tissages dans diff\u00e9rents mythes, traditions et cultures. Elle parcourt les mythes des quatre coins du monde en [&hellip;]<\/p>\n","protected":false},"featured_media":49367,"template":"","meta":[],"product_cat":[7364,2948],"product_tag":[],"acf":[],"yoast_head":"<!-- This site is optimized with the Yoast SEO plugin v20.11 - https:\/\/yoast.com\/wordpress\/plugins\/seo\/ -->\n<title>La magie des noeuds et du tissage : Art occulte d&#039;hier et d&#039;aujourd&#039;hui - Librairie 7L<\/title>\n<meta name=\"robots\" content=\"index, follow, max-snippet:-1, max-image-preview:large, max-video-preview:-1\" \/>\n<link rel=\"canonical\" href=\"https:\/\/librairie7l.com\/en\/produit\/la-magie-des-noeuds-et-du-tissage-art-occulte-dhier-et-daujourdhui-2\/\" \/>\n<meta property=\"og:locale\" content=\"en_US\" \/>\n<meta property=\"og:type\" content=\"article\" \/>\n<meta property=\"og:title\" content=\"La magie des noeuds et du tissage : Art occulte d&#039;hier et d&#039;aujourd&#039;hui - Librairie 7L\" \/>\n<meta property=\"og:description\" content=\"Apr\u00e8s le Grimoire des encres magiques, No\u00e9mie Myara revient avec un nouvel ouvrage tout aussi original et in\u00e9dit par son traitement et son sujet. L&#8217;auteure, \u00e0 travers sept chapitres, nous invite \u00e0 d\u00e9couvrir les symboliques des noeuds et tissages dans diff\u00e9rents mythes, traditions et cultures. Elle parcourt les mythes des quatre coins du monde en [&hellip;]\" \/>\n<meta property=\"og:url\" content=\"https:\/\/librairie7l.com\/en\/produit\/la-magie-des-noeuds-et-du-tissage-art-occulte-dhier-et-daujourdhui-2\/\" \/>\n<meta property=\"og:site_name\" content=\"Librairie 7L\" \/>\n<meta property=\"article:modified_time\" content=\"2026-04-07T00:01:21+00:00\" \/>\n<meta property=\"og:image\" content=\"https:\/\/librairie7l.com\/wp-content\/uploads\/2025\/03\/9782850909122_1_75.jpg\" \/>\n\t<meta property=\"og:image:width\" content=\"424\" \/>\n\t<meta property=\"og:image:height\" content=\"574\" \/>\n\t<meta property=\"og:image:type\" content=\"image\/jpeg\" \/>\n<meta name=\"twitter:card\" content=\"summary_large_image\" \/>\n<meta name=\"twitter:label1\" content=\"Est. reading time\" \/>\n\t<meta name=\"twitter:data1\" content=\"1 minute\" \/>\n<script type=\"application\/ld+json\" class=\"yoast-schema-graph\">{\"@context\":\"https:\/\/schema.org\",\"@graph\":[{\"@type\":\"WebPage\",\"@id\":\"https:\/\/librairie7l.com\/en\/produit\/la-magie-des-noeuds-et-du-tissage-art-occulte-dhier-et-daujourdhui-2\/\",\"url\":\"https:\/\/librairie7l.com\/en\/produit\/la-magie-des-noeuds-et-du-tissage-art-occulte-dhier-et-daujourdhui-2\/\",\"name\":\"La magie des noeuds et du tissage : Art occulte d'hier et d'aujourd'hui - Librairie 7L\",\"isPartOf\":{\"@id\":\"https:\/\/librairie7l.com\/en\/#website\"},\"datePublished\":\"2025-07-09T20:43:24+00:00\",\"dateModified\":\"2026-04-07T00:01:21+00:00\",\"breadcrumb\":{\"@id\":\"https:\/\/librairie7l.com\/en\/produit\/la-magie-des-noeuds-et-du-tissage-art-occulte-dhier-et-daujourdhui-2\/#breadcrumb\"},\"inLanguage\":\"en-US\",\"potentialAction\":[{\"@type\":\"ReadAction\",\"target\":[\"https:\/\/librairie7l.com\/en\/produit\/la-magie-des-noeuds-et-du-tissage-art-occulte-dhier-et-daujourdhui-2\/\"]}]},{\"@type\":\"BreadcrumbList\",\"@id\":\"https:\/\/librairie7l.com\/en\/produit\/la-magie-des-noeuds-et-du-tissage-art-occulte-dhier-et-daujourdhui-2\/#breadcrumb\",\"itemListElement\":[{\"@type\":\"ListItem\",\"position\":1,\"name\":\"Accueil\",\"item\":\"https:\/\/librairie7l.com\/en\/\"},{\"@type\":\"ListItem\",\"position\":2,\"name\":\"Shop\",\"item\":\"https:\/\/librairie7l.com\/en\/shop\/\"},{\"@type\":\"ListItem\",\"position\":3,\"name\":\"LA MAGIE DES NOEUDS ET DU TISSAGE : ART OCCULTE D&#8217;HIER ET D&#8217;AUJOURD&#8217;HUI\"}]},{\"@type\":\"WebSite\",\"@id\":\"https:\/\/librairie7l.com\/en\/#website\",\"url\":\"https:\/\/librairie7l.com\/en\/\",\"name\":\"Librairie 7L\",\"description\":\"Librairie fond\u00e9e en 1999 par Karl Lagerfeld \u00e0 Paris\",\"publisher\":{\"@id\":\"https:\/\/librairie7l.com\/en\/#organization\"},\"potentialAction\":[{\"@type\":\"SearchAction\",\"target\":{\"@type\":\"EntryPoint\",\"urlTemplate\":\"https:\/\/librairie7l.com\/en\/?s={search_term_string}\"},\"query-input\":\"required name=search_term_string\"}],\"inLanguage\":\"en-US\"},{\"@type\":\"Organization\",\"@id\":\"https:\/\/librairie7l.com\/en\/#organization\",\"name\":\"Librairie 7L\",\"url\":\"https:\/\/librairie7l.com\/en\/\",\"logo\":{\"@type\":\"ImageObject\",\"inLanguage\":\"en-US\",\"@id\":\"https:\/\/librairie7l.com\/en\/#\/schema\/logo\/image\/\",\"url\":\"https:\/\/librairie7l.com\/wp-content\/uploads\/2022\/08\/logo-1.png\",\"contentUrl\":\"https:\/\/librairie7l.com\/wp-content\/uploads\/2022\/08\/logo-1.png\",\"width\":227,\"height\":301,\"caption\":\"Librairie 7L\"},\"image\":{\"@id\":\"https:\/\/librairie7l.com\/en\/#\/schema\/logo\/image\/\"}}]}<\/script>\n<!-- \/ Yoast SEO plugin. -->","yoast_head_json":{"title":"La magie des noeuds et du tissage : Art occulte d'hier et d'aujourd'hui - Librairie 7L","robots":{"index":"index","follow":"follow","max-snippet":"max-snippet:-1","max-image-preview":"max-image-preview:large","max-video-preview":"max-video-preview:-1"},"canonical":"https:\/\/librairie7l.com\/en\/produit\/la-magie-des-noeuds-et-du-tissage-art-occulte-dhier-et-daujourdhui-2\/","og_locale":"en_US","og_type":"article","og_title":"La magie des noeuds et du tissage : Art occulte d'hier et d'aujourd'hui - Librairie 7L","og_description":"Apr\u00e8s le Grimoire des encres magiques, No\u00e9mie Myara revient avec un nouvel ouvrage tout aussi original et in\u00e9dit par son traitement et son sujet. L&#8217;auteure, \u00e0 travers sept chapitres, nous invite \u00e0 d\u00e9couvrir les symboliques des noeuds et tissages dans diff\u00e9rents mythes, traditions et cultures. Elle parcourt les mythes des quatre coins du monde en [&hellip;]","og_url":"https:\/\/librairie7l.com\/en\/produit\/la-magie-des-noeuds-et-du-tissage-art-occulte-dhier-et-daujourdhui-2\/","og_site_name":"Librairie 7L","article_modified_time":"2026-04-07T00:01:21+00:00","og_image":[{"width":424,"height":574,"url":"https:\/\/librairie7l.com\/wp-content\/uploads\/2025\/03\/9782850909122_1_75.jpg","type":"image\/jpeg"}],"twitter_card":"summary_large_image","twitter_misc":{"Est. reading time":"1 minute"},"schema":{"@context":"https:\/\/schema.org","@graph":[{"@type":"WebPage","@id":"https:\/\/librairie7l.com\/en\/produit\/la-magie-des-noeuds-et-du-tissage-art-occulte-dhier-et-daujourdhui-2\/","url":"https:\/\/librairie7l.com\/en\/produit\/la-magie-des-noeuds-et-du-tissage-art-occulte-dhier-et-daujourdhui-2\/","name":"La magie des noeuds et du tissage : Art occulte d'hier et d'aujourd'hui - Librairie 7L","isPartOf":{"@id":"https:\/\/librairie7l.com\/en\/#website"},"datePublished":"2025-07-09T20:43:24+00:00","dateModified":"2026-04-07T00:01:21+00:00","breadcrumb":{"@id":"https:\/\/librairie7l.com\/en\/produit\/la-magie-des-noeuds-et-du-tissage-art-occulte-dhier-et-daujourdhui-2\/#breadcrumb"},"inLanguage":"en-US","potentialAction":[{"@type":"ReadAction","target":["https:\/\/librairie7l.com\/en\/produit\/la-magie-des-noeuds-et-du-tissage-art-occulte-dhier-et-daujourdhui-2\/"]}]},{"@type":"BreadcrumbList","@id":"https:\/\/librairie7l.com\/en\/produit\/la-magie-des-noeuds-et-du-tissage-art-occulte-dhier-et-daujourdhui-2\/#breadcrumb","itemListElement":[{"@type":"ListItem","position":1,"name":"Accueil","item":"https:\/\/librairie7l.com\/en\/"},{"@type":"ListItem","position":2,"name":"Shop","item":"https:\/\/librairie7l.com\/en\/shop\/"},{"@type":"ListItem","position":3,"name":"LA MAGIE DES NOEUDS ET DU TISSAGE : ART OCCULTE D&#8217;HIER ET D&#8217;AUJOURD&#8217;HUI"}]},{"@type":"WebSite","@id":"https:\/\/librairie7l.com\/en\/#website","url":"https:\/\/librairie7l.com\/en\/","name":"Librairie 7L","description":"Librairie fond\u00e9e en 1999 par Karl Lagerfeld \u00e0 Paris","publisher":{"@id":"https:\/\/librairie7l.com\/en\/#organization"},"potentialAction":[{"@type":"SearchAction","target":{"@type":"EntryPoint","urlTemplate":"https:\/\/librairie7l.com\/en\/?s={search_term_string}"},"query-input":"required name=search_term_string"}],"inLanguage":"en-US"},{"@type":"Organization","@id":"https:\/\/librairie7l.com\/en\/#organization","name":"Librairie 7L","url":"https:\/\/librairie7l.com\/en\/","logo":{"@type":"ImageObject","inLanguage":"en-US","@id":"https:\/\/librairie7l.com\/en\/#\/schema\/logo\/image\/","url":"https:\/\/librairie7l.com\/wp-content\/uploads\/2022\/08\/logo-1.png","contentUrl":"https:\/\/librairie7l.com\/wp-content\/uploads\/2022\/08\/logo-1.png","width":227,"height":301,"caption":"Librairie 7L"},"image":{"@id":"https:\/\/librairie7l.com\/en\/#\/schema\/logo\/image\/"}}]}},"_links":{"self":[{"href":"https:\/\/librairie7l.com\/en\/wp-json\/wp\/v2\/product\/49369"}],"collection":[{"href":"https:\/\/librairie7l.com\/en\/wp-json\/wp\/v2\/product"}],"about":[{"href":"https:\/\/librairie7l.com\/en\/wp-json\/wp\/v2\/types\/product"}],"wp:featuredmedia":[{"embeddable":true,"href":"https:\/\/librairie7l.com\/en\/wp-json\/wp\/v2\/media\/49367"}],"wp:attachment":[{"href":"https:\/\/librairie7l.com\/en\/wp-json\/wp\/v2\/media?parent=49369"}],"wp:term":[{"taxonomy":"product_cat","embeddable":true,"href":"https:\/\/librairie7l.com\/en\/wp-json\/wp\/v2\/product_cat?post=49369"},{"taxonomy":"product_tag","embeddable":true,"href":"https:\/\/librairie7l.com\/en\/wp-json\/wp\/v2\/product_tag?post=49369"}],"curies":[{"name":"wp","href":"https:\/\/api.w.org\/{rel}","templated":true}]}}