{"id":49373,"date":"2025-07-10T09:17:40","date_gmt":"2025-07-10T07:17:40","guid":{"rendered":"https:\/\/librairie7l.com\/?post_type=product&#038;p=49373"},"modified":"2026-05-12T21:19:06","modified_gmt":"2026-05-12T19:19:06","slug":"oeufs-2","status":"publish","type":"product","link":"https:\/\/librairie7l.com\/en\/produit\/oeufs-2\/","title":{"rendered":"OEUFS"},"content":{"rendered":"<p>Parce qu&#8217;ils sont ronds, fragiles et difficiles \u00e0 manipuler, les oeufs sont rarement pr\u00e9sent\u00e9s au grand public. C&#8217;est bien dommage car les d\u00e9tails de leurs motifs r\u00e9v\u00e8lent des beaut\u00e9s insoup\u00e7onn\u00e9es. D\u00e9pos\u00e9s sur des arrondis aux lignes pures, ces dessins souvent minuscules m\u00ealent arabesques, points, taches, ombres et m\u00eame glacis. Les tonalit\u00e9s sont subtiles et souvent semi-transparentes. Mats ou brillants, poreux ou lisses, jamais ce qu&#8217;il convient d&#8217;appeler des chefs-d&#8217;oeuvre sur coquille n&#8217;ont conjugu\u00e9 le hasard et la n\u00e9cessit\u00e9 avec autant d&#8217;inventivit\u00e9 et de puissance.<\/p>\n","protected":false},"excerpt":{"rendered":"<p>Parce qu&#8217;ils sont ronds, fragiles et difficiles \u00e0 manipuler, les oeufs sont rarement pr\u00e9sent\u00e9s au grand public. C&#8217;est bien dommage car les d\u00e9tails de leurs motifs r\u00e9v\u00e8lent des beaut\u00e9s insoup\u00e7onn\u00e9es. D\u00e9pos\u00e9s sur des arrondis aux lignes pures, ces dessins souvent minuscules m\u00ealent arabesques, points, taches, ombres et m\u00eame glacis. Les tonalit\u00e9s sont subtiles et souvent [&hellip;]<\/p>\n","protected":false},"featured_media":49371,"template":"","meta":[],"product_cat":[2948],"product_tag":[],"acf":[],"yoast_head":"<!-- This site is optimized with the Yoast SEO plugin v20.11 - https:\/\/yoast.com\/wordpress\/plugins\/seo\/ -->\n<title>Oeufs - Librairie 7L<\/title>\n<meta name=\"robots\" content=\"index, follow, max-snippet:-1, max-image-preview:large, max-video-preview:-1\" \/>\n<link rel=\"canonical\" href=\"https:\/\/librairie7l.com\/en\/produit\/oeufs-2\/\" \/>\n<meta property=\"og:locale\" content=\"en_US\" \/>\n<meta property=\"og:type\" content=\"article\" \/>\n<meta property=\"og:title\" content=\"Oeufs - Librairie 7L\" \/>\n<meta property=\"og:description\" content=\"Parce qu&#8217;ils sont ronds, fragiles et difficiles \u00e0 manipuler, les oeufs sont rarement pr\u00e9sent\u00e9s au grand public. C&#8217;est bien dommage car les d\u00e9tails de leurs motifs r\u00e9v\u00e8lent des beaut\u00e9s insoup\u00e7onn\u00e9es. D\u00e9pos\u00e9s sur des arrondis aux lignes pures, ces dessins souvent minuscules m\u00ealent arabesques, points, taches, ombres et m\u00eame glacis. Les tonalit\u00e9s sont subtiles et souvent [&hellip;]\" \/>\n<meta property=\"og:url\" content=\"https:\/\/librairie7l.com\/en\/produit\/oeufs-2\/\" \/>\n<meta property=\"og:site_name\" content=\"Librairie 7L\" \/>\n<meta property=\"article:modified_time\" content=\"2026-05-12T19:19:06+00:00\" \/>\n<meta property=\"og:image\" content=\"https:\/\/librairie7l.com\/wp-content\/uploads\/2018\/04\/9788874398355_1_75.jpg\" \/>\n\t<meta property=\"og:image:width\" content=\"602\" \/>\n\t<meta property=\"og:image:height\" content=\"600\" \/>\n\t<meta property=\"og:image:type\" content=\"image\/jpeg\" \/>\n<meta name=\"twitter:card\" content=\"summary_large_image\" \/>\n<script type=\"application\/ld+json\" class=\"yoast-schema-graph\">{\"@context\":\"https:\/\/schema.org\",\"@graph\":[{\"@type\":\"WebPage\",\"@id\":\"https:\/\/librairie7l.com\/en\/produit\/oeufs-2\/\",\"url\":\"https:\/\/librairie7l.com\/en\/produit\/oeufs-2\/\",\"name\":\"Oeufs - Librairie 7L\",\"isPartOf\":{\"@id\":\"https:\/\/librairie7l.com\/en\/#website\"},\"datePublished\":\"2025-07-10T07:17:40+00:00\",\"dateModified\":\"2026-05-12T19:19:06+00:00\",\"breadcrumb\":{\"@id\":\"https:\/\/librairie7l.com\/en\/produit\/oeufs-2\/#breadcrumb\"},\"inLanguage\":\"en-US\",\"potentialAction\":[{\"@type\":\"ReadAction\",\"target\":[\"https:\/\/librairie7l.com\/en\/produit\/oeufs-2\/\"]}]},{\"@type\":\"BreadcrumbList\",\"@id\":\"https:\/\/librairie7l.com\/en\/produit\/oeufs-2\/#breadcrumb\",\"itemListElement\":[{\"@type\":\"ListItem\",\"position\":1,\"name\":\"Accueil\",\"item\":\"https:\/\/librairie7l.com\/en\/\"},{\"@type\":\"ListItem\",\"position\":2,\"name\":\"Shop\",\"item\":\"https:\/\/librairie7l.com\/en\/shop\/\"},{\"@type\":\"ListItem\",\"position\":3,\"name\":\"OEUFS\"}]},{\"@type\":\"WebSite\",\"@id\":\"https:\/\/librairie7l.com\/en\/#website\",\"url\":\"https:\/\/librairie7l.com\/en\/\",\"name\":\"Librairie 7L\",\"description\":\"Librairie fond\u00e9e en 1999 par Karl Lagerfeld \u00e0 Paris\",\"publisher\":{\"@id\":\"https:\/\/librairie7l.com\/en\/#organization\"},\"potentialAction\":[{\"@type\":\"SearchAction\",\"target\":{\"@type\":\"EntryPoint\",\"urlTemplate\":\"https:\/\/librairie7l.com\/en\/?s={search_term_string}\"},\"query-input\":\"required name=search_term_string\"}],\"inLanguage\":\"en-US\"},{\"@type\":\"Organization\",\"@id\":\"https:\/\/librairie7l.com\/en\/#organization\",\"name\":\"Librairie 7L\",\"url\":\"https:\/\/librairie7l.com\/en\/\",\"logo\":{\"@type\":\"ImageObject\",\"inLanguage\":\"en-US\",\"@id\":\"https:\/\/librairie7l.com\/en\/#\/schema\/logo\/image\/\",\"url\":\"https:\/\/librairie7l.com\/wp-content\/uploads\/2022\/08\/logo-1.png\",\"contentUrl\":\"https:\/\/librairie7l.com\/wp-content\/uploads\/2022\/08\/logo-1.png\",\"width\":227,\"height\":301,\"caption\":\"Librairie 7L\"},\"image\":{\"@id\":\"https:\/\/librairie7l.com\/en\/#\/schema\/logo\/image\/\"}}]}<\/script>\n<!-- \/ Yoast SEO plugin. -->","yoast_head_json":{"title":"Oeufs - Librairie 7L","robots":{"index":"index","follow":"follow","max-snippet":"max-snippet:-1","max-image-preview":"max-image-preview:large","max-video-preview":"max-video-preview:-1"},"canonical":"https:\/\/librairie7l.com\/en\/produit\/oeufs-2\/","og_locale":"en_US","og_type":"article","og_title":"Oeufs - Librairie 7L","og_description":"Parce qu&#8217;ils sont ronds, fragiles et difficiles \u00e0 manipuler, les oeufs sont rarement pr\u00e9sent\u00e9s au grand public. C&#8217;est bien dommage car les d\u00e9tails de leurs motifs r\u00e9v\u00e8lent des beaut\u00e9s insoup\u00e7onn\u00e9es. D\u00e9pos\u00e9s sur des arrondis aux lignes pures, ces dessins souvent minuscules m\u00ealent arabesques, points, taches, ombres et m\u00eame glacis. Les tonalit\u00e9s sont subtiles et souvent [&hellip;]","og_url":"https:\/\/librairie7l.com\/en\/produit\/oeufs-2\/","og_site_name":"Librairie 7L","article_modified_time":"2026-05-12T19:19:06+00:00","og_image":[{"width":602,"height":600,"url":"https:\/\/librairie7l.com\/wp-content\/uploads\/2018\/04\/9788874398355_1_75.jpg","type":"image\/jpeg"}],"twitter_card":"summary_large_image","schema":{"@context":"https:\/\/schema.org","@graph":[{"@type":"WebPage","@id":"https:\/\/librairie7l.com\/en\/produit\/oeufs-2\/","url":"https:\/\/librairie7l.com\/en\/produit\/oeufs-2\/","name":"Oeufs - Librairie 7L","isPartOf":{"@id":"https:\/\/librairie7l.com\/en\/#website"},"datePublished":"2025-07-10T07:17:40+00:00","dateModified":"2026-05-12T19:19:06+00:00","breadcrumb":{"@id":"https:\/\/librairie7l.com\/en\/produit\/oeufs-2\/#breadcrumb"},"inLanguage":"en-US","potentialAction":[{"@type":"ReadAction","target":["https:\/\/librairie7l.com\/en\/produit\/oeufs-2\/"]}]},{"@type":"BreadcrumbList","@id":"https:\/\/librairie7l.com\/en\/produit\/oeufs-2\/#breadcrumb","itemListElement":[{"@type":"ListItem","position":1,"name":"Accueil","item":"https:\/\/librairie7l.com\/en\/"},{"@type":"ListItem","position":2,"name":"Shop","item":"https:\/\/librairie7l.com\/en\/shop\/"},{"@type":"ListItem","position":3,"name":"OEUFS"}]},{"@type":"WebSite","@id":"https:\/\/librairie7l.com\/en\/#website","url":"https:\/\/librairie7l.com\/en\/","name":"Librairie 7L","description":"Librairie fond\u00e9e en 1999 par Karl Lagerfeld \u00e0 Paris","publisher":{"@id":"https:\/\/librairie7l.com\/en\/#organization"},"potentialAction":[{"@type":"SearchAction","target":{"@type":"EntryPoint","urlTemplate":"https:\/\/librairie7l.com\/en\/?s={search_term_string}"},"query-input":"required name=search_term_string"}],"inLanguage":"en-US"},{"@type":"Organization","@id":"https:\/\/librairie7l.com\/en\/#organization","name":"Librairie 7L","url":"https:\/\/librairie7l.com\/en\/","logo":{"@type":"ImageObject","inLanguage":"en-US","@id":"https:\/\/librairie7l.com\/en\/#\/schema\/logo\/image\/","url":"https:\/\/librairie7l.com\/wp-content\/uploads\/2022\/08\/logo-1.png","contentUrl":"https:\/\/librairie7l.com\/wp-content\/uploads\/2022\/08\/logo-1.png","width":227,"height":301,"caption":"Librairie 7L"},"image":{"@id":"https:\/\/librairie7l.com\/en\/#\/schema\/logo\/image\/"}}]}},"_links":{"self":[{"href":"https:\/\/librairie7l.com\/en\/wp-json\/wp\/v2\/product\/49373"}],"collection":[{"href":"https:\/\/librairie7l.com\/en\/wp-json\/wp\/v2\/product"}],"about":[{"href":"https:\/\/librairie7l.com\/en\/wp-json\/wp\/v2\/types\/product"}],"wp:featuredmedia":[{"embeddable":true,"href":"https:\/\/librairie7l.com\/en\/wp-json\/wp\/v2\/media\/49371"}],"wp:attachment":[{"href":"https:\/\/librairie7l.com\/en\/wp-json\/wp\/v2\/media?parent=49373"}],"wp:term":[{"taxonomy":"product_cat","embeddable":true,"href":"https:\/\/librairie7l.com\/en\/wp-json\/wp\/v2\/product_cat?post=49373"},{"taxonomy":"product_tag","embeddable":true,"href":"https:\/\/librairie7l.com\/en\/wp-json\/wp\/v2\/product_tag?post=49373"}],"curies":[{"name":"wp","href":"https:\/\/api.w.org\/{rel}","templated":true}]}}