{"id":49375,"date":"2025-07-10T09:17:43","date_gmt":"2025-07-10T07:17:43","guid":{"rendered":"https:\/\/librairie7l.com\/?post_type=product&#038;p=49375"},"modified":"2026-05-08T00:01:05","modified_gmt":"2026-05-07T22:01:05","slug":"vertigo-2","status":"publish","type":"product","link":"https:\/\/librairie7l.com\/en\/produit\/vertigo-2\/","title":{"rendered":"VERTIGO"},"content":{"rendered":"<p>Apr\u00e8s Le Songe d&#8217;Ulysse (2022), L&#8217;\u00cele int\u00e9rieure (2023) et Infinite Woman (2024), la Villa Carmignac (Porquerolles) propose une nouvelle exposition collective, intitul\u00e9e \u00ab\u00a0Vertigo\u00a0\u00bb, sous le commissariat de Matthieu Poirier. Cette exposition s&#8217;int\u00e9resse aux expressions dans l&#8217;art, depuis les ann\u00e9es 1950, du sentiment de vertige dans son sens le plus physique d&#8217;objets donnant la sensation d&#8217;osciller, de bouger, mais aussi figur\u00e9, celui d&#8217;une perte de rep\u00e8res, sensations parfois source d&#8217;angoisse, parfois d&#8217;exaltation, et plus sp\u00e9cifiquement face aux ph\u00e9nom\u00e8nes naturels. Les oeuvres d&#8217;une soixantaine d&#8217;artistes &#8211;\u00a0des peintures de l&#8217;expressionnisme abstrait, de la colorfield abstraction et de l&#8217;action painting jusqu&#8217;\u00e0 la monochromie en passant par des cr\u00e9ations cherchant \u00e0 d\u00e9cloisonner le m\u00e9dium pictural, ainsi que des mobiles et des installations\u00a0&#8211; expriment ainsi un refus de la figuration dans la transcription des forces invisibles de la nature et privil\u00e9gient l&#8217;apparition et l&#8217;\u00e9vanouissement des formes dans la couleur ou l&#8217;effet optique.<br \/>\n\tLe catalogue reprendra l&#8217;organisation th\u00e9matique de l&#8217;exposition, invitation au vertige des sens : des vibrations optiques d&#8217;Ann Veronica Janssens et Carlos Cruz Diez aux environnements troubles de Sigmar Polke, Helen Frankenthaler, Flora Moscovici et Gerahd Richter. \u00ab\u00a0Vertigo\u00a0\u00bb est une plong\u00e9e dans les infinis cosmiques de Mark Rothko, Otto Piene ou Caroline Corbasson, une exp\u00e9rience du vide avec les oeuvres de James Turrell, Yves Klein ou Anish Kapoor et un voyage dans les paysages sensibles d&#8217;Anna-Eva Bergman, Hans Hartung ou encore Olafur Eliasson. Seule exception \u00e0 la p\u00e9riode artistique mise en avant dans cette exposition, une oeuvre mise en exergue\u00a0: un paysage de Ferdinand H\u00f6dler, clin d&#8217;oeil \u00e0 l&#8217;histoire de la repr\u00e9sentation du sublime.<\/p>\n","protected":false},"excerpt":{"rendered":"<p>Apr\u00e8s Le Songe d&#8217;Ulysse (2022), L&#8217;\u00cele int\u00e9rieure (2023) et Infinite Woman (2024), la Villa Carmignac (Porquerolles) propose une nouvelle exposition collective, intitul\u00e9e \u00ab\u00a0Vertigo\u00a0\u00bb, sous le commissariat de Matthieu Poirier. Cette exposition s&#8217;int\u00e9resse aux expressions dans l&#8217;art, depuis les ann\u00e9es 1950, du sentiment de vertige dans son sens le plus physique d&#8217;objets donnant la sensation d&#8217;osciller, [&hellip;]<\/p>\n","protected":false},"featured_media":49807,"template":"","meta":[],"product_cat":[2948],"product_tag":[],"acf":[],"yoast_head":"<!-- This site is optimized with the Yoast SEO plugin v20.11 - https:\/\/yoast.com\/wordpress\/plugins\/seo\/ -->\n<title>Vertigo - Librairie 7L<\/title>\n<meta name=\"robots\" content=\"index, follow, max-snippet:-1, max-image-preview:large, max-video-preview:-1\" \/>\n<link rel=\"canonical\" href=\"https:\/\/librairie7l.com\/en\/produit\/vertigo-2\/\" \/>\n<meta property=\"og:locale\" content=\"en_US\" \/>\n<meta property=\"og:type\" content=\"article\" \/>\n<meta property=\"og:title\" content=\"Vertigo - Librairie 7L\" \/>\n<meta property=\"og:description\" content=\"Apr\u00e8s Le Songe d&#8217;Ulysse (2022), L&#8217;\u00cele int\u00e9rieure (2023) et Infinite Woman (2024), la Villa Carmignac (Porquerolles) propose une nouvelle exposition collective, intitul\u00e9e \u00ab\u00a0Vertigo\u00a0\u00bb, sous le commissariat de Matthieu Poirier. Cette exposition s&#8217;int\u00e9resse aux expressions dans l&#8217;art, depuis les ann\u00e9es 1950, du sentiment de vertige dans son sens le plus physique d&#8217;objets donnant la sensation d&#8217;osciller, [&hellip;]\" \/>\n<meta property=\"og:url\" content=\"https:\/\/librairie7l.com\/en\/produit\/vertigo-2\/\" \/>\n<meta property=\"og:site_name\" content=\"Librairie 7L\" \/>\n<meta property=\"article:modified_time\" content=\"2026-05-07T22:01:05+00:00\" \/>\n<meta name=\"twitter:card\" content=\"summary_large_image\" \/>\n<meta name=\"twitter:label1\" content=\"Est. reading time\" \/>\n\t<meta name=\"twitter:data1\" content=\"1 minute\" \/>\n<script type=\"application\/ld+json\" class=\"yoast-schema-graph\">{\"@context\":\"https:\/\/schema.org\",\"@graph\":[{\"@type\":\"WebPage\",\"@id\":\"https:\/\/librairie7l.com\/en\/produit\/vertigo-2\/\",\"url\":\"https:\/\/librairie7l.com\/en\/produit\/vertigo-2\/\",\"name\":\"Vertigo - Librairie 7L\",\"isPartOf\":{\"@id\":\"https:\/\/librairie7l.com\/en\/#website\"},\"datePublished\":\"2025-07-10T07:17:43+00:00\",\"dateModified\":\"2026-05-07T22:01:05+00:00\",\"breadcrumb\":{\"@id\":\"https:\/\/librairie7l.com\/en\/produit\/vertigo-2\/#breadcrumb\"},\"inLanguage\":\"en-US\",\"potentialAction\":[{\"@type\":\"ReadAction\",\"target\":[\"https:\/\/librairie7l.com\/en\/produit\/vertigo-2\/\"]}]},{\"@type\":\"BreadcrumbList\",\"@id\":\"https:\/\/librairie7l.com\/en\/produit\/vertigo-2\/#breadcrumb\",\"itemListElement\":[{\"@type\":\"ListItem\",\"position\":1,\"name\":\"Accueil\",\"item\":\"https:\/\/librairie7l.com\/en\/\"},{\"@type\":\"ListItem\",\"position\":2,\"name\":\"Shop\",\"item\":\"https:\/\/librairie7l.com\/en\/shop\/\"},{\"@type\":\"ListItem\",\"position\":3,\"name\":\"VERTIGO\"}]},{\"@type\":\"WebSite\",\"@id\":\"https:\/\/librairie7l.com\/en\/#website\",\"url\":\"https:\/\/librairie7l.com\/en\/\",\"name\":\"Librairie 7L\",\"description\":\"Librairie fond\u00e9e en 1999 par Karl Lagerfeld \u00e0 Paris\",\"publisher\":{\"@id\":\"https:\/\/librairie7l.com\/en\/#organization\"},\"potentialAction\":[{\"@type\":\"SearchAction\",\"target\":{\"@type\":\"EntryPoint\",\"urlTemplate\":\"https:\/\/librairie7l.com\/en\/?s={search_term_string}\"},\"query-input\":\"required name=search_term_string\"}],\"inLanguage\":\"en-US\"},{\"@type\":\"Organization\",\"@id\":\"https:\/\/librairie7l.com\/en\/#organization\",\"name\":\"Librairie 7L\",\"url\":\"https:\/\/librairie7l.com\/en\/\",\"logo\":{\"@type\":\"ImageObject\",\"inLanguage\":\"en-US\",\"@id\":\"https:\/\/librairie7l.com\/en\/#\/schema\/logo\/image\/\",\"url\":\"https:\/\/librairie7l.com\/wp-content\/uploads\/2022\/08\/logo-1.png\",\"contentUrl\":\"https:\/\/librairie7l.com\/wp-content\/uploads\/2022\/08\/logo-1.png\",\"width\":227,\"height\":301,\"caption\":\"Librairie 7L\"},\"image\":{\"@id\":\"https:\/\/librairie7l.com\/en\/#\/schema\/logo\/image\/\"}}]}<\/script>\n<!-- \/ Yoast SEO plugin. -->","yoast_head_json":{"title":"Vertigo - Librairie 7L","robots":{"index":"index","follow":"follow","max-snippet":"max-snippet:-1","max-image-preview":"max-image-preview:large","max-video-preview":"max-video-preview:-1"},"canonical":"https:\/\/librairie7l.com\/en\/produit\/vertigo-2\/","og_locale":"en_US","og_type":"article","og_title":"Vertigo - Librairie 7L","og_description":"Apr\u00e8s Le Songe d&#8217;Ulysse (2022), L&#8217;\u00cele int\u00e9rieure (2023) et Infinite Woman (2024), la Villa Carmignac (Porquerolles) propose une nouvelle exposition collective, intitul\u00e9e \u00ab\u00a0Vertigo\u00a0\u00bb, sous le commissariat de Matthieu Poirier. Cette exposition s&#8217;int\u00e9resse aux expressions dans l&#8217;art, depuis les ann\u00e9es 1950, du sentiment de vertige dans son sens le plus physique d&#8217;objets donnant la sensation d&#8217;osciller, [&hellip;]","og_url":"https:\/\/librairie7l.com\/en\/produit\/vertigo-2\/","og_site_name":"Librairie 7L","article_modified_time":"2026-05-07T22:01:05+00:00","twitter_card":"summary_large_image","twitter_misc":{"Est. reading time":"1 minute"},"schema":{"@context":"https:\/\/schema.org","@graph":[{"@type":"WebPage","@id":"https:\/\/librairie7l.com\/en\/produit\/vertigo-2\/","url":"https:\/\/librairie7l.com\/en\/produit\/vertigo-2\/","name":"Vertigo - Librairie 7L","isPartOf":{"@id":"https:\/\/librairie7l.com\/en\/#website"},"datePublished":"2025-07-10T07:17:43+00:00","dateModified":"2026-05-07T22:01:05+00:00","breadcrumb":{"@id":"https:\/\/librairie7l.com\/en\/produit\/vertigo-2\/#breadcrumb"},"inLanguage":"en-US","potentialAction":[{"@type":"ReadAction","target":["https:\/\/librairie7l.com\/en\/produit\/vertigo-2\/"]}]},{"@type":"BreadcrumbList","@id":"https:\/\/librairie7l.com\/en\/produit\/vertigo-2\/#breadcrumb","itemListElement":[{"@type":"ListItem","position":1,"name":"Accueil","item":"https:\/\/librairie7l.com\/en\/"},{"@type":"ListItem","position":2,"name":"Shop","item":"https:\/\/librairie7l.com\/en\/shop\/"},{"@type":"ListItem","position":3,"name":"VERTIGO"}]},{"@type":"WebSite","@id":"https:\/\/librairie7l.com\/en\/#website","url":"https:\/\/librairie7l.com\/en\/","name":"Librairie 7L","description":"Librairie fond\u00e9e en 1999 par Karl Lagerfeld \u00e0 Paris","publisher":{"@id":"https:\/\/librairie7l.com\/en\/#organization"},"potentialAction":[{"@type":"SearchAction","target":{"@type":"EntryPoint","urlTemplate":"https:\/\/librairie7l.com\/en\/?s={search_term_string}"},"query-input":"required name=search_term_string"}],"inLanguage":"en-US"},{"@type":"Organization","@id":"https:\/\/librairie7l.com\/en\/#organization","name":"Librairie 7L","url":"https:\/\/librairie7l.com\/en\/","logo":{"@type":"ImageObject","inLanguage":"en-US","@id":"https:\/\/librairie7l.com\/en\/#\/schema\/logo\/image\/","url":"https:\/\/librairie7l.com\/wp-content\/uploads\/2022\/08\/logo-1.png","contentUrl":"https:\/\/librairie7l.com\/wp-content\/uploads\/2022\/08\/logo-1.png","width":227,"height":301,"caption":"Librairie 7L"},"image":{"@id":"https:\/\/librairie7l.com\/en\/#\/schema\/logo\/image\/"}}]}},"_links":{"self":[{"href":"https:\/\/librairie7l.com\/en\/wp-json\/wp\/v2\/product\/49375"}],"collection":[{"href":"https:\/\/librairie7l.com\/en\/wp-json\/wp\/v2\/product"}],"about":[{"href":"https:\/\/librairie7l.com\/en\/wp-json\/wp\/v2\/types\/product"}],"wp:featuredmedia":[{"embeddable":true,"href":"https:\/\/librairie7l.com\/en\/wp-json\/wp\/v2\/media\/49807"}],"wp:attachment":[{"href":"https:\/\/librairie7l.com\/en\/wp-json\/wp\/v2\/media?parent=49375"}],"wp:term":[{"taxonomy":"product_cat","embeddable":true,"href":"https:\/\/librairie7l.com\/en\/wp-json\/wp\/v2\/product_cat?post=49375"},{"taxonomy":"product_tag","embeddable":true,"href":"https:\/\/librairie7l.com\/en\/wp-json\/wp\/v2\/product_tag?post=49375"}],"curies":[{"name":"wp","href":"https:\/\/api.w.org\/{rel}","templated":true}]}}