{"id":49379,"date":"2025-07-10T09:17:44","date_gmt":"2025-07-10T07:17:44","guid":{"rendered":"https:\/\/librairie7l.com\/?post_type=product&#038;p=49379"},"modified":"2026-05-12T21:23:48","modified_gmt":"2026-05-12T19:23:48","slug":"lucie-cousturier-une-artiste-chez-les-neo-impressionnistes-2","status":"publish","type":"product","link":"https:\/\/librairie7l.com\/en\/produit\/lucie-cousturier-une-artiste-chez-les-neo-impressionnistes-2\/","title":{"rendered":"LUCIE COUSTURIER : UNE ARTISTE CHEZ LES N\u00c9O-IMPRESSIONNISTES"},"content":{"rendered":"<p>Femme-artiste et critique d&#8217;art, Lucie Cousturier a d\u00e9velopp\u00e9 une<br \/>\noeuvre personnelle et originale dans le sillage des artistes n\u00e9o-impressionnistes. Elle nait dans une famille ais\u00e9e qui poss\u00e9dait une<br \/>\nmanufacture de poup\u00e9es : Les Poup\u00e9es Br\u00fb (du nom de son p\u00e8re<br \/>\nL\u00e9on Casimir Br\u00fb). Elle est l&#8217;\u00e9l\u00e8ve de Paul Signac et Henri-Edmond<br \/>\nCross et peint dans un style proche de ces peintres. Mari\u00e9e en 1900<br \/>\n\u00e0 Edmond Cousturier, peintre et critique d&#8217;art, elle expose au Salon<br \/>\ndes ind\u00e9pendants en 1901, puis en 1906 au Salon de la libre esth\u00e9tique de Bruxelles et \u00e0 la Berliner Secession de Berlin. Elle peint des<br \/>\noeuvres au \u00abpointillisme mod\u00e9r\u00e9\u00bb dont elle sait aussi s&#8217;affranchir.. Sa<br \/>\npeinture refl\u00e8te sa vie et ses lieux de vie : les toits de Paris, le Bois de<br \/>\nBoulogne, les paysages de Provence. Elle trouve ses sujets autour<br \/>\nd&#8217;elle : elle peint son fils Fran\u00e7ois n\u00e9 en 1901, mais aussi d&#8217;autres<br \/>\nmembres de sa famille. Les natures mortes et bouquets de fleurs<br \/>\nsont nombreux. Elle organise sa premi\u00e8re exposition personnelle en<br \/>\n1907 \u00e0 la galerie Druet, 39 peintures et 32 dessins y sont pr\u00e9sent\u00e9s.<br \/>\nElle r\u00e9dige \u00e0 partir de 1911 divers articles et monographies sur<br \/>\nles membres de ce mouvement (Georges Seurat, Paul Signac,<br \/>\nHenri-Edmond Cross, Ker-Xavier Roussel, Maurice Denis). Sa<br \/>\ncompr\u00e9hension de la th\u00e9orie de la peinture n\u00e9o-impressionniste<br \/>\nfont d&#8217;elle la premi\u00e8re sp\u00e9cialiste de ce mouvement.<br \/>\nDurant la Premi\u00e8re Guerre mondiale, elle vit \u00e0 Fr\u00e9jus dans une maison \u00e0 c\u00f4t\u00e9 de laquelle sont install\u00e9s les cantonnements de tirailleurs<br \/>\ns\u00e9n\u00e9galais avant leur mont\u00e9e au front. Elle d\u00e9cide d&#8217;am\u00e9liorer l&#8217;apprentissage de la langue fran\u00e7aise des soldats et organise dans ce<br \/>\nbut des cours d&#8217;alphab\u00e9tisation \u00e0 son domicile.<br \/>\nEn 1921 et 1922, charg\u00e9e par le gouvernement fran\u00e7ais d&#8217;\u00e9tudier<br \/>\n\u00ab le milieu indig\u00e8ne familial et sp\u00e9cialement le r\u00f4le de la femme\u00bb,<br \/>\nelle effectue un voyage en Afrique-Occidentale fran\u00e7aise dont<br \/>\nelle rapporte de nombreuses toiles et trois livres qui racontent ce<br \/>\np\u00e9riple. Lucie Cousturier fait figure de pr\u00e9curseur sur ce sujet, avant<br \/>\nd&#8217;autres intellectuels fran\u00e7ais engag\u00e9s comme Andr\u00e9 Gide ou<br \/>\nMichel Leiris. Les portraits qu&#8217;elle r\u00e9alise sont loin des repr\u00e9sentations<br \/>\nst\u00e9r\u00e9otyp\u00e9es des peuples africains qui pr\u00e9valaient alors. Revenue<br \/>\nen France, elle \u00e9crit dans Le Paria, \u00ab journal des prol\u00e9tariats noirs et<br \/>\njaunes \u00bb, et consacre la fin de sa vie au combat pour l&#8217;\u00e9mancipation de ces peuples.<br \/>\nSon oeuvre pr\u00e9sente une vari\u00e9t\u00e9 de th\u00e8mes et son style se modifie<br \/>\nau cours de sa vie, passant d&#8217;un n\u00e9o-impressionnisme ma\u00eetris\u00e9 \u00e0 des<br \/>\naquarelles spontan\u00e9es r\u00e9alis\u00e9es durant ses nombreux voyages.<\/p>\n","protected":false},"excerpt":{"rendered":"<p>Femme-artiste et critique d&#8217;art, Lucie Cousturier a d\u00e9velopp\u00e9 une oeuvre personnelle et originale dans le sillage des artistes n\u00e9o-impressionnistes. Elle nait dans une famille ais\u00e9e qui poss\u00e9dait une manufacture de poup\u00e9es : Les Poup\u00e9es Br\u00fb (du nom de son p\u00e8re L\u00e9on Casimir Br\u00fb). Elle est l&#8217;\u00e9l\u00e8ve de Paul Signac et Henri-Edmond Cross et peint dans [&hellip;]<\/p>\n","protected":false},"featured_media":49377,"template":"","meta":[],"product_cat":[2948],"product_tag":[],"acf":[],"yoast_head":"<!-- This site is optimized with the Yoast SEO plugin v20.11 - https:\/\/yoast.com\/wordpress\/plugins\/seo\/ -->\n<title>Lucie Cousturier : Une artiste chez les n\u00e9o-impressionnistes - Librairie 7L<\/title>\n<meta name=\"robots\" content=\"index, follow, max-snippet:-1, max-image-preview:large, max-video-preview:-1\" \/>\n<link rel=\"canonical\" href=\"https:\/\/librairie7l.com\/en\/produit\/lucie-cousturier-une-artiste-chez-les-neo-impressionnistes-2\/\" \/>\n<meta property=\"og:locale\" content=\"en_US\" \/>\n<meta property=\"og:type\" content=\"article\" \/>\n<meta property=\"og:title\" content=\"Lucie Cousturier : Une artiste chez les n\u00e9o-impressionnistes - Librairie 7L\" \/>\n<meta property=\"og:description\" content=\"Femme-artiste et critique d&#8217;art, Lucie Cousturier a d\u00e9velopp\u00e9 une oeuvre personnelle et originale dans le sillage des artistes n\u00e9o-impressionnistes. Elle nait dans une famille ais\u00e9e qui poss\u00e9dait une manufacture de poup\u00e9es : Les Poup\u00e9es Br\u00fb (du nom de son p\u00e8re L\u00e9on Casimir Br\u00fb). Elle est l&#8217;\u00e9l\u00e8ve de Paul Signac et Henri-Edmond Cross et peint dans [&hellip;]\" \/>\n<meta property=\"og:url\" content=\"https:\/\/librairie7l.com\/en\/produit\/lucie-cousturier-une-artiste-chez-les-neo-impressionnistes-2\/\" \/>\n<meta property=\"og:site_name\" content=\"Librairie 7L\" \/>\n<meta property=\"article:modified_time\" content=\"2026-05-12T19:23:48+00:00\" \/>\n<meta property=\"og:image\" content=\"https:\/\/librairie7l.com\/wp-content\/uploads\/2025\/02\/9782353404193_1_75.jpg\" \/>\n\t<meta property=\"og:image:width\" content=\"272\" \/>\n\t<meta property=\"og:image:height\" content=\"340\" \/>\n\t<meta property=\"og:image:type\" content=\"image\/jpeg\" \/>\n<meta name=\"twitter:card\" content=\"summary_large_image\" \/>\n<meta name=\"twitter:label1\" content=\"Est. reading time\" \/>\n\t<meta name=\"twitter:data1\" content=\"2 minutes\" \/>\n<script type=\"application\/ld+json\" class=\"yoast-schema-graph\">{\"@context\":\"https:\/\/schema.org\",\"@graph\":[{\"@type\":\"WebPage\",\"@id\":\"https:\/\/librairie7l.com\/en\/produit\/lucie-cousturier-une-artiste-chez-les-neo-impressionnistes-2\/\",\"url\":\"https:\/\/librairie7l.com\/en\/produit\/lucie-cousturier-une-artiste-chez-les-neo-impressionnistes-2\/\",\"name\":\"Lucie Cousturier : Une artiste chez les n\u00e9o-impressionnistes - Librairie 7L\",\"isPartOf\":{\"@id\":\"https:\/\/librairie7l.com\/en\/#website\"},\"datePublished\":\"2025-07-10T07:17:44+00:00\",\"dateModified\":\"2026-05-12T19:23:48+00:00\",\"breadcrumb\":{\"@id\":\"https:\/\/librairie7l.com\/en\/produit\/lucie-cousturier-une-artiste-chez-les-neo-impressionnistes-2\/#breadcrumb\"},\"inLanguage\":\"en-US\",\"potentialAction\":[{\"@type\":\"ReadAction\",\"target\":[\"https:\/\/librairie7l.com\/en\/produit\/lucie-cousturier-une-artiste-chez-les-neo-impressionnistes-2\/\"]}]},{\"@type\":\"BreadcrumbList\",\"@id\":\"https:\/\/librairie7l.com\/en\/produit\/lucie-cousturier-une-artiste-chez-les-neo-impressionnistes-2\/#breadcrumb\",\"itemListElement\":[{\"@type\":\"ListItem\",\"position\":1,\"name\":\"Accueil\",\"item\":\"https:\/\/librairie7l.com\/en\/\"},{\"@type\":\"ListItem\",\"position\":2,\"name\":\"Shop\",\"item\":\"https:\/\/librairie7l.com\/en\/shop\/\"},{\"@type\":\"ListItem\",\"position\":3,\"name\":\"LUCIE COUSTURIER : UNE ARTISTE CHEZ LES N\u00c9O-IMPRESSIONNISTES\"}]},{\"@type\":\"WebSite\",\"@id\":\"https:\/\/librairie7l.com\/en\/#website\",\"url\":\"https:\/\/librairie7l.com\/en\/\",\"name\":\"Librairie 7L\",\"description\":\"Librairie fond\u00e9e en 1999 par Karl Lagerfeld \u00e0 Paris\",\"publisher\":{\"@id\":\"https:\/\/librairie7l.com\/en\/#organization\"},\"potentialAction\":[{\"@type\":\"SearchAction\",\"target\":{\"@type\":\"EntryPoint\",\"urlTemplate\":\"https:\/\/librairie7l.com\/en\/?s={search_term_string}\"},\"query-input\":\"required name=search_term_string\"}],\"inLanguage\":\"en-US\"},{\"@type\":\"Organization\",\"@id\":\"https:\/\/librairie7l.com\/en\/#organization\",\"name\":\"Librairie 7L\",\"url\":\"https:\/\/librairie7l.com\/en\/\",\"logo\":{\"@type\":\"ImageObject\",\"inLanguage\":\"en-US\",\"@id\":\"https:\/\/librairie7l.com\/en\/#\/schema\/logo\/image\/\",\"url\":\"https:\/\/librairie7l.com\/wp-content\/uploads\/2022\/08\/logo-1.png\",\"contentUrl\":\"https:\/\/librairie7l.com\/wp-content\/uploads\/2022\/08\/logo-1.png\",\"width\":227,\"height\":301,\"caption\":\"Librairie 7L\"},\"image\":{\"@id\":\"https:\/\/librairie7l.com\/en\/#\/schema\/logo\/image\/\"}}]}<\/script>\n<!-- \/ Yoast SEO plugin. -->","yoast_head_json":{"title":"Lucie Cousturier : Une artiste chez les n\u00e9o-impressionnistes - Librairie 7L","robots":{"index":"index","follow":"follow","max-snippet":"max-snippet:-1","max-image-preview":"max-image-preview:large","max-video-preview":"max-video-preview:-1"},"canonical":"https:\/\/librairie7l.com\/en\/produit\/lucie-cousturier-une-artiste-chez-les-neo-impressionnistes-2\/","og_locale":"en_US","og_type":"article","og_title":"Lucie Cousturier : Une artiste chez les n\u00e9o-impressionnistes - Librairie 7L","og_description":"Femme-artiste et critique d&#8217;art, Lucie Cousturier a d\u00e9velopp\u00e9 une oeuvre personnelle et originale dans le sillage des artistes n\u00e9o-impressionnistes. Elle nait dans une famille ais\u00e9e qui poss\u00e9dait une manufacture de poup\u00e9es : Les Poup\u00e9es Br\u00fb (du nom de son p\u00e8re L\u00e9on Casimir Br\u00fb). Elle est l&#8217;\u00e9l\u00e8ve de Paul Signac et Henri-Edmond Cross et peint dans [&hellip;]","og_url":"https:\/\/librairie7l.com\/en\/produit\/lucie-cousturier-une-artiste-chez-les-neo-impressionnistes-2\/","og_site_name":"Librairie 7L","article_modified_time":"2026-05-12T19:23:48+00:00","og_image":[{"width":272,"height":340,"url":"https:\/\/librairie7l.com\/wp-content\/uploads\/2025\/02\/9782353404193_1_75.jpg","type":"image\/jpeg"}],"twitter_card":"summary_large_image","twitter_misc":{"Est. reading time":"2 minutes"},"schema":{"@context":"https:\/\/schema.org","@graph":[{"@type":"WebPage","@id":"https:\/\/librairie7l.com\/en\/produit\/lucie-cousturier-une-artiste-chez-les-neo-impressionnistes-2\/","url":"https:\/\/librairie7l.com\/en\/produit\/lucie-cousturier-une-artiste-chez-les-neo-impressionnistes-2\/","name":"Lucie Cousturier : Une artiste chez les n\u00e9o-impressionnistes - Librairie 7L","isPartOf":{"@id":"https:\/\/librairie7l.com\/en\/#website"},"datePublished":"2025-07-10T07:17:44+00:00","dateModified":"2026-05-12T19:23:48+00:00","breadcrumb":{"@id":"https:\/\/librairie7l.com\/en\/produit\/lucie-cousturier-une-artiste-chez-les-neo-impressionnistes-2\/#breadcrumb"},"inLanguage":"en-US","potentialAction":[{"@type":"ReadAction","target":["https:\/\/librairie7l.com\/en\/produit\/lucie-cousturier-une-artiste-chez-les-neo-impressionnistes-2\/"]}]},{"@type":"BreadcrumbList","@id":"https:\/\/librairie7l.com\/en\/produit\/lucie-cousturier-une-artiste-chez-les-neo-impressionnistes-2\/#breadcrumb","itemListElement":[{"@type":"ListItem","position":1,"name":"Accueil","item":"https:\/\/librairie7l.com\/en\/"},{"@type":"ListItem","position":2,"name":"Shop","item":"https:\/\/librairie7l.com\/en\/shop\/"},{"@type":"ListItem","position":3,"name":"LUCIE COUSTURIER : UNE ARTISTE CHEZ LES N\u00c9O-IMPRESSIONNISTES"}]},{"@type":"WebSite","@id":"https:\/\/librairie7l.com\/en\/#website","url":"https:\/\/librairie7l.com\/en\/","name":"Librairie 7L","description":"Librairie fond\u00e9e en 1999 par Karl Lagerfeld \u00e0 Paris","publisher":{"@id":"https:\/\/librairie7l.com\/en\/#organization"},"potentialAction":[{"@type":"SearchAction","target":{"@type":"EntryPoint","urlTemplate":"https:\/\/librairie7l.com\/en\/?s={search_term_string}"},"query-input":"required name=search_term_string"}],"inLanguage":"en-US"},{"@type":"Organization","@id":"https:\/\/librairie7l.com\/en\/#organization","name":"Librairie 7L","url":"https:\/\/librairie7l.com\/en\/","logo":{"@type":"ImageObject","inLanguage":"en-US","@id":"https:\/\/librairie7l.com\/en\/#\/schema\/logo\/image\/","url":"https:\/\/librairie7l.com\/wp-content\/uploads\/2022\/08\/logo-1.png","contentUrl":"https:\/\/librairie7l.com\/wp-content\/uploads\/2022\/08\/logo-1.png","width":227,"height":301,"caption":"Librairie 7L"},"image":{"@id":"https:\/\/librairie7l.com\/en\/#\/schema\/logo\/image\/"}}]}},"_links":{"self":[{"href":"https:\/\/librairie7l.com\/en\/wp-json\/wp\/v2\/product\/49379"}],"collection":[{"href":"https:\/\/librairie7l.com\/en\/wp-json\/wp\/v2\/product"}],"about":[{"href":"https:\/\/librairie7l.com\/en\/wp-json\/wp\/v2\/types\/product"}],"wp:featuredmedia":[{"embeddable":true,"href":"https:\/\/librairie7l.com\/en\/wp-json\/wp\/v2\/media\/49377"}],"wp:attachment":[{"href":"https:\/\/librairie7l.com\/en\/wp-json\/wp\/v2\/media?parent=49379"}],"wp:term":[{"taxonomy":"product_cat","embeddable":true,"href":"https:\/\/librairie7l.com\/en\/wp-json\/wp\/v2\/product_cat?post=49379"},{"taxonomy":"product_tag","embeddable":true,"href":"https:\/\/librairie7l.com\/en\/wp-json\/wp\/v2\/product_tag?post=49379"}],"curies":[{"name":"wp","href":"https:\/\/api.w.org\/{rel}","templated":true}]}}