{"id":49417,"date":"2025-07-12T09:17:46","date_gmt":"2025-07-12T07:17:46","guid":{"rendered":"https:\/\/librairie7l.com\/?post_type=product&#038;p=49417"},"modified":"2026-04-05T10:53:51","modified_gmt":"2026-04-05T08:53:51","slug":"john-baldessari-moderna-museet-2","status":"publish","type":"product","link":"https:\/\/librairie7l.com\/en\/produit\/john-baldessari-moderna-museet-2\/","title":{"rendered":"JOHN BALDESSARI (MODERNA MUSEET)"},"content":{"rendered":"<p>Ce catalogue accompagne une exposition au Moderna Museet \u00e0 Stockholm du 21 mars au 16 ao\u00fbt 2020, qui retrace toute la carri\u00e8re du c\u00e9l\u00e8bre artiste conceptuel am\u00e9ricain en pr\u00e9sentant des peintures, des photos, des images de films et de la documentation sur ses performances. Sur plus de 50 ans, John Baldessari, d\u00e9c\u00e9d\u00e9 en 2020, a explor\u00e9 les relations entre texte et image et les cr\u00e9ations qui pouvaient en \u00e9merger, en m\u00ealant souvent l&#8217;humour et l&#8217;ironie \u00e0 son travail.<\/p>\n","protected":false},"excerpt":{"rendered":"<p>Ce catalogue accompagne une exposition au Moderna Museet \u00e0 Stockholm du 21 mars au 16 ao\u00fbt 2020, qui retrace toute la carri\u00e8re du c\u00e9l\u00e8bre artiste conceptuel am\u00e9ricain en pr\u00e9sentant des peintures, des photos, des images de films et de la documentation sur ses performances. Sur plus de 50 ans, John Baldessari, d\u00e9c\u00e9d\u00e9 en 2020, a [&hellip;]<\/p>\n","protected":false},"featured_media":49415,"template":"","meta":[],"product_cat":[2948,2953],"product_tag":[],"acf":[],"yoast_head":"<!-- This site is optimized with the Yoast SEO plugin v20.11 - https:\/\/yoast.com\/wordpress\/plugins\/seo\/ -->\n<title>John baldessari (moderna museet) - Librairie 7L<\/title>\n<meta name=\"robots\" content=\"index, follow, max-snippet:-1, max-image-preview:large, max-video-preview:-1\" \/>\n<link rel=\"canonical\" href=\"https:\/\/librairie7l.com\/en\/produit\/john-baldessari-moderna-museet-2\/\" \/>\n<meta property=\"og:locale\" content=\"en_US\" \/>\n<meta property=\"og:type\" content=\"article\" \/>\n<meta property=\"og:title\" content=\"John baldessari (moderna museet) - Librairie 7L\" \/>\n<meta property=\"og:description\" content=\"Ce catalogue accompagne une exposition au Moderna Museet \u00e0 Stockholm du 21 mars au 16 ao\u00fbt 2020, qui retrace toute la carri\u00e8re du c\u00e9l\u00e8bre artiste conceptuel am\u00e9ricain en pr\u00e9sentant des peintures, des photos, des images de films et de la documentation sur ses performances. Sur plus de 50 ans, John Baldessari, d\u00e9c\u00e9d\u00e9 en 2020, a [&hellip;]\" \/>\n<meta property=\"og:url\" content=\"https:\/\/librairie7l.com\/en\/produit\/john-baldessari-moderna-museet-2\/\" \/>\n<meta property=\"og:site_name\" content=\"Librairie 7L\" \/>\n<meta property=\"article:modified_time\" content=\"2026-04-05T08:53:51+00:00\" \/>\n<meta property=\"og:image\" content=\"https:\/\/librairie7l.com\/wp-content\/uploads\/2020\/02\/9783960987956_1_75.jpg\" \/>\n\t<meta property=\"og:image:width\" content=\"170\" \/>\n\t<meta property=\"og:image:height\" content=\"220\" \/>\n\t<meta property=\"og:image:type\" content=\"image\/jpeg\" \/>\n<meta name=\"twitter:card\" content=\"summary_large_image\" \/>\n<script type=\"application\/ld+json\" class=\"yoast-schema-graph\">{\"@context\":\"https:\/\/schema.org\",\"@graph\":[{\"@type\":\"WebPage\",\"@id\":\"https:\/\/librairie7l.com\/en\/produit\/john-baldessari-moderna-museet-2\/\",\"url\":\"https:\/\/librairie7l.com\/en\/produit\/john-baldessari-moderna-museet-2\/\",\"name\":\"John baldessari (moderna museet) - Librairie 7L\",\"isPartOf\":{\"@id\":\"https:\/\/librairie7l.com\/en\/#website\"},\"datePublished\":\"2025-07-12T07:17:46+00:00\",\"dateModified\":\"2026-04-05T08:53:51+00:00\",\"breadcrumb\":{\"@id\":\"https:\/\/librairie7l.com\/en\/produit\/john-baldessari-moderna-museet-2\/#breadcrumb\"},\"inLanguage\":\"en-US\",\"potentialAction\":[{\"@type\":\"ReadAction\",\"target\":[\"https:\/\/librairie7l.com\/en\/produit\/john-baldessari-moderna-museet-2\/\"]}]},{\"@type\":\"BreadcrumbList\",\"@id\":\"https:\/\/librairie7l.com\/en\/produit\/john-baldessari-moderna-museet-2\/#breadcrumb\",\"itemListElement\":[{\"@type\":\"ListItem\",\"position\":1,\"name\":\"Accueil\",\"item\":\"https:\/\/librairie7l.com\/en\/\"},{\"@type\":\"ListItem\",\"position\":2,\"name\":\"Shop\",\"item\":\"https:\/\/librairie7l.com\/en\/shop\/\"},{\"@type\":\"ListItem\",\"position\":3,\"name\":\"JOHN BALDESSARI (MODERNA MUSEET)\"}]},{\"@type\":\"WebSite\",\"@id\":\"https:\/\/librairie7l.com\/en\/#website\",\"url\":\"https:\/\/librairie7l.com\/en\/\",\"name\":\"Librairie 7L\",\"description\":\"Librairie fond\u00e9e en 1999 par Karl Lagerfeld \u00e0 Paris\",\"publisher\":{\"@id\":\"https:\/\/librairie7l.com\/en\/#organization\"},\"potentialAction\":[{\"@type\":\"SearchAction\",\"target\":{\"@type\":\"EntryPoint\",\"urlTemplate\":\"https:\/\/librairie7l.com\/en\/?s={search_term_string}\"},\"query-input\":\"required name=search_term_string\"}],\"inLanguage\":\"en-US\"},{\"@type\":\"Organization\",\"@id\":\"https:\/\/librairie7l.com\/en\/#organization\",\"name\":\"Librairie 7L\",\"url\":\"https:\/\/librairie7l.com\/en\/\",\"logo\":{\"@type\":\"ImageObject\",\"inLanguage\":\"en-US\",\"@id\":\"https:\/\/librairie7l.com\/en\/#\/schema\/logo\/image\/\",\"url\":\"https:\/\/librairie7l.com\/wp-content\/uploads\/2022\/08\/logo-1.png\",\"contentUrl\":\"https:\/\/librairie7l.com\/wp-content\/uploads\/2022\/08\/logo-1.png\",\"width\":227,\"height\":301,\"caption\":\"Librairie 7L\"},\"image\":{\"@id\":\"https:\/\/librairie7l.com\/en\/#\/schema\/logo\/image\/\"}}]}<\/script>\n<!-- \/ Yoast SEO plugin. -->","yoast_head_json":{"title":"John baldessari (moderna museet) - Librairie 7L","robots":{"index":"index","follow":"follow","max-snippet":"max-snippet:-1","max-image-preview":"max-image-preview:large","max-video-preview":"max-video-preview:-1"},"canonical":"https:\/\/librairie7l.com\/en\/produit\/john-baldessari-moderna-museet-2\/","og_locale":"en_US","og_type":"article","og_title":"John baldessari (moderna museet) - Librairie 7L","og_description":"Ce catalogue accompagne une exposition au Moderna Museet \u00e0 Stockholm du 21 mars au 16 ao\u00fbt 2020, qui retrace toute la carri\u00e8re du c\u00e9l\u00e8bre artiste conceptuel am\u00e9ricain en pr\u00e9sentant des peintures, des photos, des images de films et de la documentation sur ses performances. Sur plus de 50 ans, John Baldessari, d\u00e9c\u00e9d\u00e9 en 2020, a [&hellip;]","og_url":"https:\/\/librairie7l.com\/en\/produit\/john-baldessari-moderna-museet-2\/","og_site_name":"Librairie 7L","article_modified_time":"2026-04-05T08:53:51+00:00","og_image":[{"width":170,"height":220,"url":"https:\/\/librairie7l.com\/wp-content\/uploads\/2020\/02\/9783960987956_1_75.jpg","type":"image\/jpeg"}],"twitter_card":"summary_large_image","schema":{"@context":"https:\/\/schema.org","@graph":[{"@type":"WebPage","@id":"https:\/\/librairie7l.com\/en\/produit\/john-baldessari-moderna-museet-2\/","url":"https:\/\/librairie7l.com\/en\/produit\/john-baldessari-moderna-museet-2\/","name":"John baldessari (moderna museet) - Librairie 7L","isPartOf":{"@id":"https:\/\/librairie7l.com\/en\/#website"},"datePublished":"2025-07-12T07:17:46+00:00","dateModified":"2026-04-05T08:53:51+00:00","breadcrumb":{"@id":"https:\/\/librairie7l.com\/en\/produit\/john-baldessari-moderna-museet-2\/#breadcrumb"},"inLanguage":"en-US","potentialAction":[{"@type":"ReadAction","target":["https:\/\/librairie7l.com\/en\/produit\/john-baldessari-moderna-museet-2\/"]}]},{"@type":"BreadcrumbList","@id":"https:\/\/librairie7l.com\/en\/produit\/john-baldessari-moderna-museet-2\/#breadcrumb","itemListElement":[{"@type":"ListItem","position":1,"name":"Accueil","item":"https:\/\/librairie7l.com\/en\/"},{"@type":"ListItem","position":2,"name":"Shop","item":"https:\/\/librairie7l.com\/en\/shop\/"},{"@type":"ListItem","position":3,"name":"JOHN BALDESSARI (MODERNA MUSEET)"}]},{"@type":"WebSite","@id":"https:\/\/librairie7l.com\/en\/#website","url":"https:\/\/librairie7l.com\/en\/","name":"Librairie 7L","description":"Librairie fond\u00e9e en 1999 par Karl Lagerfeld \u00e0 Paris","publisher":{"@id":"https:\/\/librairie7l.com\/en\/#organization"},"potentialAction":[{"@type":"SearchAction","target":{"@type":"EntryPoint","urlTemplate":"https:\/\/librairie7l.com\/en\/?s={search_term_string}"},"query-input":"required name=search_term_string"}],"inLanguage":"en-US"},{"@type":"Organization","@id":"https:\/\/librairie7l.com\/en\/#organization","name":"Librairie 7L","url":"https:\/\/librairie7l.com\/en\/","logo":{"@type":"ImageObject","inLanguage":"en-US","@id":"https:\/\/librairie7l.com\/en\/#\/schema\/logo\/image\/","url":"https:\/\/librairie7l.com\/wp-content\/uploads\/2022\/08\/logo-1.png","contentUrl":"https:\/\/librairie7l.com\/wp-content\/uploads\/2022\/08\/logo-1.png","width":227,"height":301,"caption":"Librairie 7L"},"image":{"@id":"https:\/\/librairie7l.com\/en\/#\/schema\/logo\/image\/"}}]}},"_links":{"self":[{"href":"https:\/\/librairie7l.com\/en\/wp-json\/wp\/v2\/product\/49417"}],"collection":[{"href":"https:\/\/librairie7l.com\/en\/wp-json\/wp\/v2\/product"}],"about":[{"href":"https:\/\/librairie7l.com\/en\/wp-json\/wp\/v2\/types\/product"}],"wp:featuredmedia":[{"embeddable":true,"href":"https:\/\/librairie7l.com\/en\/wp-json\/wp\/v2\/media\/49415"}],"wp:attachment":[{"href":"https:\/\/librairie7l.com\/en\/wp-json\/wp\/v2\/media?parent=49417"}],"wp:term":[{"taxonomy":"product_cat","embeddable":true,"href":"https:\/\/librairie7l.com\/en\/wp-json\/wp\/v2\/product_cat?post=49417"},{"taxonomy":"product_tag","embeddable":true,"href":"https:\/\/librairie7l.com\/en\/wp-json\/wp\/v2\/product_tag?post=49417"}],"curies":[{"name":"wp","href":"https:\/\/api.w.org\/{rel}","templated":true}]}}