{"id":49474,"date":"2025-07-15T15:15:50","date_gmt":"2025-07-15T13:15:50","guid":{"rendered":"https:\/\/librairie7l.com\/?post_type=product&#038;p=49474"},"modified":"2026-04-06T22:31:57","modified_gmt":"2026-04-06T20:31:57","slug":"ranger-une-pratique-zen-2","status":"publish","type":"product","link":"https:\/\/librairie7l.com\/en\/produit\/ranger-une-pratique-zen-2\/","title":{"rendered":"RANGER, UNE PRATIQUE ZEN"},"content":{"rendered":"<p>&#8220;Ranger, c&#8217;est faire briller son coeur&#8221;. Mais par o\u00f9 commencer ? En toute simplicit\u00e9. On d\u00e9couvrira que le m\u00e9nage est une des pratiques les plus fondamentales du zen et que le rangement peut se r\u00e9v\u00e9ler un v\u00e9ritable exercice de pleine conscience. Pas question de performance ou de recette miracle. Le moine Masuno invite plut\u00f4t le lecteur \u00e0 une r\u00e9flexion durable sur le bonheur : d\u00e9couvrir le plaisir de &#8220;se faire soi-m\u00eame bon accueil&#8221; , go\u00fbter les petites joies du quotidien, \u00eatre attentif au passage des saisons, ou encore apprendre \u00e0 se d\u00e9barrasser des choses inutiles pour une qualit\u00e9 de pr\u00e9sence au monde et \u00e0 soi renouvel\u00e9e.<br \/>\nUne belle initiation au zen pour prendre soin de son int\u00e9rieur, et avant tout, prendre soin de soi.<\/p>\n","protected":false},"excerpt":{"rendered":"<p>&#8220;Ranger, c&#8217;est faire briller son coeur&#8221;. Mais par o\u00f9 commencer ? En toute simplicit\u00e9. On d\u00e9couvrira que le m\u00e9nage est une des pratiques les plus fondamentales du zen et que le rangement peut se r\u00e9v\u00e9ler un v\u00e9ritable exercice de pleine conscience. Pas question de performance ou de recette miracle. Le moine Masuno invite plut\u00f4t le [&hellip;]<\/p>\n","protected":false},"featured_media":49472,"template":"","meta":[],"product_cat":[7364,2948],"product_tag":[],"acf":[],"yoast_head":"<!-- This site is optimized with the Yoast SEO plugin v20.11 - https:\/\/yoast.com\/wordpress\/plugins\/seo\/ -->\n<title>Ranger, une pratique zen - Librairie 7L<\/title>\n<meta name=\"robots\" content=\"index, follow, max-snippet:-1, max-image-preview:large, max-video-preview:-1\" \/>\n<link rel=\"canonical\" href=\"https:\/\/librairie7l.com\/en\/produit\/ranger-une-pratique-zen-2\/\" \/>\n<meta property=\"og:locale\" content=\"en_US\" \/>\n<meta property=\"og:type\" content=\"article\" \/>\n<meta property=\"og:title\" content=\"Ranger, une pratique zen - Librairie 7L\" \/>\n<meta property=\"og:description\" content=\"&#8220;Ranger, c&#8217;est faire briller son coeur&#8221;. Mais par o\u00f9 commencer ? En toute simplicit\u00e9. On d\u00e9couvrira que le m\u00e9nage est une des pratiques les plus fondamentales du zen et que le rangement peut se r\u00e9v\u00e9ler un v\u00e9ritable exercice de pleine conscience. Pas question de performance ou de recette miracle. Le moine Masuno invite plut\u00f4t le [&hellip;]\" \/>\n<meta property=\"og:url\" content=\"https:\/\/librairie7l.com\/en\/produit\/ranger-une-pratique-zen-2\/\" \/>\n<meta property=\"og:site_name\" content=\"Librairie 7L\" \/>\n<meta property=\"article:modified_time\" content=\"2026-04-06T20:31:57+00:00\" \/>\n<meta property=\"og:image\" content=\"https:\/\/librairie7l.com\/wp-content\/uploads\/2021\/02\/9782809715521_1_75.jpg\" \/>\n\t<meta property=\"og:image:width\" content=\"600\" \/>\n\t<meta property=\"og:image:height\" content=\"927\" \/>\n\t<meta property=\"og:image:type\" content=\"image\/jpeg\" \/>\n<meta name=\"twitter:card\" content=\"summary_large_image\" \/>\n<meta name=\"twitter:label1\" content=\"Est. reading time\" \/>\n\t<meta name=\"twitter:data1\" content=\"1 minute\" \/>\n<script type=\"application\/ld+json\" class=\"yoast-schema-graph\">{\"@context\":\"https:\/\/schema.org\",\"@graph\":[{\"@type\":\"WebPage\",\"@id\":\"https:\/\/librairie7l.com\/en\/produit\/ranger-une-pratique-zen-2\/\",\"url\":\"https:\/\/librairie7l.com\/en\/produit\/ranger-une-pratique-zen-2\/\",\"name\":\"Ranger, une pratique zen - Librairie 7L\",\"isPartOf\":{\"@id\":\"https:\/\/librairie7l.com\/en\/#website\"},\"datePublished\":\"2025-07-15T13:15:50+00:00\",\"dateModified\":\"2026-04-06T20:31:57+00:00\",\"breadcrumb\":{\"@id\":\"https:\/\/librairie7l.com\/en\/produit\/ranger-une-pratique-zen-2\/#breadcrumb\"},\"inLanguage\":\"en-US\",\"potentialAction\":[{\"@type\":\"ReadAction\",\"target\":[\"https:\/\/librairie7l.com\/en\/produit\/ranger-une-pratique-zen-2\/\"]}]},{\"@type\":\"BreadcrumbList\",\"@id\":\"https:\/\/librairie7l.com\/en\/produit\/ranger-une-pratique-zen-2\/#breadcrumb\",\"itemListElement\":[{\"@type\":\"ListItem\",\"position\":1,\"name\":\"Accueil\",\"item\":\"https:\/\/librairie7l.com\/en\/\"},{\"@type\":\"ListItem\",\"position\":2,\"name\":\"Shop\",\"item\":\"https:\/\/librairie7l.com\/en\/shop\/\"},{\"@type\":\"ListItem\",\"position\":3,\"name\":\"RANGER, UNE PRATIQUE ZEN\"}]},{\"@type\":\"WebSite\",\"@id\":\"https:\/\/librairie7l.com\/en\/#website\",\"url\":\"https:\/\/librairie7l.com\/en\/\",\"name\":\"Librairie 7L\",\"description\":\"Librairie fond\u00e9e en 1999 par Karl Lagerfeld \u00e0 Paris\",\"publisher\":{\"@id\":\"https:\/\/librairie7l.com\/en\/#organization\"},\"potentialAction\":[{\"@type\":\"SearchAction\",\"target\":{\"@type\":\"EntryPoint\",\"urlTemplate\":\"https:\/\/librairie7l.com\/en\/?s={search_term_string}\"},\"query-input\":\"required name=search_term_string\"}],\"inLanguage\":\"en-US\"},{\"@type\":\"Organization\",\"@id\":\"https:\/\/librairie7l.com\/en\/#organization\",\"name\":\"Librairie 7L\",\"url\":\"https:\/\/librairie7l.com\/en\/\",\"logo\":{\"@type\":\"ImageObject\",\"inLanguage\":\"en-US\",\"@id\":\"https:\/\/librairie7l.com\/en\/#\/schema\/logo\/image\/\",\"url\":\"https:\/\/librairie7l.com\/wp-content\/uploads\/2022\/08\/logo-1.png\",\"contentUrl\":\"https:\/\/librairie7l.com\/wp-content\/uploads\/2022\/08\/logo-1.png\",\"width\":227,\"height\":301,\"caption\":\"Librairie 7L\"},\"image\":{\"@id\":\"https:\/\/librairie7l.com\/en\/#\/schema\/logo\/image\/\"}}]}<\/script>\n<!-- \/ Yoast SEO plugin. -->","yoast_head_json":{"title":"Ranger, une pratique zen - Librairie 7L","robots":{"index":"index","follow":"follow","max-snippet":"max-snippet:-1","max-image-preview":"max-image-preview:large","max-video-preview":"max-video-preview:-1"},"canonical":"https:\/\/librairie7l.com\/en\/produit\/ranger-une-pratique-zen-2\/","og_locale":"en_US","og_type":"article","og_title":"Ranger, une pratique zen - Librairie 7L","og_description":"&#8220;Ranger, c&#8217;est faire briller son coeur&#8221;. Mais par o\u00f9 commencer ? En toute simplicit\u00e9. On d\u00e9couvrira que le m\u00e9nage est une des pratiques les plus fondamentales du zen et que le rangement peut se r\u00e9v\u00e9ler un v\u00e9ritable exercice de pleine conscience. Pas question de performance ou de recette miracle. Le moine Masuno invite plut\u00f4t le [&hellip;]","og_url":"https:\/\/librairie7l.com\/en\/produit\/ranger-une-pratique-zen-2\/","og_site_name":"Librairie 7L","article_modified_time":"2026-04-06T20:31:57+00:00","og_image":[{"width":600,"height":927,"url":"https:\/\/librairie7l.com\/wp-content\/uploads\/2021\/02\/9782809715521_1_75.jpg","type":"image\/jpeg"}],"twitter_card":"summary_large_image","twitter_misc":{"Est. reading time":"1 minute"},"schema":{"@context":"https:\/\/schema.org","@graph":[{"@type":"WebPage","@id":"https:\/\/librairie7l.com\/en\/produit\/ranger-une-pratique-zen-2\/","url":"https:\/\/librairie7l.com\/en\/produit\/ranger-une-pratique-zen-2\/","name":"Ranger, une pratique zen - Librairie 7L","isPartOf":{"@id":"https:\/\/librairie7l.com\/en\/#website"},"datePublished":"2025-07-15T13:15:50+00:00","dateModified":"2026-04-06T20:31:57+00:00","breadcrumb":{"@id":"https:\/\/librairie7l.com\/en\/produit\/ranger-une-pratique-zen-2\/#breadcrumb"},"inLanguage":"en-US","potentialAction":[{"@type":"ReadAction","target":["https:\/\/librairie7l.com\/en\/produit\/ranger-une-pratique-zen-2\/"]}]},{"@type":"BreadcrumbList","@id":"https:\/\/librairie7l.com\/en\/produit\/ranger-une-pratique-zen-2\/#breadcrumb","itemListElement":[{"@type":"ListItem","position":1,"name":"Accueil","item":"https:\/\/librairie7l.com\/en\/"},{"@type":"ListItem","position":2,"name":"Shop","item":"https:\/\/librairie7l.com\/en\/shop\/"},{"@type":"ListItem","position":3,"name":"RANGER, UNE PRATIQUE ZEN"}]},{"@type":"WebSite","@id":"https:\/\/librairie7l.com\/en\/#website","url":"https:\/\/librairie7l.com\/en\/","name":"Librairie 7L","description":"Librairie fond\u00e9e en 1999 par Karl Lagerfeld \u00e0 Paris","publisher":{"@id":"https:\/\/librairie7l.com\/en\/#organization"},"potentialAction":[{"@type":"SearchAction","target":{"@type":"EntryPoint","urlTemplate":"https:\/\/librairie7l.com\/en\/?s={search_term_string}"},"query-input":"required name=search_term_string"}],"inLanguage":"en-US"},{"@type":"Organization","@id":"https:\/\/librairie7l.com\/en\/#organization","name":"Librairie 7L","url":"https:\/\/librairie7l.com\/en\/","logo":{"@type":"ImageObject","inLanguage":"en-US","@id":"https:\/\/librairie7l.com\/en\/#\/schema\/logo\/image\/","url":"https:\/\/librairie7l.com\/wp-content\/uploads\/2022\/08\/logo-1.png","contentUrl":"https:\/\/librairie7l.com\/wp-content\/uploads\/2022\/08\/logo-1.png","width":227,"height":301,"caption":"Librairie 7L"},"image":{"@id":"https:\/\/librairie7l.com\/en\/#\/schema\/logo\/image\/"}}]}},"_links":{"self":[{"href":"https:\/\/librairie7l.com\/en\/wp-json\/wp\/v2\/product\/49474"}],"collection":[{"href":"https:\/\/librairie7l.com\/en\/wp-json\/wp\/v2\/product"}],"about":[{"href":"https:\/\/librairie7l.com\/en\/wp-json\/wp\/v2\/types\/product"}],"wp:featuredmedia":[{"embeddable":true,"href":"https:\/\/librairie7l.com\/en\/wp-json\/wp\/v2\/media\/49472"}],"wp:attachment":[{"href":"https:\/\/librairie7l.com\/en\/wp-json\/wp\/v2\/media?parent=49474"}],"wp:term":[{"taxonomy":"product_cat","embeddable":true,"href":"https:\/\/librairie7l.com\/en\/wp-json\/wp\/v2\/product_cat?post=49474"},{"taxonomy":"product_tag","embeddable":true,"href":"https:\/\/librairie7l.com\/en\/wp-json\/wp\/v2\/product_tag?post=49474"}],"curies":[{"name":"wp","href":"https:\/\/api.w.org\/{rel}","templated":true}]}}