{"id":49494,"date":"2025-07-16T09:17:47","date_gmt":"2025-07-16T07:17:47","guid":{"rendered":"https:\/\/librairie7l.com\/?post_type=product&#038;p=49494"},"modified":"2026-04-15T10:23:30","modified_gmt":"2026-04-15T08:23:30","slug":"robert-combas-dessins-2","status":"publish","type":"product","link":"https:\/\/librairie7l.com\/en\/produit\/robert-combas-dessins-2\/","title":{"rendered":"ROBERT COMBAS : DESSINS"},"content":{"rendered":"<p>Cet ouvrage regroupe une s\u00e9rie de 50 dessins en noir et blanc r\u00e9alis\u00e9s par Robert Combas et intitul\u00e9s \u00ab tatouages acad\u00e9miques \u00bb. Ce titre g\u00e9n\u00e9rique de \u00ab tatouages acad\u00e9miques \u00bb que Robert Combas donne \u00e0 ses oeuvres sur papier ayant pour supports d&#8217;anciens dessins d&#8217;\u00e9tudes acad\u00e9miques &#8211; le tatouage de l&#8217;artiste se superposant \u00e0 la tradition d&#8217;enseignement du dessin &#8211; \u00e9voque une histoire de transfiguration, celle de la tradition absorb\u00e9e par l&#8217;artiste pour la r\u00e9v\u00e9ler sous une forme totalement r\u00e9invent\u00e9e. La couverture du livre est con\u00e7ue comme un carton \u00e0 dessins. Pour le fermer, un lacet en cuir se noue sur le ventre du livre. Ami de longue date de l&#8217;artiste, le philosophe et essayiste Michel Onfray vient agr\u00e9menter l&#8217;ouvrage d&#8217;un texte original.<\/p>\n","protected":false},"excerpt":{"rendered":"<p>Cet ouvrage regroupe une s\u00e9rie de 50 dessins en noir et blanc r\u00e9alis\u00e9s par Robert Combas et intitul\u00e9s \u00ab tatouages acad\u00e9miques \u00bb. Ce titre g\u00e9n\u00e9rique de \u00ab tatouages acad\u00e9miques \u00bb que Robert Combas donne \u00e0 ses oeuvres sur papier ayant pour supports d&#8217;anciens dessins d&#8217;\u00e9tudes acad\u00e9miques &#8211; le tatouage de l&#8217;artiste se superposant \u00e0 la [&hellip;]<\/p>\n","protected":false},"featured_media":49492,"template":"","meta":[],"product_cat":[2948,2953],"product_tag":[],"acf":[],"yoast_head":"<!-- This site is optimized with the Yoast SEO plugin v20.11 - https:\/\/yoast.com\/wordpress\/plugins\/seo\/ -->\n<title>Robert Combas : Dessins - Librairie 7L<\/title>\n<meta name=\"robots\" content=\"index, follow, max-snippet:-1, max-image-preview:large, max-video-preview:-1\" \/>\n<link rel=\"canonical\" href=\"https:\/\/librairie7l.com\/en\/produit\/robert-combas-dessins-2\/\" \/>\n<meta property=\"og:locale\" content=\"en_US\" \/>\n<meta property=\"og:type\" content=\"article\" \/>\n<meta property=\"og:title\" content=\"Robert Combas : Dessins - Librairie 7L\" \/>\n<meta property=\"og:description\" content=\"Cet ouvrage regroupe une s\u00e9rie de 50 dessins en noir et blanc r\u00e9alis\u00e9s par Robert Combas et intitul\u00e9s \u00ab tatouages acad\u00e9miques \u00bb. Ce titre g\u00e9n\u00e9rique de \u00ab tatouages acad\u00e9miques \u00bb que Robert Combas donne \u00e0 ses oeuvres sur papier ayant pour supports d&#8217;anciens dessins d&#8217;\u00e9tudes acad\u00e9miques &#8211; le tatouage de l&#8217;artiste se superposant \u00e0 la [&hellip;]\" \/>\n<meta property=\"og:url\" content=\"https:\/\/librairie7l.com\/en\/produit\/robert-combas-dessins-2\/\" \/>\n<meta property=\"og:site_name\" content=\"Librairie 7L\" \/>\n<meta property=\"article:modified_time\" content=\"2026-04-15T08:23:30+00:00\" \/>\n<meta property=\"og:image\" content=\"https:\/\/librairie7l.com\/wp-content\/uploads\/2024\/06\/9782362221071_1_75.jpg\" \/>\n\t<meta property=\"og:image:width\" content=\"600\" \/>\n\t<meta property=\"og:image:height\" content=\"874\" \/>\n\t<meta property=\"og:image:type\" content=\"image\/jpeg\" \/>\n<meta name=\"twitter:card\" content=\"summary_large_image\" \/>\n<meta name=\"twitter:label1\" content=\"Est. reading time\" \/>\n\t<meta name=\"twitter:data1\" content=\"1 minute\" \/>\n<script type=\"application\/ld+json\" class=\"yoast-schema-graph\">{\"@context\":\"https:\/\/schema.org\",\"@graph\":[{\"@type\":\"WebPage\",\"@id\":\"https:\/\/librairie7l.com\/en\/produit\/robert-combas-dessins-2\/\",\"url\":\"https:\/\/librairie7l.com\/en\/produit\/robert-combas-dessins-2\/\",\"name\":\"Robert Combas : Dessins - Librairie 7L\",\"isPartOf\":{\"@id\":\"https:\/\/librairie7l.com\/en\/#website\"},\"datePublished\":\"2025-07-16T07:17:47+00:00\",\"dateModified\":\"2026-04-15T08:23:30+00:00\",\"breadcrumb\":{\"@id\":\"https:\/\/librairie7l.com\/en\/produit\/robert-combas-dessins-2\/#breadcrumb\"},\"inLanguage\":\"en-US\",\"potentialAction\":[{\"@type\":\"ReadAction\",\"target\":[\"https:\/\/librairie7l.com\/en\/produit\/robert-combas-dessins-2\/\"]}]},{\"@type\":\"BreadcrumbList\",\"@id\":\"https:\/\/librairie7l.com\/en\/produit\/robert-combas-dessins-2\/#breadcrumb\",\"itemListElement\":[{\"@type\":\"ListItem\",\"position\":1,\"name\":\"Accueil\",\"item\":\"https:\/\/librairie7l.com\/en\/\"},{\"@type\":\"ListItem\",\"position\":2,\"name\":\"Shop\",\"item\":\"https:\/\/librairie7l.com\/en\/shop\/\"},{\"@type\":\"ListItem\",\"position\":3,\"name\":\"ROBERT COMBAS : DESSINS\"}]},{\"@type\":\"WebSite\",\"@id\":\"https:\/\/librairie7l.com\/en\/#website\",\"url\":\"https:\/\/librairie7l.com\/en\/\",\"name\":\"Librairie 7L\",\"description\":\"Librairie fond\u00e9e en 1999 par Karl Lagerfeld \u00e0 Paris\",\"publisher\":{\"@id\":\"https:\/\/librairie7l.com\/en\/#organization\"},\"potentialAction\":[{\"@type\":\"SearchAction\",\"target\":{\"@type\":\"EntryPoint\",\"urlTemplate\":\"https:\/\/librairie7l.com\/en\/?s={search_term_string}\"},\"query-input\":\"required name=search_term_string\"}],\"inLanguage\":\"en-US\"},{\"@type\":\"Organization\",\"@id\":\"https:\/\/librairie7l.com\/en\/#organization\",\"name\":\"Librairie 7L\",\"url\":\"https:\/\/librairie7l.com\/en\/\",\"logo\":{\"@type\":\"ImageObject\",\"inLanguage\":\"en-US\",\"@id\":\"https:\/\/librairie7l.com\/en\/#\/schema\/logo\/image\/\",\"url\":\"https:\/\/librairie7l.com\/wp-content\/uploads\/2022\/08\/logo-1.png\",\"contentUrl\":\"https:\/\/librairie7l.com\/wp-content\/uploads\/2022\/08\/logo-1.png\",\"width\":227,\"height\":301,\"caption\":\"Librairie 7L\"},\"image\":{\"@id\":\"https:\/\/librairie7l.com\/en\/#\/schema\/logo\/image\/\"}}]}<\/script>\n<!-- \/ Yoast SEO plugin. -->","yoast_head_json":{"title":"Robert Combas : Dessins - Librairie 7L","robots":{"index":"index","follow":"follow","max-snippet":"max-snippet:-1","max-image-preview":"max-image-preview:large","max-video-preview":"max-video-preview:-1"},"canonical":"https:\/\/librairie7l.com\/en\/produit\/robert-combas-dessins-2\/","og_locale":"en_US","og_type":"article","og_title":"Robert Combas : Dessins - Librairie 7L","og_description":"Cet ouvrage regroupe une s\u00e9rie de 50 dessins en noir et blanc r\u00e9alis\u00e9s par Robert Combas et intitul\u00e9s \u00ab tatouages acad\u00e9miques \u00bb. Ce titre g\u00e9n\u00e9rique de \u00ab tatouages acad\u00e9miques \u00bb que Robert Combas donne \u00e0 ses oeuvres sur papier ayant pour supports d&#8217;anciens dessins d&#8217;\u00e9tudes acad\u00e9miques &#8211; le tatouage de l&#8217;artiste se superposant \u00e0 la [&hellip;]","og_url":"https:\/\/librairie7l.com\/en\/produit\/robert-combas-dessins-2\/","og_site_name":"Librairie 7L","article_modified_time":"2026-04-15T08:23:30+00:00","og_image":[{"width":600,"height":874,"url":"https:\/\/librairie7l.com\/wp-content\/uploads\/2024\/06\/9782362221071_1_75.jpg","type":"image\/jpeg"}],"twitter_card":"summary_large_image","twitter_misc":{"Est. reading time":"1 minute"},"schema":{"@context":"https:\/\/schema.org","@graph":[{"@type":"WebPage","@id":"https:\/\/librairie7l.com\/en\/produit\/robert-combas-dessins-2\/","url":"https:\/\/librairie7l.com\/en\/produit\/robert-combas-dessins-2\/","name":"Robert Combas : Dessins - Librairie 7L","isPartOf":{"@id":"https:\/\/librairie7l.com\/en\/#website"},"datePublished":"2025-07-16T07:17:47+00:00","dateModified":"2026-04-15T08:23:30+00:00","breadcrumb":{"@id":"https:\/\/librairie7l.com\/en\/produit\/robert-combas-dessins-2\/#breadcrumb"},"inLanguage":"en-US","potentialAction":[{"@type":"ReadAction","target":["https:\/\/librairie7l.com\/en\/produit\/robert-combas-dessins-2\/"]}]},{"@type":"BreadcrumbList","@id":"https:\/\/librairie7l.com\/en\/produit\/robert-combas-dessins-2\/#breadcrumb","itemListElement":[{"@type":"ListItem","position":1,"name":"Accueil","item":"https:\/\/librairie7l.com\/en\/"},{"@type":"ListItem","position":2,"name":"Shop","item":"https:\/\/librairie7l.com\/en\/shop\/"},{"@type":"ListItem","position":3,"name":"ROBERT COMBAS : DESSINS"}]},{"@type":"WebSite","@id":"https:\/\/librairie7l.com\/en\/#website","url":"https:\/\/librairie7l.com\/en\/","name":"Librairie 7L","description":"Librairie fond\u00e9e en 1999 par Karl Lagerfeld \u00e0 Paris","publisher":{"@id":"https:\/\/librairie7l.com\/en\/#organization"},"potentialAction":[{"@type":"SearchAction","target":{"@type":"EntryPoint","urlTemplate":"https:\/\/librairie7l.com\/en\/?s={search_term_string}"},"query-input":"required name=search_term_string"}],"inLanguage":"en-US"},{"@type":"Organization","@id":"https:\/\/librairie7l.com\/en\/#organization","name":"Librairie 7L","url":"https:\/\/librairie7l.com\/en\/","logo":{"@type":"ImageObject","inLanguage":"en-US","@id":"https:\/\/librairie7l.com\/en\/#\/schema\/logo\/image\/","url":"https:\/\/librairie7l.com\/wp-content\/uploads\/2022\/08\/logo-1.png","contentUrl":"https:\/\/librairie7l.com\/wp-content\/uploads\/2022\/08\/logo-1.png","width":227,"height":301,"caption":"Librairie 7L"},"image":{"@id":"https:\/\/librairie7l.com\/en\/#\/schema\/logo\/image\/"}}]}},"_links":{"self":[{"href":"https:\/\/librairie7l.com\/en\/wp-json\/wp\/v2\/product\/49494"}],"collection":[{"href":"https:\/\/librairie7l.com\/en\/wp-json\/wp\/v2\/product"}],"about":[{"href":"https:\/\/librairie7l.com\/en\/wp-json\/wp\/v2\/types\/product"}],"wp:featuredmedia":[{"embeddable":true,"href":"https:\/\/librairie7l.com\/en\/wp-json\/wp\/v2\/media\/49492"}],"wp:attachment":[{"href":"https:\/\/librairie7l.com\/en\/wp-json\/wp\/v2\/media?parent=49494"}],"wp:term":[{"taxonomy":"product_cat","embeddable":true,"href":"https:\/\/librairie7l.com\/en\/wp-json\/wp\/v2\/product_cat?post=49494"},{"taxonomy":"product_tag","embeddable":true,"href":"https:\/\/librairie7l.com\/en\/wp-json\/wp\/v2\/product_tag?post=49494"}],"curies":[{"name":"wp","href":"https:\/\/api.w.org\/{rel}","templated":true}]}}