{"id":49498,"date":"2025-07-16T09:17:49","date_gmt":"2025-07-16T07:17:49","guid":{"rendered":"https:\/\/librairie7l.com\/?post_type=product&#038;p=49498"},"modified":"2026-04-15T07:44:19","modified_gmt":"2026-04-15T05:44:19","slug":"lart-de-vivre-en-couleur-lere-de-la-ceramique-serielle-en-france-et-en-allemagne-de-1950-a-1980-2","status":"publish","type":"product","link":"https:\/\/librairie7l.com\/en\/produit\/lart-de-vivre-en-couleur-lere-de-la-ceramique-serielle-en-france-et-en-allemagne-de-1950-a-1980-2\/","title":{"rendered":"L&#8217;ART DE VIVRE EN COULEUR : L&#8217;\u00c8RE DE LA C\u00c9RAMIQUE S\u00c9RIELLE EN FRANCE ET EN ALLEMAGNE DE 1950 \u00c0 1980"},"content":{"rendered":"<p>Les ann\u00e9es 1950 \u00e0 1980 ont connu, en France et en Allemagne de l&#8217;Ouest, une cr\u00e9ativit\u00e9 in\u00e9gal\u00e9e en mati\u00e8re de c\u00e9ramiques utilitaires et d\u00e9coratives, produites de mani\u00e8re s\u00e9rielle et industrielle, dont les centres sont Vallauris et H\u00f6hr-Grenzhausen\/Ransbach-Baumbach. C&#8217;est l&#8217;\u00e9poque des \u00ab Trente Glorieuses \u00bb et du \u00ab Miracle \u00e9conomique allemand \u00bb. Dans les deux pays, l&#8217;acc\u00e8s \u00e0 la c\u00e9ramique de qualit\u00e9 se d\u00e9mocratise et cette derni\u00e8re entre dans un nombre croissant de foyers, toutes couches sociales confondues. Ce ph\u00e9nom\u00e8ne sociologique est amplifi\u00e9 par le tourisme de masse naissant, qui multiplie les circuits de diffusion. L&#8217;\u00e9volution du design et la filiation des ann\u00e9es 1900 \u00e0 1930, ainsi que le dialogue avec les pi\u00e8ces uniques, dans l&#8217;esprit d&#8217;un Picasso, produisent alors une gamme de produits marqu\u00e9e par une cr\u00e9ativit\u00e9 insoup\u00e7onn\u00e9e. Les formes et textures de ces vases, services de table et autres veilleuses s&#8217;inspirent de la culture populaire de leur \u00e9poque, de la conqu\u00eate de l&#8217;espace et de la d\u00e9couverte des fonds marins, de la convivialit\u00e9 des chansons populaires et du r\u00eave du Sud, d\u00e9sormais accessibles au plus grand nombre. Ces cr\u00e9ations d&#8217;artisans anonymes ou de cr\u00e9ateurs reconnus font revivre une \u00e9poque r\u00e9volue, fascin\u00e9e par les couleurs vives et les textures extravagantes.<\/p>\n","protected":false},"excerpt":{"rendered":"<p>Les ann\u00e9es 1950 \u00e0 1980 ont connu, en France et en Allemagne de l&#8217;Ouest, une cr\u00e9ativit\u00e9 in\u00e9gal\u00e9e en mati\u00e8re de c\u00e9ramiques utilitaires et d\u00e9coratives, produites de mani\u00e8re s\u00e9rielle et industrielle, dont les centres sont Vallauris et H\u00f6hr-Grenzhausen\/Ransbach-Baumbach. C&#8217;est l&#8217;\u00e9poque des \u00ab Trente Glorieuses \u00bb et du \u00ab Miracle \u00e9conomique allemand \u00bb. Dans les deux pays, [&hellip;]<\/p>\n","protected":false},"featured_media":49496,"template":"","meta":[],"product_cat":[2948,2952],"product_tag":[],"acf":[],"yoast_head":"<!-- This site is optimized with the Yoast SEO plugin v20.11 - https:\/\/yoast.com\/wordpress\/plugins\/seo\/ -->\n<title>L&#039;art de vivre en couleur : L&#039;\u00e8re de la c\u00e9ramique s\u00e9rielle en France et en Allemagne de 1950 \u00e0 1980 - Librairie 7L<\/title>\n<meta name=\"robots\" content=\"index, follow, max-snippet:-1, max-image-preview:large, max-video-preview:-1\" \/>\n<link rel=\"canonical\" href=\"https:\/\/librairie7l.com\/en\/produit\/lart-de-vivre-en-couleur-lere-de-la-ceramique-serielle-en-france-et-en-allemagne-de-1950-a-1980-2\/\" \/>\n<meta property=\"og:locale\" content=\"en_US\" \/>\n<meta property=\"og:type\" content=\"article\" \/>\n<meta property=\"og:title\" content=\"L&#039;art de vivre en couleur : L&#039;\u00e8re de la c\u00e9ramique s\u00e9rielle en France et en Allemagne de 1950 \u00e0 1980 - Librairie 7L\" \/>\n<meta property=\"og:description\" content=\"Les ann\u00e9es 1950 \u00e0 1980 ont connu, en France et en Allemagne de l&#8217;Ouest, une cr\u00e9ativit\u00e9 in\u00e9gal\u00e9e en mati\u00e8re de c\u00e9ramiques utilitaires et d\u00e9coratives, produites de mani\u00e8re s\u00e9rielle et industrielle, dont les centres sont Vallauris et H\u00f6hr-Grenzhausen\/Ransbach-Baumbach. C&#8217;est l&#8217;\u00e9poque des \u00ab Trente Glorieuses \u00bb et du \u00ab Miracle \u00e9conomique allemand \u00bb. Dans les deux pays, [&hellip;]\" \/>\n<meta property=\"og:url\" content=\"https:\/\/librairie7l.com\/en\/produit\/lart-de-vivre-en-couleur-lere-de-la-ceramique-serielle-en-france-et-en-allemagne-de-1950-a-1980-2\/\" \/>\n<meta property=\"og:site_name\" content=\"Librairie 7L\" \/>\n<meta property=\"article:modified_time\" content=\"2026-04-15T05:44:19+00:00\" \/>\n<meta property=\"og:image\" content=\"https:\/\/librairie7l.com\/wp-content\/uploads\/2024\/12\/9788836660261_1_75.jpg\" \/>\n\t<meta property=\"og:image:width\" content=\"600\" \/>\n\t<meta property=\"og:image:height\" content=\"728\" \/>\n\t<meta property=\"og:image:type\" content=\"image\/jpeg\" \/>\n<meta name=\"twitter:card\" content=\"summary_large_image\" \/>\n<meta name=\"twitter:label1\" content=\"Est. reading time\" \/>\n\t<meta name=\"twitter:data1\" content=\"1 minute\" \/>\n<script type=\"application\/ld+json\" class=\"yoast-schema-graph\">{\"@context\":\"https:\/\/schema.org\",\"@graph\":[{\"@type\":\"WebPage\",\"@id\":\"https:\/\/librairie7l.com\/en\/produit\/lart-de-vivre-en-couleur-lere-de-la-ceramique-serielle-en-france-et-en-allemagne-de-1950-a-1980-2\/\",\"url\":\"https:\/\/librairie7l.com\/en\/produit\/lart-de-vivre-en-couleur-lere-de-la-ceramique-serielle-en-france-et-en-allemagne-de-1950-a-1980-2\/\",\"name\":\"L'art de vivre en couleur : L'\u00e8re de la c\u00e9ramique s\u00e9rielle en France et en Allemagne de 1950 \u00e0 1980 - Librairie 7L\",\"isPartOf\":{\"@id\":\"https:\/\/librairie7l.com\/en\/#website\"},\"datePublished\":\"2025-07-16T07:17:49+00:00\",\"dateModified\":\"2026-04-15T05:44:19+00:00\",\"breadcrumb\":{\"@id\":\"https:\/\/librairie7l.com\/en\/produit\/lart-de-vivre-en-couleur-lere-de-la-ceramique-serielle-en-france-et-en-allemagne-de-1950-a-1980-2\/#breadcrumb\"},\"inLanguage\":\"en-US\",\"potentialAction\":[{\"@type\":\"ReadAction\",\"target\":[\"https:\/\/librairie7l.com\/en\/produit\/lart-de-vivre-en-couleur-lere-de-la-ceramique-serielle-en-france-et-en-allemagne-de-1950-a-1980-2\/\"]}]},{\"@type\":\"BreadcrumbList\",\"@id\":\"https:\/\/librairie7l.com\/en\/produit\/lart-de-vivre-en-couleur-lere-de-la-ceramique-serielle-en-france-et-en-allemagne-de-1950-a-1980-2\/#breadcrumb\",\"itemListElement\":[{\"@type\":\"ListItem\",\"position\":1,\"name\":\"Accueil\",\"item\":\"https:\/\/librairie7l.com\/en\/\"},{\"@type\":\"ListItem\",\"position\":2,\"name\":\"Shop\",\"item\":\"https:\/\/librairie7l.com\/en\/shop\/\"},{\"@type\":\"ListItem\",\"position\":3,\"name\":\"L&#8217;ART DE VIVRE EN COULEUR : L&#8217;\u00c8RE DE LA C\u00c9RAMIQUE S\u00c9RIELLE EN FRANCE ET EN ALLEMAGNE DE 1950 \u00c0 1980\"}]},{\"@type\":\"WebSite\",\"@id\":\"https:\/\/librairie7l.com\/en\/#website\",\"url\":\"https:\/\/librairie7l.com\/en\/\",\"name\":\"Librairie 7L\",\"description\":\"Librairie fond\u00e9e en 1999 par Karl Lagerfeld \u00e0 Paris\",\"publisher\":{\"@id\":\"https:\/\/librairie7l.com\/en\/#organization\"},\"potentialAction\":[{\"@type\":\"SearchAction\",\"target\":{\"@type\":\"EntryPoint\",\"urlTemplate\":\"https:\/\/librairie7l.com\/en\/?s={search_term_string}\"},\"query-input\":\"required name=search_term_string\"}],\"inLanguage\":\"en-US\"},{\"@type\":\"Organization\",\"@id\":\"https:\/\/librairie7l.com\/en\/#organization\",\"name\":\"Librairie 7L\",\"url\":\"https:\/\/librairie7l.com\/en\/\",\"logo\":{\"@type\":\"ImageObject\",\"inLanguage\":\"en-US\",\"@id\":\"https:\/\/librairie7l.com\/en\/#\/schema\/logo\/image\/\",\"url\":\"https:\/\/librairie7l.com\/wp-content\/uploads\/2022\/08\/logo-1.png\",\"contentUrl\":\"https:\/\/librairie7l.com\/wp-content\/uploads\/2022\/08\/logo-1.png\",\"width\":227,\"height\":301,\"caption\":\"Librairie 7L\"},\"image\":{\"@id\":\"https:\/\/librairie7l.com\/en\/#\/schema\/logo\/image\/\"}}]}<\/script>\n<!-- \/ Yoast SEO plugin. -->","yoast_head_json":{"title":"L'art de vivre en couleur : L'\u00e8re de la c\u00e9ramique s\u00e9rielle en France et en Allemagne de 1950 \u00e0 1980 - Librairie 7L","robots":{"index":"index","follow":"follow","max-snippet":"max-snippet:-1","max-image-preview":"max-image-preview:large","max-video-preview":"max-video-preview:-1"},"canonical":"https:\/\/librairie7l.com\/en\/produit\/lart-de-vivre-en-couleur-lere-de-la-ceramique-serielle-en-france-et-en-allemagne-de-1950-a-1980-2\/","og_locale":"en_US","og_type":"article","og_title":"L'art de vivre en couleur : L'\u00e8re de la c\u00e9ramique s\u00e9rielle en France et en Allemagne de 1950 \u00e0 1980 - Librairie 7L","og_description":"Les ann\u00e9es 1950 \u00e0 1980 ont connu, en France et en Allemagne de l&#8217;Ouest, une cr\u00e9ativit\u00e9 in\u00e9gal\u00e9e en mati\u00e8re de c\u00e9ramiques utilitaires et d\u00e9coratives, produites de mani\u00e8re s\u00e9rielle et industrielle, dont les centres sont Vallauris et H\u00f6hr-Grenzhausen\/Ransbach-Baumbach. C&#8217;est l&#8217;\u00e9poque des \u00ab Trente Glorieuses \u00bb et du \u00ab Miracle \u00e9conomique allemand \u00bb. Dans les deux pays, [&hellip;]","og_url":"https:\/\/librairie7l.com\/en\/produit\/lart-de-vivre-en-couleur-lere-de-la-ceramique-serielle-en-france-et-en-allemagne-de-1950-a-1980-2\/","og_site_name":"Librairie 7L","article_modified_time":"2026-04-15T05:44:19+00:00","og_image":[{"width":600,"height":728,"url":"https:\/\/librairie7l.com\/wp-content\/uploads\/2024\/12\/9788836660261_1_75.jpg","type":"image\/jpeg"}],"twitter_card":"summary_large_image","twitter_misc":{"Est. reading time":"1 minute"},"schema":{"@context":"https:\/\/schema.org","@graph":[{"@type":"WebPage","@id":"https:\/\/librairie7l.com\/en\/produit\/lart-de-vivre-en-couleur-lere-de-la-ceramique-serielle-en-france-et-en-allemagne-de-1950-a-1980-2\/","url":"https:\/\/librairie7l.com\/en\/produit\/lart-de-vivre-en-couleur-lere-de-la-ceramique-serielle-en-france-et-en-allemagne-de-1950-a-1980-2\/","name":"L'art de vivre en couleur : L'\u00e8re de la c\u00e9ramique s\u00e9rielle en France et en Allemagne de 1950 \u00e0 1980 - Librairie 7L","isPartOf":{"@id":"https:\/\/librairie7l.com\/en\/#website"},"datePublished":"2025-07-16T07:17:49+00:00","dateModified":"2026-04-15T05:44:19+00:00","breadcrumb":{"@id":"https:\/\/librairie7l.com\/en\/produit\/lart-de-vivre-en-couleur-lere-de-la-ceramique-serielle-en-france-et-en-allemagne-de-1950-a-1980-2\/#breadcrumb"},"inLanguage":"en-US","potentialAction":[{"@type":"ReadAction","target":["https:\/\/librairie7l.com\/en\/produit\/lart-de-vivre-en-couleur-lere-de-la-ceramique-serielle-en-france-et-en-allemagne-de-1950-a-1980-2\/"]}]},{"@type":"BreadcrumbList","@id":"https:\/\/librairie7l.com\/en\/produit\/lart-de-vivre-en-couleur-lere-de-la-ceramique-serielle-en-france-et-en-allemagne-de-1950-a-1980-2\/#breadcrumb","itemListElement":[{"@type":"ListItem","position":1,"name":"Accueil","item":"https:\/\/librairie7l.com\/en\/"},{"@type":"ListItem","position":2,"name":"Shop","item":"https:\/\/librairie7l.com\/en\/shop\/"},{"@type":"ListItem","position":3,"name":"L&#8217;ART DE VIVRE EN COULEUR : L&#8217;\u00c8RE DE LA C\u00c9RAMIQUE S\u00c9RIELLE EN FRANCE ET EN ALLEMAGNE DE 1950 \u00c0 1980"}]},{"@type":"WebSite","@id":"https:\/\/librairie7l.com\/en\/#website","url":"https:\/\/librairie7l.com\/en\/","name":"Librairie 7L","description":"Librairie fond\u00e9e en 1999 par Karl Lagerfeld \u00e0 Paris","publisher":{"@id":"https:\/\/librairie7l.com\/en\/#organization"},"potentialAction":[{"@type":"SearchAction","target":{"@type":"EntryPoint","urlTemplate":"https:\/\/librairie7l.com\/en\/?s={search_term_string}"},"query-input":"required name=search_term_string"}],"inLanguage":"en-US"},{"@type":"Organization","@id":"https:\/\/librairie7l.com\/en\/#organization","name":"Librairie 7L","url":"https:\/\/librairie7l.com\/en\/","logo":{"@type":"ImageObject","inLanguage":"en-US","@id":"https:\/\/librairie7l.com\/en\/#\/schema\/logo\/image\/","url":"https:\/\/librairie7l.com\/wp-content\/uploads\/2022\/08\/logo-1.png","contentUrl":"https:\/\/librairie7l.com\/wp-content\/uploads\/2022\/08\/logo-1.png","width":227,"height":301,"caption":"Librairie 7L"},"image":{"@id":"https:\/\/librairie7l.com\/en\/#\/schema\/logo\/image\/"}}]}},"_links":{"self":[{"href":"https:\/\/librairie7l.com\/en\/wp-json\/wp\/v2\/product\/49498"}],"collection":[{"href":"https:\/\/librairie7l.com\/en\/wp-json\/wp\/v2\/product"}],"about":[{"href":"https:\/\/librairie7l.com\/en\/wp-json\/wp\/v2\/types\/product"}],"wp:featuredmedia":[{"embeddable":true,"href":"https:\/\/librairie7l.com\/en\/wp-json\/wp\/v2\/media\/49496"}],"wp:attachment":[{"href":"https:\/\/librairie7l.com\/en\/wp-json\/wp\/v2\/media?parent=49498"}],"wp:term":[{"taxonomy":"product_cat","embeddable":true,"href":"https:\/\/librairie7l.com\/en\/wp-json\/wp\/v2\/product_cat?post=49498"},{"taxonomy":"product_tag","embeddable":true,"href":"https:\/\/librairie7l.com\/en\/wp-json\/wp\/v2\/product_tag?post=49498"}],"curies":[{"name":"wp","href":"https:\/\/api.w.org\/{rel}","templated":true}]}}