{"id":49502,"date":"2025-07-16T09:17:51","date_gmt":"2025-07-16T07:17:51","guid":{"rendered":"https:\/\/librairie7l.com\/?post_type=product&#038;p=49502"},"modified":"2026-04-18T04:59:29","modified_gmt":"2026-04-18T02:59:29","slug":"claire-vasarely-une-vie-dans-la-couleur-2","status":"publish","type":"product","link":"https:\/\/librairie7l.com\/en\/produit\/claire-vasarely-une-vie-dans-la-couleur-2\/","title":{"rendered":"CLAIRE VASARELY : UNE VIE DANS LA COULEUR"},"content":{"rendered":"<p>Claire Vasarely, une vie dans la couleur est la premi\u00e8re r\u00e9trospective consacr\u00e9e \u00e0 l&#8217;artiste (n\u00e9e Kl\u00e1ra Spinner, 1909-1990). Form\u00e9e \u00e0 la fin des ann\u00e9es 1920 au Muhely, le Bauhaus hongrois, Claire Vasarely a men\u00e9, durant plus de trente ans, une carri\u00e8re remarquable et \u00e9clectique, oscillant entre le graphisme publicitaire, la peinture, la cr\u00e9ation de motifs textiles, le journalisme de mode et la tapisserie. Totalement oubli\u00e9e par l&#8217;histoire de l&#8217;art, cette artiste est mise \u00e0 l&#8217;honneur pour la premi\u00e8re fois dans ce livre, qui s&#8217;attache \u00e0 faire d\u00e9couvrir son oeuvre et \u00e0 la replacer au coeur des avant-gardes artistiques de la premi\u00e8re moiti\u00e9 du XXe si\u00e8cle.<\/p>\n","protected":false},"excerpt":{"rendered":"<p>Claire Vasarely, une vie dans la couleur est la premi\u00e8re r\u00e9trospective consacr\u00e9e \u00e0 l&#8217;artiste (n\u00e9e Kl\u00e1ra Spinner, 1909-1990). Form\u00e9e \u00e0 la fin des ann\u00e9es 1920 au Muhely, le Bauhaus hongrois, Claire Vasarely a men\u00e9, durant plus de trente ans, une carri\u00e8re remarquable et \u00e9clectique, oscillant entre le graphisme publicitaire, la peinture, la cr\u00e9ation de motifs [&hellip;]<\/p>\n","protected":false},"featured_media":49500,"template":"","meta":[],"product_cat":[2948,2953],"product_tag":[],"acf":[],"yoast_head":"<!-- This site is optimized with the Yoast SEO plugin v20.11 - https:\/\/yoast.com\/wordpress\/plugins\/seo\/ -->\n<title>Claire Vasarely : Une vie dans la couleur - Librairie 7L<\/title>\n<meta name=\"robots\" content=\"index, follow, max-snippet:-1, max-image-preview:large, max-video-preview:-1\" \/>\n<link rel=\"canonical\" href=\"https:\/\/librairie7l.com\/en\/produit\/claire-vasarely-une-vie-dans-la-couleur-2\/\" \/>\n<meta property=\"og:locale\" content=\"en_US\" \/>\n<meta property=\"og:type\" content=\"article\" \/>\n<meta property=\"og:title\" content=\"Claire Vasarely : Une vie dans la couleur - Librairie 7L\" \/>\n<meta property=\"og:description\" content=\"Claire Vasarely, une vie dans la couleur est la premi\u00e8re r\u00e9trospective consacr\u00e9e \u00e0 l&#8217;artiste (n\u00e9e Kl\u00e1ra Spinner, 1909-1990). Form\u00e9e \u00e0 la fin des ann\u00e9es 1920 au Muhely, le Bauhaus hongrois, Claire Vasarely a men\u00e9, durant plus de trente ans, une carri\u00e8re remarquable et \u00e9clectique, oscillant entre le graphisme publicitaire, la peinture, la cr\u00e9ation de motifs [&hellip;]\" \/>\n<meta property=\"og:url\" content=\"https:\/\/librairie7l.com\/en\/produit\/claire-vasarely-une-vie-dans-la-couleur-2\/\" \/>\n<meta property=\"og:site_name\" content=\"Librairie 7L\" \/>\n<meta property=\"article:modified_time\" content=\"2026-04-18T02:59:29+00:00\" \/>\n<meta property=\"og:image\" content=\"https:\/\/librairie7l.com\/wp-content\/uploads\/2025\/03\/9788836660636_1_75.jpg\" \/>\n\t<meta property=\"og:image:width\" content=\"600\" \/>\n\t<meta property=\"og:image:height\" content=\"708\" \/>\n\t<meta property=\"og:image:type\" content=\"image\/jpeg\" \/>\n<meta name=\"twitter:card\" content=\"summary_large_image\" \/>\n<meta name=\"twitter:label1\" content=\"Est. reading time\" \/>\n\t<meta name=\"twitter:data1\" content=\"1 minute\" \/>\n<script type=\"application\/ld+json\" class=\"yoast-schema-graph\">{\"@context\":\"https:\/\/schema.org\",\"@graph\":[{\"@type\":\"WebPage\",\"@id\":\"https:\/\/librairie7l.com\/en\/produit\/claire-vasarely-une-vie-dans-la-couleur-2\/\",\"url\":\"https:\/\/librairie7l.com\/en\/produit\/claire-vasarely-une-vie-dans-la-couleur-2\/\",\"name\":\"Claire Vasarely : Une vie dans la couleur - Librairie 7L\",\"isPartOf\":{\"@id\":\"https:\/\/librairie7l.com\/en\/#website\"},\"datePublished\":\"2025-07-16T07:17:51+00:00\",\"dateModified\":\"2026-04-18T02:59:29+00:00\",\"breadcrumb\":{\"@id\":\"https:\/\/librairie7l.com\/en\/produit\/claire-vasarely-une-vie-dans-la-couleur-2\/#breadcrumb\"},\"inLanguage\":\"en-US\",\"potentialAction\":[{\"@type\":\"ReadAction\",\"target\":[\"https:\/\/librairie7l.com\/en\/produit\/claire-vasarely-une-vie-dans-la-couleur-2\/\"]}]},{\"@type\":\"BreadcrumbList\",\"@id\":\"https:\/\/librairie7l.com\/en\/produit\/claire-vasarely-une-vie-dans-la-couleur-2\/#breadcrumb\",\"itemListElement\":[{\"@type\":\"ListItem\",\"position\":1,\"name\":\"Accueil\",\"item\":\"https:\/\/librairie7l.com\/en\/\"},{\"@type\":\"ListItem\",\"position\":2,\"name\":\"Shop\",\"item\":\"https:\/\/librairie7l.com\/en\/shop\/\"},{\"@type\":\"ListItem\",\"position\":3,\"name\":\"CLAIRE VASARELY : UNE VIE DANS LA COULEUR\"}]},{\"@type\":\"WebSite\",\"@id\":\"https:\/\/librairie7l.com\/en\/#website\",\"url\":\"https:\/\/librairie7l.com\/en\/\",\"name\":\"Librairie 7L\",\"description\":\"Librairie fond\u00e9e en 1999 par Karl Lagerfeld \u00e0 Paris\",\"publisher\":{\"@id\":\"https:\/\/librairie7l.com\/en\/#organization\"},\"potentialAction\":[{\"@type\":\"SearchAction\",\"target\":{\"@type\":\"EntryPoint\",\"urlTemplate\":\"https:\/\/librairie7l.com\/en\/?s={search_term_string}\"},\"query-input\":\"required name=search_term_string\"}],\"inLanguage\":\"en-US\"},{\"@type\":\"Organization\",\"@id\":\"https:\/\/librairie7l.com\/en\/#organization\",\"name\":\"Librairie 7L\",\"url\":\"https:\/\/librairie7l.com\/en\/\",\"logo\":{\"@type\":\"ImageObject\",\"inLanguage\":\"en-US\",\"@id\":\"https:\/\/librairie7l.com\/en\/#\/schema\/logo\/image\/\",\"url\":\"https:\/\/librairie7l.com\/wp-content\/uploads\/2022\/08\/logo-1.png\",\"contentUrl\":\"https:\/\/librairie7l.com\/wp-content\/uploads\/2022\/08\/logo-1.png\",\"width\":227,\"height\":301,\"caption\":\"Librairie 7L\"},\"image\":{\"@id\":\"https:\/\/librairie7l.com\/en\/#\/schema\/logo\/image\/\"}}]}<\/script>\n<!-- \/ Yoast SEO plugin. -->","yoast_head_json":{"title":"Claire Vasarely : Une vie dans la couleur - Librairie 7L","robots":{"index":"index","follow":"follow","max-snippet":"max-snippet:-1","max-image-preview":"max-image-preview:large","max-video-preview":"max-video-preview:-1"},"canonical":"https:\/\/librairie7l.com\/en\/produit\/claire-vasarely-une-vie-dans-la-couleur-2\/","og_locale":"en_US","og_type":"article","og_title":"Claire Vasarely : Une vie dans la couleur - Librairie 7L","og_description":"Claire Vasarely, une vie dans la couleur est la premi\u00e8re r\u00e9trospective consacr\u00e9e \u00e0 l&#8217;artiste (n\u00e9e Kl\u00e1ra Spinner, 1909-1990). Form\u00e9e \u00e0 la fin des ann\u00e9es 1920 au Muhely, le Bauhaus hongrois, Claire Vasarely a men\u00e9, durant plus de trente ans, une carri\u00e8re remarquable et \u00e9clectique, oscillant entre le graphisme publicitaire, la peinture, la cr\u00e9ation de motifs [&hellip;]","og_url":"https:\/\/librairie7l.com\/en\/produit\/claire-vasarely-une-vie-dans-la-couleur-2\/","og_site_name":"Librairie 7L","article_modified_time":"2026-04-18T02:59:29+00:00","og_image":[{"width":600,"height":708,"url":"https:\/\/librairie7l.com\/wp-content\/uploads\/2025\/03\/9788836660636_1_75.jpg","type":"image\/jpeg"}],"twitter_card":"summary_large_image","twitter_misc":{"Est. reading time":"1 minute"},"schema":{"@context":"https:\/\/schema.org","@graph":[{"@type":"WebPage","@id":"https:\/\/librairie7l.com\/en\/produit\/claire-vasarely-une-vie-dans-la-couleur-2\/","url":"https:\/\/librairie7l.com\/en\/produit\/claire-vasarely-une-vie-dans-la-couleur-2\/","name":"Claire Vasarely : Une vie dans la couleur - Librairie 7L","isPartOf":{"@id":"https:\/\/librairie7l.com\/en\/#website"},"datePublished":"2025-07-16T07:17:51+00:00","dateModified":"2026-04-18T02:59:29+00:00","breadcrumb":{"@id":"https:\/\/librairie7l.com\/en\/produit\/claire-vasarely-une-vie-dans-la-couleur-2\/#breadcrumb"},"inLanguage":"en-US","potentialAction":[{"@type":"ReadAction","target":["https:\/\/librairie7l.com\/en\/produit\/claire-vasarely-une-vie-dans-la-couleur-2\/"]}]},{"@type":"BreadcrumbList","@id":"https:\/\/librairie7l.com\/en\/produit\/claire-vasarely-une-vie-dans-la-couleur-2\/#breadcrumb","itemListElement":[{"@type":"ListItem","position":1,"name":"Accueil","item":"https:\/\/librairie7l.com\/en\/"},{"@type":"ListItem","position":2,"name":"Shop","item":"https:\/\/librairie7l.com\/en\/shop\/"},{"@type":"ListItem","position":3,"name":"CLAIRE VASARELY : UNE VIE DANS LA COULEUR"}]},{"@type":"WebSite","@id":"https:\/\/librairie7l.com\/en\/#website","url":"https:\/\/librairie7l.com\/en\/","name":"Librairie 7L","description":"Librairie fond\u00e9e en 1999 par Karl Lagerfeld \u00e0 Paris","publisher":{"@id":"https:\/\/librairie7l.com\/en\/#organization"},"potentialAction":[{"@type":"SearchAction","target":{"@type":"EntryPoint","urlTemplate":"https:\/\/librairie7l.com\/en\/?s={search_term_string}"},"query-input":"required name=search_term_string"}],"inLanguage":"en-US"},{"@type":"Organization","@id":"https:\/\/librairie7l.com\/en\/#organization","name":"Librairie 7L","url":"https:\/\/librairie7l.com\/en\/","logo":{"@type":"ImageObject","inLanguage":"en-US","@id":"https:\/\/librairie7l.com\/en\/#\/schema\/logo\/image\/","url":"https:\/\/librairie7l.com\/wp-content\/uploads\/2022\/08\/logo-1.png","contentUrl":"https:\/\/librairie7l.com\/wp-content\/uploads\/2022\/08\/logo-1.png","width":227,"height":301,"caption":"Librairie 7L"},"image":{"@id":"https:\/\/librairie7l.com\/en\/#\/schema\/logo\/image\/"}}]}},"_links":{"self":[{"href":"https:\/\/librairie7l.com\/en\/wp-json\/wp\/v2\/product\/49502"}],"collection":[{"href":"https:\/\/librairie7l.com\/en\/wp-json\/wp\/v2\/product"}],"about":[{"href":"https:\/\/librairie7l.com\/en\/wp-json\/wp\/v2\/types\/product"}],"wp:featuredmedia":[{"embeddable":true,"href":"https:\/\/librairie7l.com\/en\/wp-json\/wp\/v2\/media\/49500"}],"wp:attachment":[{"href":"https:\/\/librairie7l.com\/en\/wp-json\/wp\/v2\/media?parent=49502"}],"wp:term":[{"taxonomy":"product_cat","embeddable":true,"href":"https:\/\/librairie7l.com\/en\/wp-json\/wp\/v2\/product_cat?post=49502"},{"taxonomy":"product_tag","embeddable":true,"href":"https:\/\/librairie7l.com\/en\/wp-json\/wp\/v2\/product_tag?post=49502"}],"curies":[{"name":"wp","href":"https:\/\/api.w.org\/{rel}","templated":true}]}}