{"id":49506,"date":"2025-07-16T09:17:54","date_gmt":"2025-07-16T07:17:54","guid":{"rendered":"https:\/\/librairie7l.com\/?post_type=product&#038;p=49506"},"modified":"2026-04-16T07:27:02","modified_gmt":"2026-04-16T05:27:02","slug":"arduino-cantafora-limage-et-le-temps-2","status":"publish","type":"product","link":"https:\/\/librairie7l.com\/en\/produit\/arduino-cantafora-limage-et-le-temps-2\/","title":{"rendered":"ARDUINO CANTAFORA : L&#8217;IMAGE ET LE TEMPS"},"content":{"rendered":"<p>Arduino Cant\u00e0fora, artiste et architecte, tisse m\u00e9moire, r\u00eave et r\u00e9alit\u00e9, racontant la ville comme un palimpseste d&#8217;histoires et de symboles. Cette monographie c\u00e9l\u00e8bre cinquante ans de recherche artistique, des premi\u00e8res oeuvres comme La Citt\u00e0 analoga, peinture monumentale r\u00e9alis\u00e9e pour la XVe Triennale di Milano, jusqu&#8217;aux travaux les plus r\u00e9cents, explorant la relation entre architecture, peinture et temps.<br \/>\nSes peintures ne se limitent pas \u00e0 la repr\u00e9sentation : elles sont des sc\u00e8nes o\u00f9 le visible s&#8217;efface dans l&#8217;invisible, o\u00f9 la pr\u00e9sence dialogue avec l&#8217;absence et o\u00f9 le temps se suspend. La peinture devient ainsi un dispositif d&#8217;observation lente, invitant \u00e0 une r\u00e9flexion sur le sens de la ville et de la m\u00e9moire.<br \/>\nAvec son style distinctif, il nous rappelle que la beaut\u00e9 r\u00e9side dans les imperfections, dans les d\u00e9tails insaisissables et dans les histoires cach\u00e9es entre les ombres.<br \/>\n\u00c0 travers un parcours visuel compos\u00e9 d&#8217;images et de textes in\u00e9dits, cet ouvrage d\u00e9voile l&#8217;univers de Cant\u00e0fora et constitue une invitation \u00e0 d\u00e9couvrir et red\u00e9couvrir l&#8217;oeuvre d&#8217;un artiste qui a su transformer la peinture en un pont entre m\u00e9moire et r\u00eave, entre architecture et po\u00e9sie.<\/p>\n","protected":false},"excerpt":{"rendered":"<p>Arduino Cant\u00e0fora, artiste et architecte, tisse m\u00e9moire, r\u00eave et r\u00e9alit\u00e9, racontant la ville comme un palimpseste d&#8217;histoires et de symboles. Cette monographie c\u00e9l\u00e8bre cinquante ans de recherche artistique, des premi\u00e8res oeuvres comme La Citt\u00e0 analoga, peinture monumentale r\u00e9alis\u00e9e pour la XVe Triennale di Milano, jusqu&#8217;aux travaux les plus r\u00e9cents, explorant la relation entre architecture, peinture [&hellip;]<\/p>\n","protected":false},"featured_media":49504,"template":"","meta":[],"product_cat":[2948,2953],"product_tag":[],"acf":[],"yoast_head":"<!-- This site is optimized with the Yoast SEO plugin v20.11 - https:\/\/yoast.com\/wordpress\/plugins\/seo\/ -->\n<title>Arduino Cantafora : L&#039;image et le temps - Librairie 7L<\/title>\n<meta name=\"robots\" content=\"index, follow, max-snippet:-1, max-image-preview:large, max-video-preview:-1\" \/>\n<link rel=\"canonical\" href=\"https:\/\/librairie7l.com\/en\/produit\/arduino-cantafora-limage-et-le-temps-2\/\" \/>\n<meta property=\"og:locale\" content=\"en_US\" \/>\n<meta property=\"og:type\" content=\"article\" \/>\n<meta property=\"og:title\" content=\"Arduino Cantafora : L&#039;image et le temps - Librairie 7L\" \/>\n<meta property=\"og:description\" content=\"Arduino Cant\u00e0fora, artiste et architecte, tisse m\u00e9moire, r\u00eave et r\u00e9alit\u00e9, racontant la ville comme un palimpseste d&#8217;histoires et de symboles. Cette monographie c\u00e9l\u00e8bre cinquante ans de recherche artistique, des premi\u00e8res oeuvres comme La Citt\u00e0 analoga, peinture monumentale r\u00e9alis\u00e9e pour la XVe Triennale di Milano, jusqu&#8217;aux travaux les plus r\u00e9cents, explorant la relation entre architecture, peinture [&hellip;]\" \/>\n<meta property=\"og:url\" content=\"https:\/\/librairie7l.com\/en\/produit\/arduino-cantafora-limage-et-le-temps-2\/\" \/>\n<meta property=\"og:site_name\" content=\"Librairie 7L\" \/>\n<meta property=\"article:modified_time\" content=\"2026-04-16T05:27:02+00:00\" \/>\n<meta property=\"og:image\" content=\"https:\/\/librairie7l.com\/wp-content\/uploads\/2025\/03\/9788836660582_1_75.jpg\" \/>\n\t<meta property=\"og:image:width\" content=\"600\" \/>\n\t<meta property=\"og:image:height\" content=\"755\" \/>\n\t<meta property=\"og:image:type\" content=\"image\/jpeg\" \/>\n<meta name=\"twitter:card\" content=\"summary_large_image\" \/>\n<meta name=\"twitter:label1\" content=\"Est. reading time\" \/>\n\t<meta name=\"twitter:data1\" content=\"1 minute\" \/>\n<script type=\"application\/ld+json\" class=\"yoast-schema-graph\">{\"@context\":\"https:\/\/schema.org\",\"@graph\":[{\"@type\":\"WebPage\",\"@id\":\"https:\/\/librairie7l.com\/en\/produit\/arduino-cantafora-limage-et-le-temps-2\/\",\"url\":\"https:\/\/librairie7l.com\/en\/produit\/arduino-cantafora-limage-et-le-temps-2\/\",\"name\":\"Arduino Cantafora : L'image et le temps - Librairie 7L\",\"isPartOf\":{\"@id\":\"https:\/\/librairie7l.com\/en\/#website\"},\"datePublished\":\"2025-07-16T07:17:54+00:00\",\"dateModified\":\"2026-04-16T05:27:02+00:00\",\"breadcrumb\":{\"@id\":\"https:\/\/librairie7l.com\/en\/produit\/arduino-cantafora-limage-et-le-temps-2\/#breadcrumb\"},\"inLanguage\":\"en-US\",\"potentialAction\":[{\"@type\":\"ReadAction\",\"target\":[\"https:\/\/librairie7l.com\/en\/produit\/arduino-cantafora-limage-et-le-temps-2\/\"]}]},{\"@type\":\"BreadcrumbList\",\"@id\":\"https:\/\/librairie7l.com\/en\/produit\/arduino-cantafora-limage-et-le-temps-2\/#breadcrumb\",\"itemListElement\":[{\"@type\":\"ListItem\",\"position\":1,\"name\":\"Accueil\",\"item\":\"https:\/\/librairie7l.com\/en\/\"},{\"@type\":\"ListItem\",\"position\":2,\"name\":\"Shop\",\"item\":\"https:\/\/librairie7l.com\/en\/shop\/\"},{\"@type\":\"ListItem\",\"position\":3,\"name\":\"ARDUINO CANTAFORA : L&#8217;IMAGE ET LE TEMPS\"}]},{\"@type\":\"WebSite\",\"@id\":\"https:\/\/librairie7l.com\/en\/#website\",\"url\":\"https:\/\/librairie7l.com\/en\/\",\"name\":\"Librairie 7L\",\"description\":\"Librairie fond\u00e9e en 1999 par Karl Lagerfeld \u00e0 Paris\",\"publisher\":{\"@id\":\"https:\/\/librairie7l.com\/en\/#organization\"},\"potentialAction\":[{\"@type\":\"SearchAction\",\"target\":{\"@type\":\"EntryPoint\",\"urlTemplate\":\"https:\/\/librairie7l.com\/en\/?s={search_term_string}\"},\"query-input\":\"required name=search_term_string\"}],\"inLanguage\":\"en-US\"},{\"@type\":\"Organization\",\"@id\":\"https:\/\/librairie7l.com\/en\/#organization\",\"name\":\"Librairie 7L\",\"url\":\"https:\/\/librairie7l.com\/en\/\",\"logo\":{\"@type\":\"ImageObject\",\"inLanguage\":\"en-US\",\"@id\":\"https:\/\/librairie7l.com\/en\/#\/schema\/logo\/image\/\",\"url\":\"https:\/\/librairie7l.com\/wp-content\/uploads\/2022\/08\/logo-1.png\",\"contentUrl\":\"https:\/\/librairie7l.com\/wp-content\/uploads\/2022\/08\/logo-1.png\",\"width\":227,\"height\":301,\"caption\":\"Librairie 7L\"},\"image\":{\"@id\":\"https:\/\/librairie7l.com\/en\/#\/schema\/logo\/image\/\"}}]}<\/script>\n<!-- \/ Yoast SEO plugin. -->","yoast_head_json":{"title":"Arduino Cantafora : L'image et le temps - Librairie 7L","robots":{"index":"index","follow":"follow","max-snippet":"max-snippet:-1","max-image-preview":"max-image-preview:large","max-video-preview":"max-video-preview:-1"},"canonical":"https:\/\/librairie7l.com\/en\/produit\/arduino-cantafora-limage-et-le-temps-2\/","og_locale":"en_US","og_type":"article","og_title":"Arduino Cantafora : L'image et le temps - Librairie 7L","og_description":"Arduino Cant\u00e0fora, artiste et architecte, tisse m\u00e9moire, r\u00eave et r\u00e9alit\u00e9, racontant la ville comme un palimpseste d&#8217;histoires et de symboles. Cette monographie c\u00e9l\u00e8bre cinquante ans de recherche artistique, des premi\u00e8res oeuvres comme La Citt\u00e0 analoga, peinture monumentale r\u00e9alis\u00e9e pour la XVe Triennale di Milano, jusqu&#8217;aux travaux les plus r\u00e9cents, explorant la relation entre architecture, peinture [&hellip;]","og_url":"https:\/\/librairie7l.com\/en\/produit\/arduino-cantafora-limage-et-le-temps-2\/","og_site_name":"Librairie 7L","article_modified_time":"2026-04-16T05:27:02+00:00","og_image":[{"width":600,"height":755,"url":"https:\/\/librairie7l.com\/wp-content\/uploads\/2025\/03\/9788836660582_1_75.jpg","type":"image\/jpeg"}],"twitter_card":"summary_large_image","twitter_misc":{"Est. reading time":"1 minute"},"schema":{"@context":"https:\/\/schema.org","@graph":[{"@type":"WebPage","@id":"https:\/\/librairie7l.com\/en\/produit\/arduino-cantafora-limage-et-le-temps-2\/","url":"https:\/\/librairie7l.com\/en\/produit\/arduino-cantafora-limage-et-le-temps-2\/","name":"Arduino Cantafora : L'image et le temps - Librairie 7L","isPartOf":{"@id":"https:\/\/librairie7l.com\/en\/#website"},"datePublished":"2025-07-16T07:17:54+00:00","dateModified":"2026-04-16T05:27:02+00:00","breadcrumb":{"@id":"https:\/\/librairie7l.com\/en\/produit\/arduino-cantafora-limage-et-le-temps-2\/#breadcrumb"},"inLanguage":"en-US","potentialAction":[{"@type":"ReadAction","target":["https:\/\/librairie7l.com\/en\/produit\/arduino-cantafora-limage-et-le-temps-2\/"]}]},{"@type":"BreadcrumbList","@id":"https:\/\/librairie7l.com\/en\/produit\/arduino-cantafora-limage-et-le-temps-2\/#breadcrumb","itemListElement":[{"@type":"ListItem","position":1,"name":"Accueil","item":"https:\/\/librairie7l.com\/en\/"},{"@type":"ListItem","position":2,"name":"Shop","item":"https:\/\/librairie7l.com\/en\/shop\/"},{"@type":"ListItem","position":3,"name":"ARDUINO CANTAFORA : L&#8217;IMAGE ET LE TEMPS"}]},{"@type":"WebSite","@id":"https:\/\/librairie7l.com\/en\/#website","url":"https:\/\/librairie7l.com\/en\/","name":"Librairie 7L","description":"Librairie fond\u00e9e en 1999 par Karl Lagerfeld \u00e0 Paris","publisher":{"@id":"https:\/\/librairie7l.com\/en\/#organization"},"potentialAction":[{"@type":"SearchAction","target":{"@type":"EntryPoint","urlTemplate":"https:\/\/librairie7l.com\/en\/?s={search_term_string}"},"query-input":"required name=search_term_string"}],"inLanguage":"en-US"},{"@type":"Organization","@id":"https:\/\/librairie7l.com\/en\/#organization","name":"Librairie 7L","url":"https:\/\/librairie7l.com\/en\/","logo":{"@type":"ImageObject","inLanguage":"en-US","@id":"https:\/\/librairie7l.com\/en\/#\/schema\/logo\/image\/","url":"https:\/\/librairie7l.com\/wp-content\/uploads\/2022\/08\/logo-1.png","contentUrl":"https:\/\/librairie7l.com\/wp-content\/uploads\/2022\/08\/logo-1.png","width":227,"height":301,"caption":"Librairie 7L"},"image":{"@id":"https:\/\/librairie7l.com\/en\/#\/schema\/logo\/image\/"}}]}},"_links":{"self":[{"href":"https:\/\/librairie7l.com\/en\/wp-json\/wp\/v2\/product\/49506"}],"collection":[{"href":"https:\/\/librairie7l.com\/en\/wp-json\/wp\/v2\/product"}],"about":[{"href":"https:\/\/librairie7l.com\/en\/wp-json\/wp\/v2\/types\/product"}],"wp:featuredmedia":[{"embeddable":true,"href":"https:\/\/librairie7l.com\/en\/wp-json\/wp\/v2\/media\/49504"}],"wp:attachment":[{"href":"https:\/\/librairie7l.com\/en\/wp-json\/wp\/v2\/media?parent=49506"}],"wp:term":[{"taxonomy":"product_cat","embeddable":true,"href":"https:\/\/librairie7l.com\/en\/wp-json\/wp\/v2\/product_cat?post=49506"},{"taxonomy":"product_tag","embeddable":true,"href":"https:\/\/librairie7l.com\/en\/wp-json\/wp\/v2\/product_tag?post=49506"}],"curies":[{"name":"wp","href":"https:\/\/api.w.org\/{rel}","templated":true}]}}