{"id":49546,"date":"2025-07-17T09:17:59","date_gmt":"2025-07-17T07:17:59","guid":{"rendered":"https:\/\/librairie7l.com\/?post_type=product&#038;p=49546"},"modified":"2026-04-14T23:36:03","modified_gmt":"2026-04-14T21:36:03","slug":"germaine-richier-2","status":"publish","type":"product","link":"https:\/\/librairie7l.com\/en\/produit\/germaine-richier-2\/","title":{"rendered":"GERMAINE RICHIER"},"content":{"rendered":"<p>A major reassessment of Germaine Richier&#8217;s work and impact on 20th-century sculpture.<\/p>\n<p>Germaine Richier (1902-59) occupies a central position in the history of modern sculpture. Predominantly working in bronze, her art revitalized the form of the figure, forging radical new images of men and women in the post-war period which blended the human body and natural forms in a hybrid of abstraction and figuration.<\/p>\n<p>As the first woman artist to have a solo exhibition in her own lifetime at the Mus\u00e9e National d&#8217;Art Moderne, Paris, she held a unique position in the 1940s and 50s as a successful female career artist, exhibiting internationally and developing a style that has been largely overshadowed by the predominant male canon.<\/p>\n<p>This major reassessment of Richier&#8217;s complete oeuvre establishes her key position within the artistic context of her time and, more broadly, her influential impact on 20th-century sculpture. Writers including Mika Biermann, Marie Darrieussecq, Maryline Desbiolles and Philippe Lan\u00e7on, the philosopher Genevi\u00e8ve Fraisse, the anthropologist Charles St\u00e9panoff and the artist ORLAN, evaluate the contemporary resonance of Richier&#8217;s creations, where her themes of identity, existence and our relationship with nature are increasingly relevant today. An anthology of the artist&#8217;s own writings, plus extracts from previously unpublished letters, complete this definitive volume, marking a long overdue appreciation of Germaine Richier&#8217;s distinct artistic originality.<\/p>\n","protected":false},"excerpt":{"rendered":"<p>A major reassessment of Germaine Richier&#8217;s work and impact on 20th-century sculpture. Germaine Richier (1902-59) occupies a central position in the history of modern sculpture. Predominantly working in bronze, her art revitalized the form of the figure, forging radical new images of men and women in the post-war period which blended the human body and [&hellip;]<\/p>\n","protected":false},"featured_media":49544,"template":"","meta":[],"product_cat":[2948,2953],"product_tag":[],"acf":[],"yoast_head":"<!-- This site is optimized with the Yoast SEO plugin v20.11 - https:\/\/yoast.com\/wordpress\/plugins\/seo\/ -->\n<title>Germaine Richier - Librairie 7L<\/title>\n<meta name=\"robots\" content=\"index, follow, max-snippet:-1, max-image-preview:large, max-video-preview:-1\" \/>\n<link rel=\"canonical\" href=\"https:\/\/librairie7l.com\/en\/produit\/germaine-richier-2\/\" \/>\n<meta property=\"og:locale\" content=\"en_US\" \/>\n<meta property=\"og:type\" content=\"article\" \/>\n<meta property=\"og:title\" content=\"Germaine Richier - Librairie 7L\" \/>\n<meta property=\"og:description\" content=\"A major reassessment of Germaine Richier&#8217;s work and impact on 20th-century sculpture. Germaine Richier (1902-59) occupies a central position in the history of modern sculpture. Predominantly working in bronze, her art revitalized the form of the figure, forging radical new images of men and women in the post-war period which blended the human body and [&hellip;]\" \/>\n<meta property=\"og:url\" content=\"https:\/\/librairie7l.com\/en\/produit\/germaine-richier-2\/\" \/>\n<meta property=\"og:site_name\" content=\"Librairie 7L\" \/>\n<meta property=\"article:modified_time\" content=\"2026-04-14T21:36:03+00:00\" \/>\n<meta property=\"og:image\" content=\"https:\/\/librairie7l.com\/wp-content\/uploads\/2023\/03\/9780500027097_1_75.jpg\" \/>\n\t<meta property=\"og:image:width\" content=\"388\" \/>\n\t<meta property=\"og:image:height\" content=\"500\" \/>\n\t<meta property=\"og:image:type\" content=\"image\/jpeg\" \/>\n<meta name=\"twitter:card\" content=\"summary_large_image\" \/>\n<meta name=\"twitter:label1\" content=\"Est. reading time\" \/>\n\t<meta name=\"twitter:data1\" content=\"1 minute\" \/>\n<script type=\"application\/ld+json\" class=\"yoast-schema-graph\">{\"@context\":\"https:\/\/schema.org\",\"@graph\":[{\"@type\":\"WebPage\",\"@id\":\"https:\/\/librairie7l.com\/en\/produit\/germaine-richier-2\/\",\"url\":\"https:\/\/librairie7l.com\/en\/produit\/germaine-richier-2\/\",\"name\":\"Germaine Richier - Librairie 7L\",\"isPartOf\":{\"@id\":\"https:\/\/librairie7l.com\/en\/#website\"},\"datePublished\":\"2025-07-17T07:17:59+00:00\",\"dateModified\":\"2026-04-14T21:36:03+00:00\",\"breadcrumb\":{\"@id\":\"https:\/\/librairie7l.com\/en\/produit\/germaine-richier-2\/#breadcrumb\"},\"inLanguage\":\"en-US\",\"potentialAction\":[{\"@type\":\"ReadAction\",\"target\":[\"https:\/\/librairie7l.com\/en\/produit\/germaine-richier-2\/\"]}]},{\"@type\":\"BreadcrumbList\",\"@id\":\"https:\/\/librairie7l.com\/en\/produit\/germaine-richier-2\/#breadcrumb\",\"itemListElement\":[{\"@type\":\"ListItem\",\"position\":1,\"name\":\"Accueil\",\"item\":\"https:\/\/librairie7l.com\/en\/\"},{\"@type\":\"ListItem\",\"position\":2,\"name\":\"Shop\",\"item\":\"https:\/\/librairie7l.com\/en\/shop\/\"},{\"@type\":\"ListItem\",\"position\":3,\"name\":\"GERMAINE RICHIER\"}]},{\"@type\":\"WebSite\",\"@id\":\"https:\/\/librairie7l.com\/en\/#website\",\"url\":\"https:\/\/librairie7l.com\/en\/\",\"name\":\"Librairie 7L\",\"description\":\"Librairie fond\u00e9e en 1999 par Karl Lagerfeld \u00e0 Paris\",\"publisher\":{\"@id\":\"https:\/\/librairie7l.com\/en\/#organization\"},\"potentialAction\":[{\"@type\":\"SearchAction\",\"target\":{\"@type\":\"EntryPoint\",\"urlTemplate\":\"https:\/\/librairie7l.com\/en\/?s={search_term_string}\"},\"query-input\":\"required name=search_term_string\"}],\"inLanguage\":\"en-US\"},{\"@type\":\"Organization\",\"@id\":\"https:\/\/librairie7l.com\/en\/#organization\",\"name\":\"Librairie 7L\",\"url\":\"https:\/\/librairie7l.com\/en\/\",\"logo\":{\"@type\":\"ImageObject\",\"inLanguage\":\"en-US\",\"@id\":\"https:\/\/librairie7l.com\/en\/#\/schema\/logo\/image\/\",\"url\":\"https:\/\/librairie7l.com\/wp-content\/uploads\/2022\/08\/logo-1.png\",\"contentUrl\":\"https:\/\/librairie7l.com\/wp-content\/uploads\/2022\/08\/logo-1.png\",\"width\":227,\"height\":301,\"caption\":\"Librairie 7L\"},\"image\":{\"@id\":\"https:\/\/librairie7l.com\/en\/#\/schema\/logo\/image\/\"}}]}<\/script>\n<!-- \/ Yoast SEO plugin. -->","yoast_head_json":{"title":"Germaine Richier - Librairie 7L","robots":{"index":"index","follow":"follow","max-snippet":"max-snippet:-1","max-image-preview":"max-image-preview:large","max-video-preview":"max-video-preview:-1"},"canonical":"https:\/\/librairie7l.com\/en\/produit\/germaine-richier-2\/","og_locale":"en_US","og_type":"article","og_title":"Germaine Richier - Librairie 7L","og_description":"A major reassessment of Germaine Richier&#8217;s work and impact on 20th-century sculpture. Germaine Richier (1902-59) occupies a central position in the history of modern sculpture. Predominantly working in bronze, her art revitalized the form of the figure, forging radical new images of men and women in the post-war period which blended the human body and [&hellip;]","og_url":"https:\/\/librairie7l.com\/en\/produit\/germaine-richier-2\/","og_site_name":"Librairie 7L","article_modified_time":"2026-04-14T21:36:03+00:00","og_image":[{"width":388,"height":500,"url":"https:\/\/librairie7l.com\/wp-content\/uploads\/2023\/03\/9780500027097_1_75.jpg","type":"image\/jpeg"}],"twitter_card":"summary_large_image","twitter_misc":{"Est. reading time":"1 minute"},"schema":{"@context":"https:\/\/schema.org","@graph":[{"@type":"WebPage","@id":"https:\/\/librairie7l.com\/en\/produit\/germaine-richier-2\/","url":"https:\/\/librairie7l.com\/en\/produit\/germaine-richier-2\/","name":"Germaine Richier - Librairie 7L","isPartOf":{"@id":"https:\/\/librairie7l.com\/en\/#website"},"datePublished":"2025-07-17T07:17:59+00:00","dateModified":"2026-04-14T21:36:03+00:00","breadcrumb":{"@id":"https:\/\/librairie7l.com\/en\/produit\/germaine-richier-2\/#breadcrumb"},"inLanguage":"en-US","potentialAction":[{"@type":"ReadAction","target":["https:\/\/librairie7l.com\/en\/produit\/germaine-richier-2\/"]}]},{"@type":"BreadcrumbList","@id":"https:\/\/librairie7l.com\/en\/produit\/germaine-richier-2\/#breadcrumb","itemListElement":[{"@type":"ListItem","position":1,"name":"Accueil","item":"https:\/\/librairie7l.com\/en\/"},{"@type":"ListItem","position":2,"name":"Shop","item":"https:\/\/librairie7l.com\/en\/shop\/"},{"@type":"ListItem","position":3,"name":"GERMAINE RICHIER"}]},{"@type":"WebSite","@id":"https:\/\/librairie7l.com\/en\/#website","url":"https:\/\/librairie7l.com\/en\/","name":"Librairie 7L","description":"Librairie fond\u00e9e en 1999 par Karl Lagerfeld \u00e0 Paris","publisher":{"@id":"https:\/\/librairie7l.com\/en\/#organization"},"potentialAction":[{"@type":"SearchAction","target":{"@type":"EntryPoint","urlTemplate":"https:\/\/librairie7l.com\/en\/?s={search_term_string}"},"query-input":"required name=search_term_string"}],"inLanguage":"en-US"},{"@type":"Organization","@id":"https:\/\/librairie7l.com\/en\/#organization","name":"Librairie 7L","url":"https:\/\/librairie7l.com\/en\/","logo":{"@type":"ImageObject","inLanguage":"en-US","@id":"https:\/\/librairie7l.com\/en\/#\/schema\/logo\/image\/","url":"https:\/\/librairie7l.com\/wp-content\/uploads\/2022\/08\/logo-1.png","contentUrl":"https:\/\/librairie7l.com\/wp-content\/uploads\/2022\/08\/logo-1.png","width":227,"height":301,"caption":"Librairie 7L"},"image":{"@id":"https:\/\/librairie7l.com\/en\/#\/schema\/logo\/image\/"}}]}},"_links":{"self":[{"href":"https:\/\/librairie7l.com\/en\/wp-json\/wp\/v2\/product\/49546"}],"collection":[{"href":"https:\/\/librairie7l.com\/en\/wp-json\/wp\/v2\/product"}],"about":[{"href":"https:\/\/librairie7l.com\/en\/wp-json\/wp\/v2\/types\/product"}],"wp:featuredmedia":[{"embeddable":true,"href":"https:\/\/librairie7l.com\/en\/wp-json\/wp\/v2\/media\/49544"}],"wp:attachment":[{"href":"https:\/\/librairie7l.com\/en\/wp-json\/wp\/v2\/media?parent=49546"}],"wp:term":[{"taxonomy":"product_cat","embeddable":true,"href":"https:\/\/librairie7l.com\/en\/wp-json\/wp\/v2\/product_cat?post=49546"},{"taxonomy":"product_tag","embeddable":true,"href":"https:\/\/librairie7l.com\/en\/wp-json\/wp\/v2\/product_tag?post=49546"}],"curies":[{"name":"wp","href":"https:\/\/api.w.org\/{rel}","templated":true}]}}