{"id":49566,"date":"2025-07-17T09:18:10","date_gmt":"2025-07-17T07:18:10","guid":{"rendered":"https:\/\/librairie7l.com\/?post_type=product&#038;p=49566"},"modified":"2026-04-22T23:07:11","modified_gmt":"2026-04-22T21:07:11","slug":"nailed-it-nails-fashion-technique-2","status":"publish","type":"product","link":"https:\/\/librairie7l.com\/en\/produit\/nailed-it-nails-fashion-technique-2\/","title":{"rendered":"NAILED IT NAILS FASHION TECHNIQUE"},"content":{"rendered":"<p>Dans cette ouvrage entre monographie et livre technique, l&#8217;anglaise Marian Newman, la papesse du nail art, r\u00e9v\u00e8le les coulisses de ses manucures embl\u00e9matiques pour les d\u00e9fil\u00e9s et le magazines, ainsi que ses techniques novatrices. On y d\u00e9couvre 20 ans de sa brillante carri\u00e8re avec des looks cr\u00e9\u00e9s pour des stars Kate Moss, Gisele, Cara Delevingne, pour des campagnes de pub de Dior, Alexander McQueen, ou les d\u00e9fil\u00e9s de Vivienne Westwood, Louis Vuitton, Givenchy. Elle est aujourd&#8217;hui consid\u00e9r\u00e9 comme un des grands noms du nail art, et le magazine Tatler consid\u00e8re qu&#8217;elle &#8220;est aux ongles ce que Karl Lagerfeld est aux robes&#8221;, et con\u00e7oit des nuanciers de couleurs et des vernis pour les plus grandes marques.<\/p>\n","protected":false},"excerpt":{"rendered":"<p>Dans cette ouvrage entre monographie et livre technique, l&#8217;anglaise Marian Newman, la papesse du nail art, r\u00e9v\u00e8le les coulisses de ses manucures embl\u00e9matiques pour les d\u00e9fil\u00e9s et le magazines, ainsi que ses techniques novatrices. On y d\u00e9couvre 20 ans de sa brillante carri\u00e8re avec des looks cr\u00e9\u00e9s pour des stars Kate Moss, Gisele, Cara Delevingne, [&hellip;]<\/p>\n","protected":false},"featured_media":49564,"template":"","meta":[],"product_cat":[2948,2957],"product_tag":[],"acf":[],"yoast_head":"<!-- This site is optimized with the Yoast SEO plugin v20.11 - https:\/\/yoast.com\/wordpress\/plugins\/seo\/ -->\n<title>Nailed it nails fashion technique - Librairie 7L<\/title>\n<meta name=\"robots\" content=\"index, follow, max-snippet:-1, max-image-preview:large, max-video-preview:-1\" \/>\n<link rel=\"canonical\" href=\"https:\/\/librairie7l.com\/en\/produit\/nailed-it-nails-fashion-technique-2\/\" \/>\n<meta property=\"og:locale\" content=\"en_US\" \/>\n<meta property=\"og:type\" content=\"article\" \/>\n<meta property=\"og:title\" content=\"Nailed it nails fashion technique - Librairie 7L\" \/>\n<meta property=\"og:description\" content=\"Dans cette ouvrage entre monographie et livre technique, l&#8217;anglaise Marian Newman, la papesse du nail art, r\u00e9v\u00e8le les coulisses de ses manucures embl\u00e9matiques pour les d\u00e9fil\u00e9s et le magazines, ainsi que ses techniques novatrices. On y d\u00e9couvre 20 ans de sa brillante carri\u00e8re avec des looks cr\u00e9\u00e9s pour des stars Kate Moss, Gisele, Cara Delevingne, [&hellip;]\" \/>\n<meta property=\"og:url\" content=\"https:\/\/librairie7l.com\/en\/produit\/nailed-it-nails-fashion-technique-2\/\" \/>\n<meta property=\"og:site_name\" content=\"Librairie 7L\" \/>\n<meta property=\"article:modified_time\" content=\"2026-04-22T21:07:11+00:00\" \/>\n<meta property=\"og:image\" content=\"https:\/\/librairie7l.com\/wp-content\/uploads\/2018\/12\/9781786274069_1_75.jpg\" \/>\n\t<meta property=\"og:image:width\" content=\"600\" \/>\n\t<meta property=\"og:image:height\" content=\"779\" \/>\n\t<meta property=\"og:image:type\" content=\"image\/jpeg\" \/>\n<meta name=\"twitter:card\" content=\"summary_large_image\" \/>\n<meta name=\"twitter:label1\" content=\"Est. reading time\" \/>\n\t<meta name=\"twitter:data1\" content=\"1 minute\" \/>\n<script type=\"application\/ld+json\" class=\"yoast-schema-graph\">{\"@context\":\"https:\/\/schema.org\",\"@graph\":[{\"@type\":\"WebPage\",\"@id\":\"https:\/\/librairie7l.com\/en\/produit\/nailed-it-nails-fashion-technique-2\/\",\"url\":\"https:\/\/librairie7l.com\/en\/produit\/nailed-it-nails-fashion-technique-2\/\",\"name\":\"Nailed it nails fashion technique - Librairie 7L\",\"isPartOf\":{\"@id\":\"https:\/\/librairie7l.com\/en\/#website\"},\"datePublished\":\"2025-07-17T07:18:10+00:00\",\"dateModified\":\"2026-04-22T21:07:11+00:00\",\"breadcrumb\":{\"@id\":\"https:\/\/librairie7l.com\/en\/produit\/nailed-it-nails-fashion-technique-2\/#breadcrumb\"},\"inLanguage\":\"en-US\",\"potentialAction\":[{\"@type\":\"ReadAction\",\"target\":[\"https:\/\/librairie7l.com\/en\/produit\/nailed-it-nails-fashion-technique-2\/\"]}]},{\"@type\":\"BreadcrumbList\",\"@id\":\"https:\/\/librairie7l.com\/en\/produit\/nailed-it-nails-fashion-technique-2\/#breadcrumb\",\"itemListElement\":[{\"@type\":\"ListItem\",\"position\":1,\"name\":\"Accueil\",\"item\":\"https:\/\/librairie7l.com\/en\/\"},{\"@type\":\"ListItem\",\"position\":2,\"name\":\"Shop\",\"item\":\"https:\/\/librairie7l.com\/en\/shop\/\"},{\"@type\":\"ListItem\",\"position\":3,\"name\":\"NAILED IT NAILS FASHION TECHNIQUE\"}]},{\"@type\":\"WebSite\",\"@id\":\"https:\/\/librairie7l.com\/en\/#website\",\"url\":\"https:\/\/librairie7l.com\/en\/\",\"name\":\"Librairie 7L\",\"description\":\"Librairie fond\u00e9e en 1999 par Karl Lagerfeld \u00e0 Paris\",\"publisher\":{\"@id\":\"https:\/\/librairie7l.com\/en\/#organization\"},\"potentialAction\":[{\"@type\":\"SearchAction\",\"target\":{\"@type\":\"EntryPoint\",\"urlTemplate\":\"https:\/\/librairie7l.com\/en\/?s={search_term_string}\"},\"query-input\":\"required name=search_term_string\"}],\"inLanguage\":\"en-US\"},{\"@type\":\"Organization\",\"@id\":\"https:\/\/librairie7l.com\/en\/#organization\",\"name\":\"Librairie 7L\",\"url\":\"https:\/\/librairie7l.com\/en\/\",\"logo\":{\"@type\":\"ImageObject\",\"inLanguage\":\"en-US\",\"@id\":\"https:\/\/librairie7l.com\/en\/#\/schema\/logo\/image\/\",\"url\":\"https:\/\/librairie7l.com\/wp-content\/uploads\/2022\/08\/logo-1.png\",\"contentUrl\":\"https:\/\/librairie7l.com\/wp-content\/uploads\/2022\/08\/logo-1.png\",\"width\":227,\"height\":301,\"caption\":\"Librairie 7L\"},\"image\":{\"@id\":\"https:\/\/librairie7l.com\/en\/#\/schema\/logo\/image\/\"}}]}<\/script>\n<!-- \/ Yoast SEO plugin. -->","yoast_head_json":{"title":"Nailed it nails fashion technique - Librairie 7L","robots":{"index":"index","follow":"follow","max-snippet":"max-snippet:-1","max-image-preview":"max-image-preview:large","max-video-preview":"max-video-preview:-1"},"canonical":"https:\/\/librairie7l.com\/en\/produit\/nailed-it-nails-fashion-technique-2\/","og_locale":"en_US","og_type":"article","og_title":"Nailed it nails fashion technique - Librairie 7L","og_description":"Dans cette ouvrage entre monographie et livre technique, l&#8217;anglaise Marian Newman, la papesse du nail art, r\u00e9v\u00e8le les coulisses de ses manucures embl\u00e9matiques pour les d\u00e9fil\u00e9s et le magazines, ainsi que ses techniques novatrices. On y d\u00e9couvre 20 ans de sa brillante carri\u00e8re avec des looks cr\u00e9\u00e9s pour des stars Kate Moss, Gisele, Cara Delevingne, [&hellip;]","og_url":"https:\/\/librairie7l.com\/en\/produit\/nailed-it-nails-fashion-technique-2\/","og_site_name":"Librairie 7L","article_modified_time":"2026-04-22T21:07:11+00:00","og_image":[{"width":600,"height":779,"url":"https:\/\/librairie7l.com\/wp-content\/uploads\/2018\/12\/9781786274069_1_75.jpg","type":"image\/jpeg"}],"twitter_card":"summary_large_image","twitter_misc":{"Est. reading time":"1 minute"},"schema":{"@context":"https:\/\/schema.org","@graph":[{"@type":"WebPage","@id":"https:\/\/librairie7l.com\/en\/produit\/nailed-it-nails-fashion-technique-2\/","url":"https:\/\/librairie7l.com\/en\/produit\/nailed-it-nails-fashion-technique-2\/","name":"Nailed it nails fashion technique - Librairie 7L","isPartOf":{"@id":"https:\/\/librairie7l.com\/en\/#website"},"datePublished":"2025-07-17T07:18:10+00:00","dateModified":"2026-04-22T21:07:11+00:00","breadcrumb":{"@id":"https:\/\/librairie7l.com\/en\/produit\/nailed-it-nails-fashion-technique-2\/#breadcrumb"},"inLanguage":"en-US","potentialAction":[{"@type":"ReadAction","target":["https:\/\/librairie7l.com\/en\/produit\/nailed-it-nails-fashion-technique-2\/"]}]},{"@type":"BreadcrumbList","@id":"https:\/\/librairie7l.com\/en\/produit\/nailed-it-nails-fashion-technique-2\/#breadcrumb","itemListElement":[{"@type":"ListItem","position":1,"name":"Accueil","item":"https:\/\/librairie7l.com\/en\/"},{"@type":"ListItem","position":2,"name":"Shop","item":"https:\/\/librairie7l.com\/en\/shop\/"},{"@type":"ListItem","position":3,"name":"NAILED IT NAILS FASHION TECHNIQUE"}]},{"@type":"WebSite","@id":"https:\/\/librairie7l.com\/en\/#website","url":"https:\/\/librairie7l.com\/en\/","name":"Librairie 7L","description":"Librairie fond\u00e9e en 1999 par Karl Lagerfeld \u00e0 Paris","publisher":{"@id":"https:\/\/librairie7l.com\/en\/#organization"},"potentialAction":[{"@type":"SearchAction","target":{"@type":"EntryPoint","urlTemplate":"https:\/\/librairie7l.com\/en\/?s={search_term_string}"},"query-input":"required name=search_term_string"}],"inLanguage":"en-US"},{"@type":"Organization","@id":"https:\/\/librairie7l.com\/en\/#organization","name":"Librairie 7L","url":"https:\/\/librairie7l.com\/en\/","logo":{"@type":"ImageObject","inLanguage":"en-US","@id":"https:\/\/librairie7l.com\/en\/#\/schema\/logo\/image\/","url":"https:\/\/librairie7l.com\/wp-content\/uploads\/2022\/08\/logo-1.png","contentUrl":"https:\/\/librairie7l.com\/wp-content\/uploads\/2022\/08\/logo-1.png","width":227,"height":301,"caption":"Librairie 7L"},"image":{"@id":"https:\/\/librairie7l.com\/en\/#\/schema\/logo\/image\/"}}]}},"_links":{"self":[{"href":"https:\/\/librairie7l.com\/en\/wp-json\/wp\/v2\/product\/49566"}],"collection":[{"href":"https:\/\/librairie7l.com\/en\/wp-json\/wp\/v2\/product"}],"about":[{"href":"https:\/\/librairie7l.com\/en\/wp-json\/wp\/v2\/types\/product"}],"wp:featuredmedia":[{"embeddable":true,"href":"https:\/\/librairie7l.com\/en\/wp-json\/wp\/v2\/media\/49564"}],"wp:attachment":[{"href":"https:\/\/librairie7l.com\/en\/wp-json\/wp\/v2\/media?parent=49566"}],"wp:term":[{"taxonomy":"product_cat","embeddable":true,"href":"https:\/\/librairie7l.com\/en\/wp-json\/wp\/v2\/product_cat?post=49566"},{"taxonomy":"product_tag","embeddable":true,"href":"https:\/\/librairie7l.com\/en\/wp-json\/wp\/v2\/product_tag?post=49566"}],"curies":[{"name":"wp","href":"https:\/\/api.w.org\/{rel}","templated":true}]}}