{"id":49580,"date":"2025-07-17T09:18:20","date_gmt":"2025-07-17T07:18:20","guid":{"rendered":"https:\/\/librairie7l.com\/?post_type=product&#038;p=49580"},"modified":"2026-04-08T14:59:58","modified_gmt":"2026-04-08T12:59:58","slug":"anti-glossy-fashion-photography-now-2","status":"publish","type":"product","link":"https:\/\/librairie7l.com\/en\/produit\/anti-glossy-fashion-photography-now-2\/","title":{"rendered":"ANTI-GLOSSY FASHION PHOTOGRAPHY NOW"},"content":{"rendered":"<p>Cette anthologie rassemble les travaux des photographes les plus avant-gardistes qui travaillent dans la mode aujourd?hui, explorant ainsi l?influence des nouveaux m\u00e9dias sur l?orientation de la photographie pour l?impression. De la vision \u00e9volutive de ma\u00eetres de la forme tels que Juergen Teller et Glen Luchford, au travail ironique de Sebastian Kim, puis aux d\u00e9fis pos\u00e9s par les jeunes voix f\u00e9minines telles qu?Annemarieke Van Drimmelen, Charlotte Wales, Sarah Piantadosi, Joanna Piotrowska et Karen Knorr, les 20 photographes pr\u00e9sent\u00e9s dans cette collection passionnante repr\u00e9sentent une tendance de pointe dans toute sa diversit\u00e9.<\/p>\n","protected":false},"excerpt":{"rendered":"<p>Cette anthologie rassemble les travaux des photographes les plus avant-gardistes qui travaillent dans la mode aujourd?hui, explorant ainsi l?influence des nouveaux m\u00e9dias sur l?orientation de la photographie pour l?impression. De la vision \u00e9volutive de ma\u00eetres de la forme tels que Juergen Teller et Glen Luchford, au travail ironique de Sebastian Kim, puis aux d\u00e9fis pos\u00e9s [&hellip;]<\/p>\n","protected":false},"featured_media":49578,"template":"","meta":[],"product_cat":[2948,2958],"product_tag":[],"acf":[],"yoast_head":"<!-- This site is optimized with the Yoast SEO plugin v20.11 - https:\/\/yoast.com\/wordpress\/plugins\/seo\/ -->\n<title>Anti-glossy fashion photography now - Librairie 7L<\/title>\n<meta name=\"robots\" content=\"index, follow, max-snippet:-1, max-image-preview:large, max-video-preview:-1\" \/>\n<link rel=\"canonical\" href=\"https:\/\/librairie7l.com\/en\/produit\/anti-glossy-fashion-photography-now-2\/\" \/>\n<meta property=\"og:locale\" content=\"en_US\" \/>\n<meta property=\"og:type\" content=\"article\" \/>\n<meta property=\"og:title\" content=\"Anti-glossy fashion photography now - Librairie 7L\" \/>\n<meta property=\"og:description\" content=\"Cette anthologie rassemble les travaux des photographes les plus avant-gardistes qui travaillent dans la mode aujourd?hui, explorant ainsi l?influence des nouveaux m\u00e9dias sur l?orientation de la photographie pour l?impression. De la vision \u00e9volutive de ma\u00eetres de la forme tels que Juergen Teller et Glen Luchford, au travail ironique de Sebastian Kim, puis aux d\u00e9fis pos\u00e9s [&hellip;]\" \/>\n<meta property=\"og:url\" content=\"https:\/\/librairie7l.com\/en\/produit\/anti-glossy-fashion-photography-now-2\/\" \/>\n<meta property=\"og:site_name\" content=\"Librairie 7L\" \/>\n<meta property=\"article:modified_time\" content=\"2026-04-08T12:59:58+00:00\" \/>\n<meta property=\"og:image\" content=\"https:\/\/librairie7l.com\/wp-content\/uploads\/2018\/11\/9780847864591_1_75.jpg\" \/>\n\t<meta property=\"og:image:width\" content=\"351\" \/>\n\t<meta property=\"og:image:height\" content=\"499\" \/>\n\t<meta property=\"og:image:type\" content=\"image\/jpeg\" \/>\n<meta name=\"twitter:card\" content=\"summary_large_image\" \/>\n<meta name=\"twitter:label1\" content=\"Est. reading time\" \/>\n\t<meta name=\"twitter:data1\" content=\"1 minute\" \/>\n<script type=\"application\/ld+json\" class=\"yoast-schema-graph\">{\"@context\":\"https:\/\/schema.org\",\"@graph\":[{\"@type\":\"WebPage\",\"@id\":\"https:\/\/librairie7l.com\/en\/produit\/anti-glossy-fashion-photography-now-2\/\",\"url\":\"https:\/\/librairie7l.com\/en\/produit\/anti-glossy-fashion-photography-now-2\/\",\"name\":\"Anti-glossy fashion photography now - Librairie 7L\",\"isPartOf\":{\"@id\":\"https:\/\/librairie7l.com\/en\/#website\"},\"datePublished\":\"2025-07-17T07:18:20+00:00\",\"dateModified\":\"2026-04-08T12:59:58+00:00\",\"breadcrumb\":{\"@id\":\"https:\/\/librairie7l.com\/en\/produit\/anti-glossy-fashion-photography-now-2\/#breadcrumb\"},\"inLanguage\":\"en-US\",\"potentialAction\":[{\"@type\":\"ReadAction\",\"target\":[\"https:\/\/librairie7l.com\/en\/produit\/anti-glossy-fashion-photography-now-2\/\"]}]},{\"@type\":\"BreadcrumbList\",\"@id\":\"https:\/\/librairie7l.com\/en\/produit\/anti-glossy-fashion-photography-now-2\/#breadcrumb\",\"itemListElement\":[{\"@type\":\"ListItem\",\"position\":1,\"name\":\"Accueil\",\"item\":\"https:\/\/librairie7l.com\/en\/\"},{\"@type\":\"ListItem\",\"position\":2,\"name\":\"Shop\",\"item\":\"https:\/\/librairie7l.com\/en\/shop\/\"},{\"@type\":\"ListItem\",\"position\":3,\"name\":\"ANTI-GLOSSY FASHION PHOTOGRAPHY NOW\"}]},{\"@type\":\"WebSite\",\"@id\":\"https:\/\/librairie7l.com\/en\/#website\",\"url\":\"https:\/\/librairie7l.com\/en\/\",\"name\":\"Librairie 7L\",\"description\":\"Librairie fond\u00e9e en 1999 par Karl Lagerfeld \u00e0 Paris\",\"publisher\":{\"@id\":\"https:\/\/librairie7l.com\/en\/#organization\"},\"potentialAction\":[{\"@type\":\"SearchAction\",\"target\":{\"@type\":\"EntryPoint\",\"urlTemplate\":\"https:\/\/librairie7l.com\/en\/?s={search_term_string}\"},\"query-input\":\"required name=search_term_string\"}],\"inLanguage\":\"en-US\"},{\"@type\":\"Organization\",\"@id\":\"https:\/\/librairie7l.com\/en\/#organization\",\"name\":\"Librairie 7L\",\"url\":\"https:\/\/librairie7l.com\/en\/\",\"logo\":{\"@type\":\"ImageObject\",\"inLanguage\":\"en-US\",\"@id\":\"https:\/\/librairie7l.com\/en\/#\/schema\/logo\/image\/\",\"url\":\"https:\/\/librairie7l.com\/wp-content\/uploads\/2022\/08\/logo-1.png\",\"contentUrl\":\"https:\/\/librairie7l.com\/wp-content\/uploads\/2022\/08\/logo-1.png\",\"width\":227,\"height\":301,\"caption\":\"Librairie 7L\"},\"image\":{\"@id\":\"https:\/\/librairie7l.com\/en\/#\/schema\/logo\/image\/\"}}]}<\/script>\n<!-- \/ Yoast SEO plugin. -->","yoast_head_json":{"title":"Anti-glossy fashion photography now - Librairie 7L","robots":{"index":"index","follow":"follow","max-snippet":"max-snippet:-1","max-image-preview":"max-image-preview:large","max-video-preview":"max-video-preview:-1"},"canonical":"https:\/\/librairie7l.com\/en\/produit\/anti-glossy-fashion-photography-now-2\/","og_locale":"en_US","og_type":"article","og_title":"Anti-glossy fashion photography now - Librairie 7L","og_description":"Cette anthologie rassemble les travaux des photographes les plus avant-gardistes qui travaillent dans la mode aujourd?hui, explorant ainsi l?influence des nouveaux m\u00e9dias sur l?orientation de la photographie pour l?impression. De la vision \u00e9volutive de ma\u00eetres de la forme tels que Juergen Teller et Glen Luchford, au travail ironique de Sebastian Kim, puis aux d\u00e9fis pos\u00e9s [&hellip;]","og_url":"https:\/\/librairie7l.com\/en\/produit\/anti-glossy-fashion-photography-now-2\/","og_site_name":"Librairie 7L","article_modified_time":"2026-04-08T12:59:58+00:00","og_image":[{"width":351,"height":499,"url":"https:\/\/librairie7l.com\/wp-content\/uploads\/2018\/11\/9780847864591_1_75.jpg","type":"image\/jpeg"}],"twitter_card":"summary_large_image","twitter_misc":{"Est. reading time":"1 minute"},"schema":{"@context":"https:\/\/schema.org","@graph":[{"@type":"WebPage","@id":"https:\/\/librairie7l.com\/en\/produit\/anti-glossy-fashion-photography-now-2\/","url":"https:\/\/librairie7l.com\/en\/produit\/anti-glossy-fashion-photography-now-2\/","name":"Anti-glossy fashion photography now - Librairie 7L","isPartOf":{"@id":"https:\/\/librairie7l.com\/en\/#website"},"datePublished":"2025-07-17T07:18:20+00:00","dateModified":"2026-04-08T12:59:58+00:00","breadcrumb":{"@id":"https:\/\/librairie7l.com\/en\/produit\/anti-glossy-fashion-photography-now-2\/#breadcrumb"},"inLanguage":"en-US","potentialAction":[{"@type":"ReadAction","target":["https:\/\/librairie7l.com\/en\/produit\/anti-glossy-fashion-photography-now-2\/"]}]},{"@type":"BreadcrumbList","@id":"https:\/\/librairie7l.com\/en\/produit\/anti-glossy-fashion-photography-now-2\/#breadcrumb","itemListElement":[{"@type":"ListItem","position":1,"name":"Accueil","item":"https:\/\/librairie7l.com\/en\/"},{"@type":"ListItem","position":2,"name":"Shop","item":"https:\/\/librairie7l.com\/en\/shop\/"},{"@type":"ListItem","position":3,"name":"ANTI-GLOSSY FASHION PHOTOGRAPHY NOW"}]},{"@type":"WebSite","@id":"https:\/\/librairie7l.com\/en\/#website","url":"https:\/\/librairie7l.com\/en\/","name":"Librairie 7L","description":"Librairie fond\u00e9e en 1999 par Karl Lagerfeld \u00e0 Paris","publisher":{"@id":"https:\/\/librairie7l.com\/en\/#organization"},"potentialAction":[{"@type":"SearchAction","target":{"@type":"EntryPoint","urlTemplate":"https:\/\/librairie7l.com\/en\/?s={search_term_string}"},"query-input":"required name=search_term_string"}],"inLanguage":"en-US"},{"@type":"Organization","@id":"https:\/\/librairie7l.com\/en\/#organization","name":"Librairie 7L","url":"https:\/\/librairie7l.com\/en\/","logo":{"@type":"ImageObject","inLanguage":"en-US","@id":"https:\/\/librairie7l.com\/en\/#\/schema\/logo\/image\/","url":"https:\/\/librairie7l.com\/wp-content\/uploads\/2022\/08\/logo-1.png","contentUrl":"https:\/\/librairie7l.com\/wp-content\/uploads\/2022\/08\/logo-1.png","width":227,"height":301,"caption":"Librairie 7L"},"image":{"@id":"https:\/\/librairie7l.com\/en\/#\/schema\/logo\/image\/"}}]}},"_links":{"self":[{"href":"https:\/\/librairie7l.com\/en\/wp-json\/wp\/v2\/product\/49580"}],"collection":[{"href":"https:\/\/librairie7l.com\/en\/wp-json\/wp\/v2\/product"}],"about":[{"href":"https:\/\/librairie7l.com\/en\/wp-json\/wp\/v2\/types\/product"}],"wp:featuredmedia":[{"embeddable":true,"href":"https:\/\/librairie7l.com\/en\/wp-json\/wp\/v2\/media\/49578"}],"wp:attachment":[{"href":"https:\/\/librairie7l.com\/en\/wp-json\/wp\/v2\/media?parent=49580"}],"wp:term":[{"taxonomy":"product_cat","embeddable":true,"href":"https:\/\/librairie7l.com\/en\/wp-json\/wp\/v2\/product_cat?post=49580"},{"taxonomy":"product_tag","embeddable":true,"href":"https:\/\/librairie7l.com\/en\/wp-json\/wp\/v2\/product_tag?post=49580"}],"curies":[{"name":"wp","href":"https:\/\/api.w.org\/{rel}","templated":true}]}}