{"id":49607,"date":"2025-07-18T09:17:41","date_gmt":"2025-07-18T07:17:41","guid":{"rendered":"https:\/\/librairie7l.com\/?post_type=product&#038;p=49607"},"modified":"2026-04-04T19:27:24","modified_gmt":"2026-04-04T17:27:24","slug":"le-monde-de-proust-vu-par-paul-nadar-2","status":"publish","type":"product","link":"https:\/\/librairie7l.com\/en\/produit\/le-monde-de-proust-vu-par-paul-nadar-2\/","title":{"rendered":"LE MONDE DE PROUST VU PAR PAUL NADAR"},"content":{"rendered":"<p>De la r\u00e9alit\u00e9 \u00e0 la fiction, cet ouvrage propose une promenade sentimentale et vivante \u00e0 travers la galerie de portraits des c\u00e9l\u00e9brit\u00e9s qui ont, directement ou indirectement, inspir\u00e9 les personnages de \u00c0 la recherche du temps perdu : aristocrates, bourgeois, artistes, cocottes, actrices, tous \u00e9taient des familiers de Marcel Proust.<br \/>\nAu total 120 portraits &#8211; dont 40 totalement in\u00e9dits reproduits \u00e0 partir des plaques originales tir\u00e9es des archives du photographe Paul Nadar.<br \/>\nTrois textes apportent un \u00e9clairage nouveau sur l&#8217;oeuvre de l&#8217;\u00e9crivain, du photographe et de leurs mod\u00e8les : une r\u00e9flexion sur le r\u00f4le de ces photos dans notre m\u00e9moire de lecteur, une analyse du lien entre Proust et ses personnages clefs, enfin une mise au point sur le principe de la retouche des photographies par Paul Nadar, qui permettait aux mod\u00e8les d&#8217;esp\u00e9rer tendre vers l&#8217;id\u00e9al&#8230;Depuis sa 1\u00e8re \u00e9dition, ce titre est l&#8217;un des livres de r\u00e9f\u00e9rence du catalogue.<\/p>\n","protected":false},"excerpt":{"rendered":"<p>De la r\u00e9alit\u00e9 \u00e0 la fiction, cet ouvrage propose une promenade sentimentale et vivante \u00e0 travers la galerie de portraits des c\u00e9l\u00e9brit\u00e9s qui ont, directement ou indirectement, inspir\u00e9 les personnages de \u00c0 la recherche du temps perdu : aristocrates, bourgeois, artistes, cocottes, actrices, tous \u00e9taient des familiers de Marcel Proust. Au total 120 portraits &#8211; [&hellip;]<\/p>\n","protected":false},"featured_media":49605,"template":"","meta":[],"product_cat":[2948,2958],"product_tag":[],"acf":[],"yoast_head":"<!-- This site is optimized with the Yoast SEO plugin v20.11 - https:\/\/yoast.com\/wordpress\/plugins\/seo\/ -->\n<title>Le monde de Proust vu par Paul Nadar - Librairie 7L<\/title>\n<meta name=\"robots\" content=\"index, follow, max-snippet:-1, max-image-preview:large, max-video-preview:-1\" \/>\n<link rel=\"canonical\" href=\"https:\/\/librairie7l.com\/en\/produit\/le-monde-de-proust-vu-par-paul-nadar-2\/\" \/>\n<meta property=\"og:locale\" content=\"en_US\" \/>\n<meta property=\"og:type\" content=\"article\" \/>\n<meta property=\"og:title\" content=\"Le monde de Proust vu par Paul Nadar - Librairie 7L\" \/>\n<meta property=\"og:description\" content=\"De la r\u00e9alit\u00e9 \u00e0 la fiction, cet ouvrage propose une promenade sentimentale et vivante \u00e0 travers la galerie de portraits des c\u00e9l\u00e9brit\u00e9s qui ont, directement ou indirectement, inspir\u00e9 les personnages de \u00c0 la recherche du temps perdu : aristocrates, bourgeois, artistes, cocottes, actrices, tous \u00e9taient des familiers de Marcel Proust. Au total 120 portraits &#8211; [&hellip;]\" \/>\n<meta property=\"og:url\" content=\"https:\/\/librairie7l.com\/en\/produit\/le-monde-de-proust-vu-par-paul-nadar-2\/\" \/>\n<meta property=\"og:site_name\" content=\"Librairie 7L\" \/>\n<meta property=\"article:modified_time\" content=\"2026-04-04T17:27:24+00:00\" \/>\n<meta property=\"og:image\" content=\"https:\/\/librairie7l.com\/wp-content\/uploads\/2022\/04\/9782757708330_1_75.jpg\" \/>\n\t<meta property=\"og:image:width\" content=\"400\" \/>\n\t<meta property=\"og:image:height\" content=\"541\" \/>\n\t<meta property=\"og:image:type\" content=\"image\/jpeg\" \/>\n<meta name=\"twitter:card\" content=\"summary_large_image\" \/>\n<meta name=\"twitter:label1\" content=\"Est. reading time\" \/>\n\t<meta name=\"twitter:data1\" content=\"1 minute\" \/>\n<script type=\"application\/ld+json\" class=\"yoast-schema-graph\">{\"@context\":\"https:\/\/schema.org\",\"@graph\":[{\"@type\":\"WebPage\",\"@id\":\"https:\/\/librairie7l.com\/en\/produit\/le-monde-de-proust-vu-par-paul-nadar-2\/\",\"url\":\"https:\/\/librairie7l.com\/en\/produit\/le-monde-de-proust-vu-par-paul-nadar-2\/\",\"name\":\"Le monde de Proust vu par Paul Nadar - Librairie 7L\",\"isPartOf\":{\"@id\":\"https:\/\/librairie7l.com\/en\/#website\"},\"datePublished\":\"2025-07-18T07:17:41+00:00\",\"dateModified\":\"2026-04-04T17:27:24+00:00\",\"breadcrumb\":{\"@id\":\"https:\/\/librairie7l.com\/en\/produit\/le-monde-de-proust-vu-par-paul-nadar-2\/#breadcrumb\"},\"inLanguage\":\"en-US\",\"potentialAction\":[{\"@type\":\"ReadAction\",\"target\":[\"https:\/\/librairie7l.com\/en\/produit\/le-monde-de-proust-vu-par-paul-nadar-2\/\"]}]},{\"@type\":\"BreadcrumbList\",\"@id\":\"https:\/\/librairie7l.com\/en\/produit\/le-monde-de-proust-vu-par-paul-nadar-2\/#breadcrumb\",\"itemListElement\":[{\"@type\":\"ListItem\",\"position\":1,\"name\":\"Accueil\",\"item\":\"https:\/\/librairie7l.com\/en\/\"},{\"@type\":\"ListItem\",\"position\":2,\"name\":\"Shop\",\"item\":\"https:\/\/librairie7l.com\/en\/shop\/\"},{\"@type\":\"ListItem\",\"position\":3,\"name\":\"LE MONDE DE PROUST VU PAR PAUL NADAR\"}]},{\"@type\":\"WebSite\",\"@id\":\"https:\/\/librairie7l.com\/en\/#website\",\"url\":\"https:\/\/librairie7l.com\/en\/\",\"name\":\"Librairie 7L\",\"description\":\"Librairie fond\u00e9e en 1999 par Karl Lagerfeld \u00e0 Paris\",\"publisher\":{\"@id\":\"https:\/\/librairie7l.com\/en\/#organization\"},\"potentialAction\":[{\"@type\":\"SearchAction\",\"target\":{\"@type\":\"EntryPoint\",\"urlTemplate\":\"https:\/\/librairie7l.com\/en\/?s={search_term_string}\"},\"query-input\":\"required name=search_term_string\"}],\"inLanguage\":\"en-US\"},{\"@type\":\"Organization\",\"@id\":\"https:\/\/librairie7l.com\/en\/#organization\",\"name\":\"Librairie 7L\",\"url\":\"https:\/\/librairie7l.com\/en\/\",\"logo\":{\"@type\":\"ImageObject\",\"inLanguage\":\"en-US\",\"@id\":\"https:\/\/librairie7l.com\/en\/#\/schema\/logo\/image\/\",\"url\":\"https:\/\/librairie7l.com\/wp-content\/uploads\/2022\/08\/logo-1.png\",\"contentUrl\":\"https:\/\/librairie7l.com\/wp-content\/uploads\/2022\/08\/logo-1.png\",\"width\":227,\"height\":301,\"caption\":\"Librairie 7L\"},\"image\":{\"@id\":\"https:\/\/librairie7l.com\/en\/#\/schema\/logo\/image\/\"}}]}<\/script>\n<!-- \/ Yoast SEO plugin. -->","yoast_head_json":{"title":"Le monde de Proust vu par Paul Nadar - Librairie 7L","robots":{"index":"index","follow":"follow","max-snippet":"max-snippet:-1","max-image-preview":"max-image-preview:large","max-video-preview":"max-video-preview:-1"},"canonical":"https:\/\/librairie7l.com\/en\/produit\/le-monde-de-proust-vu-par-paul-nadar-2\/","og_locale":"en_US","og_type":"article","og_title":"Le monde de Proust vu par Paul Nadar - Librairie 7L","og_description":"De la r\u00e9alit\u00e9 \u00e0 la fiction, cet ouvrage propose une promenade sentimentale et vivante \u00e0 travers la galerie de portraits des c\u00e9l\u00e9brit\u00e9s qui ont, directement ou indirectement, inspir\u00e9 les personnages de \u00c0 la recherche du temps perdu : aristocrates, bourgeois, artistes, cocottes, actrices, tous \u00e9taient des familiers de Marcel Proust. Au total 120 portraits &#8211; [&hellip;]","og_url":"https:\/\/librairie7l.com\/en\/produit\/le-monde-de-proust-vu-par-paul-nadar-2\/","og_site_name":"Librairie 7L","article_modified_time":"2026-04-04T17:27:24+00:00","og_image":[{"width":400,"height":541,"url":"https:\/\/librairie7l.com\/wp-content\/uploads\/2022\/04\/9782757708330_1_75.jpg","type":"image\/jpeg"}],"twitter_card":"summary_large_image","twitter_misc":{"Est. reading time":"1 minute"},"schema":{"@context":"https:\/\/schema.org","@graph":[{"@type":"WebPage","@id":"https:\/\/librairie7l.com\/en\/produit\/le-monde-de-proust-vu-par-paul-nadar-2\/","url":"https:\/\/librairie7l.com\/en\/produit\/le-monde-de-proust-vu-par-paul-nadar-2\/","name":"Le monde de Proust vu par Paul Nadar - Librairie 7L","isPartOf":{"@id":"https:\/\/librairie7l.com\/en\/#website"},"datePublished":"2025-07-18T07:17:41+00:00","dateModified":"2026-04-04T17:27:24+00:00","breadcrumb":{"@id":"https:\/\/librairie7l.com\/en\/produit\/le-monde-de-proust-vu-par-paul-nadar-2\/#breadcrumb"},"inLanguage":"en-US","potentialAction":[{"@type":"ReadAction","target":["https:\/\/librairie7l.com\/en\/produit\/le-monde-de-proust-vu-par-paul-nadar-2\/"]}]},{"@type":"BreadcrumbList","@id":"https:\/\/librairie7l.com\/en\/produit\/le-monde-de-proust-vu-par-paul-nadar-2\/#breadcrumb","itemListElement":[{"@type":"ListItem","position":1,"name":"Accueil","item":"https:\/\/librairie7l.com\/en\/"},{"@type":"ListItem","position":2,"name":"Shop","item":"https:\/\/librairie7l.com\/en\/shop\/"},{"@type":"ListItem","position":3,"name":"LE MONDE DE PROUST VU PAR PAUL NADAR"}]},{"@type":"WebSite","@id":"https:\/\/librairie7l.com\/en\/#website","url":"https:\/\/librairie7l.com\/en\/","name":"Librairie 7L","description":"Librairie fond\u00e9e en 1999 par Karl Lagerfeld \u00e0 Paris","publisher":{"@id":"https:\/\/librairie7l.com\/en\/#organization"},"potentialAction":[{"@type":"SearchAction","target":{"@type":"EntryPoint","urlTemplate":"https:\/\/librairie7l.com\/en\/?s={search_term_string}"},"query-input":"required name=search_term_string"}],"inLanguage":"en-US"},{"@type":"Organization","@id":"https:\/\/librairie7l.com\/en\/#organization","name":"Librairie 7L","url":"https:\/\/librairie7l.com\/en\/","logo":{"@type":"ImageObject","inLanguage":"en-US","@id":"https:\/\/librairie7l.com\/en\/#\/schema\/logo\/image\/","url":"https:\/\/librairie7l.com\/wp-content\/uploads\/2022\/08\/logo-1.png","contentUrl":"https:\/\/librairie7l.com\/wp-content\/uploads\/2022\/08\/logo-1.png","width":227,"height":301,"caption":"Librairie 7L"},"image":{"@id":"https:\/\/librairie7l.com\/en\/#\/schema\/logo\/image\/"}}]}},"_links":{"self":[{"href":"https:\/\/librairie7l.com\/en\/wp-json\/wp\/v2\/product\/49607"}],"collection":[{"href":"https:\/\/librairie7l.com\/en\/wp-json\/wp\/v2\/product"}],"about":[{"href":"https:\/\/librairie7l.com\/en\/wp-json\/wp\/v2\/types\/product"}],"wp:featuredmedia":[{"embeddable":true,"href":"https:\/\/librairie7l.com\/en\/wp-json\/wp\/v2\/media\/49605"}],"wp:attachment":[{"href":"https:\/\/librairie7l.com\/en\/wp-json\/wp\/v2\/media?parent=49607"}],"wp:term":[{"taxonomy":"product_cat","embeddable":true,"href":"https:\/\/librairie7l.com\/en\/wp-json\/wp\/v2\/product_cat?post=49607"},{"taxonomy":"product_tag","embeddable":true,"href":"https:\/\/librairie7l.com\/en\/wp-json\/wp\/v2\/product_tag?post=49607"}],"curies":[{"name":"wp","href":"https:\/\/api.w.org\/{rel}","templated":true}]}}