{"id":49639,"date":"2025-07-19T09:17:42","date_gmt":"2025-07-19T07:17:42","guid":{"rendered":"https:\/\/librairie7l.com\/?post_type=product&#038;p=49639"},"modified":"2026-04-08T15:27:29","modified_gmt":"2026-04-08T13:27:29","slug":"true-colors-color-in-photography-from-1849-to-1955-2","status":"publish","type":"product","link":"https:\/\/librairie7l.com\/en\/produit\/true-colors-color-in-photography-from-1849-to-1955-2\/","title":{"rendered":"TRUE COLORS : COLOR IN PHOTOGRAPHY FROM 1849 TO 1955"},"content":{"rendered":"<p>Der Katalog zeichnet den spannenden Weg von den Anf\u00e4ngen im 19. Jahrhundert bis zu einer allgemein anwendbaren analogen Farbfotografie mit dem ersten Kodak-Farbdiafilm im Jahr 1936 nach. Mit den verschiedenen Farbgebungsverfahren er\u00f6ffnete sich ein neuer, farbiger Kosmos. Anhand der einzigartigen Sammlung der Albertina wird das komplexe Thema der historischen Fotografie in Farbe beleuchtet. Der Bogen spannt sich von kolorierten Unikaten der Fr\u00fchzeit bis hin zum Beginn massentauglicher Farbfotografien auf Positiv-Negativ-Basis. Ihre vielf\u00e4ltigen und kaum bekannten Techniken, Methoden und Einsatzweisen f\u00fchren die daraus resultierende Revolution der gesamten visuellen Kultur vor Augen.<\/p>\n","protected":false},"excerpt":{"rendered":"<p>Der Katalog zeichnet den spannenden Weg von den Anf\u00e4ngen im 19. Jahrhundert bis zu einer allgemein anwendbaren analogen Farbfotografie mit dem ersten Kodak-Farbdiafilm im Jahr 1936 nach. Mit den verschiedenen Farbgebungsverfahren er\u00f6ffnete sich ein neuer, farbiger Kosmos. Anhand der einzigartigen Sammlung der Albertina wird das komplexe Thema der historischen Fotografie in Farbe beleuchtet. Der Bogen [&hellip;]<\/p>\n","protected":false},"featured_media":49637,"template":"","meta":[],"product_cat":[2948,2958],"product_tag":[],"acf":[],"yoast_head":"<!-- This site is optimized with the Yoast SEO plugin v20.11 - https:\/\/yoast.com\/wordpress\/plugins\/seo\/ -->\n<title>True colors : Color in photography from 1849 to 1955 - Librairie 7L<\/title>\n<meta name=\"robots\" content=\"index, follow, max-snippet:-1, max-image-preview:large, max-video-preview:-1\" \/>\n<link rel=\"canonical\" href=\"https:\/\/librairie7l.com\/en\/produit\/true-colors-color-in-photography-from-1849-to-1955-2\/\" \/>\n<meta property=\"og:locale\" content=\"en_US\" \/>\n<meta property=\"og:type\" content=\"article\" \/>\n<meta property=\"og:title\" content=\"True colors : Color in photography from 1849 to 1955 - Librairie 7L\" \/>\n<meta property=\"og:description\" content=\"Der Katalog zeichnet den spannenden Weg von den Anf\u00e4ngen im 19. Jahrhundert bis zu einer allgemein anwendbaren analogen Farbfotografie mit dem ersten Kodak-Farbdiafilm im Jahr 1936 nach. Mit den verschiedenen Farbgebungsverfahren er\u00f6ffnete sich ein neuer, farbiger Kosmos. Anhand der einzigartigen Sammlung der Albertina wird das komplexe Thema der historischen Fotografie in Farbe beleuchtet. Der Bogen [&hellip;]\" \/>\n<meta property=\"og:url\" content=\"https:\/\/librairie7l.com\/en\/produit\/true-colors-color-in-photography-from-1849-to-1955-2\/\" \/>\n<meta property=\"og:site_name\" content=\"Librairie 7L\" \/>\n<meta property=\"article:modified_time\" content=\"2026-04-08T13:27:29+00:00\" \/>\n<meta property=\"og:image\" content=\"https:\/\/librairie7l.com\/wp-content\/uploads\/2025\/06\/9783777445335_1_75.jpg\" \/>\n\t<meta property=\"og:image:width\" content=\"392\" \/>\n\t<meta property=\"og:image:height\" content=\"500\" \/>\n\t<meta property=\"og:image:type\" content=\"image\/jpeg\" \/>\n<meta name=\"twitter:card\" content=\"summary_large_image\" \/>\n<script type=\"application\/ld+json\" class=\"yoast-schema-graph\">{\"@context\":\"https:\/\/schema.org\",\"@graph\":[{\"@type\":\"WebPage\",\"@id\":\"https:\/\/librairie7l.com\/en\/produit\/true-colors-color-in-photography-from-1849-to-1955-2\/\",\"url\":\"https:\/\/librairie7l.com\/en\/produit\/true-colors-color-in-photography-from-1849-to-1955-2\/\",\"name\":\"True colors : Color in photography from 1849 to 1955 - Librairie 7L\",\"isPartOf\":{\"@id\":\"https:\/\/librairie7l.com\/en\/#website\"},\"datePublished\":\"2025-07-19T07:17:42+00:00\",\"dateModified\":\"2026-04-08T13:27:29+00:00\",\"breadcrumb\":{\"@id\":\"https:\/\/librairie7l.com\/en\/produit\/true-colors-color-in-photography-from-1849-to-1955-2\/#breadcrumb\"},\"inLanguage\":\"en-US\",\"potentialAction\":[{\"@type\":\"ReadAction\",\"target\":[\"https:\/\/librairie7l.com\/en\/produit\/true-colors-color-in-photography-from-1849-to-1955-2\/\"]}]},{\"@type\":\"BreadcrumbList\",\"@id\":\"https:\/\/librairie7l.com\/en\/produit\/true-colors-color-in-photography-from-1849-to-1955-2\/#breadcrumb\",\"itemListElement\":[{\"@type\":\"ListItem\",\"position\":1,\"name\":\"Accueil\",\"item\":\"https:\/\/librairie7l.com\/en\/\"},{\"@type\":\"ListItem\",\"position\":2,\"name\":\"Shop\",\"item\":\"https:\/\/librairie7l.com\/en\/shop\/\"},{\"@type\":\"ListItem\",\"position\":3,\"name\":\"TRUE COLORS : COLOR IN PHOTOGRAPHY FROM 1849 TO 1955\"}]},{\"@type\":\"WebSite\",\"@id\":\"https:\/\/librairie7l.com\/en\/#website\",\"url\":\"https:\/\/librairie7l.com\/en\/\",\"name\":\"Librairie 7L\",\"description\":\"Librairie fond\u00e9e en 1999 par Karl Lagerfeld \u00e0 Paris\",\"publisher\":{\"@id\":\"https:\/\/librairie7l.com\/en\/#organization\"},\"potentialAction\":[{\"@type\":\"SearchAction\",\"target\":{\"@type\":\"EntryPoint\",\"urlTemplate\":\"https:\/\/librairie7l.com\/en\/?s={search_term_string}\"},\"query-input\":\"required name=search_term_string\"}],\"inLanguage\":\"en-US\"},{\"@type\":\"Organization\",\"@id\":\"https:\/\/librairie7l.com\/en\/#organization\",\"name\":\"Librairie 7L\",\"url\":\"https:\/\/librairie7l.com\/en\/\",\"logo\":{\"@type\":\"ImageObject\",\"inLanguage\":\"en-US\",\"@id\":\"https:\/\/librairie7l.com\/en\/#\/schema\/logo\/image\/\",\"url\":\"https:\/\/librairie7l.com\/wp-content\/uploads\/2022\/08\/logo-1.png\",\"contentUrl\":\"https:\/\/librairie7l.com\/wp-content\/uploads\/2022\/08\/logo-1.png\",\"width\":227,\"height\":301,\"caption\":\"Librairie 7L\"},\"image\":{\"@id\":\"https:\/\/librairie7l.com\/en\/#\/schema\/logo\/image\/\"}}]}<\/script>\n<!-- \/ Yoast SEO plugin. -->","yoast_head_json":{"title":"True colors : Color in photography from 1849 to 1955 - Librairie 7L","robots":{"index":"index","follow":"follow","max-snippet":"max-snippet:-1","max-image-preview":"max-image-preview:large","max-video-preview":"max-video-preview:-1"},"canonical":"https:\/\/librairie7l.com\/en\/produit\/true-colors-color-in-photography-from-1849-to-1955-2\/","og_locale":"en_US","og_type":"article","og_title":"True colors : Color in photography from 1849 to 1955 - Librairie 7L","og_description":"Der Katalog zeichnet den spannenden Weg von den Anf\u00e4ngen im 19. Jahrhundert bis zu einer allgemein anwendbaren analogen Farbfotografie mit dem ersten Kodak-Farbdiafilm im Jahr 1936 nach. Mit den verschiedenen Farbgebungsverfahren er\u00f6ffnete sich ein neuer, farbiger Kosmos. Anhand der einzigartigen Sammlung der Albertina wird das komplexe Thema der historischen Fotografie in Farbe beleuchtet. Der Bogen [&hellip;]","og_url":"https:\/\/librairie7l.com\/en\/produit\/true-colors-color-in-photography-from-1849-to-1955-2\/","og_site_name":"Librairie 7L","article_modified_time":"2026-04-08T13:27:29+00:00","og_image":[{"width":392,"height":500,"url":"https:\/\/librairie7l.com\/wp-content\/uploads\/2025\/06\/9783777445335_1_75.jpg","type":"image\/jpeg"}],"twitter_card":"summary_large_image","schema":{"@context":"https:\/\/schema.org","@graph":[{"@type":"WebPage","@id":"https:\/\/librairie7l.com\/en\/produit\/true-colors-color-in-photography-from-1849-to-1955-2\/","url":"https:\/\/librairie7l.com\/en\/produit\/true-colors-color-in-photography-from-1849-to-1955-2\/","name":"True colors : Color in photography from 1849 to 1955 - Librairie 7L","isPartOf":{"@id":"https:\/\/librairie7l.com\/en\/#website"},"datePublished":"2025-07-19T07:17:42+00:00","dateModified":"2026-04-08T13:27:29+00:00","breadcrumb":{"@id":"https:\/\/librairie7l.com\/en\/produit\/true-colors-color-in-photography-from-1849-to-1955-2\/#breadcrumb"},"inLanguage":"en-US","potentialAction":[{"@type":"ReadAction","target":["https:\/\/librairie7l.com\/en\/produit\/true-colors-color-in-photography-from-1849-to-1955-2\/"]}]},{"@type":"BreadcrumbList","@id":"https:\/\/librairie7l.com\/en\/produit\/true-colors-color-in-photography-from-1849-to-1955-2\/#breadcrumb","itemListElement":[{"@type":"ListItem","position":1,"name":"Accueil","item":"https:\/\/librairie7l.com\/en\/"},{"@type":"ListItem","position":2,"name":"Shop","item":"https:\/\/librairie7l.com\/en\/shop\/"},{"@type":"ListItem","position":3,"name":"TRUE COLORS : COLOR IN PHOTOGRAPHY FROM 1849 TO 1955"}]},{"@type":"WebSite","@id":"https:\/\/librairie7l.com\/en\/#website","url":"https:\/\/librairie7l.com\/en\/","name":"Librairie 7L","description":"Librairie fond\u00e9e en 1999 par Karl Lagerfeld \u00e0 Paris","publisher":{"@id":"https:\/\/librairie7l.com\/en\/#organization"},"potentialAction":[{"@type":"SearchAction","target":{"@type":"EntryPoint","urlTemplate":"https:\/\/librairie7l.com\/en\/?s={search_term_string}"},"query-input":"required name=search_term_string"}],"inLanguage":"en-US"},{"@type":"Organization","@id":"https:\/\/librairie7l.com\/en\/#organization","name":"Librairie 7L","url":"https:\/\/librairie7l.com\/en\/","logo":{"@type":"ImageObject","inLanguage":"en-US","@id":"https:\/\/librairie7l.com\/en\/#\/schema\/logo\/image\/","url":"https:\/\/librairie7l.com\/wp-content\/uploads\/2022\/08\/logo-1.png","contentUrl":"https:\/\/librairie7l.com\/wp-content\/uploads\/2022\/08\/logo-1.png","width":227,"height":301,"caption":"Librairie 7L"},"image":{"@id":"https:\/\/librairie7l.com\/en\/#\/schema\/logo\/image\/"}}]}},"_links":{"self":[{"href":"https:\/\/librairie7l.com\/en\/wp-json\/wp\/v2\/product\/49639"}],"collection":[{"href":"https:\/\/librairie7l.com\/en\/wp-json\/wp\/v2\/product"}],"about":[{"href":"https:\/\/librairie7l.com\/en\/wp-json\/wp\/v2\/types\/product"}],"wp:featuredmedia":[{"embeddable":true,"href":"https:\/\/librairie7l.com\/en\/wp-json\/wp\/v2\/media\/49637"}],"wp:attachment":[{"href":"https:\/\/librairie7l.com\/en\/wp-json\/wp\/v2\/media?parent=49639"}],"wp:term":[{"taxonomy":"product_cat","embeddable":true,"href":"https:\/\/librairie7l.com\/en\/wp-json\/wp\/v2\/product_cat?post=49639"},{"taxonomy":"product_tag","embeddable":true,"href":"https:\/\/librairie7l.com\/en\/wp-json\/wp\/v2\/product_tag?post=49639"}],"curies":[{"name":"wp","href":"https:\/\/api.w.org\/{rel}","templated":true}]}}