{"id":49647,"date":"2025-07-19T09:17:46","date_gmt":"2025-07-19T07:17:46","guid":{"rendered":"https:\/\/librairie7l.com\/?post_type=product&#038;p=49647"},"modified":"2026-04-18T11:16:45","modified_gmt":"2026-04-18T09:16:45","slug":"quest-ce-que-lart-2","status":"publish","type":"product","link":"https:\/\/librairie7l.com\/en\/produit\/quest-ce-que-lart-2\/","title":{"rendered":"QU&#8217;EST-CE QUE L&#8217;ART ?"},"content":{"rendered":"<p>Pendant toute une journ\u00e9e de 1979, Joseph Beuys est interrog\u00e9 par un petit groupe dans une \u00e9glise pour tenter de comprendre sa pratique d&#8217;artiste. Il est alors tr\u00e8s largement reconnu, apr\u00e8s avoir notamment particip\u00e9 \u00e0 diff\u00e9rentes Documenta \u00e0 Cassel et \u00e0 l&#8217;exposition mythique \u00ab Quand les attitudes deviennent formes \u00bb de Harald Szeemann. Sa conception de l&#8217;art comme rapport au monde, comme vecteur de transformation sociale, fait de tout un chacun un artiste : \u00ab Les danseurs ne font rien d&#8217;autre que se d\u00e9placer sur leurs jambes. Et au fond les hommes qui se d\u00e9placent au milieu de la circulation sont aussi des danseurs. \u00bb, annonce-t-il au cours de cet entretien foisonnant.<br \/>\nAu fil de la discussion, Beuys \u00e9voque plusieurs de ses oeuvres et sa pratique quotidienne, mais aussi plus largement son engagement politique et sa conception de la transmission avec une v\u00e9ritable pens\u00e9e des formes et des mati\u00e8res.<br \/>\nFinalement, la r\u00e9ponse courte \u00e0 la question Qu&#8217;est-ce que l&#8217;art ? pourrait \u00eatre : \u00ab une sorte de science de la libert\u00e9. \u00bb<\/p>\n","protected":false},"excerpt":{"rendered":"<p>Pendant toute une journ\u00e9e de 1979, Joseph Beuys est interrog\u00e9 par un petit groupe dans une \u00e9glise pour tenter de comprendre sa pratique d&#8217;artiste. Il est alors tr\u00e8s largement reconnu, apr\u00e8s avoir notamment particip\u00e9 \u00e0 diff\u00e9rentes Documenta \u00e0 Cassel et \u00e0 l&#8217;exposition mythique \u00ab Quand les attitudes deviennent formes \u00bb de Harald Szeemann. Sa conception [&hellip;]<\/p>\n","protected":false},"featured_media":49645,"template":"","meta":[],"product_cat":[2948,2953],"product_tag":[],"acf":[],"yoast_head":"<!-- This site is optimized with the Yoast SEO plugin v20.11 - https:\/\/yoast.com\/wordpress\/plugins\/seo\/ -->\n<title>Qu&#039;est-ce que l&#039;art ? - Librairie 7L<\/title>\n<meta name=\"robots\" content=\"index, follow, max-snippet:-1, max-image-preview:large, max-video-preview:-1\" \/>\n<link rel=\"canonical\" href=\"https:\/\/librairie7l.com\/en\/produit\/quest-ce-que-lart-2\/\" \/>\n<meta property=\"og:locale\" content=\"en_US\" \/>\n<meta property=\"og:type\" content=\"article\" \/>\n<meta property=\"og:title\" content=\"Qu&#039;est-ce que l&#039;art ? - Librairie 7L\" \/>\n<meta property=\"og:description\" content=\"Pendant toute une journ\u00e9e de 1979, Joseph Beuys est interrog\u00e9 par un petit groupe dans une \u00e9glise pour tenter de comprendre sa pratique d&#8217;artiste. Il est alors tr\u00e8s largement reconnu, apr\u00e8s avoir notamment particip\u00e9 \u00e0 diff\u00e9rentes Documenta \u00e0 Cassel et \u00e0 l&#8217;exposition mythique \u00ab Quand les attitudes deviennent formes \u00bb de Harald Szeemann. Sa conception [&hellip;]\" \/>\n<meta property=\"og:url\" content=\"https:\/\/librairie7l.com\/en\/produit\/quest-ce-que-lart-2\/\" \/>\n<meta property=\"og:site_name\" content=\"Librairie 7L\" \/>\n<meta property=\"article:modified_time\" content=\"2026-04-18T09:16:45+00:00\" \/>\n<meta property=\"og:image\" content=\"https:\/\/librairie7l.com\/wp-content\/uploads\/2024\/09\/9782381980775_1_75.jpg\" \/>\n\t<meta property=\"og:image:width\" content=\"600\" \/>\n\t<meta property=\"og:image:height\" content=\"969\" \/>\n\t<meta property=\"og:image:type\" content=\"image\/jpeg\" \/>\n<meta name=\"twitter:card\" content=\"summary_large_image\" \/>\n<meta name=\"twitter:label1\" content=\"Est. reading time\" \/>\n\t<meta name=\"twitter:data1\" content=\"1 minute\" \/>\n<script type=\"application\/ld+json\" class=\"yoast-schema-graph\">{\"@context\":\"https:\/\/schema.org\",\"@graph\":[{\"@type\":\"WebPage\",\"@id\":\"https:\/\/librairie7l.com\/en\/produit\/quest-ce-que-lart-2\/\",\"url\":\"https:\/\/librairie7l.com\/en\/produit\/quest-ce-que-lart-2\/\",\"name\":\"Qu'est-ce que l'art ? - Librairie 7L\",\"isPartOf\":{\"@id\":\"https:\/\/librairie7l.com\/en\/#website\"},\"datePublished\":\"2025-07-19T07:17:46+00:00\",\"dateModified\":\"2026-04-18T09:16:45+00:00\",\"breadcrumb\":{\"@id\":\"https:\/\/librairie7l.com\/en\/produit\/quest-ce-que-lart-2\/#breadcrumb\"},\"inLanguage\":\"en-US\",\"potentialAction\":[{\"@type\":\"ReadAction\",\"target\":[\"https:\/\/librairie7l.com\/en\/produit\/quest-ce-que-lart-2\/\"]}]},{\"@type\":\"BreadcrumbList\",\"@id\":\"https:\/\/librairie7l.com\/en\/produit\/quest-ce-que-lart-2\/#breadcrumb\",\"itemListElement\":[{\"@type\":\"ListItem\",\"position\":1,\"name\":\"Accueil\",\"item\":\"https:\/\/librairie7l.com\/en\/\"},{\"@type\":\"ListItem\",\"position\":2,\"name\":\"Shop\",\"item\":\"https:\/\/librairie7l.com\/en\/shop\/\"},{\"@type\":\"ListItem\",\"position\":3,\"name\":\"QU&#8217;EST-CE QUE L&#8217;ART ?\"}]},{\"@type\":\"WebSite\",\"@id\":\"https:\/\/librairie7l.com\/en\/#website\",\"url\":\"https:\/\/librairie7l.com\/en\/\",\"name\":\"Librairie 7L\",\"description\":\"Librairie fond\u00e9e en 1999 par Karl Lagerfeld \u00e0 Paris\",\"publisher\":{\"@id\":\"https:\/\/librairie7l.com\/en\/#organization\"},\"potentialAction\":[{\"@type\":\"SearchAction\",\"target\":{\"@type\":\"EntryPoint\",\"urlTemplate\":\"https:\/\/librairie7l.com\/en\/?s={search_term_string}\"},\"query-input\":\"required name=search_term_string\"}],\"inLanguage\":\"en-US\"},{\"@type\":\"Organization\",\"@id\":\"https:\/\/librairie7l.com\/en\/#organization\",\"name\":\"Librairie 7L\",\"url\":\"https:\/\/librairie7l.com\/en\/\",\"logo\":{\"@type\":\"ImageObject\",\"inLanguage\":\"en-US\",\"@id\":\"https:\/\/librairie7l.com\/en\/#\/schema\/logo\/image\/\",\"url\":\"https:\/\/librairie7l.com\/wp-content\/uploads\/2022\/08\/logo-1.png\",\"contentUrl\":\"https:\/\/librairie7l.com\/wp-content\/uploads\/2022\/08\/logo-1.png\",\"width\":227,\"height\":301,\"caption\":\"Librairie 7L\"},\"image\":{\"@id\":\"https:\/\/librairie7l.com\/en\/#\/schema\/logo\/image\/\"}}]}<\/script>\n<!-- \/ Yoast SEO plugin. -->","yoast_head_json":{"title":"Qu'est-ce que l'art ? - Librairie 7L","robots":{"index":"index","follow":"follow","max-snippet":"max-snippet:-1","max-image-preview":"max-image-preview:large","max-video-preview":"max-video-preview:-1"},"canonical":"https:\/\/librairie7l.com\/en\/produit\/quest-ce-que-lart-2\/","og_locale":"en_US","og_type":"article","og_title":"Qu'est-ce que l'art ? - Librairie 7L","og_description":"Pendant toute une journ\u00e9e de 1979, Joseph Beuys est interrog\u00e9 par un petit groupe dans une \u00e9glise pour tenter de comprendre sa pratique d&#8217;artiste. Il est alors tr\u00e8s largement reconnu, apr\u00e8s avoir notamment particip\u00e9 \u00e0 diff\u00e9rentes Documenta \u00e0 Cassel et \u00e0 l&#8217;exposition mythique \u00ab Quand les attitudes deviennent formes \u00bb de Harald Szeemann. Sa conception [&hellip;]","og_url":"https:\/\/librairie7l.com\/en\/produit\/quest-ce-que-lart-2\/","og_site_name":"Librairie 7L","article_modified_time":"2026-04-18T09:16:45+00:00","og_image":[{"width":600,"height":969,"url":"https:\/\/librairie7l.com\/wp-content\/uploads\/2024\/09\/9782381980775_1_75.jpg","type":"image\/jpeg"}],"twitter_card":"summary_large_image","twitter_misc":{"Est. reading time":"1 minute"},"schema":{"@context":"https:\/\/schema.org","@graph":[{"@type":"WebPage","@id":"https:\/\/librairie7l.com\/en\/produit\/quest-ce-que-lart-2\/","url":"https:\/\/librairie7l.com\/en\/produit\/quest-ce-que-lart-2\/","name":"Qu'est-ce que l'art ? - Librairie 7L","isPartOf":{"@id":"https:\/\/librairie7l.com\/en\/#website"},"datePublished":"2025-07-19T07:17:46+00:00","dateModified":"2026-04-18T09:16:45+00:00","breadcrumb":{"@id":"https:\/\/librairie7l.com\/en\/produit\/quest-ce-que-lart-2\/#breadcrumb"},"inLanguage":"en-US","potentialAction":[{"@type":"ReadAction","target":["https:\/\/librairie7l.com\/en\/produit\/quest-ce-que-lart-2\/"]}]},{"@type":"BreadcrumbList","@id":"https:\/\/librairie7l.com\/en\/produit\/quest-ce-que-lart-2\/#breadcrumb","itemListElement":[{"@type":"ListItem","position":1,"name":"Accueil","item":"https:\/\/librairie7l.com\/en\/"},{"@type":"ListItem","position":2,"name":"Shop","item":"https:\/\/librairie7l.com\/en\/shop\/"},{"@type":"ListItem","position":3,"name":"QU&#8217;EST-CE QUE L&#8217;ART ?"}]},{"@type":"WebSite","@id":"https:\/\/librairie7l.com\/en\/#website","url":"https:\/\/librairie7l.com\/en\/","name":"Librairie 7L","description":"Librairie fond\u00e9e en 1999 par Karl Lagerfeld \u00e0 Paris","publisher":{"@id":"https:\/\/librairie7l.com\/en\/#organization"},"potentialAction":[{"@type":"SearchAction","target":{"@type":"EntryPoint","urlTemplate":"https:\/\/librairie7l.com\/en\/?s={search_term_string}"},"query-input":"required name=search_term_string"}],"inLanguage":"en-US"},{"@type":"Organization","@id":"https:\/\/librairie7l.com\/en\/#organization","name":"Librairie 7L","url":"https:\/\/librairie7l.com\/en\/","logo":{"@type":"ImageObject","inLanguage":"en-US","@id":"https:\/\/librairie7l.com\/en\/#\/schema\/logo\/image\/","url":"https:\/\/librairie7l.com\/wp-content\/uploads\/2022\/08\/logo-1.png","contentUrl":"https:\/\/librairie7l.com\/wp-content\/uploads\/2022\/08\/logo-1.png","width":227,"height":301,"caption":"Librairie 7L"},"image":{"@id":"https:\/\/librairie7l.com\/en\/#\/schema\/logo\/image\/"}}]}},"_links":{"self":[{"href":"https:\/\/librairie7l.com\/en\/wp-json\/wp\/v2\/product\/49647"}],"collection":[{"href":"https:\/\/librairie7l.com\/en\/wp-json\/wp\/v2\/product"}],"about":[{"href":"https:\/\/librairie7l.com\/en\/wp-json\/wp\/v2\/types\/product"}],"wp:featuredmedia":[{"embeddable":true,"href":"https:\/\/librairie7l.com\/en\/wp-json\/wp\/v2\/media\/49645"}],"wp:attachment":[{"href":"https:\/\/librairie7l.com\/en\/wp-json\/wp\/v2\/media?parent=49647"}],"wp:term":[{"taxonomy":"product_cat","embeddable":true,"href":"https:\/\/librairie7l.com\/en\/wp-json\/wp\/v2\/product_cat?post=49647"},{"taxonomy":"product_tag","embeddable":true,"href":"https:\/\/librairie7l.com\/en\/wp-json\/wp\/v2\/product_tag?post=49647"}],"curies":[{"name":"wp","href":"https:\/\/api.w.org\/{rel}","templated":true}]}}