{"id":49663,"date":"2025-07-20T14:51:14","date_gmt":"2025-07-20T12:51:14","guid":{"rendered":"https:\/\/librairie7l.com\/?post_type=product&#038;p=49663"},"modified":"2026-04-06T18:49:08","modified_gmt":"2026-04-06T16:49:08","slug":"une-vie-darchitecte-a-tokyo-2","status":"publish","type":"product","link":"https:\/\/librairie7l.com\/en\/produit\/une-vie-darchitecte-a-tokyo-2\/","title":{"rendered":"UNE VIE D&#8217;ARCHITECTE \u00c0 TOKYO"},"content":{"rendered":"<p>\u00ab Le crit\u00e8re pour l&#8217;architecture apr\u00e8s le tsunami est l&#8217;humilit\u00e9. \u00bb Kengo Kuma avait presque 10 ans lorsqu&#8217;il visita, \u00e0 l&#8217;occasion des Jeux olympiques de Tokyo de 1964, le gymnase Yoyogi, en forme d&#8217;immense poisson, con\u00e7u par Kenzo Tange. Ce b\u00e2timent le marqua profond\u00e9ment et suite \u00e0 cette exp\u00e9rience forte, il d\u00e9cida de devenir architecte.<br \/>\nPassionn\u00e9 par la culture et l&#8217;architecture traditionnelles de son pays, o\u00f9 l&#8217;usage et le travail des bois sont pouss\u00e9s \u00e0 une sorte de paroxysme symbolique et o\u00f9 mat\u00e9riaux naturels et gestes ancestraux sont m\u00eal\u00e9s de mani\u00e8re surprenante \u00e0 une modernit\u00e9 sans concession, Kengo Kuma a trac\u00e9 son chemin. Il a cr\u00e9\u00e9 son atelier en 1990 et se retrouve aujourd&#8217;hui \u00e0 la t\u00eate d&#8217;un groupe d&#8217;agences d&#8217;architecture implant\u00e9es au Japon, en Chine, aux \u00c9tats-Unis et en France. Sa production, impressionnante en nombre de projets, demeure pourtant empreinte de la m\u00eame philosophie : une audacieuse inventivit\u00e9 et une frugalit\u00e9 de moyens, un recours aux mat\u00e9riaux traditionnels (bois, bambou, terre, pierre) utilis\u00e9s de mani\u00e8re contemporaine et, \u00e0 l&#8217;inverse, un usage vernaculaire des mat\u00e9riaux innovants, un respect de l&#8217;histoire et des sites.<\/p>\n","protected":false},"excerpt":{"rendered":"<p>\u00ab Le crit\u00e8re pour l&#8217;architecture apr\u00e8s le tsunami est l&#8217;humilit\u00e9. \u00bb Kengo Kuma avait presque 10 ans lorsqu&#8217;il visita, \u00e0 l&#8217;occasion des Jeux olympiques de Tokyo de 1964, le gymnase Yoyogi, en forme d&#8217;immense poisson, con\u00e7u par Kenzo Tange. Ce b\u00e2timent le marqua profond\u00e9ment et suite \u00e0 cette exp\u00e9rience forte, il d\u00e9cida de devenir architecte. [&hellip;]<\/p>\n","protected":false},"featured_media":49661,"template":"","meta":[],"product_cat":[7364,2948],"product_tag":[],"acf":[],"yoast_head":"<!-- This site is optimized with the Yoast SEO plugin v20.11 - https:\/\/yoast.com\/wordpress\/plugins\/seo\/ -->\n<title>Une vie d&#039;architecte \u00e0 Tokyo - Librairie 7L<\/title>\n<meta name=\"robots\" content=\"index, follow, max-snippet:-1, max-image-preview:large, max-video-preview:-1\" \/>\n<link rel=\"canonical\" href=\"https:\/\/librairie7l.com\/en\/produit\/une-vie-darchitecte-a-tokyo-2\/\" \/>\n<meta property=\"og:locale\" content=\"en_US\" \/>\n<meta property=\"og:type\" content=\"article\" \/>\n<meta property=\"og:title\" content=\"Une vie d&#039;architecte \u00e0 Tokyo - Librairie 7L\" \/>\n<meta property=\"og:description\" content=\"\u00ab Le crit\u00e8re pour l&#8217;architecture apr\u00e8s le tsunami est l&#8217;humilit\u00e9. \u00bb Kengo Kuma avait presque 10 ans lorsqu&#8217;il visita, \u00e0 l&#8217;occasion des Jeux olympiques de Tokyo de 1964, le gymnase Yoyogi, en forme d&#8217;immense poisson, con\u00e7u par Kenzo Tange. Ce b\u00e2timent le marqua profond\u00e9ment et suite \u00e0 cette exp\u00e9rience forte, il d\u00e9cida de devenir architecte. [&hellip;]\" \/>\n<meta property=\"og:url\" content=\"https:\/\/librairie7l.com\/en\/produit\/une-vie-darchitecte-a-tokyo-2\/\" \/>\n<meta property=\"og:site_name\" content=\"Librairie 7L\" \/>\n<meta property=\"article:modified_time\" content=\"2026-04-06T16:49:08+00:00\" \/>\n<meta property=\"og:image\" content=\"https:\/\/librairie7l.com\/wp-content\/uploads\/2020\/09\/9782863643686_1_75.jpg\" \/>\n\t<meta property=\"og:image:width\" content=\"600\" \/>\n\t<meta property=\"og:image:height\" content=\"826\" \/>\n\t<meta property=\"og:image:type\" content=\"image\/jpeg\" \/>\n<meta name=\"twitter:card\" content=\"summary_large_image\" \/>\n<meta name=\"twitter:label1\" content=\"Est. reading time\" \/>\n\t<meta name=\"twitter:data1\" content=\"1 minute\" \/>\n<script type=\"application\/ld+json\" class=\"yoast-schema-graph\">{\"@context\":\"https:\/\/schema.org\",\"@graph\":[{\"@type\":\"WebPage\",\"@id\":\"https:\/\/librairie7l.com\/en\/produit\/une-vie-darchitecte-a-tokyo-2\/\",\"url\":\"https:\/\/librairie7l.com\/en\/produit\/une-vie-darchitecte-a-tokyo-2\/\",\"name\":\"Une vie d'architecte \u00e0 Tokyo - Librairie 7L\",\"isPartOf\":{\"@id\":\"https:\/\/librairie7l.com\/en\/#website\"},\"datePublished\":\"2025-07-20T12:51:14+00:00\",\"dateModified\":\"2026-04-06T16:49:08+00:00\",\"breadcrumb\":{\"@id\":\"https:\/\/librairie7l.com\/en\/produit\/une-vie-darchitecte-a-tokyo-2\/#breadcrumb\"},\"inLanguage\":\"en-US\",\"potentialAction\":[{\"@type\":\"ReadAction\",\"target\":[\"https:\/\/librairie7l.com\/en\/produit\/une-vie-darchitecte-a-tokyo-2\/\"]}]},{\"@type\":\"BreadcrumbList\",\"@id\":\"https:\/\/librairie7l.com\/en\/produit\/une-vie-darchitecte-a-tokyo-2\/#breadcrumb\",\"itemListElement\":[{\"@type\":\"ListItem\",\"position\":1,\"name\":\"Accueil\",\"item\":\"https:\/\/librairie7l.com\/en\/\"},{\"@type\":\"ListItem\",\"position\":2,\"name\":\"Shop\",\"item\":\"https:\/\/librairie7l.com\/en\/shop\/\"},{\"@type\":\"ListItem\",\"position\":3,\"name\":\"UNE VIE D&#8217;ARCHITECTE \u00c0 TOKYO\"}]},{\"@type\":\"WebSite\",\"@id\":\"https:\/\/librairie7l.com\/en\/#website\",\"url\":\"https:\/\/librairie7l.com\/en\/\",\"name\":\"Librairie 7L\",\"description\":\"Librairie fond\u00e9e en 1999 par Karl Lagerfeld \u00e0 Paris\",\"publisher\":{\"@id\":\"https:\/\/librairie7l.com\/en\/#organization\"},\"potentialAction\":[{\"@type\":\"SearchAction\",\"target\":{\"@type\":\"EntryPoint\",\"urlTemplate\":\"https:\/\/librairie7l.com\/en\/?s={search_term_string}\"},\"query-input\":\"required name=search_term_string\"}],\"inLanguage\":\"en-US\"},{\"@type\":\"Organization\",\"@id\":\"https:\/\/librairie7l.com\/en\/#organization\",\"name\":\"Librairie 7L\",\"url\":\"https:\/\/librairie7l.com\/en\/\",\"logo\":{\"@type\":\"ImageObject\",\"inLanguage\":\"en-US\",\"@id\":\"https:\/\/librairie7l.com\/en\/#\/schema\/logo\/image\/\",\"url\":\"https:\/\/librairie7l.com\/wp-content\/uploads\/2022\/08\/logo-1.png\",\"contentUrl\":\"https:\/\/librairie7l.com\/wp-content\/uploads\/2022\/08\/logo-1.png\",\"width\":227,\"height\":301,\"caption\":\"Librairie 7L\"},\"image\":{\"@id\":\"https:\/\/librairie7l.com\/en\/#\/schema\/logo\/image\/\"}}]}<\/script>\n<!-- \/ Yoast SEO plugin. -->","yoast_head_json":{"title":"Une vie d'architecte \u00e0 Tokyo - Librairie 7L","robots":{"index":"index","follow":"follow","max-snippet":"max-snippet:-1","max-image-preview":"max-image-preview:large","max-video-preview":"max-video-preview:-1"},"canonical":"https:\/\/librairie7l.com\/en\/produit\/une-vie-darchitecte-a-tokyo-2\/","og_locale":"en_US","og_type":"article","og_title":"Une vie d'architecte \u00e0 Tokyo - Librairie 7L","og_description":"\u00ab Le crit\u00e8re pour l&#8217;architecture apr\u00e8s le tsunami est l&#8217;humilit\u00e9. \u00bb Kengo Kuma avait presque 10 ans lorsqu&#8217;il visita, \u00e0 l&#8217;occasion des Jeux olympiques de Tokyo de 1964, le gymnase Yoyogi, en forme d&#8217;immense poisson, con\u00e7u par Kenzo Tange. Ce b\u00e2timent le marqua profond\u00e9ment et suite \u00e0 cette exp\u00e9rience forte, il d\u00e9cida de devenir architecte. [&hellip;]","og_url":"https:\/\/librairie7l.com\/en\/produit\/une-vie-darchitecte-a-tokyo-2\/","og_site_name":"Librairie 7L","article_modified_time":"2026-04-06T16:49:08+00:00","og_image":[{"width":600,"height":826,"url":"https:\/\/librairie7l.com\/wp-content\/uploads\/2020\/09\/9782863643686_1_75.jpg","type":"image\/jpeg"}],"twitter_card":"summary_large_image","twitter_misc":{"Est. reading time":"1 minute"},"schema":{"@context":"https:\/\/schema.org","@graph":[{"@type":"WebPage","@id":"https:\/\/librairie7l.com\/en\/produit\/une-vie-darchitecte-a-tokyo-2\/","url":"https:\/\/librairie7l.com\/en\/produit\/une-vie-darchitecte-a-tokyo-2\/","name":"Une vie d'architecte \u00e0 Tokyo - Librairie 7L","isPartOf":{"@id":"https:\/\/librairie7l.com\/en\/#website"},"datePublished":"2025-07-20T12:51:14+00:00","dateModified":"2026-04-06T16:49:08+00:00","breadcrumb":{"@id":"https:\/\/librairie7l.com\/en\/produit\/une-vie-darchitecte-a-tokyo-2\/#breadcrumb"},"inLanguage":"en-US","potentialAction":[{"@type":"ReadAction","target":["https:\/\/librairie7l.com\/en\/produit\/une-vie-darchitecte-a-tokyo-2\/"]}]},{"@type":"BreadcrumbList","@id":"https:\/\/librairie7l.com\/en\/produit\/une-vie-darchitecte-a-tokyo-2\/#breadcrumb","itemListElement":[{"@type":"ListItem","position":1,"name":"Accueil","item":"https:\/\/librairie7l.com\/en\/"},{"@type":"ListItem","position":2,"name":"Shop","item":"https:\/\/librairie7l.com\/en\/shop\/"},{"@type":"ListItem","position":3,"name":"UNE VIE D&#8217;ARCHITECTE \u00c0 TOKYO"}]},{"@type":"WebSite","@id":"https:\/\/librairie7l.com\/en\/#website","url":"https:\/\/librairie7l.com\/en\/","name":"Librairie 7L","description":"Librairie fond\u00e9e en 1999 par Karl Lagerfeld \u00e0 Paris","publisher":{"@id":"https:\/\/librairie7l.com\/en\/#organization"},"potentialAction":[{"@type":"SearchAction","target":{"@type":"EntryPoint","urlTemplate":"https:\/\/librairie7l.com\/en\/?s={search_term_string}"},"query-input":"required name=search_term_string"}],"inLanguage":"en-US"},{"@type":"Organization","@id":"https:\/\/librairie7l.com\/en\/#organization","name":"Librairie 7L","url":"https:\/\/librairie7l.com\/en\/","logo":{"@type":"ImageObject","inLanguage":"en-US","@id":"https:\/\/librairie7l.com\/en\/#\/schema\/logo\/image\/","url":"https:\/\/librairie7l.com\/wp-content\/uploads\/2022\/08\/logo-1.png","contentUrl":"https:\/\/librairie7l.com\/wp-content\/uploads\/2022\/08\/logo-1.png","width":227,"height":301,"caption":"Librairie 7L"},"image":{"@id":"https:\/\/librairie7l.com\/en\/#\/schema\/logo\/image\/"}}]}},"_links":{"self":[{"href":"https:\/\/librairie7l.com\/en\/wp-json\/wp\/v2\/product\/49663"}],"collection":[{"href":"https:\/\/librairie7l.com\/en\/wp-json\/wp\/v2\/product"}],"about":[{"href":"https:\/\/librairie7l.com\/en\/wp-json\/wp\/v2\/types\/product"}],"wp:featuredmedia":[{"embeddable":true,"href":"https:\/\/librairie7l.com\/en\/wp-json\/wp\/v2\/media\/49661"}],"wp:attachment":[{"href":"https:\/\/librairie7l.com\/en\/wp-json\/wp\/v2\/media?parent=49663"}],"wp:term":[{"taxonomy":"product_cat","embeddable":true,"href":"https:\/\/librairie7l.com\/en\/wp-json\/wp\/v2\/product_cat?post=49663"},{"taxonomy":"product_tag","embeddable":true,"href":"https:\/\/librairie7l.com\/en\/wp-json\/wp\/v2\/product_tag?post=49663"}],"curies":[{"name":"wp","href":"https:\/\/api.w.org\/{rel}","templated":true}]}}