{"id":49676,"date":"2025-07-23T10:14:37","date_gmt":"2025-07-23T08:14:37","guid":{"rendered":"https:\/\/librairie7l.com\/?post_type=product&#038;p=49676"},"modified":"2026-04-06T20:37:31","modified_gmt":"2026-04-06T18:37:31","slug":"pino-pascali-retour-a-la-mediterranee-2","status":"publish","type":"product","link":"https:\/\/librairie7l.com\/en\/produit\/pino-pascali-retour-a-la-mediterranee-2\/","title":{"rendered":"PINO PASCALI : RETOUR \u00c0 LA M\u00c9DITERRAN\u00c9E"},"content":{"rendered":"<p>Ouvrage de r\u00e9f\u00e9rence, le premier en fran\u00e7ais consacr\u00e9 \u00e0 l&#8217;oeuvre de Pino Pascali, figure centrale de l&#8217;Arte Povera et de l&#8217;art des ann\u00e9es 1960.<\/p>\n<p>Pino Pascali (1935-1968) est une com\u00e8te de l&#8217;art italien du XXe si\u00e8cle. En quatre ann\u00e9es seulement, de 1964 \u00e0 1968, il a su cr\u00e9er une oeuvre exceptionnelle. Sa conception audacieuse de la sculpture, de par les mat\u00e9riaux employ\u00e9s, ainsi que sa r\u00e9flexion sur l&#8217;exposition en font une figure centrale de l&#8217;art des ann\u00e9es 1960.<br \/>\nPino Pascali : retour \u00e0 la M\u00e9diterran\u00e9e est le premier livre consacr\u00e9 en France \u00e0 l&#8217;artiste italien. L&#8217;oeuvre y est analys\u00e9e en fonction de th\u00e8mes : la temporalit\u00e9 de la sculpture, la mise en sc\u00e8ne de soi, la sculpture comme art environnemental, l&#8217;attachement \u00e0 la M\u00e9diterran\u00e9e, l&#8217;int\u00e9r\u00eat pour l&#8217;anthropologie.<br \/>\nLes propos de l&#8217;artiste, ainsi que les nombreuses archives, principalement celles conserv\u00e9es \u00e0 la Fondazione-Museo Pino Pascali, constituent le mat\u00e9riau in\u00e9dit de l&#8217;analyse de cette oeuvre bien au-del\u00e0 de son rattachement \u00e0 l&#8217;Arte Povera.<br \/>\nOuvrage de r\u00e9f\u00e9rence, ce livre est moins une monographie exhaustive qu&#8217;une \u00e9tude qui s&#8217;attache \u00e0 consid\u00e9rer le travail sculptural de Pino Pascali au sein d&#8217;une conception plus \u00e9largie de la cr\u00e9ation ; une approche qui souhaite redonner \u00e0 cette oeuvre sa place centrale dans le paysage de l&#8217;histoire de la sculpture moderne et contemporaine et en pr\u00e9senter son \u00e9tonnante contemporan\u00e9it\u00e9.<\/p>\n","protected":false},"excerpt":{"rendered":"<p>Ouvrage de r\u00e9f\u00e9rence, le premier en fran\u00e7ais consacr\u00e9 \u00e0 l&#8217;oeuvre de Pino Pascali, figure centrale de l&#8217;Arte Povera et de l&#8217;art des ann\u00e9es 1960. Pino Pascali (1935-1968) est une com\u00e8te de l&#8217;art italien du XXe si\u00e8cle. En quatre ann\u00e9es seulement, de 1964 \u00e0 1968, il a su cr\u00e9er une oeuvre exceptionnelle. Sa conception audacieuse de [&hellip;]<\/p>\n","protected":false},"featured_media":49674,"template":"","meta":[],"product_cat":[7364,2948],"product_tag":[],"acf":[],"yoast_head":"<!-- This site is optimized with the Yoast SEO plugin v20.11 - https:\/\/yoast.com\/wordpress\/plugins\/seo\/ -->\n<title>Pino Pascali : retour \u00e0 la M\u00e9diterran\u00e9e - Librairie 7L<\/title>\n<meta name=\"robots\" content=\"index, follow, max-snippet:-1, max-image-preview:large, max-video-preview:-1\" \/>\n<link rel=\"canonical\" href=\"https:\/\/librairie7l.com\/en\/produit\/pino-pascali-retour-a-la-mediterranee-2\/\" \/>\n<meta property=\"og:locale\" content=\"en_US\" \/>\n<meta property=\"og:type\" content=\"article\" \/>\n<meta property=\"og:title\" content=\"Pino Pascali : retour \u00e0 la M\u00e9diterran\u00e9e - Librairie 7L\" \/>\n<meta property=\"og:description\" content=\"Ouvrage de r\u00e9f\u00e9rence, le premier en fran\u00e7ais consacr\u00e9 \u00e0 l&#8217;oeuvre de Pino Pascali, figure centrale de l&#8217;Arte Povera et de l&#8217;art des ann\u00e9es 1960. Pino Pascali (1935-1968) est une com\u00e8te de l&#8217;art italien du XXe si\u00e8cle. En quatre ann\u00e9es seulement, de 1964 \u00e0 1968, il a su cr\u00e9er une oeuvre exceptionnelle. Sa conception audacieuse de [&hellip;]\" \/>\n<meta property=\"og:url\" content=\"https:\/\/librairie7l.com\/en\/produit\/pino-pascali-retour-a-la-mediterranee-2\/\" \/>\n<meta property=\"og:site_name\" content=\"Librairie 7L\" \/>\n<meta property=\"article:modified_time\" content=\"2026-04-06T18:37:31+00:00\" \/>\n<meta property=\"og:image\" content=\"https:\/\/librairie7l.com\/wp-content\/uploads\/2015\/07\/9782840667803_1_75.jpg\" \/>\n\t<meta property=\"og:image:width\" content=\"208\" \/>\n\t<meta property=\"og:image:height\" content=\"300\" \/>\n\t<meta property=\"og:image:type\" content=\"image\/jpeg\" \/>\n<meta name=\"twitter:card\" content=\"summary_large_image\" \/>\n<meta name=\"twitter:label1\" content=\"Est. reading time\" \/>\n\t<meta name=\"twitter:data1\" content=\"1 minute\" \/>\n<script type=\"application\/ld+json\" class=\"yoast-schema-graph\">{\"@context\":\"https:\/\/schema.org\",\"@graph\":[{\"@type\":\"WebPage\",\"@id\":\"https:\/\/librairie7l.com\/en\/produit\/pino-pascali-retour-a-la-mediterranee-2\/\",\"url\":\"https:\/\/librairie7l.com\/en\/produit\/pino-pascali-retour-a-la-mediterranee-2\/\",\"name\":\"Pino Pascali : retour \u00e0 la M\u00e9diterran\u00e9e - Librairie 7L\",\"isPartOf\":{\"@id\":\"https:\/\/librairie7l.com\/en\/#website\"},\"datePublished\":\"2025-07-23T08:14:37+00:00\",\"dateModified\":\"2026-04-06T18:37:31+00:00\",\"breadcrumb\":{\"@id\":\"https:\/\/librairie7l.com\/en\/produit\/pino-pascali-retour-a-la-mediterranee-2\/#breadcrumb\"},\"inLanguage\":\"en-US\",\"potentialAction\":[{\"@type\":\"ReadAction\",\"target\":[\"https:\/\/librairie7l.com\/en\/produit\/pino-pascali-retour-a-la-mediterranee-2\/\"]}]},{\"@type\":\"BreadcrumbList\",\"@id\":\"https:\/\/librairie7l.com\/en\/produit\/pino-pascali-retour-a-la-mediterranee-2\/#breadcrumb\",\"itemListElement\":[{\"@type\":\"ListItem\",\"position\":1,\"name\":\"Accueil\",\"item\":\"https:\/\/librairie7l.com\/en\/\"},{\"@type\":\"ListItem\",\"position\":2,\"name\":\"Shop\",\"item\":\"https:\/\/librairie7l.com\/en\/shop\/\"},{\"@type\":\"ListItem\",\"position\":3,\"name\":\"PINO PASCALI : RETOUR \u00c0 LA M\u00c9DITERRAN\u00c9E\"}]},{\"@type\":\"WebSite\",\"@id\":\"https:\/\/librairie7l.com\/en\/#website\",\"url\":\"https:\/\/librairie7l.com\/en\/\",\"name\":\"Librairie 7L\",\"description\":\"Librairie fond\u00e9e en 1999 par Karl Lagerfeld \u00e0 Paris\",\"publisher\":{\"@id\":\"https:\/\/librairie7l.com\/en\/#organization\"},\"potentialAction\":[{\"@type\":\"SearchAction\",\"target\":{\"@type\":\"EntryPoint\",\"urlTemplate\":\"https:\/\/librairie7l.com\/en\/?s={search_term_string}\"},\"query-input\":\"required name=search_term_string\"}],\"inLanguage\":\"en-US\"},{\"@type\":\"Organization\",\"@id\":\"https:\/\/librairie7l.com\/en\/#organization\",\"name\":\"Librairie 7L\",\"url\":\"https:\/\/librairie7l.com\/en\/\",\"logo\":{\"@type\":\"ImageObject\",\"inLanguage\":\"en-US\",\"@id\":\"https:\/\/librairie7l.com\/en\/#\/schema\/logo\/image\/\",\"url\":\"https:\/\/librairie7l.com\/wp-content\/uploads\/2022\/08\/logo-1.png\",\"contentUrl\":\"https:\/\/librairie7l.com\/wp-content\/uploads\/2022\/08\/logo-1.png\",\"width\":227,\"height\":301,\"caption\":\"Librairie 7L\"},\"image\":{\"@id\":\"https:\/\/librairie7l.com\/en\/#\/schema\/logo\/image\/\"}}]}<\/script>\n<!-- \/ Yoast SEO plugin. -->","yoast_head_json":{"title":"Pino Pascali : retour \u00e0 la M\u00e9diterran\u00e9e - Librairie 7L","robots":{"index":"index","follow":"follow","max-snippet":"max-snippet:-1","max-image-preview":"max-image-preview:large","max-video-preview":"max-video-preview:-1"},"canonical":"https:\/\/librairie7l.com\/en\/produit\/pino-pascali-retour-a-la-mediterranee-2\/","og_locale":"en_US","og_type":"article","og_title":"Pino Pascali : retour \u00e0 la M\u00e9diterran\u00e9e - Librairie 7L","og_description":"Ouvrage de r\u00e9f\u00e9rence, le premier en fran\u00e7ais consacr\u00e9 \u00e0 l&#8217;oeuvre de Pino Pascali, figure centrale de l&#8217;Arte Povera et de l&#8217;art des ann\u00e9es 1960. Pino Pascali (1935-1968) est une com\u00e8te de l&#8217;art italien du XXe si\u00e8cle. En quatre ann\u00e9es seulement, de 1964 \u00e0 1968, il a su cr\u00e9er une oeuvre exceptionnelle. Sa conception audacieuse de [&hellip;]","og_url":"https:\/\/librairie7l.com\/en\/produit\/pino-pascali-retour-a-la-mediterranee-2\/","og_site_name":"Librairie 7L","article_modified_time":"2026-04-06T18:37:31+00:00","og_image":[{"width":208,"height":300,"url":"https:\/\/librairie7l.com\/wp-content\/uploads\/2015\/07\/9782840667803_1_75.jpg","type":"image\/jpeg"}],"twitter_card":"summary_large_image","twitter_misc":{"Est. reading time":"1 minute"},"schema":{"@context":"https:\/\/schema.org","@graph":[{"@type":"WebPage","@id":"https:\/\/librairie7l.com\/en\/produit\/pino-pascali-retour-a-la-mediterranee-2\/","url":"https:\/\/librairie7l.com\/en\/produit\/pino-pascali-retour-a-la-mediterranee-2\/","name":"Pino Pascali : retour \u00e0 la M\u00e9diterran\u00e9e - Librairie 7L","isPartOf":{"@id":"https:\/\/librairie7l.com\/en\/#website"},"datePublished":"2025-07-23T08:14:37+00:00","dateModified":"2026-04-06T18:37:31+00:00","breadcrumb":{"@id":"https:\/\/librairie7l.com\/en\/produit\/pino-pascali-retour-a-la-mediterranee-2\/#breadcrumb"},"inLanguage":"en-US","potentialAction":[{"@type":"ReadAction","target":["https:\/\/librairie7l.com\/en\/produit\/pino-pascali-retour-a-la-mediterranee-2\/"]}]},{"@type":"BreadcrumbList","@id":"https:\/\/librairie7l.com\/en\/produit\/pino-pascali-retour-a-la-mediterranee-2\/#breadcrumb","itemListElement":[{"@type":"ListItem","position":1,"name":"Accueil","item":"https:\/\/librairie7l.com\/en\/"},{"@type":"ListItem","position":2,"name":"Shop","item":"https:\/\/librairie7l.com\/en\/shop\/"},{"@type":"ListItem","position":3,"name":"PINO PASCALI : RETOUR \u00c0 LA M\u00c9DITERRAN\u00c9E"}]},{"@type":"WebSite","@id":"https:\/\/librairie7l.com\/en\/#website","url":"https:\/\/librairie7l.com\/en\/","name":"Librairie 7L","description":"Librairie fond\u00e9e en 1999 par Karl Lagerfeld \u00e0 Paris","publisher":{"@id":"https:\/\/librairie7l.com\/en\/#organization"},"potentialAction":[{"@type":"SearchAction","target":{"@type":"EntryPoint","urlTemplate":"https:\/\/librairie7l.com\/en\/?s={search_term_string}"},"query-input":"required name=search_term_string"}],"inLanguage":"en-US"},{"@type":"Organization","@id":"https:\/\/librairie7l.com\/en\/#organization","name":"Librairie 7L","url":"https:\/\/librairie7l.com\/en\/","logo":{"@type":"ImageObject","inLanguage":"en-US","@id":"https:\/\/librairie7l.com\/en\/#\/schema\/logo\/image\/","url":"https:\/\/librairie7l.com\/wp-content\/uploads\/2022\/08\/logo-1.png","contentUrl":"https:\/\/librairie7l.com\/wp-content\/uploads\/2022\/08\/logo-1.png","width":227,"height":301,"caption":"Librairie 7L"},"image":{"@id":"https:\/\/librairie7l.com\/en\/#\/schema\/logo\/image\/"}}]}},"_links":{"self":[{"href":"https:\/\/librairie7l.com\/en\/wp-json\/wp\/v2\/product\/49676"}],"collection":[{"href":"https:\/\/librairie7l.com\/en\/wp-json\/wp\/v2\/product"}],"about":[{"href":"https:\/\/librairie7l.com\/en\/wp-json\/wp\/v2\/types\/product"}],"wp:featuredmedia":[{"embeddable":true,"href":"https:\/\/librairie7l.com\/en\/wp-json\/wp\/v2\/media\/49674"}],"wp:attachment":[{"href":"https:\/\/librairie7l.com\/en\/wp-json\/wp\/v2\/media?parent=49676"}],"wp:term":[{"taxonomy":"product_cat","embeddable":true,"href":"https:\/\/librairie7l.com\/en\/wp-json\/wp\/v2\/product_cat?post=49676"},{"taxonomy":"product_tag","embeddable":true,"href":"https:\/\/librairie7l.com\/en\/wp-json\/wp\/v2\/product_tag?post=49676"}],"curies":[{"name":"wp","href":"https:\/\/api.w.org\/{rel}","templated":true}]}}