{"id":49686,"date":"2025-07-24T09:17:44","date_gmt":"2025-07-24T07:17:44","guid":{"rendered":"https:\/\/librairie7l.com\/?post_type=product&#038;p=49686"},"modified":"2026-04-09T14:00:54","modified_gmt":"2026-04-09T12:00:54","slug":"alexander-calder-modern-from-the-start-2","status":"publish","type":"product","link":"https:\/\/librairie7l.com\/en\/produit\/alexander-calder-modern-from-the-start-2\/","title":{"rendered":"ALEXANDER CALDER : MODERN FROM THE START"},"content":{"rendered":"<p>Alexander Calder: Modern from the Start examine le travail de Calder \u00e0 travers le prisme de sa connexion avec le MoMA, prenant comme point de d\u00e9part l&#8217;id\u00e9e que Calder a assum\u00e9 le r\u00f4le officieux d &#8216;\u00ab artiste maison \u00bb du Mus\u00e9e au cours de ses ann\u00e9es de formation. Suivant une chronologie l\u00e2che, le catalogue pr\u00e9sente des exemples de toute l&#8217;oeuvre de Calder, de ses premi\u00e8res sculptures en fil de fer des ann\u00e9es 1920 \u00e0 ses grands stabiles mono- et polychromes et aux mobiles de ses derni\u00e8res ann\u00e9es. Un essai de la conservatrice Cara Manes retrace la riche relation de Calder avec le MoMA, aliment\u00e9 par de nouvelles recherches dans les archives du Mus\u00e9e et de la Fondation Calder.<\/p>\n","protected":false},"excerpt":{"rendered":"<p>Alexander Calder: Modern from the Start examine le travail de Calder \u00e0 travers le prisme de sa connexion avec le MoMA, prenant comme point de d\u00e9part l&#8217;id\u00e9e que Calder a assum\u00e9 le r\u00f4le officieux d &#8216;\u00ab artiste maison \u00bb du Mus\u00e9e au cours de ses ann\u00e9es de formation. Suivant une chronologie l\u00e2che, le catalogue pr\u00e9sente [&hellip;]<\/p>\n","protected":false},"featured_media":49684,"template":"","meta":[],"product_cat":[2948,2953],"product_tag":[],"acf":[],"yoast_head":"<!-- This site is optimized with the Yoast SEO plugin v20.11 - https:\/\/yoast.com\/wordpress\/plugins\/seo\/ -->\n<title>Alexander Calder : Modern from the start - Librairie 7L<\/title>\n<meta name=\"robots\" content=\"index, follow, max-snippet:-1, max-image-preview:large, max-video-preview:-1\" \/>\n<link rel=\"canonical\" href=\"https:\/\/librairie7l.com\/en\/produit\/alexander-calder-modern-from-the-start-2\/\" \/>\n<meta property=\"og:locale\" content=\"en_US\" \/>\n<meta property=\"og:type\" content=\"article\" \/>\n<meta property=\"og:title\" content=\"Alexander Calder : Modern from the start - Librairie 7L\" \/>\n<meta property=\"og:description\" content=\"Alexander Calder: Modern from the Start examine le travail de Calder \u00e0 travers le prisme de sa connexion avec le MoMA, prenant comme point de d\u00e9part l&#8217;id\u00e9e que Calder a assum\u00e9 le r\u00f4le officieux d &#8216;\u00ab artiste maison \u00bb du Mus\u00e9e au cours de ses ann\u00e9es de formation. Suivant une chronologie l\u00e2che, le catalogue pr\u00e9sente [&hellip;]\" \/>\n<meta property=\"og:url\" content=\"https:\/\/librairie7l.com\/en\/produit\/alexander-calder-modern-from-the-start-2\/\" \/>\n<meta property=\"og:site_name\" content=\"Librairie 7L\" \/>\n<meta property=\"article:modified_time\" content=\"2026-04-09T12:00:54+00:00\" \/>\n<meta property=\"og:image\" content=\"https:\/\/librairie7l.com\/wp-content\/uploads\/2020\/12\/9781633451162_1_75.jpg\" \/>\n\t<meta property=\"og:image:width\" content=\"188\" \/>\n\t<meta property=\"og:image:height\" content=\"220\" \/>\n\t<meta property=\"og:image:type\" content=\"image\/jpeg\" \/>\n<meta name=\"twitter:card\" content=\"summary_large_image\" \/>\n<meta name=\"twitter:label1\" content=\"Est. reading time\" \/>\n\t<meta name=\"twitter:data1\" content=\"1 minute\" \/>\n<script type=\"application\/ld+json\" class=\"yoast-schema-graph\">{\"@context\":\"https:\/\/schema.org\",\"@graph\":[{\"@type\":\"WebPage\",\"@id\":\"https:\/\/librairie7l.com\/en\/produit\/alexander-calder-modern-from-the-start-2\/\",\"url\":\"https:\/\/librairie7l.com\/en\/produit\/alexander-calder-modern-from-the-start-2\/\",\"name\":\"Alexander Calder : Modern from the start - Librairie 7L\",\"isPartOf\":{\"@id\":\"https:\/\/librairie7l.com\/en\/#website\"},\"datePublished\":\"2025-07-24T07:17:44+00:00\",\"dateModified\":\"2026-04-09T12:00:54+00:00\",\"breadcrumb\":{\"@id\":\"https:\/\/librairie7l.com\/en\/produit\/alexander-calder-modern-from-the-start-2\/#breadcrumb\"},\"inLanguage\":\"en-US\",\"potentialAction\":[{\"@type\":\"ReadAction\",\"target\":[\"https:\/\/librairie7l.com\/en\/produit\/alexander-calder-modern-from-the-start-2\/\"]}]},{\"@type\":\"BreadcrumbList\",\"@id\":\"https:\/\/librairie7l.com\/en\/produit\/alexander-calder-modern-from-the-start-2\/#breadcrumb\",\"itemListElement\":[{\"@type\":\"ListItem\",\"position\":1,\"name\":\"Accueil\",\"item\":\"https:\/\/librairie7l.com\/en\/\"},{\"@type\":\"ListItem\",\"position\":2,\"name\":\"Shop\",\"item\":\"https:\/\/librairie7l.com\/en\/shop\/\"},{\"@type\":\"ListItem\",\"position\":3,\"name\":\"ALEXANDER CALDER : MODERN FROM THE START\"}]},{\"@type\":\"WebSite\",\"@id\":\"https:\/\/librairie7l.com\/en\/#website\",\"url\":\"https:\/\/librairie7l.com\/en\/\",\"name\":\"Librairie 7L\",\"description\":\"Librairie fond\u00e9e en 1999 par Karl Lagerfeld \u00e0 Paris\",\"publisher\":{\"@id\":\"https:\/\/librairie7l.com\/en\/#organization\"},\"potentialAction\":[{\"@type\":\"SearchAction\",\"target\":{\"@type\":\"EntryPoint\",\"urlTemplate\":\"https:\/\/librairie7l.com\/en\/?s={search_term_string}\"},\"query-input\":\"required name=search_term_string\"}],\"inLanguage\":\"en-US\"},{\"@type\":\"Organization\",\"@id\":\"https:\/\/librairie7l.com\/en\/#organization\",\"name\":\"Librairie 7L\",\"url\":\"https:\/\/librairie7l.com\/en\/\",\"logo\":{\"@type\":\"ImageObject\",\"inLanguage\":\"en-US\",\"@id\":\"https:\/\/librairie7l.com\/en\/#\/schema\/logo\/image\/\",\"url\":\"https:\/\/librairie7l.com\/wp-content\/uploads\/2022\/08\/logo-1.png\",\"contentUrl\":\"https:\/\/librairie7l.com\/wp-content\/uploads\/2022\/08\/logo-1.png\",\"width\":227,\"height\":301,\"caption\":\"Librairie 7L\"},\"image\":{\"@id\":\"https:\/\/librairie7l.com\/en\/#\/schema\/logo\/image\/\"}}]}<\/script>\n<!-- \/ Yoast SEO plugin. -->","yoast_head_json":{"title":"Alexander Calder : Modern from the start - Librairie 7L","robots":{"index":"index","follow":"follow","max-snippet":"max-snippet:-1","max-image-preview":"max-image-preview:large","max-video-preview":"max-video-preview:-1"},"canonical":"https:\/\/librairie7l.com\/en\/produit\/alexander-calder-modern-from-the-start-2\/","og_locale":"en_US","og_type":"article","og_title":"Alexander Calder : Modern from the start - Librairie 7L","og_description":"Alexander Calder: Modern from the Start examine le travail de Calder \u00e0 travers le prisme de sa connexion avec le MoMA, prenant comme point de d\u00e9part l&#8217;id\u00e9e que Calder a assum\u00e9 le r\u00f4le officieux d &#8216;\u00ab artiste maison \u00bb du Mus\u00e9e au cours de ses ann\u00e9es de formation. Suivant une chronologie l\u00e2che, le catalogue pr\u00e9sente [&hellip;]","og_url":"https:\/\/librairie7l.com\/en\/produit\/alexander-calder-modern-from-the-start-2\/","og_site_name":"Librairie 7L","article_modified_time":"2026-04-09T12:00:54+00:00","og_image":[{"width":188,"height":220,"url":"https:\/\/librairie7l.com\/wp-content\/uploads\/2020\/12\/9781633451162_1_75.jpg","type":"image\/jpeg"}],"twitter_card":"summary_large_image","twitter_misc":{"Est. reading time":"1 minute"},"schema":{"@context":"https:\/\/schema.org","@graph":[{"@type":"WebPage","@id":"https:\/\/librairie7l.com\/en\/produit\/alexander-calder-modern-from-the-start-2\/","url":"https:\/\/librairie7l.com\/en\/produit\/alexander-calder-modern-from-the-start-2\/","name":"Alexander Calder : Modern from the start - Librairie 7L","isPartOf":{"@id":"https:\/\/librairie7l.com\/en\/#website"},"datePublished":"2025-07-24T07:17:44+00:00","dateModified":"2026-04-09T12:00:54+00:00","breadcrumb":{"@id":"https:\/\/librairie7l.com\/en\/produit\/alexander-calder-modern-from-the-start-2\/#breadcrumb"},"inLanguage":"en-US","potentialAction":[{"@type":"ReadAction","target":["https:\/\/librairie7l.com\/en\/produit\/alexander-calder-modern-from-the-start-2\/"]}]},{"@type":"BreadcrumbList","@id":"https:\/\/librairie7l.com\/en\/produit\/alexander-calder-modern-from-the-start-2\/#breadcrumb","itemListElement":[{"@type":"ListItem","position":1,"name":"Accueil","item":"https:\/\/librairie7l.com\/en\/"},{"@type":"ListItem","position":2,"name":"Shop","item":"https:\/\/librairie7l.com\/en\/shop\/"},{"@type":"ListItem","position":3,"name":"ALEXANDER CALDER : MODERN FROM THE START"}]},{"@type":"WebSite","@id":"https:\/\/librairie7l.com\/en\/#website","url":"https:\/\/librairie7l.com\/en\/","name":"Librairie 7L","description":"Librairie fond\u00e9e en 1999 par Karl Lagerfeld \u00e0 Paris","publisher":{"@id":"https:\/\/librairie7l.com\/en\/#organization"},"potentialAction":[{"@type":"SearchAction","target":{"@type":"EntryPoint","urlTemplate":"https:\/\/librairie7l.com\/en\/?s={search_term_string}"},"query-input":"required name=search_term_string"}],"inLanguage":"en-US"},{"@type":"Organization","@id":"https:\/\/librairie7l.com\/en\/#organization","name":"Librairie 7L","url":"https:\/\/librairie7l.com\/en\/","logo":{"@type":"ImageObject","inLanguage":"en-US","@id":"https:\/\/librairie7l.com\/en\/#\/schema\/logo\/image\/","url":"https:\/\/librairie7l.com\/wp-content\/uploads\/2022\/08\/logo-1.png","contentUrl":"https:\/\/librairie7l.com\/wp-content\/uploads\/2022\/08\/logo-1.png","width":227,"height":301,"caption":"Librairie 7L"},"image":{"@id":"https:\/\/librairie7l.com\/en\/#\/schema\/logo\/image\/"}}]}},"_links":{"self":[{"href":"https:\/\/librairie7l.com\/en\/wp-json\/wp\/v2\/product\/49686"}],"collection":[{"href":"https:\/\/librairie7l.com\/en\/wp-json\/wp\/v2\/product"}],"about":[{"href":"https:\/\/librairie7l.com\/en\/wp-json\/wp\/v2\/types\/product"}],"wp:featuredmedia":[{"embeddable":true,"href":"https:\/\/librairie7l.com\/en\/wp-json\/wp\/v2\/media\/49684"}],"wp:attachment":[{"href":"https:\/\/librairie7l.com\/en\/wp-json\/wp\/v2\/media?parent=49686"}],"wp:term":[{"taxonomy":"product_cat","embeddable":true,"href":"https:\/\/librairie7l.com\/en\/wp-json\/wp\/v2\/product_cat?post=49686"},{"taxonomy":"product_tag","embeddable":true,"href":"https:\/\/librairie7l.com\/en\/wp-json\/wp\/v2\/product_tag?post=49686"}],"curies":[{"name":"wp","href":"https:\/\/api.w.org\/{rel}","templated":true}]}}