{"id":49704,"date":"2025-07-26T09:17:45","date_gmt":"2025-07-26T07:17:45","guid":{"rendered":"https:\/\/librairie7l.com\/?post_type=product&#038;p=49704"},"modified":"2026-04-30T16:10:42","modified_gmt":"2026-04-30T14:10:42","slug":"charleston-the-bloomsbury-muse-2","status":"publish","type":"product","link":"https:\/\/librairie7l.com\/en\/produit\/charleston-the-bloomsbury-muse-2\/","title":{"rendered":"CHARLESTON : THE BLOOMSBURY MUSE"},"content":{"rendered":"<p>Ce somptueux catalogue, accompagnant l&#8217;exposition \u00e0 la galerie Philip Mould &amp; Company, raconte l&#8217;histoire du grand attachement que Vanessa Bell et Duncan Grant portaient \u00e0 leur maison de Charleston Farmhouse et pr\u00e9sente le travail produit par les artistes entre les deux guerres mondiales. Cette magnifique collection d&#8217;oeuvres est merveilleusement pr\u00e9sent\u00e9e aux c\u00f4t\u00e9s d&#8217;essais \u00e9clairant et illustr\u00e9s, d&#8217;un entretien et d&#8217;un catalogue complet.<\/p>\n","protected":false},"excerpt":{"rendered":"<p>Ce somptueux catalogue, accompagnant l&#8217;exposition \u00e0 la galerie Philip Mould &amp; Company, raconte l&#8217;histoire du grand attachement que Vanessa Bell et Duncan Grant portaient \u00e0 leur maison de Charleston Farmhouse et pr\u00e9sente le travail produit par les artistes entre les deux guerres mondiales. Cette magnifique collection d&#8217;oeuvres est merveilleusement pr\u00e9sent\u00e9e aux c\u00f4t\u00e9s d&#8217;essais \u00e9clairant et [&hellip;]<\/p>\n","protected":false},"featured_media":49702,"template":"","meta":[],"product_cat":[2948,2953],"product_tag":[],"acf":[],"yoast_head":"<!-- This site is optimized with the Yoast SEO plugin v20.11 - https:\/\/yoast.com\/wordpress\/plugins\/seo\/ -->\n<title>Charleston : the bloomsbury muse - Librairie 7L<\/title>\n<meta name=\"robots\" content=\"index, follow, max-snippet:-1, max-image-preview:large, max-video-preview:-1\" \/>\n<link rel=\"canonical\" href=\"https:\/\/librairie7l.com\/en\/produit\/charleston-the-bloomsbury-muse-2\/\" \/>\n<meta property=\"og:locale\" content=\"en_US\" \/>\n<meta property=\"og:type\" content=\"article\" \/>\n<meta property=\"og:title\" content=\"Charleston : the bloomsbury muse - Librairie 7L\" \/>\n<meta property=\"og:description\" content=\"Ce somptueux catalogue, accompagnant l&#8217;exposition \u00e0 la galerie Philip Mould &amp; Company, raconte l&#8217;histoire du grand attachement que Vanessa Bell et Duncan Grant portaient \u00e0 leur maison de Charleston Farmhouse et pr\u00e9sente le travail produit par les artistes entre les deux guerres mondiales. Cette magnifique collection d&#8217;oeuvres est merveilleusement pr\u00e9sent\u00e9e aux c\u00f4t\u00e9s d&#8217;essais \u00e9clairant et [&hellip;]\" \/>\n<meta property=\"og:url\" content=\"https:\/\/librairie7l.com\/en\/produit\/charleston-the-bloomsbury-muse-2\/\" \/>\n<meta property=\"og:site_name\" content=\"Librairie 7L\" \/>\n<meta property=\"article:modified_time\" content=\"2026-04-30T14:10:42+00:00\" \/>\n<meta property=\"og:image\" content=\"https:\/\/librairie7l.com\/wp-content\/uploads\/2021\/07\/9781913645182_1_75.jpg\" \/>\n\t<meta property=\"og:image:width\" content=\"200\" \/>\n\t<meta property=\"og:image:height\" content=\"216\" \/>\n\t<meta property=\"og:image:type\" content=\"image\/jpeg\" \/>\n<meta name=\"twitter:card\" content=\"summary_large_image\" \/>\n<script type=\"application\/ld+json\" class=\"yoast-schema-graph\">{\"@context\":\"https:\/\/schema.org\",\"@graph\":[{\"@type\":\"WebPage\",\"@id\":\"https:\/\/librairie7l.com\/en\/produit\/charleston-the-bloomsbury-muse-2\/\",\"url\":\"https:\/\/librairie7l.com\/en\/produit\/charleston-the-bloomsbury-muse-2\/\",\"name\":\"Charleston : the bloomsbury muse - Librairie 7L\",\"isPartOf\":{\"@id\":\"https:\/\/librairie7l.com\/en\/#website\"},\"datePublished\":\"2025-07-26T07:17:45+00:00\",\"dateModified\":\"2026-04-30T14:10:42+00:00\",\"breadcrumb\":{\"@id\":\"https:\/\/librairie7l.com\/en\/produit\/charleston-the-bloomsbury-muse-2\/#breadcrumb\"},\"inLanguage\":\"en-US\",\"potentialAction\":[{\"@type\":\"ReadAction\",\"target\":[\"https:\/\/librairie7l.com\/en\/produit\/charleston-the-bloomsbury-muse-2\/\"]}]},{\"@type\":\"BreadcrumbList\",\"@id\":\"https:\/\/librairie7l.com\/en\/produit\/charleston-the-bloomsbury-muse-2\/#breadcrumb\",\"itemListElement\":[{\"@type\":\"ListItem\",\"position\":1,\"name\":\"Accueil\",\"item\":\"https:\/\/librairie7l.com\/en\/\"},{\"@type\":\"ListItem\",\"position\":2,\"name\":\"Shop\",\"item\":\"https:\/\/librairie7l.com\/en\/shop\/\"},{\"@type\":\"ListItem\",\"position\":3,\"name\":\"CHARLESTON : THE BLOOMSBURY MUSE\"}]},{\"@type\":\"WebSite\",\"@id\":\"https:\/\/librairie7l.com\/en\/#website\",\"url\":\"https:\/\/librairie7l.com\/en\/\",\"name\":\"Librairie 7L\",\"description\":\"Librairie fond\u00e9e en 1999 par Karl Lagerfeld \u00e0 Paris\",\"publisher\":{\"@id\":\"https:\/\/librairie7l.com\/en\/#organization\"},\"potentialAction\":[{\"@type\":\"SearchAction\",\"target\":{\"@type\":\"EntryPoint\",\"urlTemplate\":\"https:\/\/librairie7l.com\/en\/?s={search_term_string}\"},\"query-input\":\"required name=search_term_string\"}],\"inLanguage\":\"en-US\"},{\"@type\":\"Organization\",\"@id\":\"https:\/\/librairie7l.com\/en\/#organization\",\"name\":\"Librairie 7L\",\"url\":\"https:\/\/librairie7l.com\/en\/\",\"logo\":{\"@type\":\"ImageObject\",\"inLanguage\":\"en-US\",\"@id\":\"https:\/\/librairie7l.com\/en\/#\/schema\/logo\/image\/\",\"url\":\"https:\/\/librairie7l.com\/wp-content\/uploads\/2022\/08\/logo-1.png\",\"contentUrl\":\"https:\/\/librairie7l.com\/wp-content\/uploads\/2022\/08\/logo-1.png\",\"width\":227,\"height\":301,\"caption\":\"Librairie 7L\"},\"image\":{\"@id\":\"https:\/\/librairie7l.com\/en\/#\/schema\/logo\/image\/\"}}]}<\/script>\n<!-- \/ Yoast SEO plugin. -->","yoast_head_json":{"title":"Charleston : the bloomsbury muse - Librairie 7L","robots":{"index":"index","follow":"follow","max-snippet":"max-snippet:-1","max-image-preview":"max-image-preview:large","max-video-preview":"max-video-preview:-1"},"canonical":"https:\/\/librairie7l.com\/en\/produit\/charleston-the-bloomsbury-muse-2\/","og_locale":"en_US","og_type":"article","og_title":"Charleston : the bloomsbury muse - Librairie 7L","og_description":"Ce somptueux catalogue, accompagnant l&#8217;exposition \u00e0 la galerie Philip Mould &amp; Company, raconte l&#8217;histoire du grand attachement que Vanessa Bell et Duncan Grant portaient \u00e0 leur maison de Charleston Farmhouse et pr\u00e9sente le travail produit par les artistes entre les deux guerres mondiales. Cette magnifique collection d&#8217;oeuvres est merveilleusement pr\u00e9sent\u00e9e aux c\u00f4t\u00e9s d&#8217;essais \u00e9clairant et [&hellip;]","og_url":"https:\/\/librairie7l.com\/en\/produit\/charleston-the-bloomsbury-muse-2\/","og_site_name":"Librairie 7L","article_modified_time":"2026-04-30T14:10:42+00:00","og_image":[{"width":200,"height":216,"url":"https:\/\/librairie7l.com\/wp-content\/uploads\/2021\/07\/9781913645182_1_75.jpg","type":"image\/jpeg"}],"twitter_card":"summary_large_image","schema":{"@context":"https:\/\/schema.org","@graph":[{"@type":"WebPage","@id":"https:\/\/librairie7l.com\/en\/produit\/charleston-the-bloomsbury-muse-2\/","url":"https:\/\/librairie7l.com\/en\/produit\/charleston-the-bloomsbury-muse-2\/","name":"Charleston : the bloomsbury muse - Librairie 7L","isPartOf":{"@id":"https:\/\/librairie7l.com\/en\/#website"},"datePublished":"2025-07-26T07:17:45+00:00","dateModified":"2026-04-30T14:10:42+00:00","breadcrumb":{"@id":"https:\/\/librairie7l.com\/en\/produit\/charleston-the-bloomsbury-muse-2\/#breadcrumb"},"inLanguage":"en-US","potentialAction":[{"@type":"ReadAction","target":["https:\/\/librairie7l.com\/en\/produit\/charleston-the-bloomsbury-muse-2\/"]}]},{"@type":"BreadcrumbList","@id":"https:\/\/librairie7l.com\/en\/produit\/charleston-the-bloomsbury-muse-2\/#breadcrumb","itemListElement":[{"@type":"ListItem","position":1,"name":"Accueil","item":"https:\/\/librairie7l.com\/en\/"},{"@type":"ListItem","position":2,"name":"Shop","item":"https:\/\/librairie7l.com\/en\/shop\/"},{"@type":"ListItem","position":3,"name":"CHARLESTON : THE BLOOMSBURY MUSE"}]},{"@type":"WebSite","@id":"https:\/\/librairie7l.com\/en\/#website","url":"https:\/\/librairie7l.com\/en\/","name":"Librairie 7L","description":"Librairie fond\u00e9e en 1999 par Karl Lagerfeld \u00e0 Paris","publisher":{"@id":"https:\/\/librairie7l.com\/en\/#organization"},"potentialAction":[{"@type":"SearchAction","target":{"@type":"EntryPoint","urlTemplate":"https:\/\/librairie7l.com\/en\/?s={search_term_string}"},"query-input":"required name=search_term_string"}],"inLanguage":"en-US"},{"@type":"Organization","@id":"https:\/\/librairie7l.com\/en\/#organization","name":"Librairie 7L","url":"https:\/\/librairie7l.com\/en\/","logo":{"@type":"ImageObject","inLanguage":"en-US","@id":"https:\/\/librairie7l.com\/en\/#\/schema\/logo\/image\/","url":"https:\/\/librairie7l.com\/wp-content\/uploads\/2022\/08\/logo-1.png","contentUrl":"https:\/\/librairie7l.com\/wp-content\/uploads\/2022\/08\/logo-1.png","width":227,"height":301,"caption":"Librairie 7L"},"image":{"@id":"https:\/\/librairie7l.com\/en\/#\/schema\/logo\/image\/"}}]}},"_links":{"self":[{"href":"https:\/\/librairie7l.com\/en\/wp-json\/wp\/v2\/product\/49704"}],"collection":[{"href":"https:\/\/librairie7l.com\/en\/wp-json\/wp\/v2\/product"}],"about":[{"href":"https:\/\/librairie7l.com\/en\/wp-json\/wp\/v2\/types\/product"}],"wp:featuredmedia":[{"embeddable":true,"href":"https:\/\/librairie7l.com\/en\/wp-json\/wp\/v2\/media\/49702"}],"wp:attachment":[{"href":"https:\/\/librairie7l.com\/en\/wp-json\/wp\/v2\/media?parent=49704"}],"wp:term":[{"taxonomy":"product_cat","embeddable":true,"href":"https:\/\/librairie7l.com\/en\/wp-json\/wp\/v2\/product_cat?post=49704"},{"taxonomy":"product_tag","embeddable":true,"href":"https:\/\/librairie7l.com\/en\/wp-json\/wp\/v2\/product_tag?post=49704"}],"curies":[{"name":"wp","href":"https:\/\/api.w.org\/{rel}","templated":true}]}}