{"id":49730,"date":"2025-07-26T09:18:05","date_gmt":"2025-07-26T07:18:05","guid":{"rendered":"https:\/\/librairie7l.com\/?post_type=product&#038;p=49730"},"modified":"2026-04-16T02:03:53","modified_gmt":"2026-04-16T00:03:53","slug":"dioramas-litterature-et-culture-visuelle-2","status":"publish","type":"product","link":"https:\/\/librairie7l.com\/en\/produit\/dioramas-litterature-et-culture-visuelle-2\/","title":{"rendered":"DIORAMAS : LITT\u00c9RATURE ET CULTURE VISUELLE"},"content":{"rendered":"<p>Le livre commence par une \u00e9tude de douze dioramas parisiens de la fin du 19e et du d\u00e9but du 20e si\u00e8cle provenant d\u00b4une collection priv\u00e9e de Bergame, fournissant un \u00e9chantillon int\u00e9ressant de la vie domestique et culturelle du Paris des 19e et 20e si\u00e8cles. Il s\u00b4agit donc d\u00b4explorer l\u00b4imagerie litt\u00e9raire de l\u00b4\u00e9poque qui renvoie inlassablement aux images en mouvement mises en sc\u00e8ne par le diorama. D\u00b4une merveilleuse invention spectaculaire parisienne datant de 1822, le diorama continuera \u00e0 capter le regard des spectateurs et des lettr\u00e9s m\u00eame lorsqu\u00b4il sera devenu un objet pr\u00e9cieux en bo\u00eete, expos\u00e9 dans les vitrines des passages parisiens pour inciter les passants \u00e0 entrer dans les boutiques. En partant des douze dioramas fran\u00e7ais en bo\u00eete de Bergame, ce volume \u00e9tudie la complexit\u00e9 des variations du diorama dans la culture visuelle et litt\u00e9raire occidentale, en mettant en valeur une technique m\u00e9connue qui a pourtant su anticiper le cin\u00e9ma et la r\u00e9alit\u00e9 virtuelle, en \u00e9duquant le regard du spectateur \u00e0 s\u00b4orienter et \u00e0 s\u00b4immerger dans les nouveaux espaces de la modernit\u00e9.<\/p>\n","protected":false},"excerpt":{"rendered":"<p>Le livre commence par une \u00e9tude de douze dioramas parisiens de la fin du 19e et du d\u00e9but du 20e si\u00e8cle provenant d\u00b4une collection priv\u00e9e de Bergame, fournissant un \u00e9chantillon int\u00e9ressant de la vie domestique et culturelle du Paris des 19e et 20e si\u00e8cles. Il s\u00b4agit donc d\u00b4explorer l\u00b4imagerie litt\u00e9raire de l\u00b4\u00e9poque qui renvoie inlassablement [&hellip;]<\/p>\n","protected":false},"featured_media":49728,"template":"","meta":[],"product_cat":[2948,2953],"product_tag":[],"acf":[],"yoast_head":"<!-- This site is optimized with the Yoast SEO plugin v20.11 - https:\/\/yoast.com\/wordpress\/plugins\/seo\/ -->\n<title>Dioramas : Litt\u00e9rature et culture visuelle - Librairie 7L<\/title>\n<meta name=\"robots\" content=\"index, follow, max-snippet:-1, max-image-preview:large, max-video-preview:-1\" \/>\n<link rel=\"canonical\" href=\"https:\/\/librairie7l.com\/en\/produit\/dioramas-litterature-et-culture-visuelle-2\/\" \/>\n<meta property=\"og:locale\" content=\"en_US\" \/>\n<meta property=\"og:type\" content=\"article\" \/>\n<meta property=\"og:title\" content=\"Dioramas : Litt\u00e9rature et culture visuelle - Librairie 7L\" \/>\n<meta property=\"og:description\" content=\"Le livre commence par une \u00e9tude de douze dioramas parisiens de la fin du 19e et du d\u00e9but du 20e si\u00e8cle provenant d\u00b4une collection priv\u00e9e de Bergame, fournissant un \u00e9chantillon int\u00e9ressant de la vie domestique et culturelle du Paris des 19e et 20e si\u00e8cles. Il s\u00b4agit donc d\u00b4explorer l\u00b4imagerie litt\u00e9raire de l\u00b4\u00e9poque qui renvoie inlassablement [&hellip;]\" \/>\n<meta property=\"og:url\" content=\"https:\/\/librairie7l.com\/en\/produit\/dioramas-litterature-et-culture-visuelle-2\/\" \/>\n<meta property=\"og:site_name\" content=\"Librairie 7L\" \/>\n<meta property=\"article:modified_time\" content=\"2026-04-16T00:03:53+00:00\" \/>\n<meta property=\"og:image\" content=\"https:\/\/librairie7l.com\/wp-content\/uploads\/2025\/03\/9788833673196_1_75.jpg\" \/>\n\t<meta property=\"og:image:width\" content=\"600\" \/>\n\t<meta property=\"og:image:height\" content=\"892\" \/>\n\t<meta property=\"og:image:type\" content=\"image\/jpeg\" \/>\n<meta name=\"twitter:card\" content=\"summary_large_image\" \/>\n<meta name=\"twitter:label1\" content=\"Est. reading time\" \/>\n\t<meta name=\"twitter:data1\" content=\"1 minute\" \/>\n<script type=\"application\/ld+json\" class=\"yoast-schema-graph\">{\"@context\":\"https:\/\/schema.org\",\"@graph\":[{\"@type\":\"WebPage\",\"@id\":\"https:\/\/librairie7l.com\/en\/produit\/dioramas-litterature-et-culture-visuelle-2\/\",\"url\":\"https:\/\/librairie7l.com\/en\/produit\/dioramas-litterature-et-culture-visuelle-2\/\",\"name\":\"Dioramas : Litt\u00e9rature et culture visuelle - Librairie 7L\",\"isPartOf\":{\"@id\":\"https:\/\/librairie7l.com\/en\/#website\"},\"datePublished\":\"2025-07-26T07:18:05+00:00\",\"dateModified\":\"2026-04-16T00:03:53+00:00\",\"breadcrumb\":{\"@id\":\"https:\/\/librairie7l.com\/en\/produit\/dioramas-litterature-et-culture-visuelle-2\/#breadcrumb\"},\"inLanguage\":\"en-US\",\"potentialAction\":[{\"@type\":\"ReadAction\",\"target\":[\"https:\/\/librairie7l.com\/en\/produit\/dioramas-litterature-et-culture-visuelle-2\/\"]}]},{\"@type\":\"BreadcrumbList\",\"@id\":\"https:\/\/librairie7l.com\/en\/produit\/dioramas-litterature-et-culture-visuelle-2\/#breadcrumb\",\"itemListElement\":[{\"@type\":\"ListItem\",\"position\":1,\"name\":\"Accueil\",\"item\":\"https:\/\/librairie7l.com\/en\/\"},{\"@type\":\"ListItem\",\"position\":2,\"name\":\"Shop\",\"item\":\"https:\/\/librairie7l.com\/en\/shop\/\"},{\"@type\":\"ListItem\",\"position\":3,\"name\":\"DIORAMAS : LITT\u00c9RATURE ET CULTURE VISUELLE\"}]},{\"@type\":\"WebSite\",\"@id\":\"https:\/\/librairie7l.com\/en\/#website\",\"url\":\"https:\/\/librairie7l.com\/en\/\",\"name\":\"Librairie 7L\",\"description\":\"Librairie fond\u00e9e en 1999 par Karl Lagerfeld \u00e0 Paris\",\"publisher\":{\"@id\":\"https:\/\/librairie7l.com\/en\/#organization\"},\"potentialAction\":[{\"@type\":\"SearchAction\",\"target\":{\"@type\":\"EntryPoint\",\"urlTemplate\":\"https:\/\/librairie7l.com\/en\/?s={search_term_string}\"},\"query-input\":\"required name=search_term_string\"}],\"inLanguage\":\"en-US\"},{\"@type\":\"Organization\",\"@id\":\"https:\/\/librairie7l.com\/en\/#organization\",\"name\":\"Librairie 7L\",\"url\":\"https:\/\/librairie7l.com\/en\/\",\"logo\":{\"@type\":\"ImageObject\",\"inLanguage\":\"en-US\",\"@id\":\"https:\/\/librairie7l.com\/en\/#\/schema\/logo\/image\/\",\"url\":\"https:\/\/librairie7l.com\/wp-content\/uploads\/2022\/08\/logo-1.png\",\"contentUrl\":\"https:\/\/librairie7l.com\/wp-content\/uploads\/2022\/08\/logo-1.png\",\"width\":227,\"height\":301,\"caption\":\"Librairie 7L\"},\"image\":{\"@id\":\"https:\/\/librairie7l.com\/en\/#\/schema\/logo\/image\/\"}}]}<\/script>\n<!-- \/ Yoast SEO plugin. -->","yoast_head_json":{"title":"Dioramas : Litt\u00e9rature et culture visuelle - Librairie 7L","robots":{"index":"index","follow":"follow","max-snippet":"max-snippet:-1","max-image-preview":"max-image-preview:large","max-video-preview":"max-video-preview:-1"},"canonical":"https:\/\/librairie7l.com\/en\/produit\/dioramas-litterature-et-culture-visuelle-2\/","og_locale":"en_US","og_type":"article","og_title":"Dioramas : Litt\u00e9rature et culture visuelle - Librairie 7L","og_description":"Le livre commence par une \u00e9tude de douze dioramas parisiens de la fin du 19e et du d\u00e9but du 20e si\u00e8cle provenant d\u00b4une collection priv\u00e9e de Bergame, fournissant un \u00e9chantillon int\u00e9ressant de la vie domestique et culturelle du Paris des 19e et 20e si\u00e8cles. Il s\u00b4agit donc d\u00b4explorer l\u00b4imagerie litt\u00e9raire de l\u00b4\u00e9poque qui renvoie inlassablement [&hellip;]","og_url":"https:\/\/librairie7l.com\/en\/produit\/dioramas-litterature-et-culture-visuelle-2\/","og_site_name":"Librairie 7L","article_modified_time":"2026-04-16T00:03:53+00:00","og_image":[{"width":600,"height":892,"url":"https:\/\/librairie7l.com\/wp-content\/uploads\/2025\/03\/9788833673196_1_75.jpg","type":"image\/jpeg"}],"twitter_card":"summary_large_image","twitter_misc":{"Est. reading time":"1 minute"},"schema":{"@context":"https:\/\/schema.org","@graph":[{"@type":"WebPage","@id":"https:\/\/librairie7l.com\/en\/produit\/dioramas-litterature-et-culture-visuelle-2\/","url":"https:\/\/librairie7l.com\/en\/produit\/dioramas-litterature-et-culture-visuelle-2\/","name":"Dioramas : Litt\u00e9rature et culture visuelle - Librairie 7L","isPartOf":{"@id":"https:\/\/librairie7l.com\/en\/#website"},"datePublished":"2025-07-26T07:18:05+00:00","dateModified":"2026-04-16T00:03:53+00:00","breadcrumb":{"@id":"https:\/\/librairie7l.com\/en\/produit\/dioramas-litterature-et-culture-visuelle-2\/#breadcrumb"},"inLanguage":"en-US","potentialAction":[{"@type":"ReadAction","target":["https:\/\/librairie7l.com\/en\/produit\/dioramas-litterature-et-culture-visuelle-2\/"]}]},{"@type":"BreadcrumbList","@id":"https:\/\/librairie7l.com\/en\/produit\/dioramas-litterature-et-culture-visuelle-2\/#breadcrumb","itemListElement":[{"@type":"ListItem","position":1,"name":"Accueil","item":"https:\/\/librairie7l.com\/en\/"},{"@type":"ListItem","position":2,"name":"Shop","item":"https:\/\/librairie7l.com\/en\/shop\/"},{"@type":"ListItem","position":3,"name":"DIORAMAS : LITT\u00c9RATURE ET CULTURE VISUELLE"}]},{"@type":"WebSite","@id":"https:\/\/librairie7l.com\/en\/#website","url":"https:\/\/librairie7l.com\/en\/","name":"Librairie 7L","description":"Librairie fond\u00e9e en 1999 par Karl Lagerfeld \u00e0 Paris","publisher":{"@id":"https:\/\/librairie7l.com\/en\/#organization"},"potentialAction":[{"@type":"SearchAction","target":{"@type":"EntryPoint","urlTemplate":"https:\/\/librairie7l.com\/en\/?s={search_term_string}"},"query-input":"required name=search_term_string"}],"inLanguage":"en-US"},{"@type":"Organization","@id":"https:\/\/librairie7l.com\/en\/#organization","name":"Librairie 7L","url":"https:\/\/librairie7l.com\/en\/","logo":{"@type":"ImageObject","inLanguage":"en-US","@id":"https:\/\/librairie7l.com\/en\/#\/schema\/logo\/image\/","url":"https:\/\/librairie7l.com\/wp-content\/uploads\/2022\/08\/logo-1.png","contentUrl":"https:\/\/librairie7l.com\/wp-content\/uploads\/2022\/08\/logo-1.png","width":227,"height":301,"caption":"Librairie 7L"},"image":{"@id":"https:\/\/librairie7l.com\/en\/#\/schema\/logo\/image\/"}}]}},"_links":{"self":[{"href":"https:\/\/librairie7l.com\/en\/wp-json\/wp\/v2\/product\/49730"}],"collection":[{"href":"https:\/\/librairie7l.com\/en\/wp-json\/wp\/v2\/product"}],"about":[{"href":"https:\/\/librairie7l.com\/en\/wp-json\/wp\/v2\/types\/product"}],"wp:featuredmedia":[{"embeddable":true,"href":"https:\/\/librairie7l.com\/en\/wp-json\/wp\/v2\/media\/49728"}],"wp:attachment":[{"href":"https:\/\/librairie7l.com\/en\/wp-json\/wp\/v2\/media?parent=49730"}],"wp:term":[{"taxonomy":"product_cat","embeddable":true,"href":"https:\/\/librairie7l.com\/en\/wp-json\/wp\/v2\/product_cat?post=49730"},{"taxonomy":"product_tag","embeddable":true,"href":"https:\/\/librairie7l.com\/en\/wp-json\/wp\/v2\/product_tag?post=49730"}],"curies":[{"name":"wp","href":"https:\/\/api.w.org\/{rel}","templated":true}]}}