{"id":49746,"date":"2025-07-29T21:32:11","date_gmt":"2025-07-29T19:32:11","guid":{"rendered":"https:\/\/librairie7l.com\/?post_type=product&#038;p=49746"},"modified":"2026-04-06T18:50:30","modified_gmt":"2026-04-06T16:50:30","slug":"basquiat-soundtracks-philharmonie-de-paris-2","status":"publish","type":"product","link":"https:\/\/librairie7l.com\/en\/produit\/basquiat-soundtracks-philharmonie-de-paris-2\/","title":{"rendered":"BASQUIAT SOUNDTRACKS &#8211; PHILHARMONIE DE PARIS"},"content":{"rendered":"<p>Premi\u00e8re grande exposition consacr\u00e9e \u00e0 la place de la  musique dans l&#8217;oeuvre de Jean-Michel Basquiat (1960- 1988). La musique est en effet omnipr\u00e9sente dans  l&#8217;oeuvre de l&#8217;artiste new-yorkais, tant dans les  symboles, les signes, les repr\u00e9sentations des  instruments, ou aux r\u00e9f\u00e9rences \u00e0 divers genres  musicaux comme l&#8217;op\u00e9ra, la musique classique, le  jazz, le be-bop, le hip-hop ou le rap. Pour Basquiat, la  musique \u00e9tait un message, notamment dans les  \u00e9changes culturels transatlantiques et sur le racisme  v\u00e9cu par les artistes noirs. Son engagement au sein de  la diaspora africaine et face \u00e0 la politique raciale aux  \u00c9tats-Unis est l&#8217;un des fils conducteurs de l&#8217;exposition.<br \/>\nIssu de l&#8217;Underground new-yorkais, Jean-Michel  Basquiat avait \u00e0 peine vingt ans quand sa peinture  expressive lui valut une notori\u00e9t\u00e9 mondiale. Les liens  d&#8217;amiti\u00e9 qui l&#8217;unissaient \u00e0 Madonna, Andy Warhol et  Keith Haring sont l\u00e9gendaires. Avant sa mort tragique  et pr\u00e9matur\u00e9e, il a cr\u00e9\u00e9 une oeuvre passionn\u00e9e  regroupant peintures, dessins et objets.<br \/>\nBeaux Arts \u00c9ditions revient sur l&#8217;artiste et son rapport  \u00e0 la musique.<\/p>\n","protected":false},"excerpt":{"rendered":"<p>Premi\u00e8re grande exposition consacr\u00e9e \u00e0 la place de la musique dans l&#8217;oeuvre de Jean-Michel Basquiat (1960- 1988). La musique est en effet omnipr\u00e9sente dans l&#8217;oeuvre de l&#8217;artiste new-yorkais, tant dans les symboles, les signes, les repr\u00e9sentations des instruments, ou aux r\u00e9f\u00e9rences \u00e0 divers genres musicaux comme l&#8217;op\u00e9ra, la musique classique, le jazz, le be-bop, le [&hellip;]<\/p>\n","protected":false},"featured_media":49744,"template":"","meta":[],"product_cat":[7364,2948],"product_tag":[],"acf":[],"yoast_head":"<!-- This site is optimized with the Yoast SEO plugin v20.11 - https:\/\/yoast.com\/wordpress\/plugins\/seo\/ -->\n<title>Basquiat soundtracks - Philharmonie de Paris - Librairie 7L<\/title>\n<meta name=\"robots\" content=\"index, follow, max-snippet:-1, max-image-preview:large, max-video-preview:-1\" \/>\n<link rel=\"canonical\" href=\"https:\/\/librairie7l.com\/en\/produit\/basquiat-soundtracks-philharmonie-de-paris-2\/\" \/>\n<meta property=\"og:locale\" content=\"en_US\" \/>\n<meta property=\"og:type\" content=\"article\" \/>\n<meta property=\"og:title\" content=\"Basquiat soundtracks - Philharmonie de Paris - Librairie 7L\" \/>\n<meta property=\"og:description\" content=\"Premi\u00e8re grande exposition consacr\u00e9e \u00e0 la place de la musique dans l&#8217;oeuvre de Jean-Michel Basquiat (1960- 1988). La musique est en effet omnipr\u00e9sente dans l&#8217;oeuvre de l&#8217;artiste new-yorkais, tant dans les symboles, les signes, les repr\u00e9sentations des instruments, ou aux r\u00e9f\u00e9rences \u00e0 divers genres musicaux comme l&#8217;op\u00e9ra, la musique classique, le jazz, le be-bop, le [&hellip;]\" \/>\n<meta property=\"og:url\" content=\"https:\/\/librairie7l.com\/en\/produit\/basquiat-soundtracks-philharmonie-de-paris-2\/\" \/>\n<meta property=\"og:site_name\" content=\"Librairie 7L\" \/>\n<meta property=\"article:modified_time\" content=\"2026-04-06T16:50:30+00:00\" \/>\n<meta property=\"og:image\" content=\"https:\/\/librairie7l.com\/wp-content\/uploads\/2022\/11\/9791020408105_1_75.jpg\" \/>\n\t<meta property=\"og:image:width\" content=\"600\" \/>\n\t<meta property=\"og:image:height\" content=\"778\" \/>\n\t<meta property=\"og:image:type\" content=\"image\/jpeg\" \/>\n<meta name=\"twitter:card\" content=\"summary_large_image\" \/>\n<meta name=\"twitter:label1\" content=\"Est. reading time\" \/>\n\t<meta name=\"twitter:data1\" content=\"1 minute\" \/>\n<script type=\"application\/ld+json\" class=\"yoast-schema-graph\">{\"@context\":\"https:\/\/schema.org\",\"@graph\":[{\"@type\":\"WebPage\",\"@id\":\"https:\/\/librairie7l.com\/en\/produit\/basquiat-soundtracks-philharmonie-de-paris-2\/\",\"url\":\"https:\/\/librairie7l.com\/en\/produit\/basquiat-soundtracks-philharmonie-de-paris-2\/\",\"name\":\"Basquiat soundtracks - Philharmonie de Paris - Librairie 7L\",\"isPartOf\":{\"@id\":\"https:\/\/librairie7l.com\/en\/#website\"},\"datePublished\":\"2025-07-29T19:32:11+00:00\",\"dateModified\":\"2026-04-06T16:50:30+00:00\",\"breadcrumb\":{\"@id\":\"https:\/\/librairie7l.com\/en\/produit\/basquiat-soundtracks-philharmonie-de-paris-2\/#breadcrumb\"},\"inLanguage\":\"en-US\",\"potentialAction\":[{\"@type\":\"ReadAction\",\"target\":[\"https:\/\/librairie7l.com\/en\/produit\/basquiat-soundtracks-philharmonie-de-paris-2\/\"]}]},{\"@type\":\"BreadcrumbList\",\"@id\":\"https:\/\/librairie7l.com\/en\/produit\/basquiat-soundtracks-philharmonie-de-paris-2\/#breadcrumb\",\"itemListElement\":[{\"@type\":\"ListItem\",\"position\":1,\"name\":\"Accueil\",\"item\":\"https:\/\/librairie7l.com\/en\/\"},{\"@type\":\"ListItem\",\"position\":2,\"name\":\"Shop\",\"item\":\"https:\/\/librairie7l.com\/en\/shop\/\"},{\"@type\":\"ListItem\",\"position\":3,\"name\":\"BASQUIAT SOUNDTRACKS &#8211; PHILHARMONIE DE PARIS\"}]},{\"@type\":\"WebSite\",\"@id\":\"https:\/\/librairie7l.com\/en\/#website\",\"url\":\"https:\/\/librairie7l.com\/en\/\",\"name\":\"Librairie 7L\",\"description\":\"Librairie fond\u00e9e en 1999 par Karl Lagerfeld \u00e0 Paris\",\"publisher\":{\"@id\":\"https:\/\/librairie7l.com\/en\/#organization\"},\"potentialAction\":[{\"@type\":\"SearchAction\",\"target\":{\"@type\":\"EntryPoint\",\"urlTemplate\":\"https:\/\/librairie7l.com\/en\/?s={search_term_string}\"},\"query-input\":\"required name=search_term_string\"}],\"inLanguage\":\"en-US\"},{\"@type\":\"Organization\",\"@id\":\"https:\/\/librairie7l.com\/en\/#organization\",\"name\":\"Librairie 7L\",\"url\":\"https:\/\/librairie7l.com\/en\/\",\"logo\":{\"@type\":\"ImageObject\",\"inLanguage\":\"en-US\",\"@id\":\"https:\/\/librairie7l.com\/en\/#\/schema\/logo\/image\/\",\"url\":\"https:\/\/librairie7l.com\/wp-content\/uploads\/2022\/08\/logo-1.png\",\"contentUrl\":\"https:\/\/librairie7l.com\/wp-content\/uploads\/2022\/08\/logo-1.png\",\"width\":227,\"height\":301,\"caption\":\"Librairie 7L\"},\"image\":{\"@id\":\"https:\/\/librairie7l.com\/en\/#\/schema\/logo\/image\/\"}}]}<\/script>\n<!-- \/ Yoast SEO plugin. -->","yoast_head_json":{"title":"Basquiat soundtracks - Philharmonie de Paris - Librairie 7L","robots":{"index":"index","follow":"follow","max-snippet":"max-snippet:-1","max-image-preview":"max-image-preview:large","max-video-preview":"max-video-preview:-1"},"canonical":"https:\/\/librairie7l.com\/en\/produit\/basquiat-soundtracks-philharmonie-de-paris-2\/","og_locale":"en_US","og_type":"article","og_title":"Basquiat soundtracks - Philharmonie de Paris - Librairie 7L","og_description":"Premi\u00e8re grande exposition consacr\u00e9e \u00e0 la place de la musique dans l&#8217;oeuvre de Jean-Michel Basquiat (1960- 1988). La musique est en effet omnipr\u00e9sente dans l&#8217;oeuvre de l&#8217;artiste new-yorkais, tant dans les symboles, les signes, les repr\u00e9sentations des instruments, ou aux r\u00e9f\u00e9rences \u00e0 divers genres musicaux comme l&#8217;op\u00e9ra, la musique classique, le jazz, le be-bop, le [&hellip;]","og_url":"https:\/\/librairie7l.com\/en\/produit\/basquiat-soundtracks-philharmonie-de-paris-2\/","og_site_name":"Librairie 7L","article_modified_time":"2026-04-06T16:50:30+00:00","og_image":[{"width":600,"height":778,"url":"https:\/\/librairie7l.com\/wp-content\/uploads\/2022\/11\/9791020408105_1_75.jpg","type":"image\/jpeg"}],"twitter_card":"summary_large_image","twitter_misc":{"Est. reading time":"1 minute"},"schema":{"@context":"https:\/\/schema.org","@graph":[{"@type":"WebPage","@id":"https:\/\/librairie7l.com\/en\/produit\/basquiat-soundtracks-philharmonie-de-paris-2\/","url":"https:\/\/librairie7l.com\/en\/produit\/basquiat-soundtracks-philharmonie-de-paris-2\/","name":"Basquiat soundtracks - Philharmonie de Paris - Librairie 7L","isPartOf":{"@id":"https:\/\/librairie7l.com\/en\/#website"},"datePublished":"2025-07-29T19:32:11+00:00","dateModified":"2026-04-06T16:50:30+00:00","breadcrumb":{"@id":"https:\/\/librairie7l.com\/en\/produit\/basquiat-soundtracks-philharmonie-de-paris-2\/#breadcrumb"},"inLanguage":"en-US","potentialAction":[{"@type":"ReadAction","target":["https:\/\/librairie7l.com\/en\/produit\/basquiat-soundtracks-philharmonie-de-paris-2\/"]}]},{"@type":"BreadcrumbList","@id":"https:\/\/librairie7l.com\/en\/produit\/basquiat-soundtracks-philharmonie-de-paris-2\/#breadcrumb","itemListElement":[{"@type":"ListItem","position":1,"name":"Accueil","item":"https:\/\/librairie7l.com\/en\/"},{"@type":"ListItem","position":2,"name":"Shop","item":"https:\/\/librairie7l.com\/en\/shop\/"},{"@type":"ListItem","position":3,"name":"BASQUIAT SOUNDTRACKS &#8211; PHILHARMONIE DE PARIS"}]},{"@type":"WebSite","@id":"https:\/\/librairie7l.com\/en\/#website","url":"https:\/\/librairie7l.com\/en\/","name":"Librairie 7L","description":"Librairie fond\u00e9e en 1999 par Karl Lagerfeld \u00e0 Paris","publisher":{"@id":"https:\/\/librairie7l.com\/en\/#organization"},"potentialAction":[{"@type":"SearchAction","target":{"@type":"EntryPoint","urlTemplate":"https:\/\/librairie7l.com\/en\/?s={search_term_string}"},"query-input":"required name=search_term_string"}],"inLanguage":"en-US"},{"@type":"Organization","@id":"https:\/\/librairie7l.com\/en\/#organization","name":"Librairie 7L","url":"https:\/\/librairie7l.com\/en\/","logo":{"@type":"ImageObject","inLanguage":"en-US","@id":"https:\/\/librairie7l.com\/en\/#\/schema\/logo\/image\/","url":"https:\/\/librairie7l.com\/wp-content\/uploads\/2022\/08\/logo-1.png","contentUrl":"https:\/\/librairie7l.com\/wp-content\/uploads\/2022\/08\/logo-1.png","width":227,"height":301,"caption":"Librairie 7L"},"image":{"@id":"https:\/\/librairie7l.com\/en\/#\/schema\/logo\/image\/"}}]}},"_links":{"self":[{"href":"https:\/\/librairie7l.com\/en\/wp-json\/wp\/v2\/product\/49746"}],"collection":[{"href":"https:\/\/librairie7l.com\/en\/wp-json\/wp\/v2\/product"}],"about":[{"href":"https:\/\/librairie7l.com\/en\/wp-json\/wp\/v2\/types\/product"}],"wp:featuredmedia":[{"embeddable":true,"href":"https:\/\/librairie7l.com\/en\/wp-json\/wp\/v2\/media\/49744"}],"wp:attachment":[{"href":"https:\/\/librairie7l.com\/en\/wp-json\/wp\/v2\/media?parent=49746"}],"wp:term":[{"taxonomy":"product_cat","embeddable":true,"href":"https:\/\/librairie7l.com\/en\/wp-json\/wp\/v2\/product_cat?post=49746"},{"taxonomy":"product_tag","embeddable":true,"href":"https:\/\/librairie7l.com\/en\/wp-json\/wp\/v2\/product_tag?post=49746"}],"curies":[{"name":"wp","href":"https:\/\/api.w.org\/{rel}","templated":true}]}}