{"id":49750,"date":"2025-07-29T21:32:28","date_gmt":"2025-07-29T19:32:28","guid":{"rendered":"https:\/\/librairie7l.com\/?post_type=product&#038;p=49750"},"modified":"2026-04-06T14:06:16","modified_gmt":"2026-04-06T12:06:16","slug":"writing-the-future-jean-michel-basquiat-and-the-hip-hop-generation-2","status":"publish","type":"product","link":"https:\/\/librairie7l.com\/en\/produit\/writing-the-future-jean-michel-basquiat-and-the-hip-hop-generation-2\/","title":{"rendered":"WRITING THE FUTURE JEAN-MICHEL BASQUIAT AND THE HIP-HOP GENERATION"},"content":{"rendered":"<p>Au d\u00e9but des ann\u00e9es 1980, les graffitis ont commenc\u00e9 \u00e0 passer des murs et des rames de m\u00e9tro de New York aux toiles et aux galeries d&#8217;art. De jeunes artistes, en grande partie afro-am\u00e9ricains ou latins, ont impr\u00e9gn\u00e9 la sc\u00e8ne artistique du centre-ville de compositions expressionnistes et pop. Jean-Michel Basquiat est sans doute la figure embl\u00e9matique de ce mouvement, mais il n&#8217;\u00e9tait pas seul \u00e0 contribuer au changement en acte. Writing the Future, publi\u00e9 pour accompagner une grande exposition au MFA de Boston, met en relation le travail de Basquiat avec celui de ses pairs associ\u00e9s \u00e0 la culture hip-hop. Avec des contributions de Carlo McCormick, Liz Munsell, Hua Hsu, J.Faith Almiron et Greg Tate.<\/p>\n","protected":false},"excerpt":{"rendered":"<p>Au d\u00e9but des ann\u00e9es 1980, les graffitis ont commenc\u00e9 \u00e0 passer des murs et des rames de m\u00e9tro de New York aux toiles et aux galeries d&#8217;art. De jeunes artistes, en grande partie afro-am\u00e9ricains ou latins, ont impr\u00e9gn\u00e9 la sc\u00e8ne artistique du centre-ville de compositions expressionnistes et pop. Jean-Michel Basquiat est sans doute la figure [&hellip;]<\/p>\n","protected":false},"featured_media":49748,"template":"","meta":[],"product_cat":[7364,2948],"product_tag":[],"acf":[],"yoast_head":"<!-- This site is optimized with the Yoast SEO plugin v20.11 - https:\/\/yoast.com\/wordpress\/plugins\/seo\/ -->\n<title>Writing the future Jean-Michel Basquiat and the hip-hop generation - Librairie 7L<\/title>\n<meta name=\"robots\" content=\"index, follow, max-snippet:-1, max-image-preview:large, max-video-preview:-1\" \/>\n<link rel=\"canonical\" href=\"https:\/\/librairie7l.com\/en\/produit\/writing-the-future-jean-michel-basquiat-and-the-hip-hop-generation-2\/\" \/>\n<meta property=\"og:locale\" content=\"en_US\" \/>\n<meta property=\"og:type\" content=\"article\" \/>\n<meta property=\"og:title\" content=\"Writing the future Jean-Michel Basquiat and the hip-hop generation - Librairie 7L\" \/>\n<meta property=\"og:description\" content=\"Au d\u00e9but des ann\u00e9es 1980, les graffitis ont commenc\u00e9 \u00e0 passer des murs et des rames de m\u00e9tro de New York aux toiles et aux galeries d&#8217;art. De jeunes artistes, en grande partie afro-am\u00e9ricains ou latins, ont impr\u00e9gn\u00e9 la sc\u00e8ne artistique du centre-ville de compositions expressionnistes et pop. Jean-Michel Basquiat est sans doute la figure [&hellip;]\" \/>\n<meta property=\"og:url\" content=\"https:\/\/librairie7l.com\/en\/produit\/writing-the-future-jean-michel-basquiat-and-the-hip-hop-generation-2\/\" \/>\n<meta property=\"og:site_name\" content=\"Librairie 7L\" \/>\n<meta property=\"article:modified_time\" content=\"2026-04-06T12:06:16+00:00\" \/>\n<meta property=\"og:image\" content=\"https:\/\/librairie7l.com\/wp-content\/uploads\/2020\/01\/9780878468713_1_75.jpg\" \/>\n\t<meta property=\"og:image:width\" content=\"600\" \/>\n\t<meta property=\"og:image:height\" content=\"720\" \/>\n\t<meta property=\"og:image:type\" content=\"image\/jpeg\" \/>\n<meta name=\"twitter:card\" content=\"summary_large_image\" \/>\n<meta name=\"twitter:label1\" content=\"Est. reading time\" \/>\n\t<meta name=\"twitter:data1\" content=\"1 minute\" \/>\n<script type=\"application\/ld+json\" class=\"yoast-schema-graph\">{\"@context\":\"https:\/\/schema.org\",\"@graph\":[{\"@type\":\"WebPage\",\"@id\":\"https:\/\/librairie7l.com\/en\/produit\/writing-the-future-jean-michel-basquiat-and-the-hip-hop-generation-2\/\",\"url\":\"https:\/\/librairie7l.com\/en\/produit\/writing-the-future-jean-michel-basquiat-and-the-hip-hop-generation-2\/\",\"name\":\"Writing the future Jean-Michel Basquiat and the hip-hop generation - Librairie 7L\",\"isPartOf\":{\"@id\":\"https:\/\/librairie7l.com\/en\/#website\"},\"datePublished\":\"2025-07-29T19:32:28+00:00\",\"dateModified\":\"2026-04-06T12:06:16+00:00\",\"breadcrumb\":{\"@id\":\"https:\/\/librairie7l.com\/en\/produit\/writing-the-future-jean-michel-basquiat-and-the-hip-hop-generation-2\/#breadcrumb\"},\"inLanguage\":\"en-US\",\"potentialAction\":[{\"@type\":\"ReadAction\",\"target\":[\"https:\/\/librairie7l.com\/en\/produit\/writing-the-future-jean-michel-basquiat-and-the-hip-hop-generation-2\/\"]}]},{\"@type\":\"BreadcrumbList\",\"@id\":\"https:\/\/librairie7l.com\/en\/produit\/writing-the-future-jean-michel-basquiat-and-the-hip-hop-generation-2\/#breadcrumb\",\"itemListElement\":[{\"@type\":\"ListItem\",\"position\":1,\"name\":\"Accueil\",\"item\":\"https:\/\/librairie7l.com\/en\/\"},{\"@type\":\"ListItem\",\"position\":2,\"name\":\"Shop\",\"item\":\"https:\/\/librairie7l.com\/en\/shop\/\"},{\"@type\":\"ListItem\",\"position\":3,\"name\":\"WRITING THE FUTURE JEAN-MICHEL BASQUIAT AND THE HIP-HOP GENERATION\"}]},{\"@type\":\"WebSite\",\"@id\":\"https:\/\/librairie7l.com\/en\/#website\",\"url\":\"https:\/\/librairie7l.com\/en\/\",\"name\":\"Librairie 7L\",\"description\":\"Librairie fond\u00e9e en 1999 par Karl Lagerfeld \u00e0 Paris\",\"publisher\":{\"@id\":\"https:\/\/librairie7l.com\/en\/#organization\"},\"potentialAction\":[{\"@type\":\"SearchAction\",\"target\":{\"@type\":\"EntryPoint\",\"urlTemplate\":\"https:\/\/librairie7l.com\/en\/?s={search_term_string}\"},\"query-input\":\"required name=search_term_string\"}],\"inLanguage\":\"en-US\"},{\"@type\":\"Organization\",\"@id\":\"https:\/\/librairie7l.com\/en\/#organization\",\"name\":\"Librairie 7L\",\"url\":\"https:\/\/librairie7l.com\/en\/\",\"logo\":{\"@type\":\"ImageObject\",\"inLanguage\":\"en-US\",\"@id\":\"https:\/\/librairie7l.com\/en\/#\/schema\/logo\/image\/\",\"url\":\"https:\/\/librairie7l.com\/wp-content\/uploads\/2022\/08\/logo-1.png\",\"contentUrl\":\"https:\/\/librairie7l.com\/wp-content\/uploads\/2022\/08\/logo-1.png\",\"width\":227,\"height\":301,\"caption\":\"Librairie 7L\"},\"image\":{\"@id\":\"https:\/\/librairie7l.com\/en\/#\/schema\/logo\/image\/\"}}]}<\/script>\n<!-- \/ Yoast SEO plugin. -->","yoast_head_json":{"title":"Writing the future Jean-Michel Basquiat and the hip-hop generation - Librairie 7L","robots":{"index":"index","follow":"follow","max-snippet":"max-snippet:-1","max-image-preview":"max-image-preview:large","max-video-preview":"max-video-preview:-1"},"canonical":"https:\/\/librairie7l.com\/en\/produit\/writing-the-future-jean-michel-basquiat-and-the-hip-hop-generation-2\/","og_locale":"en_US","og_type":"article","og_title":"Writing the future Jean-Michel Basquiat and the hip-hop generation - Librairie 7L","og_description":"Au d\u00e9but des ann\u00e9es 1980, les graffitis ont commenc\u00e9 \u00e0 passer des murs et des rames de m\u00e9tro de New York aux toiles et aux galeries d&#8217;art. De jeunes artistes, en grande partie afro-am\u00e9ricains ou latins, ont impr\u00e9gn\u00e9 la sc\u00e8ne artistique du centre-ville de compositions expressionnistes et pop. Jean-Michel Basquiat est sans doute la figure [&hellip;]","og_url":"https:\/\/librairie7l.com\/en\/produit\/writing-the-future-jean-michel-basquiat-and-the-hip-hop-generation-2\/","og_site_name":"Librairie 7L","article_modified_time":"2026-04-06T12:06:16+00:00","og_image":[{"width":600,"height":720,"url":"https:\/\/librairie7l.com\/wp-content\/uploads\/2020\/01\/9780878468713_1_75.jpg","type":"image\/jpeg"}],"twitter_card":"summary_large_image","twitter_misc":{"Est. reading time":"1 minute"},"schema":{"@context":"https:\/\/schema.org","@graph":[{"@type":"WebPage","@id":"https:\/\/librairie7l.com\/en\/produit\/writing-the-future-jean-michel-basquiat-and-the-hip-hop-generation-2\/","url":"https:\/\/librairie7l.com\/en\/produit\/writing-the-future-jean-michel-basquiat-and-the-hip-hop-generation-2\/","name":"Writing the future Jean-Michel Basquiat and the hip-hop generation - Librairie 7L","isPartOf":{"@id":"https:\/\/librairie7l.com\/en\/#website"},"datePublished":"2025-07-29T19:32:28+00:00","dateModified":"2026-04-06T12:06:16+00:00","breadcrumb":{"@id":"https:\/\/librairie7l.com\/en\/produit\/writing-the-future-jean-michel-basquiat-and-the-hip-hop-generation-2\/#breadcrumb"},"inLanguage":"en-US","potentialAction":[{"@type":"ReadAction","target":["https:\/\/librairie7l.com\/en\/produit\/writing-the-future-jean-michel-basquiat-and-the-hip-hop-generation-2\/"]}]},{"@type":"BreadcrumbList","@id":"https:\/\/librairie7l.com\/en\/produit\/writing-the-future-jean-michel-basquiat-and-the-hip-hop-generation-2\/#breadcrumb","itemListElement":[{"@type":"ListItem","position":1,"name":"Accueil","item":"https:\/\/librairie7l.com\/en\/"},{"@type":"ListItem","position":2,"name":"Shop","item":"https:\/\/librairie7l.com\/en\/shop\/"},{"@type":"ListItem","position":3,"name":"WRITING THE FUTURE JEAN-MICHEL BASQUIAT AND THE HIP-HOP GENERATION"}]},{"@type":"WebSite","@id":"https:\/\/librairie7l.com\/en\/#website","url":"https:\/\/librairie7l.com\/en\/","name":"Librairie 7L","description":"Librairie fond\u00e9e en 1999 par Karl Lagerfeld \u00e0 Paris","publisher":{"@id":"https:\/\/librairie7l.com\/en\/#organization"},"potentialAction":[{"@type":"SearchAction","target":{"@type":"EntryPoint","urlTemplate":"https:\/\/librairie7l.com\/en\/?s={search_term_string}"},"query-input":"required name=search_term_string"}],"inLanguage":"en-US"},{"@type":"Organization","@id":"https:\/\/librairie7l.com\/en\/#organization","name":"Librairie 7L","url":"https:\/\/librairie7l.com\/en\/","logo":{"@type":"ImageObject","inLanguage":"en-US","@id":"https:\/\/librairie7l.com\/en\/#\/schema\/logo\/image\/","url":"https:\/\/librairie7l.com\/wp-content\/uploads\/2022\/08\/logo-1.png","contentUrl":"https:\/\/librairie7l.com\/wp-content\/uploads\/2022\/08\/logo-1.png","width":227,"height":301,"caption":"Librairie 7L"},"image":{"@id":"https:\/\/librairie7l.com\/en\/#\/schema\/logo\/image\/"}}]}},"_links":{"self":[{"href":"https:\/\/librairie7l.com\/en\/wp-json\/wp\/v2\/product\/49750"}],"collection":[{"href":"https:\/\/librairie7l.com\/en\/wp-json\/wp\/v2\/product"}],"about":[{"href":"https:\/\/librairie7l.com\/en\/wp-json\/wp\/v2\/types\/product"}],"wp:featuredmedia":[{"embeddable":true,"href":"https:\/\/librairie7l.com\/en\/wp-json\/wp\/v2\/media\/49748"}],"wp:attachment":[{"href":"https:\/\/librairie7l.com\/en\/wp-json\/wp\/v2\/media?parent=49750"}],"wp:term":[{"taxonomy":"product_cat","embeddable":true,"href":"https:\/\/librairie7l.com\/en\/wp-json\/wp\/v2\/product_cat?post=49750"},{"taxonomy":"product_tag","embeddable":true,"href":"https:\/\/librairie7l.com\/en\/wp-json\/wp\/v2\/product_tag?post=49750"}],"curies":[{"name":"wp","href":"https:\/\/api.w.org\/{rel}","templated":true}]}}