{"id":49754,"date":"2025-07-29T21:32:39","date_gmt":"2025-07-29T19:32:39","guid":{"rendered":"https:\/\/librairie7l.com\/?post_type=product&#038;p=49754"},"modified":"2026-04-06T18:49:17","modified_gmt":"2026-04-06T16:49:17","slug":"basquiat-remix-matisse-picasso-twombly-2","status":"publish","type":"product","link":"https:\/\/librairie7l.com\/en\/produit\/basquiat-remix-matisse-picasso-twombly-2\/","title":{"rendered":"BASQUIAT REMIX ; MATISSE, PICASSO, TWOMBLY"},"content":{"rendered":"<p>C&#8217;est en priorit\u00e9 \u00e0 Picasso, Matisse puis Twombly que Jean-Michel Basquiat emprunte une partie de leur vocabulaire formel. Il puise chez eux un attachement aux couleurs primaires, \u00e0 la fragmentation des sujets, aux visages troublants, \u00e0 la dissonance des couleurs et des formes ou \u00e0 des compositions ou objets modestement artisanaux. Plus encore, comme eux, il s&#8217;\u00e9carte de la froide virtuosit\u00e9 pour convoquer la na\u00efvet\u00e9 et la maladresse et redonner \u00e0 l&#8217;art son \u00e9nergie pure, celle qui am\u00e8ne au sublime et met en partage une oeuvre aussi sensible qu&#8217;engag\u00e9e.<\/p>\n","protected":false},"excerpt":{"rendered":"<p>C&#8217;est en priorit\u00e9 \u00e0 Picasso, Matisse puis Twombly que Jean-Michel Basquiat emprunte une partie de leur vocabulaire formel. Il puise chez eux un attachement aux couleurs primaires, \u00e0 la fragmentation des sujets, aux visages troublants, \u00e0 la dissonance des couleurs et des formes ou \u00e0 des compositions ou objets modestement artisanaux. Plus encore, comme eux, [&hellip;]<\/p>\n","protected":false},"featured_media":49752,"template":"","meta":[],"product_cat":[7364,2948],"product_tag":[],"acf":[],"yoast_head":"<!-- This site is optimized with the Yoast SEO plugin v20.11 - https:\/\/yoast.com\/wordpress\/plugins\/seo\/ -->\n<title>Basquiat remix ; Matisse, Picasso, Twombly - Librairie 7L<\/title>\n<meta name=\"robots\" content=\"index, follow, max-snippet:-1, max-image-preview:large, max-video-preview:-1\" \/>\n<link rel=\"canonical\" href=\"https:\/\/librairie7l.com\/en\/produit\/basquiat-remix-matisse-picasso-twombly-2\/\" \/>\n<meta property=\"og:locale\" content=\"en_US\" \/>\n<meta property=\"og:type\" content=\"article\" \/>\n<meta property=\"og:title\" content=\"Basquiat remix ; Matisse, Picasso, Twombly - Librairie 7L\" \/>\n<meta property=\"og:description\" content=\"C&#8217;est en priorit\u00e9 \u00e0 Picasso, Matisse puis Twombly que Jean-Michel Basquiat emprunte une partie de leur vocabulaire formel. Il puise chez eux un attachement aux couleurs primaires, \u00e0 la fragmentation des sujets, aux visages troublants, \u00e0 la dissonance des couleurs et des formes ou \u00e0 des compositions ou objets modestement artisanaux. Plus encore, comme eux, [&hellip;]\" \/>\n<meta property=\"og:url\" content=\"https:\/\/librairie7l.com\/en\/produit\/basquiat-remix-matisse-picasso-twombly-2\/\" \/>\n<meta property=\"og:site_name\" content=\"Librairie 7L\" \/>\n<meta property=\"article:modified_time\" content=\"2026-04-06T16:49:17+00:00\" \/>\n<meta property=\"og:image\" content=\"https:\/\/librairie7l.com\/wp-content\/uploads\/2019\/05\/9782330126308_1_75.jpg\" \/>\n\t<meta property=\"og:image:width\" content=\"600\" \/>\n\t<meta property=\"og:image:height\" content=\"759\" \/>\n\t<meta property=\"og:image:type\" content=\"image\/jpeg\" \/>\n<meta name=\"twitter:card\" content=\"summary_large_image\" \/>\n<script type=\"application\/ld+json\" class=\"yoast-schema-graph\">{\"@context\":\"https:\/\/schema.org\",\"@graph\":[{\"@type\":\"WebPage\",\"@id\":\"https:\/\/librairie7l.com\/en\/produit\/basquiat-remix-matisse-picasso-twombly-2\/\",\"url\":\"https:\/\/librairie7l.com\/en\/produit\/basquiat-remix-matisse-picasso-twombly-2\/\",\"name\":\"Basquiat remix ; Matisse, Picasso, Twombly - Librairie 7L\",\"isPartOf\":{\"@id\":\"https:\/\/librairie7l.com\/en\/#website\"},\"datePublished\":\"2025-07-29T19:32:39+00:00\",\"dateModified\":\"2026-04-06T16:49:17+00:00\",\"breadcrumb\":{\"@id\":\"https:\/\/librairie7l.com\/en\/produit\/basquiat-remix-matisse-picasso-twombly-2\/#breadcrumb\"},\"inLanguage\":\"en-US\",\"potentialAction\":[{\"@type\":\"ReadAction\",\"target\":[\"https:\/\/librairie7l.com\/en\/produit\/basquiat-remix-matisse-picasso-twombly-2\/\"]}]},{\"@type\":\"BreadcrumbList\",\"@id\":\"https:\/\/librairie7l.com\/en\/produit\/basquiat-remix-matisse-picasso-twombly-2\/#breadcrumb\",\"itemListElement\":[{\"@type\":\"ListItem\",\"position\":1,\"name\":\"Accueil\",\"item\":\"https:\/\/librairie7l.com\/en\/\"},{\"@type\":\"ListItem\",\"position\":2,\"name\":\"Shop\",\"item\":\"https:\/\/librairie7l.com\/en\/shop\/\"},{\"@type\":\"ListItem\",\"position\":3,\"name\":\"BASQUIAT REMIX ; MATISSE, PICASSO, TWOMBLY\"}]},{\"@type\":\"WebSite\",\"@id\":\"https:\/\/librairie7l.com\/en\/#website\",\"url\":\"https:\/\/librairie7l.com\/en\/\",\"name\":\"Librairie 7L\",\"description\":\"Librairie fond\u00e9e en 1999 par Karl Lagerfeld \u00e0 Paris\",\"publisher\":{\"@id\":\"https:\/\/librairie7l.com\/en\/#organization\"},\"potentialAction\":[{\"@type\":\"SearchAction\",\"target\":{\"@type\":\"EntryPoint\",\"urlTemplate\":\"https:\/\/librairie7l.com\/en\/?s={search_term_string}\"},\"query-input\":\"required name=search_term_string\"}],\"inLanguage\":\"en-US\"},{\"@type\":\"Organization\",\"@id\":\"https:\/\/librairie7l.com\/en\/#organization\",\"name\":\"Librairie 7L\",\"url\":\"https:\/\/librairie7l.com\/en\/\",\"logo\":{\"@type\":\"ImageObject\",\"inLanguage\":\"en-US\",\"@id\":\"https:\/\/librairie7l.com\/en\/#\/schema\/logo\/image\/\",\"url\":\"https:\/\/librairie7l.com\/wp-content\/uploads\/2022\/08\/logo-1.png\",\"contentUrl\":\"https:\/\/librairie7l.com\/wp-content\/uploads\/2022\/08\/logo-1.png\",\"width\":227,\"height\":301,\"caption\":\"Librairie 7L\"},\"image\":{\"@id\":\"https:\/\/librairie7l.com\/en\/#\/schema\/logo\/image\/\"}}]}<\/script>\n<!-- \/ Yoast SEO plugin. -->","yoast_head_json":{"title":"Basquiat remix ; Matisse, Picasso, Twombly - Librairie 7L","robots":{"index":"index","follow":"follow","max-snippet":"max-snippet:-1","max-image-preview":"max-image-preview:large","max-video-preview":"max-video-preview:-1"},"canonical":"https:\/\/librairie7l.com\/en\/produit\/basquiat-remix-matisse-picasso-twombly-2\/","og_locale":"en_US","og_type":"article","og_title":"Basquiat remix ; Matisse, Picasso, Twombly - Librairie 7L","og_description":"C&#8217;est en priorit\u00e9 \u00e0 Picasso, Matisse puis Twombly que Jean-Michel Basquiat emprunte une partie de leur vocabulaire formel. Il puise chez eux un attachement aux couleurs primaires, \u00e0 la fragmentation des sujets, aux visages troublants, \u00e0 la dissonance des couleurs et des formes ou \u00e0 des compositions ou objets modestement artisanaux. Plus encore, comme eux, [&hellip;]","og_url":"https:\/\/librairie7l.com\/en\/produit\/basquiat-remix-matisse-picasso-twombly-2\/","og_site_name":"Librairie 7L","article_modified_time":"2026-04-06T16:49:17+00:00","og_image":[{"width":600,"height":759,"url":"https:\/\/librairie7l.com\/wp-content\/uploads\/2019\/05\/9782330126308_1_75.jpg","type":"image\/jpeg"}],"twitter_card":"summary_large_image","schema":{"@context":"https:\/\/schema.org","@graph":[{"@type":"WebPage","@id":"https:\/\/librairie7l.com\/en\/produit\/basquiat-remix-matisse-picasso-twombly-2\/","url":"https:\/\/librairie7l.com\/en\/produit\/basquiat-remix-matisse-picasso-twombly-2\/","name":"Basquiat remix ; Matisse, Picasso, Twombly - Librairie 7L","isPartOf":{"@id":"https:\/\/librairie7l.com\/en\/#website"},"datePublished":"2025-07-29T19:32:39+00:00","dateModified":"2026-04-06T16:49:17+00:00","breadcrumb":{"@id":"https:\/\/librairie7l.com\/en\/produit\/basquiat-remix-matisse-picasso-twombly-2\/#breadcrumb"},"inLanguage":"en-US","potentialAction":[{"@type":"ReadAction","target":["https:\/\/librairie7l.com\/en\/produit\/basquiat-remix-matisse-picasso-twombly-2\/"]}]},{"@type":"BreadcrumbList","@id":"https:\/\/librairie7l.com\/en\/produit\/basquiat-remix-matisse-picasso-twombly-2\/#breadcrumb","itemListElement":[{"@type":"ListItem","position":1,"name":"Accueil","item":"https:\/\/librairie7l.com\/en\/"},{"@type":"ListItem","position":2,"name":"Shop","item":"https:\/\/librairie7l.com\/en\/shop\/"},{"@type":"ListItem","position":3,"name":"BASQUIAT REMIX ; MATISSE, PICASSO, TWOMBLY"}]},{"@type":"WebSite","@id":"https:\/\/librairie7l.com\/en\/#website","url":"https:\/\/librairie7l.com\/en\/","name":"Librairie 7L","description":"Librairie fond\u00e9e en 1999 par Karl Lagerfeld \u00e0 Paris","publisher":{"@id":"https:\/\/librairie7l.com\/en\/#organization"},"potentialAction":[{"@type":"SearchAction","target":{"@type":"EntryPoint","urlTemplate":"https:\/\/librairie7l.com\/en\/?s={search_term_string}"},"query-input":"required name=search_term_string"}],"inLanguage":"en-US"},{"@type":"Organization","@id":"https:\/\/librairie7l.com\/en\/#organization","name":"Librairie 7L","url":"https:\/\/librairie7l.com\/en\/","logo":{"@type":"ImageObject","inLanguage":"en-US","@id":"https:\/\/librairie7l.com\/en\/#\/schema\/logo\/image\/","url":"https:\/\/librairie7l.com\/wp-content\/uploads\/2022\/08\/logo-1.png","contentUrl":"https:\/\/librairie7l.com\/wp-content\/uploads\/2022\/08\/logo-1.png","width":227,"height":301,"caption":"Librairie 7L"},"image":{"@id":"https:\/\/librairie7l.com\/en\/#\/schema\/logo\/image\/"}}]}},"_links":{"self":[{"href":"https:\/\/librairie7l.com\/en\/wp-json\/wp\/v2\/product\/49754"}],"collection":[{"href":"https:\/\/librairie7l.com\/en\/wp-json\/wp\/v2\/product"}],"about":[{"href":"https:\/\/librairie7l.com\/en\/wp-json\/wp\/v2\/types\/product"}],"wp:featuredmedia":[{"embeddable":true,"href":"https:\/\/librairie7l.com\/en\/wp-json\/wp\/v2\/media\/49752"}],"wp:attachment":[{"href":"https:\/\/librairie7l.com\/en\/wp-json\/wp\/v2\/media?parent=49754"}],"wp:term":[{"taxonomy":"product_cat","embeddable":true,"href":"https:\/\/librairie7l.com\/en\/wp-json\/wp\/v2\/product_cat?post=49754"},{"taxonomy":"product_tag","embeddable":true,"href":"https:\/\/librairie7l.com\/en\/wp-json\/wp\/v2\/product_tag?post=49754"}],"curies":[{"name":"wp","href":"https:\/\/api.w.org\/{rel}","templated":true}]}}