{"id":49761,"date":"2025-07-29T21:37:42","date_gmt":"2025-07-29T19:37:42","guid":{"rendered":"https:\/\/librairie7l.com\/produit\/connaissance-des-arts-hors-serie-n-1114-david-hockney-25\/"},"modified":"2026-04-21T12:01:51","modified_gmt":"2026-04-21T10:01:51","slug":"connaissance-des-arts-hors-serie-n-1114-david-hockney-25","status":"publish","type":"product","link":"https:\/\/librairie7l.com\/en\/produit\/connaissance-des-arts-hors-serie-n-1114-david-hockney-25\/","title":{"rendered":"CONNAISSANCE DES ARTS HORS-S\u00c9RIE N.1114 : DAVID HOCKNEY 25"},"content":{"rendered":"<p>Depuis 65 ans, David Hockney d\u00e9veloppe une oeuvre intimement li\u00e9e \u00e0 sa vie personnelle. Sa famille, ses amis, ses amours, les terres de son Angleterre natale comme les eaux bleues de Californie composent l&#8217;essentiel d&#8217;une iconographie aux allures de journal intime.<\/p>\n","protected":false},"excerpt":{"rendered":"<p>Depuis 65 ans, David Hockney d\u00e9veloppe une oeuvre intimement li\u00e9e \u00e0 sa vie personnelle. Sa famille, ses amis, ses amours, les terres de son Angleterre natale comme les eaux bleues de Californie composent l&#8217;essentiel d&#8217;une iconographie aux allures de journal intime.<\/p>\n","protected":false},"featured_media":0,"template":"","meta":[],"product_cat":[55,7363],"product_tag":[],"acf":[],"yoast_head":"<!-- This site is optimized with the Yoast SEO plugin v20.11 - https:\/\/yoast.com\/wordpress\/plugins\/seo\/ -->\n<title>Connaissance des arts Hors-S\u00e9rie n.1114 : David Hockney 25 - Librairie 7L<\/title>\n<meta name=\"robots\" content=\"index, follow, max-snippet:-1, max-image-preview:large, max-video-preview:-1\" \/>\n<link rel=\"canonical\" href=\"https:\/\/librairie7l.com\/en\/produit\/connaissance-des-arts-hors-serie-n-1114-david-hockney-25\/\" \/>\n<meta property=\"og:locale\" content=\"en_US\" \/>\n<meta property=\"og:type\" content=\"article\" \/>\n<meta property=\"og:title\" content=\"Connaissance des arts Hors-S\u00e9rie n.1114 : David Hockney 25 - Librairie 7L\" \/>\n<meta property=\"og:description\" content=\"Depuis 65 ans, David Hockney d\u00e9veloppe une oeuvre intimement li\u00e9e \u00e0 sa vie personnelle. Sa famille, ses amis, ses amours, les terres de son Angleterre natale comme les eaux bleues de Californie composent l&#8217;essentiel d&#8217;une iconographie aux allures de journal intime.\" \/>\n<meta property=\"og:url\" content=\"https:\/\/librairie7l.com\/en\/produit\/connaissance-des-arts-hors-serie-n-1114-david-hockney-25\/\" \/>\n<meta property=\"og:site_name\" content=\"Librairie 7L\" \/>\n<meta property=\"article:modified_time\" content=\"2026-04-21T10:01:51+00:00\" \/>\n<meta name=\"twitter:card\" content=\"summary_large_image\" \/>\n<script type=\"application\/ld+json\" class=\"yoast-schema-graph\">{\"@context\":\"https:\/\/schema.org\",\"@graph\":[{\"@type\":\"WebPage\",\"@id\":\"https:\/\/librairie7l.com\/en\/produit\/connaissance-des-arts-hors-serie-n-1114-david-hockney-25\/\",\"url\":\"https:\/\/librairie7l.com\/en\/produit\/connaissance-des-arts-hors-serie-n-1114-david-hockney-25\/\",\"name\":\"Connaissance des arts Hors-S\u00e9rie n.1114 : David Hockney 25 - Librairie 7L\",\"isPartOf\":{\"@id\":\"https:\/\/librairie7l.com\/en\/#website\"},\"datePublished\":\"2025-07-29T19:37:42+00:00\",\"dateModified\":\"2026-04-21T10:01:51+00:00\",\"breadcrumb\":{\"@id\":\"https:\/\/librairie7l.com\/en\/produit\/connaissance-des-arts-hors-serie-n-1114-david-hockney-25\/#breadcrumb\"},\"inLanguage\":\"en-US\",\"potentialAction\":[{\"@type\":\"ReadAction\",\"target\":[\"https:\/\/librairie7l.com\/en\/produit\/connaissance-des-arts-hors-serie-n-1114-david-hockney-25\/\"]}]},{\"@type\":\"BreadcrumbList\",\"@id\":\"https:\/\/librairie7l.com\/en\/produit\/connaissance-des-arts-hors-serie-n-1114-david-hockney-25\/#breadcrumb\",\"itemListElement\":[{\"@type\":\"ListItem\",\"position\":1,\"name\":\"Accueil\",\"item\":\"https:\/\/librairie7l.com\/en\/\"},{\"@type\":\"ListItem\",\"position\":2,\"name\":\"Shop\",\"item\":\"https:\/\/librairie7l.com\/en\/shop\/\"},{\"@type\":\"ListItem\",\"position\":3,\"name\":\"CONNAISSANCE DES ARTS HORS-S\u00c9RIE N.1114 : DAVID HOCKNEY 25\"}]},{\"@type\":\"WebSite\",\"@id\":\"https:\/\/librairie7l.com\/en\/#website\",\"url\":\"https:\/\/librairie7l.com\/en\/\",\"name\":\"Librairie 7L\",\"description\":\"Librairie fond\u00e9e en 1999 par Karl Lagerfeld \u00e0 Paris\",\"publisher\":{\"@id\":\"https:\/\/librairie7l.com\/en\/#organization\"},\"potentialAction\":[{\"@type\":\"SearchAction\",\"target\":{\"@type\":\"EntryPoint\",\"urlTemplate\":\"https:\/\/librairie7l.com\/en\/?s={search_term_string}\"},\"query-input\":\"required name=search_term_string\"}],\"inLanguage\":\"en-US\"},{\"@type\":\"Organization\",\"@id\":\"https:\/\/librairie7l.com\/en\/#organization\",\"name\":\"Librairie 7L\",\"url\":\"https:\/\/librairie7l.com\/en\/\",\"logo\":{\"@type\":\"ImageObject\",\"inLanguage\":\"en-US\",\"@id\":\"https:\/\/librairie7l.com\/en\/#\/schema\/logo\/image\/\",\"url\":\"https:\/\/librairie7l.com\/wp-content\/uploads\/2022\/08\/logo-1.png\",\"contentUrl\":\"https:\/\/librairie7l.com\/wp-content\/uploads\/2022\/08\/logo-1.png\",\"width\":227,\"height\":301,\"caption\":\"Librairie 7L\"},\"image\":{\"@id\":\"https:\/\/librairie7l.com\/en\/#\/schema\/logo\/image\/\"}}]}<\/script>\n<!-- \/ Yoast SEO plugin. -->","yoast_head_json":{"title":"Connaissance des arts Hors-S\u00e9rie n.1114 : David Hockney 25 - Librairie 7L","robots":{"index":"index","follow":"follow","max-snippet":"max-snippet:-1","max-image-preview":"max-image-preview:large","max-video-preview":"max-video-preview:-1"},"canonical":"https:\/\/librairie7l.com\/en\/produit\/connaissance-des-arts-hors-serie-n-1114-david-hockney-25\/","og_locale":"en_US","og_type":"article","og_title":"Connaissance des arts Hors-S\u00e9rie n.1114 : David Hockney 25 - Librairie 7L","og_description":"Depuis 65 ans, David Hockney d\u00e9veloppe une oeuvre intimement li\u00e9e \u00e0 sa vie personnelle. Sa famille, ses amis, ses amours, les terres de son Angleterre natale comme les eaux bleues de Californie composent l&#8217;essentiel d&#8217;une iconographie aux allures de journal intime.","og_url":"https:\/\/librairie7l.com\/en\/produit\/connaissance-des-arts-hors-serie-n-1114-david-hockney-25\/","og_site_name":"Librairie 7L","article_modified_time":"2026-04-21T10:01:51+00:00","twitter_card":"summary_large_image","schema":{"@context":"https:\/\/schema.org","@graph":[{"@type":"WebPage","@id":"https:\/\/librairie7l.com\/en\/produit\/connaissance-des-arts-hors-serie-n-1114-david-hockney-25\/","url":"https:\/\/librairie7l.com\/en\/produit\/connaissance-des-arts-hors-serie-n-1114-david-hockney-25\/","name":"Connaissance des arts Hors-S\u00e9rie n.1114 : David Hockney 25 - Librairie 7L","isPartOf":{"@id":"https:\/\/librairie7l.com\/en\/#website"},"datePublished":"2025-07-29T19:37:42+00:00","dateModified":"2026-04-21T10:01:51+00:00","breadcrumb":{"@id":"https:\/\/librairie7l.com\/en\/produit\/connaissance-des-arts-hors-serie-n-1114-david-hockney-25\/#breadcrumb"},"inLanguage":"en-US","potentialAction":[{"@type":"ReadAction","target":["https:\/\/librairie7l.com\/en\/produit\/connaissance-des-arts-hors-serie-n-1114-david-hockney-25\/"]}]},{"@type":"BreadcrumbList","@id":"https:\/\/librairie7l.com\/en\/produit\/connaissance-des-arts-hors-serie-n-1114-david-hockney-25\/#breadcrumb","itemListElement":[{"@type":"ListItem","position":1,"name":"Accueil","item":"https:\/\/librairie7l.com\/en\/"},{"@type":"ListItem","position":2,"name":"Shop","item":"https:\/\/librairie7l.com\/en\/shop\/"},{"@type":"ListItem","position":3,"name":"CONNAISSANCE DES ARTS HORS-S\u00c9RIE N.1114 : DAVID HOCKNEY 25"}]},{"@type":"WebSite","@id":"https:\/\/librairie7l.com\/en\/#website","url":"https:\/\/librairie7l.com\/en\/","name":"Librairie 7L","description":"Librairie fond\u00e9e en 1999 par Karl Lagerfeld \u00e0 Paris","publisher":{"@id":"https:\/\/librairie7l.com\/en\/#organization"},"potentialAction":[{"@type":"SearchAction","target":{"@type":"EntryPoint","urlTemplate":"https:\/\/librairie7l.com\/en\/?s={search_term_string}"},"query-input":"required name=search_term_string"}],"inLanguage":"en-US"},{"@type":"Organization","@id":"https:\/\/librairie7l.com\/en\/#organization","name":"Librairie 7L","url":"https:\/\/librairie7l.com\/en\/","logo":{"@type":"ImageObject","inLanguage":"en-US","@id":"https:\/\/librairie7l.com\/en\/#\/schema\/logo\/image\/","url":"https:\/\/librairie7l.com\/wp-content\/uploads\/2022\/08\/logo-1.png","contentUrl":"https:\/\/librairie7l.com\/wp-content\/uploads\/2022\/08\/logo-1.png","width":227,"height":301,"caption":"Librairie 7L"},"image":{"@id":"https:\/\/librairie7l.com\/en\/#\/schema\/logo\/image\/"}}]}},"_links":{"self":[{"href":"https:\/\/librairie7l.com\/en\/wp-json\/wp\/v2\/product\/49761"}],"collection":[{"href":"https:\/\/librairie7l.com\/en\/wp-json\/wp\/v2\/product"}],"about":[{"href":"https:\/\/librairie7l.com\/en\/wp-json\/wp\/v2\/types\/product"}],"wp:attachment":[{"href":"https:\/\/librairie7l.com\/en\/wp-json\/wp\/v2\/media?parent=49761"}],"wp:term":[{"taxonomy":"product_cat","embeddable":true,"href":"https:\/\/librairie7l.com\/en\/wp-json\/wp\/v2\/product_cat?post=49761"},{"taxonomy":"product_tag","embeddable":true,"href":"https:\/\/librairie7l.com\/en\/wp-json\/wp\/v2\/product_tag?post=49761"}],"curies":[{"name":"wp","href":"https:\/\/api.w.org\/{rel}","templated":true}]}}