{"id":49771,"date":"2025-08-02T22:20:50","date_gmt":"2025-08-02T20:20:50","guid":{"rendered":"https:\/\/librairie7l.com\/?post_type=product&#038;p=49771"},"modified":"2026-04-06T18:50:11","modified_gmt":"2026-04-06T16:50:11","slug":"the-little-guide-to-louis-vuitton-2","status":"publish","type":"product","link":"https:\/\/librairie7l.com\/en\/produit\/the-little-guide-to-louis-vuitton-2\/","title":{"rendered":"THE LITTLE GUIDE TO LOUIS VUITTON"},"content":{"rendered":"<p>Louis Vuitton en 170 citations : l&#8217;histoire d&#8217;un nom devenu l\u00e9gende.<br \/>\nPlongez dans l&#8217;univers d&#8217;\u00e9l\u00e9gance et d&#8217;innovation de la maison Vuitton \u00e0 travers des citations embl\u00e9matiques, des anecdotes rares et des pens\u00e9es inspirantes sur plus de 150 ans de style et de raffinement.<br \/>\nDepuis plus de 150 ans, les sacs monogrammes de Louis Vuitton sont associ\u00e9s au style et au luxe. N\u00e9 en 1821, Louis Vuitton a quitt\u00e9 son foyer \u00e0 l&#8217;\u00e2ge de 13 ans pour aller chercher fortune \u00e0 Paris, o\u00f9 il est devenu apprenti-bo\u00eetier, ce qui lui a permis d&#8217;\u00eatre introduit \u00e0 la cour royale de France. Avec l&#8217;aval de la royaut\u00e9, Louis ouvre son premier atelier en 1854, o\u00f9 ses comp\u00e9tences et ses innovations font de sa marque l&#8217;une des plus populaires d&#8217;Europe.<\/p>\n<p>Transmettant sa passion pour la fabrication de beaux bagages \u00e0 son fils Georges, puis \u00e0 son petit-fils Gaston-Louis, ils veillent \u00e0 ce que l&#8217;entreprise continue \u00e0 se d\u00e9velopper, survivant \u00e0 deux guerres mondiales, pour devenir la marque de luxe qui a fait sa renomm\u00e9e.<\/p>\n<p>Des magasins Louis Vuitton s&#8217;ouvrent dans les villes du monde entier et s&#8217;\u00e9tendent \u00e0 d&#8217;autres marques haut de gamme. La fusion en 1987 avec M\u00f6et Hennessy a donn\u00e9 naissance \u00e0 la grande marque LVMH et, en 1997, la nomination de Marc Jacobs a lanc\u00e9 Louis Vuitton dans le monde de la mode.<\/p>\n<p>&#8220;La femme Louis Vuitton, c&#8217;est plus une qualit\u00e9 &#8211; une qualit\u00e9 chez certaines femmes qui a besoin d&#8217;\u00eatre mise en avant, d&#8217;\u00eatre remarqu\u00e9e et reconnue.&#8221;<br \/>\nMarc Jacobs<\/p>\n<p>&#8220;Il y a beaucoup de bagages dans notre famille, mais ce sont des bagages Louis Vuitton&#8221;.<br \/>\nKim Kardashian<\/p>\n<p>&#8220;Le luxe doit \u00eatre confortable, sinon ce n&#8217;est pas du luxe&#8221;.<br \/>\nLouis Vuitton<\/p>\n","protected":false},"excerpt":{"rendered":"<p>Louis Vuitton en 170 citations : l&#8217;histoire d&#8217;un nom devenu l\u00e9gende. Plongez dans l&#8217;univers d&#8217;\u00e9l\u00e9gance et d&#8217;innovation de la maison Vuitton \u00e0 travers des citations embl\u00e9matiques, des anecdotes rares et des pens\u00e9es inspirantes sur plus de 150 ans de style et de raffinement. Depuis plus de 150 ans, les sacs monogrammes de Louis Vuitton sont [&hellip;]<\/p>\n","protected":false},"featured_media":49769,"template":"","meta":[],"product_cat":[7364,2948],"product_tag":[],"acf":[],"yoast_head":"<!-- This site is optimized with the Yoast SEO plugin v20.11 - https:\/\/yoast.com\/wordpress\/plugins\/seo\/ -->\n<title>The little guide to Louis Vuitton - Librairie 7L<\/title>\n<meta name=\"robots\" content=\"index, follow, max-snippet:-1, max-image-preview:large, max-video-preview:-1\" \/>\n<link rel=\"canonical\" href=\"https:\/\/librairie7l.com\/en\/produit\/the-little-guide-to-louis-vuitton-2\/\" \/>\n<meta property=\"og:locale\" content=\"en_US\" \/>\n<meta property=\"og:type\" content=\"article\" \/>\n<meta property=\"og:title\" content=\"The little guide to Louis Vuitton - Librairie 7L\" \/>\n<meta property=\"og:description\" content=\"Louis Vuitton en 170 citations : l&#8217;histoire d&#8217;un nom devenu l\u00e9gende. Plongez dans l&#8217;univers d&#8217;\u00e9l\u00e9gance et d&#8217;innovation de la maison Vuitton \u00e0 travers des citations embl\u00e9matiques, des anecdotes rares et des pens\u00e9es inspirantes sur plus de 150 ans de style et de raffinement. Depuis plus de 150 ans, les sacs monogrammes de Louis Vuitton sont [&hellip;]\" \/>\n<meta property=\"og:url\" content=\"https:\/\/librairie7l.com\/en\/produit\/the-little-guide-to-louis-vuitton-2\/\" \/>\n<meta property=\"og:site_name\" content=\"Librairie 7L\" \/>\n<meta property=\"article:modified_time\" content=\"2026-04-06T16:50:11+00:00\" \/>\n<meta property=\"og:image\" content=\"https:\/\/librairie7l.com\/wp-content\/uploads\/2024\/12\/9782809905533_1_75.jpg\" \/>\n\t<meta property=\"og:image:width\" content=\"600\" \/>\n\t<meta property=\"og:image:height\" content=\"715\" \/>\n\t<meta property=\"og:image:type\" content=\"image\/jpeg\" \/>\n<meta name=\"twitter:card\" content=\"summary_large_image\" \/>\n<meta name=\"twitter:label1\" content=\"Est. reading time\" \/>\n\t<meta name=\"twitter:data1\" content=\"1 minute\" \/>\n<script type=\"application\/ld+json\" class=\"yoast-schema-graph\">{\"@context\":\"https:\/\/schema.org\",\"@graph\":[{\"@type\":\"WebPage\",\"@id\":\"https:\/\/librairie7l.com\/en\/produit\/the-little-guide-to-louis-vuitton-2\/\",\"url\":\"https:\/\/librairie7l.com\/en\/produit\/the-little-guide-to-louis-vuitton-2\/\",\"name\":\"The little guide to Louis Vuitton - Librairie 7L\",\"isPartOf\":{\"@id\":\"https:\/\/librairie7l.com\/en\/#website\"},\"datePublished\":\"2025-08-02T20:20:50+00:00\",\"dateModified\":\"2026-04-06T16:50:11+00:00\",\"breadcrumb\":{\"@id\":\"https:\/\/librairie7l.com\/en\/produit\/the-little-guide-to-louis-vuitton-2\/#breadcrumb\"},\"inLanguage\":\"en-US\",\"potentialAction\":[{\"@type\":\"ReadAction\",\"target\":[\"https:\/\/librairie7l.com\/en\/produit\/the-little-guide-to-louis-vuitton-2\/\"]}]},{\"@type\":\"BreadcrumbList\",\"@id\":\"https:\/\/librairie7l.com\/en\/produit\/the-little-guide-to-louis-vuitton-2\/#breadcrumb\",\"itemListElement\":[{\"@type\":\"ListItem\",\"position\":1,\"name\":\"Accueil\",\"item\":\"https:\/\/librairie7l.com\/en\/\"},{\"@type\":\"ListItem\",\"position\":2,\"name\":\"Shop\",\"item\":\"https:\/\/librairie7l.com\/en\/shop\/\"},{\"@type\":\"ListItem\",\"position\":3,\"name\":\"THE LITTLE GUIDE TO LOUIS VUITTON\"}]},{\"@type\":\"WebSite\",\"@id\":\"https:\/\/librairie7l.com\/en\/#website\",\"url\":\"https:\/\/librairie7l.com\/en\/\",\"name\":\"Librairie 7L\",\"description\":\"Librairie fond\u00e9e en 1999 par Karl Lagerfeld \u00e0 Paris\",\"publisher\":{\"@id\":\"https:\/\/librairie7l.com\/en\/#organization\"},\"potentialAction\":[{\"@type\":\"SearchAction\",\"target\":{\"@type\":\"EntryPoint\",\"urlTemplate\":\"https:\/\/librairie7l.com\/en\/?s={search_term_string}\"},\"query-input\":\"required name=search_term_string\"}],\"inLanguage\":\"en-US\"},{\"@type\":\"Organization\",\"@id\":\"https:\/\/librairie7l.com\/en\/#organization\",\"name\":\"Librairie 7L\",\"url\":\"https:\/\/librairie7l.com\/en\/\",\"logo\":{\"@type\":\"ImageObject\",\"inLanguage\":\"en-US\",\"@id\":\"https:\/\/librairie7l.com\/en\/#\/schema\/logo\/image\/\",\"url\":\"https:\/\/librairie7l.com\/wp-content\/uploads\/2022\/08\/logo-1.png\",\"contentUrl\":\"https:\/\/librairie7l.com\/wp-content\/uploads\/2022\/08\/logo-1.png\",\"width\":227,\"height\":301,\"caption\":\"Librairie 7L\"},\"image\":{\"@id\":\"https:\/\/librairie7l.com\/en\/#\/schema\/logo\/image\/\"}}]}<\/script>\n<!-- \/ Yoast SEO plugin. -->","yoast_head_json":{"title":"The little guide to Louis Vuitton - Librairie 7L","robots":{"index":"index","follow":"follow","max-snippet":"max-snippet:-1","max-image-preview":"max-image-preview:large","max-video-preview":"max-video-preview:-1"},"canonical":"https:\/\/librairie7l.com\/en\/produit\/the-little-guide-to-louis-vuitton-2\/","og_locale":"en_US","og_type":"article","og_title":"The little guide to Louis Vuitton - Librairie 7L","og_description":"Louis Vuitton en 170 citations : l&#8217;histoire d&#8217;un nom devenu l\u00e9gende. Plongez dans l&#8217;univers d&#8217;\u00e9l\u00e9gance et d&#8217;innovation de la maison Vuitton \u00e0 travers des citations embl\u00e9matiques, des anecdotes rares et des pens\u00e9es inspirantes sur plus de 150 ans de style et de raffinement. Depuis plus de 150 ans, les sacs monogrammes de Louis Vuitton sont [&hellip;]","og_url":"https:\/\/librairie7l.com\/en\/produit\/the-little-guide-to-louis-vuitton-2\/","og_site_name":"Librairie 7L","article_modified_time":"2026-04-06T16:50:11+00:00","og_image":[{"width":600,"height":715,"url":"https:\/\/librairie7l.com\/wp-content\/uploads\/2024\/12\/9782809905533_1_75.jpg","type":"image\/jpeg"}],"twitter_card":"summary_large_image","twitter_misc":{"Est. reading time":"1 minute"},"schema":{"@context":"https:\/\/schema.org","@graph":[{"@type":"WebPage","@id":"https:\/\/librairie7l.com\/en\/produit\/the-little-guide-to-louis-vuitton-2\/","url":"https:\/\/librairie7l.com\/en\/produit\/the-little-guide-to-louis-vuitton-2\/","name":"The little guide to Louis Vuitton - Librairie 7L","isPartOf":{"@id":"https:\/\/librairie7l.com\/en\/#website"},"datePublished":"2025-08-02T20:20:50+00:00","dateModified":"2026-04-06T16:50:11+00:00","breadcrumb":{"@id":"https:\/\/librairie7l.com\/en\/produit\/the-little-guide-to-louis-vuitton-2\/#breadcrumb"},"inLanguage":"en-US","potentialAction":[{"@type":"ReadAction","target":["https:\/\/librairie7l.com\/en\/produit\/the-little-guide-to-louis-vuitton-2\/"]}]},{"@type":"BreadcrumbList","@id":"https:\/\/librairie7l.com\/en\/produit\/the-little-guide-to-louis-vuitton-2\/#breadcrumb","itemListElement":[{"@type":"ListItem","position":1,"name":"Accueil","item":"https:\/\/librairie7l.com\/en\/"},{"@type":"ListItem","position":2,"name":"Shop","item":"https:\/\/librairie7l.com\/en\/shop\/"},{"@type":"ListItem","position":3,"name":"THE LITTLE GUIDE TO LOUIS VUITTON"}]},{"@type":"WebSite","@id":"https:\/\/librairie7l.com\/en\/#website","url":"https:\/\/librairie7l.com\/en\/","name":"Librairie 7L","description":"Librairie fond\u00e9e en 1999 par Karl Lagerfeld \u00e0 Paris","publisher":{"@id":"https:\/\/librairie7l.com\/en\/#organization"},"potentialAction":[{"@type":"SearchAction","target":{"@type":"EntryPoint","urlTemplate":"https:\/\/librairie7l.com\/en\/?s={search_term_string}"},"query-input":"required name=search_term_string"}],"inLanguage":"en-US"},{"@type":"Organization","@id":"https:\/\/librairie7l.com\/en\/#organization","name":"Librairie 7L","url":"https:\/\/librairie7l.com\/en\/","logo":{"@type":"ImageObject","inLanguage":"en-US","@id":"https:\/\/librairie7l.com\/en\/#\/schema\/logo\/image\/","url":"https:\/\/librairie7l.com\/wp-content\/uploads\/2022\/08\/logo-1.png","contentUrl":"https:\/\/librairie7l.com\/wp-content\/uploads\/2022\/08\/logo-1.png","width":227,"height":301,"caption":"Librairie 7L"},"image":{"@id":"https:\/\/librairie7l.com\/en\/#\/schema\/logo\/image\/"}}]}},"_links":{"self":[{"href":"https:\/\/librairie7l.com\/en\/wp-json\/wp\/v2\/product\/49771"}],"collection":[{"href":"https:\/\/librairie7l.com\/en\/wp-json\/wp\/v2\/product"}],"about":[{"href":"https:\/\/librairie7l.com\/en\/wp-json\/wp\/v2\/types\/product"}],"wp:featuredmedia":[{"embeddable":true,"href":"https:\/\/librairie7l.com\/en\/wp-json\/wp\/v2\/media\/49769"}],"wp:attachment":[{"href":"https:\/\/librairie7l.com\/en\/wp-json\/wp\/v2\/media?parent=49771"}],"wp:term":[{"taxonomy":"product_cat","embeddable":true,"href":"https:\/\/librairie7l.com\/en\/wp-json\/wp\/v2\/product_cat?post=49771"},{"taxonomy":"product_tag","embeddable":true,"href":"https:\/\/librairie7l.com\/en\/wp-json\/wp\/v2\/product_tag?post=49771"}],"curies":[{"name":"wp","href":"https:\/\/api.w.org\/{rel}","templated":true}]}}