{"id":49785,"date":"2025-08-05T03:00:01","date_gmt":"2025-08-05T01:00:01","guid":{"rendered":"https:\/\/librairie7l.com\/?post_type=product&#038;p=49785"},"modified":"2026-04-06T17:11:40","modified_gmt":"2026-04-06T15:11:40","slug":"decouvre-la-mode-de-karl-lagerfeld-2","status":"publish","type":"product","link":"https:\/\/librairie7l.com\/en\/produit\/decouvre-la-mode-de-karl-lagerfeld-2\/","title":{"rendered":"D\u00c9COUVRE LA MODE DE KARL LAGERFELD"},"content":{"rendered":"<p>P\u00e9n\u00e9trer quelques heures durant l&#8217;univers d&#8217;un cr\u00e9ateur, lui poser mille questions, l&#8217;observer, s&#8217;essayer \u00e0 sa pratique, n&#8217;est-ce pas l\u00e0 la meilleure mani\u00e8re d&#8217;aborder une oeuvre, de la comprendre, d&#8217;en appr\u00e9cier pleinement la singularit\u00e9 ? Des enfants vont \u00e0 la rencontre d&#8217;un artiste, d&#8217;un architecte, d&#8217;un couturier ou d&#8217;un designer.<br \/>\nR\u00e9cit vivant et illustr\u00e9 de cette aventure, ce livre prend la forme d&#8217;un reportage comment\u00e9 par un texte simple et informatif, agr\u00e9ment\u00e9 des r\u00e9flexions les plus dr\u00f4les, les plus inattendues ou les plus \u00e9clairantes des protagonistes. Les arts visuels et leurs techniques se d\u00e9voilent au fil de cette collection en un panorama de la cr\u00e9ation contemporaine.<\/p>\n","protected":false},"excerpt":{"rendered":"<p>P\u00e9n\u00e9trer quelques heures durant l&#8217;univers d&#8217;un cr\u00e9ateur, lui poser mille questions, l&#8217;observer, s&#8217;essayer \u00e0 sa pratique, n&#8217;est-ce pas l\u00e0 la meilleure mani\u00e8re d&#8217;aborder une oeuvre, de la comprendre, d&#8217;en appr\u00e9cier pleinement la singularit\u00e9 ? Des enfants vont \u00e0 la rencontre d&#8217;un artiste, d&#8217;un architecte, d&#8217;un couturier ou d&#8217;un designer. R\u00e9cit vivant et illustr\u00e9 de cette [&hellip;]<\/p>\n","protected":false},"featured_media":49783,"template":"","meta":[],"product_cat":[7364,2948],"product_tag":[],"acf":[],"yoast_head":"<!-- This site is optimized with the Yoast SEO plugin v20.11 - https:\/\/yoast.com\/wordpress\/plugins\/seo\/ -->\n<title>D\u00e9couvre la mode de Karl Lagerfeld - Librairie 7L<\/title>\n<meta name=\"robots\" content=\"index, follow, max-snippet:-1, max-image-preview:large, max-video-preview:-1\" \/>\n<link rel=\"canonical\" href=\"https:\/\/librairie7l.com\/en\/produit\/decouvre-la-mode-de-karl-lagerfeld-2\/\" \/>\n<meta property=\"og:locale\" content=\"en_US\" \/>\n<meta property=\"og:type\" content=\"article\" \/>\n<meta property=\"og:title\" content=\"D\u00e9couvre la mode de Karl Lagerfeld - Librairie 7L\" \/>\n<meta property=\"og:description\" content=\"P\u00e9n\u00e9trer quelques heures durant l&#8217;univers d&#8217;un cr\u00e9ateur, lui poser mille questions, l&#8217;observer, s&#8217;essayer \u00e0 sa pratique, n&#8217;est-ce pas l\u00e0 la meilleure mani\u00e8re d&#8217;aborder une oeuvre, de la comprendre, d&#8217;en appr\u00e9cier pleinement la singularit\u00e9 ? Des enfants vont \u00e0 la rencontre d&#8217;un artiste, d&#8217;un architecte, d&#8217;un couturier ou d&#8217;un designer. R\u00e9cit vivant et illustr\u00e9 de cette [&hellip;]\" \/>\n<meta property=\"og:url\" content=\"https:\/\/librairie7l.com\/en\/produit\/decouvre-la-mode-de-karl-lagerfeld-2\/\" \/>\n<meta property=\"og:site_name\" content=\"Librairie 7L\" \/>\n<meta property=\"article:modified_time\" content=\"2026-04-06T15:11:40+00:00\" \/>\n<meta property=\"og:image\" content=\"https:\/\/librairie7l.com\/wp-content\/uploads\/2004\/01\/9782841051700_1_75.jpg\" \/>\n\t<meta property=\"og:image:width\" content=\"600\" \/>\n\t<meta property=\"og:image:height\" content=\"754\" \/>\n\t<meta property=\"og:image:type\" content=\"image\/jpeg\" \/>\n<meta name=\"twitter:card\" content=\"summary_large_image\" \/>\n<meta name=\"twitter:label1\" content=\"Est. reading time\" \/>\n\t<meta name=\"twitter:data1\" content=\"1 minute\" \/>\n<script type=\"application\/ld+json\" class=\"yoast-schema-graph\">{\"@context\":\"https:\/\/schema.org\",\"@graph\":[{\"@type\":\"WebPage\",\"@id\":\"https:\/\/librairie7l.com\/en\/produit\/decouvre-la-mode-de-karl-lagerfeld-2\/\",\"url\":\"https:\/\/librairie7l.com\/en\/produit\/decouvre-la-mode-de-karl-lagerfeld-2\/\",\"name\":\"D\u00e9couvre la mode de Karl Lagerfeld - Librairie 7L\",\"isPartOf\":{\"@id\":\"https:\/\/librairie7l.com\/en\/#website\"},\"datePublished\":\"2025-08-05T01:00:01+00:00\",\"dateModified\":\"2026-04-06T15:11:40+00:00\",\"breadcrumb\":{\"@id\":\"https:\/\/librairie7l.com\/en\/produit\/decouvre-la-mode-de-karl-lagerfeld-2\/#breadcrumb\"},\"inLanguage\":\"en-US\",\"potentialAction\":[{\"@type\":\"ReadAction\",\"target\":[\"https:\/\/librairie7l.com\/en\/produit\/decouvre-la-mode-de-karl-lagerfeld-2\/\"]}]},{\"@type\":\"BreadcrumbList\",\"@id\":\"https:\/\/librairie7l.com\/en\/produit\/decouvre-la-mode-de-karl-lagerfeld-2\/#breadcrumb\",\"itemListElement\":[{\"@type\":\"ListItem\",\"position\":1,\"name\":\"Accueil\",\"item\":\"https:\/\/librairie7l.com\/en\/\"},{\"@type\":\"ListItem\",\"position\":2,\"name\":\"Shop\",\"item\":\"https:\/\/librairie7l.com\/en\/shop\/\"},{\"@type\":\"ListItem\",\"position\":3,\"name\":\"D\u00c9COUVRE LA MODE DE KARL LAGERFELD\"}]},{\"@type\":\"WebSite\",\"@id\":\"https:\/\/librairie7l.com\/en\/#website\",\"url\":\"https:\/\/librairie7l.com\/en\/\",\"name\":\"Librairie 7L\",\"description\":\"Librairie fond\u00e9e en 1999 par Karl Lagerfeld \u00e0 Paris\",\"publisher\":{\"@id\":\"https:\/\/librairie7l.com\/en\/#organization\"},\"potentialAction\":[{\"@type\":\"SearchAction\",\"target\":{\"@type\":\"EntryPoint\",\"urlTemplate\":\"https:\/\/librairie7l.com\/en\/?s={search_term_string}\"},\"query-input\":\"required name=search_term_string\"}],\"inLanguage\":\"en-US\"},{\"@type\":\"Organization\",\"@id\":\"https:\/\/librairie7l.com\/en\/#organization\",\"name\":\"Librairie 7L\",\"url\":\"https:\/\/librairie7l.com\/en\/\",\"logo\":{\"@type\":\"ImageObject\",\"inLanguage\":\"en-US\",\"@id\":\"https:\/\/librairie7l.com\/en\/#\/schema\/logo\/image\/\",\"url\":\"https:\/\/librairie7l.com\/wp-content\/uploads\/2022\/08\/logo-1.png\",\"contentUrl\":\"https:\/\/librairie7l.com\/wp-content\/uploads\/2022\/08\/logo-1.png\",\"width\":227,\"height\":301,\"caption\":\"Librairie 7L\"},\"image\":{\"@id\":\"https:\/\/librairie7l.com\/en\/#\/schema\/logo\/image\/\"}}]}<\/script>\n<!-- \/ Yoast SEO plugin. -->","yoast_head_json":{"title":"D\u00e9couvre la mode de Karl Lagerfeld - Librairie 7L","robots":{"index":"index","follow":"follow","max-snippet":"max-snippet:-1","max-image-preview":"max-image-preview:large","max-video-preview":"max-video-preview:-1"},"canonical":"https:\/\/librairie7l.com\/en\/produit\/decouvre-la-mode-de-karl-lagerfeld-2\/","og_locale":"en_US","og_type":"article","og_title":"D\u00e9couvre la mode de Karl Lagerfeld - Librairie 7L","og_description":"P\u00e9n\u00e9trer quelques heures durant l&#8217;univers d&#8217;un cr\u00e9ateur, lui poser mille questions, l&#8217;observer, s&#8217;essayer \u00e0 sa pratique, n&#8217;est-ce pas l\u00e0 la meilleure mani\u00e8re d&#8217;aborder une oeuvre, de la comprendre, d&#8217;en appr\u00e9cier pleinement la singularit\u00e9 ? Des enfants vont \u00e0 la rencontre d&#8217;un artiste, d&#8217;un architecte, d&#8217;un couturier ou d&#8217;un designer. R\u00e9cit vivant et illustr\u00e9 de cette [&hellip;]","og_url":"https:\/\/librairie7l.com\/en\/produit\/decouvre-la-mode-de-karl-lagerfeld-2\/","og_site_name":"Librairie 7L","article_modified_time":"2026-04-06T15:11:40+00:00","og_image":[{"width":600,"height":754,"url":"https:\/\/librairie7l.com\/wp-content\/uploads\/2004\/01\/9782841051700_1_75.jpg","type":"image\/jpeg"}],"twitter_card":"summary_large_image","twitter_misc":{"Est. reading time":"1 minute"},"schema":{"@context":"https:\/\/schema.org","@graph":[{"@type":"WebPage","@id":"https:\/\/librairie7l.com\/en\/produit\/decouvre-la-mode-de-karl-lagerfeld-2\/","url":"https:\/\/librairie7l.com\/en\/produit\/decouvre-la-mode-de-karl-lagerfeld-2\/","name":"D\u00e9couvre la mode de Karl Lagerfeld - Librairie 7L","isPartOf":{"@id":"https:\/\/librairie7l.com\/en\/#website"},"datePublished":"2025-08-05T01:00:01+00:00","dateModified":"2026-04-06T15:11:40+00:00","breadcrumb":{"@id":"https:\/\/librairie7l.com\/en\/produit\/decouvre-la-mode-de-karl-lagerfeld-2\/#breadcrumb"},"inLanguage":"en-US","potentialAction":[{"@type":"ReadAction","target":["https:\/\/librairie7l.com\/en\/produit\/decouvre-la-mode-de-karl-lagerfeld-2\/"]}]},{"@type":"BreadcrumbList","@id":"https:\/\/librairie7l.com\/en\/produit\/decouvre-la-mode-de-karl-lagerfeld-2\/#breadcrumb","itemListElement":[{"@type":"ListItem","position":1,"name":"Accueil","item":"https:\/\/librairie7l.com\/en\/"},{"@type":"ListItem","position":2,"name":"Shop","item":"https:\/\/librairie7l.com\/en\/shop\/"},{"@type":"ListItem","position":3,"name":"D\u00c9COUVRE LA MODE DE KARL LAGERFELD"}]},{"@type":"WebSite","@id":"https:\/\/librairie7l.com\/en\/#website","url":"https:\/\/librairie7l.com\/en\/","name":"Librairie 7L","description":"Librairie fond\u00e9e en 1999 par Karl Lagerfeld \u00e0 Paris","publisher":{"@id":"https:\/\/librairie7l.com\/en\/#organization"},"potentialAction":[{"@type":"SearchAction","target":{"@type":"EntryPoint","urlTemplate":"https:\/\/librairie7l.com\/en\/?s={search_term_string}"},"query-input":"required name=search_term_string"}],"inLanguage":"en-US"},{"@type":"Organization","@id":"https:\/\/librairie7l.com\/en\/#organization","name":"Librairie 7L","url":"https:\/\/librairie7l.com\/en\/","logo":{"@type":"ImageObject","inLanguage":"en-US","@id":"https:\/\/librairie7l.com\/en\/#\/schema\/logo\/image\/","url":"https:\/\/librairie7l.com\/wp-content\/uploads\/2022\/08\/logo-1.png","contentUrl":"https:\/\/librairie7l.com\/wp-content\/uploads\/2022\/08\/logo-1.png","width":227,"height":301,"caption":"Librairie 7L"},"image":{"@id":"https:\/\/librairie7l.com\/en\/#\/schema\/logo\/image\/"}}]}},"_links":{"self":[{"href":"https:\/\/librairie7l.com\/en\/wp-json\/wp\/v2\/product\/49785"}],"collection":[{"href":"https:\/\/librairie7l.com\/en\/wp-json\/wp\/v2\/product"}],"about":[{"href":"https:\/\/librairie7l.com\/en\/wp-json\/wp\/v2\/types\/product"}],"wp:featuredmedia":[{"embeddable":true,"href":"https:\/\/librairie7l.com\/en\/wp-json\/wp\/v2\/media\/49783"}],"wp:attachment":[{"href":"https:\/\/librairie7l.com\/en\/wp-json\/wp\/v2\/media?parent=49785"}],"wp:term":[{"taxonomy":"product_cat","embeddable":true,"href":"https:\/\/librairie7l.com\/en\/wp-json\/wp\/v2\/product_cat?post=49785"},{"taxonomy":"product_tag","embeddable":true,"href":"https:\/\/librairie7l.com\/en\/wp-json\/wp\/v2\/product_tag?post=49785"}],"curies":[{"name":"wp","href":"https:\/\/api.w.org\/{rel}","templated":true}]}}