{"id":49820,"date":"2025-08-09T06:34:37","date_gmt":"2025-08-09T04:34:37","guid":{"rendered":"https:\/\/librairie7l.com\/?post_type=product&#038;p=49820"},"modified":"2026-04-06T18:44:34","modified_gmt":"2026-04-06T16:44:34","slug":"leonard-freed-black-in-white-america-1963-1965-2","status":"publish","type":"product","link":"https:\/\/librairie7l.com\/en\/produit\/leonard-freed-black-in-white-america-1963-1965-2\/","title":{"rendered":"LEONARD FREED BLACK IN WHITE AMERICA 1963-1965"},"content":{"rendered":"<p>Nouvelle \u00e9dition revue et augment\u00e9e pour cet essai photographique sur les droits civiques de Leonard Freed en 1968. En 1962, le photojournaliste am\u00e9ricain blanc Leonard Freed a photographi\u00e9 un soldat afro-am\u00e9ricain debout devant le mur de Berlin. Frapp\u00e9 par l&#8217;ironie de l&#8217;image de ce soldat d\u00e9fendant les \u00c9tats-Unis sur un sol \u00e9tranger pendant que les Afro-Am\u00e9ricains se battaient pour leurs droits, il d\u00e9cide de se consacrer \u00e0 ce sujet d\u00e8s son retour aux \u00c9tats-Unis en 1963, photographiant la marche sur Washington puis la tension et la peur au sein des communaut\u00e9s noires du Nord et du Sud, et, de 1963 \u00e0 1965, le sort des Afro-Am\u00e9ricains et la grande lutte pour l&#8217;\u00e9galit\u00e9 raciale au sein d&#8217;une soci\u00e9t\u00e9 raciste profond\u00e9ment s\u00e9gr\u00e9gu\u00e9e. Les photographies de cette nouvelle \u00e9dition ont \u00e9t\u00e9 reproduites \u00e0 partir des n\u00e9gatifs originaux et en utilisant des tirages d&#8217;\u00e9poque cr\u00e9\u00e9s par la veuve de Freed, Brigitte Freed. La s\u00e9rie n&#8217;a jamais \u00e9t\u00e9 publi\u00e9e avec une telle qualit\u00e9 de d\u00e9tails auparavant, et de nombreuses images sont publi\u00e9es pour la premi\u00e8re fois. Les photographies sont accompagn\u00e9es du texte des journaux intimes originaux de Freed de l&#8217;\u00e9poque.<\/p>\n","protected":false},"excerpt":{"rendered":"<p>Nouvelle \u00e9dition revue et augment\u00e9e pour cet essai photographique sur les droits civiques de Leonard Freed en 1968. En 1962, le photojournaliste am\u00e9ricain blanc Leonard Freed a photographi\u00e9 un soldat afro-am\u00e9ricain debout devant le mur de Berlin. Frapp\u00e9 par l&#8217;ironie de l&#8217;image de ce soldat d\u00e9fendant les \u00c9tats-Unis sur un sol \u00e9tranger pendant que les [&hellip;]<\/p>\n","protected":false},"featured_media":49818,"template":"","meta":[],"product_cat":[7364,2948],"product_tag":[],"acf":[],"yoast_head":"<!-- This site is optimized with the Yoast SEO plugin v20.11 - https:\/\/yoast.com\/wordpress\/plugins\/seo\/ -->\n<title>Leonard freed black in white america 1963-1965 - Librairie 7L<\/title>\n<meta name=\"robots\" content=\"index, follow, max-snippet:-1, max-image-preview:large, max-video-preview:-1\" \/>\n<link rel=\"canonical\" href=\"https:\/\/librairie7l.com\/en\/produit\/leonard-freed-black-in-white-america-1963-1965-2\/\" \/>\n<meta property=\"og:locale\" content=\"en_US\" \/>\n<meta property=\"og:type\" content=\"article\" \/>\n<meta property=\"og:title\" content=\"Leonard freed black in white america 1963-1965 - Librairie 7L\" \/>\n<meta property=\"og:description\" content=\"Nouvelle \u00e9dition revue et augment\u00e9e pour cet essai photographique sur les droits civiques de Leonard Freed en 1968. En 1962, le photojournaliste am\u00e9ricain blanc Leonard Freed a photographi\u00e9 un soldat afro-am\u00e9ricain debout devant le mur de Berlin. Frapp\u00e9 par l&#8217;ironie de l&#8217;image de ce soldat d\u00e9fendant les \u00c9tats-Unis sur un sol \u00e9tranger pendant que les [&hellip;]\" \/>\n<meta property=\"og:url\" content=\"https:\/\/librairie7l.com\/en\/produit\/leonard-freed-black-in-white-america-1963-1965-2\/\" \/>\n<meta property=\"og:site_name\" content=\"Librairie 7L\" \/>\n<meta property=\"article:modified_time\" content=\"2026-04-06T16:44:34+00:00\" \/>\n<meta property=\"og:image\" content=\"https:\/\/librairie7l.com\/wp-content\/uploads\/2020\/06\/9781909526778_1_75.jpg\" \/>\n\t<meta property=\"og:image:width\" content=\"600\" \/>\n\t<meta property=\"og:image:height\" content=\"738\" \/>\n\t<meta property=\"og:image:type\" content=\"image\/jpeg\" \/>\n<meta name=\"twitter:card\" content=\"summary_large_image\" \/>\n<meta name=\"twitter:label1\" content=\"Est. reading time\" \/>\n\t<meta name=\"twitter:data1\" content=\"1 minute\" \/>\n<script type=\"application\/ld+json\" class=\"yoast-schema-graph\">{\"@context\":\"https:\/\/schema.org\",\"@graph\":[{\"@type\":\"WebPage\",\"@id\":\"https:\/\/librairie7l.com\/en\/produit\/leonard-freed-black-in-white-america-1963-1965-2\/\",\"url\":\"https:\/\/librairie7l.com\/en\/produit\/leonard-freed-black-in-white-america-1963-1965-2\/\",\"name\":\"Leonard freed black in white america 1963-1965 - Librairie 7L\",\"isPartOf\":{\"@id\":\"https:\/\/librairie7l.com\/en\/#website\"},\"datePublished\":\"2025-08-09T04:34:37+00:00\",\"dateModified\":\"2026-04-06T16:44:34+00:00\",\"breadcrumb\":{\"@id\":\"https:\/\/librairie7l.com\/en\/produit\/leonard-freed-black-in-white-america-1963-1965-2\/#breadcrumb\"},\"inLanguage\":\"en-US\",\"potentialAction\":[{\"@type\":\"ReadAction\",\"target\":[\"https:\/\/librairie7l.com\/en\/produit\/leonard-freed-black-in-white-america-1963-1965-2\/\"]}]},{\"@type\":\"BreadcrumbList\",\"@id\":\"https:\/\/librairie7l.com\/en\/produit\/leonard-freed-black-in-white-america-1963-1965-2\/#breadcrumb\",\"itemListElement\":[{\"@type\":\"ListItem\",\"position\":1,\"name\":\"Accueil\",\"item\":\"https:\/\/librairie7l.com\/en\/\"},{\"@type\":\"ListItem\",\"position\":2,\"name\":\"Shop\",\"item\":\"https:\/\/librairie7l.com\/en\/shop\/\"},{\"@type\":\"ListItem\",\"position\":3,\"name\":\"LEONARD FREED BLACK IN WHITE AMERICA 1963-1965\"}]},{\"@type\":\"WebSite\",\"@id\":\"https:\/\/librairie7l.com\/en\/#website\",\"url\":\"https:\/\/librairie7l.com\/en\/\",\"name\":\"Librairie 7L\",\"description\":\"Librairie fond\u00e9e en 1999 par Karl Lagerfeld \u00e0 Paris\",\"publisher\":{\"@id\":\"https:\/\/librairie7l.com\/en\/#organization\"},\"potentialAction\":[{\"@type\":\"SearchAction\",\"target\":{\"@type\":\"EntryPoint\",\"urlTemplate\":\"https:\/\/librairie7l.com\/en\/?s={search_term_string}\"},\"query-input\":\"required name=search_term_string\"}],\"inLanguage\":\"en-US\"},{\"@type\":\"Organization\",\"@id\":\"https:\/\/librairie7l.com\/en\/#organization\",\"name\":\"Librairie 7L\",\"url\":\"https:\/\/librairie7l.com\/en\/\",\"logo\":{\"@type\":\"ImageObject\",\"inLanguage\":\"en-US\",\"@id\":\"https:\/\/librairie7l.com\/en\/#\/schema\/logo\/image\/\",\"url\":\"https:\/\/librairie7l.com\/wp-content\/uploads\/2022\/08\/logo-1.png\",\"contentUrl\":\"https:\/\/librairie7l.com\/wp-content\/uploads\/2022\/08\/logo-1.png\",\"width\":227,\"height\":301,\"caption\":\"Librairie 7L\"},\"image\":{\"@id\":\"https:\/\/librairie7l.com\/en\/#\/schema\/logo\/image\/\"}}]}<\/script>\n<!-- \/ Yoast SEO plugin. -->","yoast_head_json":{"title":"Leonard freed black in white america 1963-1965 - Librairie 7L","robots":{"index":"index","follow":"follow","max-snippet":"max-snippet:-1","max-image-preview":"max-image-preview:large","max-video-preview":"max-video-preview:-1"},"canonical":"https:\/\/librairie7l.com\/en\/produit\/leonard-freed-black-in-white-america-1963-1965-2\/","og_locale":"en_US","og_type":"article","og_title":"Leonard freed black in white america 1963-1965 - Librairie 7L","og_description":"Nouvelle \u00e9dition revue et augment\u00e9e pour cet essai photographique sur les droits civiques de Leonard Freed en 1968. En 1962, le photojournaliste am\u00e9ricain blanc Leonard Freed a photographi\u00e9 un soldat afro-am\u00e9ricain debout devant le mur de Berlin. Frapp\u00e9 par l&#8217;ironie de l&#8217;image de ce soldat d\u00e9fendant les \u00c9tats-Unis sur un sol \u00e9tranger pendant que les [&hellip;]","og_url":"https:\/\/librairie7l.com\/en\/produit\/leonard-freed-black-in-white-america-1963-1965-2\/","og_site_name":"Librairie 7L","article_modified_time":"2026-04-06T16:44:34+00:00","og_image":[{"width":600,"height":738,"url":"https:\/\/librairie7l.com\/wp-content\/uploads\/2020\/06\/9781909526778_1_75.jpg","type":"image\/jpeg"}],"twitter_card":"summary_large_image","twitter_misc":{"Est. reading time":"1 minute"},"schema":{"@context":"https:\/\/schema.org","@graph":[{"@type":"WebPage","@id":"https:\/\/librairie7l.com\/en\/produit\/leonard-freed-black-in-white-america-1963-1965-2\/","url":"https:\/\/librairie7l.com\/en\/produit\/leonard-freed-black-in-white-america-1963-1965-2\/","name":"Leonard freed black in white america 1963-1965 - Librairie 7L","isPartOf":{"@id":"https:\/\/librairie7l.com\/en\/#website"},"datePublished":"2025-08-09T04:34:37+00:00","dateModified":"2026-04-06T16:44:34+00:00","breadcrumb":{"@id":"https:\/\/librairie7l.com\/en\/produit\/leonard-freed-black-in-white-america-1963-1965-2\/#breadcrumb"},"inLanguage":"en-US","potentialAction":[{"@type":"ReadAction","target":["https:\/\/librairie7l.com\/en\/produit\/leonard-freed-black-in-white-america-1963-1965-2\/"]}]},{"@type":"BreadcrumbList","@id":"https:\/\/librairie7l.com\/en\/produit\/leonard-freed-black-in-white-america-1963-1965-2\/#breadcrumb","itemListElement":[{"@type":"ListItem","position":1,"name":"Accueil","item":"https:\/\/librairie7l.com\/en\/"},{"@type":"ListItem","position":2,"name":"Shop","item":"https:\/\/librairie7l.com\/en\/shop\/"},{"@type":"ListItem","position":3,"name":"LEONARD FREED BLACK IN WHITE AMERICA 1963-1965"}]},{"@type":"WebSite","@id":"https:\/\/librairie7l.com\/en\/#website","url":"https:\/\/librairie7l.com\/en\/","name":"Librairie 7L","description":"Librairie fond\u00e9e en 1999 par Karl Lagerfeld \u00e0 Paris","publisher":{"@id":"https:\/\/librairie7l.com\/en\/#organization"},"potentialAction":[{"@type":"SearchAction","target":{"@type":"EntryPoint","urlTemplate":"https:\/\/librairie7l.com\/en\/?s={search_term_string}"},"query-input":"required name=search_term_string"}],"inLanguage":"en-US"},{"@type":"Organization","@id":"https:\/\/librairie7l.com\/en\/#organization","name":"Librairie 7L","url":"https:\/\/librairie7l.com\/en\/","logo":{"@type":"ImageObject","inLanguage":"en-US","@id":"https:\/\/librairie7l.com\/en\/#\/schema\/logo\/image\/","url":"https:\/\/librairie7l.com\/wp-content\/uploads\/2022\/08\/logo-1.png","contentUrl":"https:\/\/librairie7l.com\/wp-content\/uploads\/2022\/08\/logo-1.png","width":227,"height":301,"caption":"Librairie 7L"},"image":{"@id":"https:\/\/librairie7l.com\/en\/#\/schema\/logo\/image\/"}}]}},"_links":{"self":[{"href":"https:\/\/librairie7l.com\/en\/wp-json\/wp\/v2\/product\/49820"}],"collection":[{"href":"https:\/\/librairie7l.com\/en\/wp-json\/wp\/v2\/product"}],"about":[{"href":"https:\/\/librairie7l.com\/en\/wp-json\/wp\/v2\/types\/product"}],"wp:featuredmedia":[{"embeddable":true,"href":"https:\/\/librairie7l.com\/en\/wp-json\/wp\/v2\/media\/49818"}],"wp:attachment":[{"href":"https:\/\/librairie7l.com\/en\/wp-json\/wp\/v2\/media?parent=49820"}],"wp:term":[{"taxonomy":"product_cat","embeddable":true,"href":"https:\/\/librairie7l.com\/en\/wp-json\/wp\/v2\/product_cat?post=49820"},{"taxonomy":"product_tag","embeddable":true,"href":"https:\/\/librairie7l.com\/en\/wp-json\/wp\/v2\/product_tag?post=49820"}],"curies":[{"name":"wp","href":"https:\/\/api.w.org\/{rel}","templated":true}]}}