{"id":49828,"date":"2025-08-09T06:35:24","date_gmt":"2025-08-09T04:35:24","guid":{"rendered":"https:\/\/librairie7l.com\/?post_type=product&#038;p=49828"},"modified":"2026-04-06T17:37:40","modified_gmt":"2026-04-06T15:37:40","slug":"black-art-a-cultural-history-3rd-ed-world-of-art-2","status":"publish","type":"product","link":"https:\/\/librairie7l.com\/en\/produit\/black-art-a-cultural-history-3rd-ed-world-of-art-2\/","title":{"rendered":"BLACK ART : A CULTURAL HISTORY 3RD ED (WORLD OF ART)"},"content":{"rendered":"<p>La diaspora africaine issue de la traite n\u00e9gri\u00e8re transatlantique et du colonialisme occidental a g\u00e9n\u00e9r\u00e9 un large \u00e9ventail de r\u00e9alisations artistiques, du blues et du reggae, aux peintures de l&#8217;artiste afro-am\u00e9ricain pionnier Henry Ossawa Tanner et aux cr\u00e9ations vid\u00e9o d&#8217;artiste hip-hop contemporain. Ce livre se concentre sur la fa\u00e7on dont ces oeuvres, souvent cr\u00e9\u00e9es pendant des p\u00e9riodes de bouleversements et de transformations sociales majeures, utilisent la culture noire \u00e0 la fois comme sujet et comme contexte. Maintenant mise \u00e0 jour, cette nouvelle \u00e9dition nous aide \u00e0 mieux comprendre comment les deux premi\u00e8res d\u00e9cennies du XXIe si\u00e8cle ont \u00e9t\u00e9 un moment de transformation au cours duquel les hypoth\u00e8ses pr\u00e9c\u00e9dentes sur la race, la diff\u00e9rence et l&#8217;identit\u00e9 ont \u00e9t\u00e9 irr\u00e9vocablement modifi\u00e9es, l&#8217;art fournissant une lentille utile \u00e0 travers laquelle l&#8217;on peut r\u00e9fl\u00e9chir \u00e0 ces questions imp\u00e9rieuses.<\/p>\n","protected":false},"excerpt":{"rendered":"<p>La diaspora africaine issue de la traite n\u00e9gri\u00e8re transatlantique et du colonialisme occidental a g\u00e9n\u00e9r\u00e9 un large \u00e9ventail de r\u00e9alisations artistiques, du blues et du reggae, aux peintures de l&#8217;artiste afro-am\u00e9ricain pionnier Henry Ossawa Tanner et aux cr\u00e9ations vid\u00e9o d&#8217;artiste hip-hop contemporain. Ce livre se concentre sur la fa\u00e7on dont ces oeuvres, souvent cr\u00e9\u00e9es pendant [&hellip;]<\/p>\n","protected":false},"featured_media":49826,"template":"","meta":[],"product_cat":[7364,2948],"product_tag":[],"acf":[],"yoast_head":"<!-- This site is optimized with the Yoast SEO plugin v20.11 - https:\/\/yoast.com\/wordpress\/plugins\/seo\/ -->\n<title>Black art : a cultural history 3rd ed (world of art) - Librairie 7L<\/title>\n<meta name=\"robots\" content=\"index, follow, max-snippet:-1, max-image-preview:large, max-video-preview:-1\" \/>\n<link rel=\"canonical\" href=\"https:\/\/librairie7l.com\/en\/produit\/black-art-a-cultural-history-3rd-ed-world-of-art-2\/\" \/>\n<meta property=\"og:locale\" content=\"en_US\" \/>\n<meta property=\"og:type\" content=\"article\" \/>\n<meta property=\"og:title\" content=\"Black art : a cultural history 3rd ed (world of art) - Librairie 7L\" \/>\n<meta property=\"og:description\" content=\"La diaspora africaine issue de la traite n\u00e9gri\u00e8re transatlantique et du colonialisme occidental a g\u00e9n\u00e9r\u00e9 un large \u00e9ventail de r\u00e9alisations artistiques, du blues et du reggae, aux peintures de l&#8217;artiste afro-am\u00e9ricain pionnier Henry Ossawa Tanner et aux cr\u00e9ations vid\u00e9o d&#8217;artiste hip-hop contemporain. Ce livre se concentre sur la fa\u00e7on dont ces oeuvres, souvent cr\u00e9\u00e9es pendant [&hellip;]\" \/>\n<meta property=\"og:url\" content=\"https:\/\/librairie7l.com\/en\/produit\/black-art-a-cultural-history-3rd-ed-world-of-art-2\/\" \/>\n<meta property=\"og:site_name\" content=\"Librairie 7L\" \/>\n<meta property=\"article:modified_time\" content=\"2026-04-06T15:37:40+00:00\" \/>\n<meta property=\"og:image\" content=\"https:\/\/librairie7l.com\/wp-content\/uploads\/2021\/07\/9780500204665_1_75.jpg\" \/>\n\t<meta property=\"og:image:width\" content=\"357\" \/>\n\t<meta property=\"og:image:height\" content=\"500\" \/>\n\t<meta property=\"og:image:type\" content=\"image\/jpeg\" \/>\n<meta name=\"twitter:card\" content=\"summary_large_image\" \/>\n<meta name=\"twitter:label1\" content=\"Est. reading time\" \/>\n\t<meta name=\"twitter:data1\" content=\"1 minute\" \/>\n<script type=\"application\/ld+json\" class=\"yoast-schema-graph\">{\"@context\":\"https:\/\/schema.org\",\"@graph\":[{\"@type\":\"WebPage\",\"@id\":\"https:\/\/librairie7l.com\/en\/produit\/black-art-a-cultural-history-3rd-ed-world-of-art-2\/\",\"url\":\"https:\/\/librairie7l.com\/en\/produit\/black-art-a-cultural-history-3rd-ed-world-of-art-2\/\",\"name\":\"Black art : a cultural history 3rd ed (world of art) - Librairie 7L\",\"isPartOf\":{\"@id\":\"https:\/\/librairie7l.com\/en\/#website\"},\"datePublished\":\"2025-08-09T04:35:24+00:00\",\"dateModified\":\"2026-04-06T15:37:40+00:00\",\"breadcrumb\":{\"@id\":\"https:\/\/librairie7l.com\/en\/produit\/black-art-a-cultural-history-3rd-ed-world-of-art-2\/#breadcrumb\"},\"inLanguage\":\"en-US\",\"potentialAction\":[{\"@type\":\"ReadAction\",\"target\":[\"https:\/\/librairie7l.com\/en\/produit\/black-art-a-cultural-history-3rd-ed-world-of-art-2\/\"]}]},{\"@type\":\"BreadcrumbList\",\"@id\":\"https:\/\/librairie7l.com\/en\/produit\/black-art-a-cultural-history-3rd-ed-world-of-art-2\/#breadcrumb\",\"itemListElement\":[{\"@type\":\"ListItem\",\"position\":1,\"name\":\"Accueil\",\"item\":\"https:\/\/librairie7l.com\/en\/\"},{\"@type\":\"ListItem\",\"position\":2,\"name\":\"Shop\",\"item\":\"https:\/\/librairie7l.com\/en\/shop\/\"},{\"@type\":\"ListItem\",\"position\":3,\"name\":\"BLACK ART : A CULTURAL HISTORY 3RD ED (WORLD OF ART)\"}]},{\"@type\":\"WebSite\",\"@id\":\"https:\/\/librairie7l.com\/en\/#website\",\"url\":\"https:\/\/librairie7l.com\/en\/\",\"name\":\"Librairie 7L\",\"description\":\"Librairie fond\u00e9e en 1999 par Karl Lagerfeld \u00e0 Paris\",\"publisher\":{\"@id\":\"https:\/\/librairie7l.com\/en\/#organization\"},\"potentialAction\":[{\"@type\":\"SearchAction\",\"target\":{\"@type\":\"EntryPoint\",\"urlTemplate\":\"https:\/\/librairie7l.com\/en\/?s={search_term_string}\"},\"query-input\":\"required name=search_term_string\"}],\"inLanguage\":\"en-US\"},{\"@type\":\"Organization\",\"@id\":\"https:\/\/librairie7l.com\/en\/#organization\",\"name\":\"Librairie 7L\",\"url\":\"https:\/\/librairie7l.com\/en\/\",\"logo\":{\"@type\":\"ImageObject\",\"inLanguage\":\"en-US\",\"@id\":\"https:\/\/librairie7l.com\/en\/#\/schema\/logo\/image\/\",\"url\":\"https:\/\/librairie7l.com\/wp-content\/uploads\/2022\/08\/logo-1.png\",\"contentUrl\":\"https:\/\/librairie7l.com\/wp-content\/uploads\/2022\/08\/logo-1.png\",\"width\":227,\"height\":301,\"caption\":\"Librairie 7L\"},\"image\":{\"@id\":\"https:\/\/librairie7l.com\/en\/#\/schema\/logo\/image\/\"}}]}<\/script>\n<!-- \/ Yoast SEO plugin. -->","yoast_head_json":{"title":"Black art : a cultural history 3rd ed (world of art) - Librairie 7L","robots":{"index":"index","follow":"follow","max-snippet":"max-snippet:-1","max-image-preview":"max-image-preview:large","max-video-preview":"max-video-preview:-1"},"canonical":"https:\/\/librairie7l.com\/en\/produit\/black-art-a-cultural-history-3rd-ed-world-of-art-2\/","og_locale":"en_US","og_type":"article","og_title":"Black art : a cultural history 3rd ed (world of art) - Librairie 7L","og_description":"La diaspora africaine issue de la traite n\u00e9gri\u00e8re transatlantique et du colonialisme occidental a g\u00e9n\u00e9r\u00e9 un large \u00e9ventail de r\u00e9alisations artistiques, du blues et du reggae, aux peintures de l&#8217;artiste afro-am\u00e9ricain pionnier Henry Ossawa Tanner et aux cr\u00e9ations vid\u00e9o d&#8217;artiste hip-hop contemporain. Ce livre se concentre sur la fa\u00e7on dont ces oeuvres, souvent cr\u00e9\u00e9es pendant [&hellip;]","og_url":"https:\/\/librairie7l.com\/en\/produit\/black-art-a-cultural-history-3rd-ed-world-of-art-2\/","og_site_name":"Librairie 7L","article_modified_time":"2026-04-06T15:37:40+00:00","og_image":[{"width":357,"height":500,"url":"https:\/\/librairie7l.com\/wp-content\/uploads\/2021\/07\/9780500204665_1_75.jpg","type":"image\/jpeg"}],"twitter_card":"summary_large_image","twitter_misc":{"Est. reading time":"1 minute"},"schema":{"@context":"https:\/\/schema.org","@graph":[{"@type":"WebPage","@id":"https:\/\/librairie7l.com\/en\/produit\/black-art-a-cultural-history-3rd-ed-world-of-art-2\/","url":"https:\/\/librairie7l.com\/en\/produit\/black-art-a-cultural-history-3rd-ed-world-of-art-2\/","name":"Black art : a cultural history 3rd ed (world of art) - Librairie 7L","isPartOf":{"@id":"https:\/\/librairie7l.com\/en\/#website"},"datePublished":"2025-08-09T04:35:24+00:00","dateModified":"2026-04-06T15:37:40+00:00","breadcrumb":{"@id":"https:\/\/librairie7l.com\/en\/produit\/black-art-a-cultural-history-3rd-ed-world-of-art-2\/#breadcrumb"},"inLanguage":"en-US","potentialAction":[{"@type":"ReadAction","target":["https:\/\/librairie7l.com\/en\/produit\/black-art-a-cultural-history-3rd-ed-world-of-art-2\/"]}]},{"@type":"BreadcrumbList","@id":"https:\/\/librairie7l.com\/en\/produit\/black-art-a-cultural-history-3rd-ed-world-of-art-2\/#breadcrumb","itemListElement":[{"@type":"ListItem","position":1,"name":"Accueil","item":"https:\/\/librairie7l.com\/en\/"},{"@type":"ListItem","position":2,"name":"Shop","item":"https:\/\/librairie7l.com\/en\/shop\/"},{"@type":"ListItem","position":3,"name":"BLACK ART : A CULTURAL HISTORY 3RD ED (WORLD OF ART)"}]},{"@type":"WebSite","@id":"https:\/\/librairie7l.com\/en\/#website","url":"https:\/\/librairie7l.com\/en\/","name":"Librairie 7L","description":"Librairie fond\u00e9e en 1999 par Karl Lagerfeld \u00e0 Paris","publisher":{"@id":"https:\/\/librairie7l.com\/en\/#organization"},"potentialAction":[{"@type":"SearchAction","target":{"@type":"EntryPoint","urlTemplate":"https:\/\/librairie7l.com\/en\/?s={search_term_string}"},"query-input":"required name=search_term_string"}],"inLanguage":"en-US"},{"@type":"Organization","@id":"https:\/\/librairie7l.com\/en\/#organization","name":"Librairie 7L","url":"https:\/\/librairie7l.com\/en\/","logo":{"@type":"ImageObject","inLanguage":"en-US","@id":"https:\/\/librairie7l.com\/en\/#\/schema\/logo\/image\/","url":"https:\/\/librairie7l.com\/wp-content\/uploads\/2022\/08\/logo-1.png","contentUrl":"https:\/\/librairie7l.com\/wp-content\/uploads\/2022\/08\/logo-1.png","width":227,"height":301,"caption":"Librairie 7L"},"image":{"@id":"https:\/\/librairie7l.com\/en\/#\/schema\/logo\/image\/"}}]}},"_links":{"self":[{"href":"https:\/\/librairie7l.com\/en\/wp-json\/wp\/v2\/product\/49828"}],"collection":[{"href":"https:\/\/librairie7l.com\/en\/wp-json\/wp\/v2\/product"}],"about":[{"href":"https:\/\/librairie7l.com\/en\/wp-json\/wp\/v2\/types\/product"}],"wp:featuredmedia":[{"embeddable":true,"href":"https:\/\/librairie7l.com\/en\/wp-json\/wp\/v2\/media\/49826"}],"wp:attachment":[{"href":"https:\/\/librairie7l.com\/en\/wp-json\/wp\/v2\/media?parent=49828"}],"wp:term":[{"taxonomy":"product_cat","embeddable":true,"href":"https:\/\/librairie7l.com\/en\/wp-json\/wp\/v2\/product_cat?post=49828"},{"taxonomy":"product_tag","embeddable":true,"href":"https:\/\/librairie7l.com\/en\/wp-json\/wp\/v2\/product_tag?post=49828"}],"curies":[{"name":"wp","href":"https:\/\/api.w.org\/{rel}","templated":true}]}}