{"id":49878,"date":"2025-08-19T22:45:03","date_gmt":"2025-08-19T20:45:03","guid":{"rendered":"https:\/\/librairie7l.com\/?post_type=product&#038;p=49878"},"modified":"2026-04-06T17:08:32","modified_gmt":"2026-04-06T15:08:32","slug":"pina-bausch-2","status":"publish","type":"product","link":"https:\/\/librairie7l.com\/en\/produit\/pina-bausch-2\/","title":{"rendered":"PINA BAUSCH"},"content":{"rendered":"<p>Personne mieux que Pina Bausch incarne aujourd&#8217;hui la danse contemporaine. D&#8217;abord danseuse, en Allemagne et \u00e0 New York, elle devient peu \u00e0 peu chor\u00e9graphe \u00e0 Essen puis \u00e0 Wuppertal, au d\u00e9but des ann\u00e9es 1970. Avec sa compagnie, la c\u00e9l\u00e8bre Tanztheater Wuppertal, elle pr\u00e9sente ses spectacles \u00e0 travers le monde entier, pendant plus de trente ans. Dans cet ouvrage, dix ans apr\u00e8s la disparition de la chor\u00e9graphe, Rosita Boisseau propose de red\u00e9couvrir le parcours de celle qui a invent\u00e9 la danse-th\u00e9\u00e2tre, \u00e0 travers 12 explorations th\u00e9matiques et en s&#8217;arr\u00eatant en particulier sur 12 spectacles charni\u00e8res qu&#8217;elle analyse.<br \/>\nUne iconographie exceptionnelle vient compl\u00e9ter et mettre en r\u00e9sonance ce texte. Le photographe, Laurent Philippe, a photographi\u00e9 depuis 1989 pr\u00e8s de 35 spectacles de Pina Bausch !<\/p>\n","protected":false},"excerpt":{"rendered":"<p>Personne mieux que Pina Bausch incarne aujourd&#8217;hui la danse contemporaine. D&#8217;abord danseuse, en Allemagne et \u00e0 New York, elle devient peu \u00e0 peu chor\u00e9graphe \u00e0 Essen puis \u00e0 Wuppertal, au d\u00e9but des ann\u00e9es 1970. Avec sa compagnie, la c\u00e9l\u00e8bre Tanztheater Wuppertal, elle pr\u00e9sente ses spectacles \u00e0 travers le monde entier, pendant plus de trente ans. [&hellip;]<\/p>\n","protected":false},"featured_media":49876,"template":"","meta":[],"product_cat":[7364,2948],"product_tag":[],"acf":[],"yoast_head":"<!-- This site is optimized with the Yoast SEO plugin v20.11 - https:\/\/yoast.com\/wordpress\/plugins\/seo\/ -->\n<title>Pina Bausch - Librairie 7L<\/title>\n<meta name=\"robots\" content=\"index, follow, max-snippet:-1, max-image-preview:large, max-video-preview:-1\" \/>\n<link rel=\"canonical\" href=\"https:\/\/librairie7l.com\/en\/produit\/pina-bausch-2\/\" \/>\n<meta property=\"og:locale\" content=\"en_US\" \/>\n<meta property=\"og:type\" content=\"article\" \/>\n<meta property=\"og:title\" content=\"Pina Bausch - Librairie 7L\" \/>\n<meta property=\"og:description\" content=\"Personne mieux que Pina Bausch incarne aujourd&#8217;hui la danse contemporaine. D&#8217;abord danseuse, en Allemagne et \u00e0 New York, elle devient peu \u00e0 peu chor\u00e9graphe \u00e0 Essen puis \u00e0 Wuppertal, au d\u00e9but des ann\u00e9es 1970. Avec sa compagnie, la c\u00e9l\u00e8bre Tanztheater Wuppertal, elle pr\u00e9sente ses spectacles \u00e0 travers le monde entier, pendant plus de trente ans. [&hellip;]\" \/>\n<meta property=\"og:url\" content=\"https:\/\/librairie7l.com\/en\/produit\/pina-bausch-2\/\" \/>\n<meta property=\"og:site_name\" content=\"Librairie 7L\" \/>\n<meta property=\"article:modified_time\" content=\"2026-04-06T15:08:32+00:00\" \/>\n<meta property=\"og:image\" content=\"https:\/\/librairie7l.com\/wp-content\/uploads\/2019\/07\/9782359882292_1_75.jpg\" \/>\n\t<meta property=\"og:image:width\" content=\"600\" \/>\n\t<meta property=\"og:image:height\" content=\"776\" \/>\n\t<meta property=\"og:image:type\" content=\"image\/jpeg\" \/>\n<meta name=\"twitter:card\" content=\"summary_large_image\" \/>\n<meta name=\"twitter:label1\" content=\"Est. reading time\" \/>\n\t<meta name=\"twitter:data1\" content=\"1 minute\" \/>\n<script type=\"application\/ld+json\" class=\"yoast-schema-graph\">{\"@context\":\"https:\/\/schema.org\",\"@graph\":[{\"@type\":\"WebPage\",\"@id\":\"https:\/\/librairie7l.com\/en\/produit\/pina-bausch-2\/\",\"url\":\"https:\/\/librairie7l.com\/en\/produit\/pina-bausch-2\/\",\"name\":\"Pina Bausch - Librairie 7L\",\"isPartOf\":{\"@id\":\"https:\/\/librairie7l.com\/en\/#website\"},\"datePublished\":\"2025-08-19T20:45:03+00:00\",\"dateModified\":\"2026-04-06T15:08:32+00:00\",\"breadcrumb\":{\"@id\":\"https:\/\/librairie7l.com\/en\/produit\/pina-bausch-2\/#breadcrumb\"},\"inLanguage\":\"en-US\",\"potentialAction\":[{\"@type\":\"ReadAction\",\"target\":[\"https:\/\/librairie7l.com\/en\/produit\/pina-bausch-2\/\"]}]},{\"@type\":\"BreadcrumbList\",\"@id\":\"https:\/\/librairie7l.com\/en\/produit\/pina-bausch-2\/#breadcrumb\",\"itemListElement\":[{\"@type\":\"ListItem\",\"position\":1,\"name\":\"Accueil\",\"item\":\"https:\/\/librairie7l.com\/en\/\"},{\"@type\":\"ListItem\",\"position\":2,\"name\":\"Shop\",\"item\":\"https:\/\/librairie7l.com\/en\/shop\/\"},{\"@type\":\"ListItem\",\"position\":3,\"name\":\"PINA BAUSCH\"}]},{\"@type\":\"WebSite\",\"@id\":\"https:\/\/librairie7l.com\/en\/#website\",\"url\":\"https:\/\/librairie7l.com\/en\/\",\"name\":\"Librairie 7L\",\"description\":\"Librairie fond\u00e9e en 1999 par Karl Lagerfeld \u00e0 Paris\",\"publisher\":{\"@id\":\"https:\/\/librairie7l.com\/en\/#organization\"},\"potentialAction\":[{\"@type\":\"SearchAction\",\"target\":{\"@type\":\"EntryPoint\",\"urlTemplate\":\"https:\/\/librairie7l.com\/en\/?s={search_term_string}\"},\"query-input\":\"required name=search_term_string\"}],\"inLanguage\":\"en-US\"},{\"@type\":\"Organization\",\"@id\":\"https:\/\/librairie7l.com\/en\/#organization\",\"name\":\"Librairie 7L\",\"url\":\"https:\/\/librairie7l.com\/en\/\",\"logo\":{\"@type\":\"ImageObject\",\"inLanguage\":\"en-US\",\"@id\":\"https:\/\/librairie7l.com\/en\/#\/schema\/logo\/image\/\",\"url\":\"https:\/\/librairie7l.com\/wp-content\/uploads\/2022\/08\/logo-1.png\",\"contentUrl\":\"https:\/\/librairie7l.com\/wp-content\/uploads\/2022\/08\/logo-1.png\",\"width\":227,\"height\":301,\"caption\":\"Librairie 7L\"},\"image\":{\"@id\":\"https:\/\/librairie7l.com\/en\/#\/schema\/logo\/image\/\"}}]}<\/script>\n<!-- \/ Yoast SEO plugin. -->","yoast_head_json":{"title":"Pina Bausch - Librairie 7L","robots":{"index":"index","follow":"follow","max-snippet":"max-snippet:-1","max-image-preview":"max-image-preview:large","max-video-preview":"max-video-preview:-1"},"canonical":"https:\/\/librairie7l.com\/en\/produit\/pina-bausch-2\/","og_locale":"en_US","og_type":"article","og_title":"Pina Bausch - Librairie 7L","og_description":"Personne mieux que Pina Bausch incarne aujourd&#8217;hui la danse contemporaine. D&#8217;abord danseuse, en Allemagne et \u00e0 New York, elle devient peu \u00e0 peu chor\u00e9graphe \u00e0 Essen puis \u00e0 Wuppertal, au d\u00e9but des ann\u00e9es 1970. Avec sa compagnie, la c\u00e9l\u00e8bre Tanztheater Wuppertal, elle pr\u00e9sente ses spectacles \u00e0 travers le monde entier, pendant plus de trente ans. [&hellip;]","og_url":"https:\/\/librairie7l.com\/en\/produit\/pina-bausch-2\/","og_site_name":"Librairie 7L","article_modified_time":"2026-04-06T15:08:32+00:00","og_image":[{"width":600,"height":776,"url":"https:\/\/librairie7l.com\/wp-content\/uploads\/2019\/07\/9782359882292_1_75.jpg","type":"image\/jpeg"}],"twitter_card":"summary_large_image","twitter_misc":{"Est. reading time":"1 minute"},"schema":{"@context":"https:\/\/schema.org","@graph":[{"@type":"WebPage","@id":"https:\/\/librairie7l.com\/en\/produit\/pina-bausch-2\/","url":"https:\/\/librairie7l.com\/en\/produit\/pina-bausch-2\/","name":"Pina Bausch - Librairie 7L","isPartOf":{"@id":"https:\/\/librairie7l.com\/en\/#website"},"datePublished":"2025-08-19T20:45:03+00:00","dateModified":"2026-04-06T15:08:32+00:00","breadcrumb":{"@id":"https:\/\/librairie7l.com\/en\/produit\/pina-bausch-2\/#breadcrumb"},"inLanguage":"en-US","potentialAction":[{"@type":"ReadAction","target":["https:\/\/librairie7l.com\/en\/produit\/pina-bausch-2\/"]}]},{"@type":"BreadcrumbList","@id":"https:\/\/librairie7l.com\/en\/produit\/pina-bausch-2\/#breadcrumb","itemListElement":[{"@type":"ListItem","position":1,"name":"Accueil","item":"https:\/\/librairie7l.com\/en\/"},{"@type":"ListItem","position":2,"name":"Shop","item":"https:\/\/librairie7l.com\/en\/shop\/"},{"@type":"ListItem","position":3,"name":"PINA BAUSCH"}]},{"@type":"WebSite","@id":"https:\/\/librairie7l.com\/en\/#website","url":"https:\/\/librairie7l.com\/en\/","name":"Librairie 7L","description":"Librairie fond\u00e9e en 1999 par Karl Lagerfeld \u00e0 Paris","publisher":{"@id":"https:\/\/librairie7l.com\/en\/#organization"},"potentialAction":[{"@type":"SearchAction","target":{"@type":"EntryPoint","urlTemplate":"https:\/\/librairie7l.com\/en\/?s={search_term_string}"},"query-input":"required name=search_term_string"}],"inLanguage":"en-US"},{"@type":"Organization","@id":"https:\/\/librairie7l.com\/en\/#organization","name":"Librairie 7L","url":"https:\/\/librairie7l.com\/en\/","logo":{"@type":"ImageObject","inLanguage":"en-US","@id":"https:\/\/librairie7l.com\/en\/#\/schema\/logo\/image\/","url":"https:\/\/librairie7l.com\/wp-content\/uploads\/2022\/08\/logo-1.png","contentUrl":"https:\/\/librairie7l.com\/wp-content\/uploads\/2022\/08\/logo-1.png","width":227,"height":301,"caption":"Librairie 7L"},"image":{"@id":"https:\/\/librairie7l.com\/en\/#\/schema\/logo\/image\/"}}]}},"_links":{"self":[{"href":"https:\/\/librairie7l.com\/en\/wp-json\/wp\/v2\/product\/49878"}],"collection":[{"href":"https:\/\/librairie7l.com\/en\/wp-json\/wp\/v2\/product"}],"about":[{"href":"https:\/\/librairie7l.com\/en\/wp-json\/wp\/v2\/types\/product"}],"wp:featuredmedia":[{"embeddable":true,"href":"https:\/\/librairie7l.com\/en\/wp-json\/wp\/v2\/media\/49876"}],"wp:attachment":[{"href":"https:\/\/librairie7l.com\/en\/wp-json\/wp\/v2\/media?parent=49878"}],"wp:term":[{"taxonomy":"product_cat","embeddable":true,"href":"https:\/\/librairie7l.com\/en\/wp-json\/wp\/v2\/product_cat?post=49878"},{"taxonomy":"product_tag","embeddable":true,"href":"https:\/\/librairie7l.com\/en\/wp-json\/wp\/v2\/product_tag?post=49878"}],"curies":[{"name":"wp","href":"https:\/\/api.w.org\/{rel}","templated":true}]}}