{"id":49886,"date":"2025-08-19T22:50:03","date_gmt":"2025-08-19T20:50:03","guid":{"rendered":"https:\/\/librairie7l.com\/?post_type=product&#038;p=49886"},"modified":"2026-04-06T09:06:30","modified_gmt":"2026-04-06T07:06:30","slug":"cccp-cosmic-communist-constructions-photographed-2","status":"publish","type":"product","link":"https:\/\/librairie7l.com\/en\/produit\/cccp-cosmic-communist-constructions-photographed-2\/","title":{"rendered":"CCCP : COSMIC COMMUNIST CONSTRUCTIONS PHOTOGRAPHED"},"content":{"rendered":"<p>\u00c9lu livre d&#8217;architecture de l&#8217;ann\u00e9e au Festival international du livre et du film d&#8217;art de Perpignan, Cosmic Communist Constructions Photographed de Fr\u00e9d\u00e9ric Chaubin d\u00e9voile 90 b\u00e2timents situ\u00e9s dans 14 anciennes r\u00e9publiques sovi\u00e9tiques. Chacun de ces immeubles exprime ce que Chaubin consid\u00e8re comme le quatri\u00e8me \u00e2ge de l&#8217;architecture sovi\u00e9tique, fruits d&#8217;un bourgeonnement m\u00e9connu qui s&#8217;\u00e9panouit de 1970 \u00e0 1990.  Contrairement aux constructions des ann\u00e9es 1920 ou 1950, aucune \u00ab\u00e9cole\u00bb ou tendance n&#8217;\u00e9merge ici. Ces b\u00e2timents incarnent un \u00e9lan chaotique, spasme architectural d&#8217;un syst\u00e8me d\u00e9liquescent. S&#8217;insinuant dans les failles de cette structure monolithique au bord de la ruine, les architectes d\u00e9passent largement les codes du modernisme pour revenir \u00e0 leurs racines ou se lancer dans des innovations libres. Les plus audacieux ont b\u00e2ti des immeubles dont les constructivistes auraient r\u00eav\u00e9 (le sanatorium Druzhba de Yalta), d&#8217;autres ont exprim\u00e9 leur imagination dans un style expressionniste (le palais des Mariages de Tbilissi), tandis qu&#8217;un camp de vacances estival inspir\u00e9 des croquis r\u00e9alis\u00e9s pour un prototype de base lunaire assume une forte influence supr\u00e9matiste (camp pour la jeunesse Prometheus \u00e0 Bogatyr). Vient ensuite l&#8217;\u00abarchitecture parlante\u00bb, largement r\u00e9pandue dans les derni\u00e8res ann\u00e9es du r\u00e8gne sovi\u00e9tique: un cr\u00e9matorium orn\u00e9 de flammes en b\u00e9ton \u00e0 Kiev, un institut technologique avec une soucoupe volante plant\u00e9e dans le toit (Institut de recherche scientifique \u00e0 Kiev), un centre de commande politique qui vous observe comme Big Brother (Maison des Soviets, Kaliningrad).  Par leur mosa\u00efque d\u00e9routante de styles et les strat\u00e9gies excentriques qu&#8217;ils d\u00e9ploient, ces b\u00e2timents sont les vestiges extraordinaires d&#8217;un syst\u00e8me en d\u00e9cr\u00e9pitude. Par leur diversit\u00e9 et leur exotisme \u00e0 rebours, ils t\u00e9moignent \u00e0 la fois de l&#8217;immensit\u00e9 g\u00e9ographique de l&#8217;URSS et des derni\u00e8res ann\u00e9es d&#8217;emprise de l&#8217;Union sovi\u00e9tique, comme des trous qui s&#8217;agrandissent dans un filet. Ils immortalisent aussi la plupart des r\u00eaves id\u00e9ologiques que nourrit le pays \u00e0 l&#8217;\u00e9poque, de son obsession pour le cosmos \u00e0 la renaissance de son identit\u00e9.<\/p>\n","protected":false},"excerpt":{"rendered":"<p>\u00c9lu livre d&#8217;architecture de l&#8217;ann\u00e9e au Festival international du livre et du film d&#8217;art de Perpignan, Cosmic Communist Constructions Photographed de Fr\u00e9d\u00e9ric Chaubin d\u00e9voile 90 b\u00e2timents situ\u00e9s dans 14 anciennes r\u00e9publiques sovi\u00e9tiques. Chacun de ces immeubles exprime ce que Chaubin consid\u00e8re comme le quatri\u00e8me \u00e2ge de l&#8217;architecture sovi\u00e9tique, fruits d&#8217;un bourgeonnement m\u00e9connu qui s&#8217;\u00e9panouit de [&hellip;]<\/p>\n","protected":false},"featured_media":49884,"template":"","meta":[],"product_cat":[7364,2948],"product_tag":[],"acf":[],"yoast_head":"<!-- This site is optimized with the Yoast SEO plugin v20.11 - https:\/\/yoast.com\/wordpress\/plugins\/seo\/ -->\n<title>CCCP : Cosmic Communist Constructions Photographed - Librairie 7L<\/title>\n<meta name=\"robots\" content=\"index, follow, max-snippet:-1, max-image-preview:large, max-video-preview:-1\" \/>\n<link rel=\"canonical\" href=\"https:\/\/librairie7l.com\/en\/produit\/cccp-cosmic-communist-constructions-photographed-2\/\" \/>\n<meta property=\"og:locale\" content=\"en_US\" \/>\n<meta property=\"og:type\" content=\"article\" \/>\n<meta property=\"og:title\" content=\"CCCP : Cosmic Communist Constructions Photographed - Librairie 7L\" \/>\n<meta property=\"og:description\" content=\"\u00c9lu livre d&#8217;architecture de l&#8217;ann\u00e9e au Festival international du livre et du film d&#8217;art de Perpignan, Cosmic Communist Constructions Photographed de Fr\u00e9d\u00e9ric Chaubin d\u00e9voile 90 b\u00e2timents situ\u00e9s dans 14 anciennes r\u00e9publiques sovi\u00e9tiques. Chacun de ces immeubles exprime ce que Chaubin consid\u00e8re comme le quatri\u00e8me \u00e2ge de l&#8217;architecture sovi\u00e9tique, fruits d&#8217;un bourgeonnement m\u00e9connu qui s&#8217;\u00e9panouit de [&hellip;]\" \/>\n<meta property=\"og:url\" content=\"https:\/\/librairie7l.com\/en\/produit\/cccp-cosmic-communist-constructions-photographed-2\/\" \/>\n<meta property=\"og:site_name\" content=\"Librairie 7L\" \/>\n<meta property=\"article:modified_time\" content=\"2026-04-06T07:06:30+00:00\" \/>\n<meta property=\"og:image\" content=\"https:\/\/librairie7l.com\/wp-content\/uploads\/2021\/06\/9783836587792_1_75.jpg\" \/>\n\t<meta property=\"og:image:width\" content=\"600\" \/>\n\t<meta property=\"og:image:height\" content=\"767\" \/>\n\t<meta property=\"og:image:type\" content=\"image\/jpeg\" \/>\n<meta name=\"twitter:card\" content=\"summary_large_image\" \/>\n<meta name=\"twitter:label1\" content=\"Est. reading time\" \/>\n\t<meta name=\"twitter:data1\" content=\"2 minutes\" \/>\n<script type=\"application\/ld+json\" class=\"yoast-schema-graph\">{\"@context\":\"https:\/\/schema.org\",\"@graph\":[{\"@type\":\"WebPage\",\"@id\":\"https:\/\/librairie7l.com\/en\/produit\/cccp-cosmic-communist-constructions-photographed-2\/\",\"url\":\"https:\/\/librairie7l.com\/en\/produit\/cccp-cosmic-communist-constructions-photographed-2\/\",\"name\":\"CCCP : Cosmic Communist Constructions Photographed - Librairie 7L\",\"isPartOf\":{\"@id\":\"https:\/\/librairie7l.com\/en\/#website\"},\"datePublished\":\"2025-08-19T20:50:03+00:00\",\"dateModified\":\"2026-04-06T07:06:30+00:00\",\"breadcrumb\":{\"@id\":\"https:\/\/librairie7l.com\/en\/produit\/cccp-cosmic-communist-constructions-photographed-2\/#breadcrumb\"},\"inLanguage\":\"en-US\",\"potentialAction\":[{\"@type\":\"ReadAction\",\"target\":[\"https:\/\/librairie7l.com\/en\/produit\/cccp-cosmic-communist-constructions-photographed-2\/\"]}]},{\"@type\":\"BreadcrumbList\",\"@id\":\"https:\/\/librairie7l.com\/en\/produit\/cccp-cosmic-communist-constructions-photographed-2\/#breadcrumb\",\"itemListElement\":[{\"@type\":\"ListItem\",\"position\":1,\"name\":\"Accueil\",\"item\":\"https:\/\/librairie7l.com\/en\/\"},{\"@type\":\"ListItem\",\"position\":2,\"name\":\"Shop\",\"item\":\"https:\/\/librairie7l.com\/en\/shop\/\"},{\"@type\":\"ListItem\",\"position\":3,\"name\":\"CCCP : COSMIC COMMUNIST CONSTRUCTIONS PHOTOGRAPHED\"}]},{\"@type\":\"WebSite\",\"@id\":\"https:\/\/librairie7l.com\/en\/#website\",\"url\":\"https:\/\/librairie7l.com\/en\/\",\"name\":\"Librairie 7L\",\"description\":\"Librairie fond\u00e9e en 1999 par Karl Lagerfeld \u00e0 Paris\",\"publisher\":{\"@id\":\"https:\/\/librairie7l.com\/en\/#organization\"},\"potentialAction\":[{\"@type\":\"SearchAction\",\"target\":{\"@type\":\"EntryPoint\",\"urlTemplate\":\"https:\/\/librairie7l.com\/en\/?s={search_term_string}\"},\"query-input\":\"required name=search_term_string\"}],\"inLanguage\":\"en-US\"},{\"@type\":\"Organization\",\"@id\":\"https:\/\/librairie7l.com\/en\/#organization\",\"name\":\"Librairie 7L\",\"url\":\"https:\/\/librairie7l.com\/en\/\",\"logo\":{\"@type\":\"ImageObject\",\"inLanguage\":\"en-US\",\"@id\":\"https:\/\/librairie7l.com\/en\/#\/schema\/logo\/image\/\",\"url\":\"https:\/\/librairie7l.com\/wp-content\/uploads\/2022\/08\/logo-1.png\",\"contentUrl\":\"https:\/\/librairie7l.com\/wp-content\/uploads\/2022\/08\/logo-1.png\",\"width\":227,\"height\":301,\"caption\":\"Librairie 7L\"},\"image\":{\"@id\":\"https:\/\/librairie7l.com\/en\/#\/schema\/logo\/image\/\"}}]}<\/script>\n<!-- \/ Yoast SEO plugin. -->","yoast_head_json":{"title":"CCCP : Cosmic Communist Constructions Photographed - Librairie 7L","robots":{"index":"index","follow":"follow","max-snippet":"max-snippet:-1","max-image-preview":"max-image-preview:large","max-video-preview":"max-video-preview:-1"},"canonical":"https:\/\/librairie7l.com\/en\/produit\/cccp-cosmic-communist-constructions-photographed-2\/","og_locale":"en_US","og_type":"article","og_title":"CCCP : Cosmic Communist Constructions Photographed - Librairie 7L","og_description":"\u00c9lu livre d&#8217;architecture de l&#8217;ann\u00e9e au Festival international du livre et du film d&#8217;art de Perpignan, Cosmic Communist Constructions Photographed de Fr\u00e9d\u00e9ric Chaubin d\u00e9voile 90 b\u00e2timents situ\u00e9s dans 14 anciennes r\u00e9publiques sovi\u00e9tiques. Chacun de ces immeubles exprime ce que Chaubin consid\u00e8re comme le quatri\u00e8me \u00e2ge de l&#8217;architecture sovi\u00e9tique, fruits d&#8217;un bourgeonnement m\u00e9connu qui s&#8217;\u00e9panouit de [&hellip;]","og_url":"https:\/\/librairie7l.com\/en\/produit\/cccp-cosmic-communist-constructions-photographed-2\/","og_site_name":"Librairie 7L","article_modified_time":"2026-04-06T07:06:30+00:00","og_image":[{"width":600,"height":767,"url":"https:\/\/librairie7l.com\/wp-content\/uploads\/2021\/06\/9783836587792_1_75.jpg","type":"image\/jpeg"}],"twitter_card":"summary_large_image","twitter_misc":{"Est. reading time":"2 minutes"},"schema":{"@context":"https:\/\/schema.org","@graph":[{"@type":"WebPage","@id":"https:\/\/librairie7l.com\/en\/produit\/cccp-cosmic-communist-constructions-photographed-2\/","url":"https:\/\/librairie7l.com\/en\/produit\/cccp-cosmic-communist-constructions-photographed-2\/","name":"CCCP : Cosmic Communist Constructions Photographed - Librairie 7L","isPartOf":{"@id":"https:\/\/librairie7l.com\/en\/#website"},"datePublished":"2025-08-19T20:50:03+00:00","dateModified":"2026-04-06T07:06:30+00:00","breadcrumb":{"@id":"https:\/\/librairie7l.com\/en\/produit\/cccp-cosmic-communist-constructions-photographed-2\/#breadcrumb"},"inLanguage":"en-US","potentialAction":[{"@type":"ReadAction","target":["https:\/\/librairie7l.com\/en\/produit\/cccp-cosmic-communist-constructions-photographed-2\/"]}]},{"@type":"BreadcrumbList","@id":"https:\/\/librairie7l.com\/en\/produit\/cccp-cosmic-communist-constructions-photographed-2\/#breadcrumb","itemListElement":[{"@type":"ListItem","position":1,"name":"Accueil","item":"https:\/\/librairie7l.com\/en\/"},{"@type":"ListItem","position":2,"name":"Shop","item":"https:\/\/librairie7l.com\/en\/shop\/"},{"@type":"ListItem","position":3,"name":"CCCP : COSMIC COMMUNIST CONSTRUCTIONS PHOTOGRAPHED"}]},{"@type":"WebSite","@id":"https:\/\/librairie7l.com\/en\/#website","url":"https:\/\/librairie7l.com\/en\/","name":"Librairie 7L","description":"Librairie fond\u00e9e en 1999 par Karl Lagerfeld \u00e0 Paris","publisher":{"@id":"https:\/\/librairie7l.com\/en\/#organization"},"potentialAction":[{"@type":"SearchAction","target":{"@type":"EntryPoint","urlTemplate":"https:\/\/librairie7l.com\/en\/?s={search_term_string}"},"query-input":"required name=search_term_string"}],"inLanguage":"en-US"},{"@type":"Organization","@id":"https:\/\/librairie7l.com\/en\/#organization","name":"Librairie 7L","url":"https:\/\/librairie7l.com\/en\/","logo":{"@type":"ImageObject","inLanguage":"en-US","@id":"https:\/\/librairie7l.com\/en\/#\/schema\/logo\/image\/","url":"https:\/\/librairie7l.com\/wp-content\/uploads\/2022\/08\/logo-1.png","contentUrl":"https:\/\/librairie7l.com\/wp-content\/uploads\/2022\/08\/logo-1.png","width":227,"height":301,"caption":"Librairie 7L"},"image":{"@id":"https:\/\/librairie7l.com\/en\/#\/schema\/logo\/image\/"}}]}},"_links":{"self":[{"href":"https:\/\/librairie7l.com\/en\/wp-json\/wp\/v2\/product\/49886"}],"collection":[{"href":"https:\/\/librairie7l.com\/en\/wp-json\/wp\/v2\/product"}],"about":[{"href":"https:\/\/librairie7l.com\/en\/wp-json\/wp\/v2\/types\/product"}],"wp:featuredmedia":[{"embeddable":true,"href":"https:\/\/librairie7l.com\/en\/wp-json\/wp\/v2\/media\/49884"}],"wp:attachment":[{"href":"https:\/\/librairie7l.com\/en\/wp-json\/wp\/v2\/media?parent=49886"}],"wp:term":[{"taxonomy":"product_cat","embeddable":true,"href":"https:\/\/librairie7l.com\/en\/wp-json\/wp\/v2\/product_cat?post=49886"},{"taxonomy":"product_tag","embeddable":true,"href":"https:\/\/librairie7l.com\/en\/wp-json\/wp\/v2\/product_tag?post=49886"}],"curies":[{"name":"wp","href":"https:\/\/api.w.org\/{rel}","templated":true}]}}