{"id":49887,"date":"2025-08-19T22:55:21","date_gmt":"2025-08-19T20:55:21","guid":{"rendered":"https:\/\/librairie7l.com\/produit\/cosmic-communist-constructions\/"},"modified":"2026-04-30T20:58:50","modified_gmt":"2026-04-30T18:58:50","slug":"cosmic-communist-constructions","status":"publish","type":"product","link":"https:\/\/librairie7l.com\/en\/produit\/cosmic-communist-constructions\/","title":{"rendered":"COSMIC COMMUNIST CONSTRUCTIONS"},"content":{"rendered":"<p>Dans cet ouvrage, le photographe Fr\u00e9d\u00e9ric Chaubin d\u00e9voile 90 b\u00e2timents situ\u00e9s dans 14 anciennes r\u00e9publiques sovi\u00e9tiques qui t\u00e9moignent de ce que l&#8217;on pourrait consid\u00e9rer comme la quatri\u00e8me \u00e9poque de l&#8217;architecture sovi\u00e9tique. Ses images po\u00e9tiques r\u00e9v\u00e8lent une renaissance inattendue de l&#8217;imagination, un bourgeonnement jusqu&#8217;ici inconnu qui s&#8217;est d\u00e9velopp\u00e9 de 1970 \u00e0 1990. Contrairement aux ann\u00e9es 1920 et 1930, on ne distingue ici ni \u00ab\u00e9cole\u00bb ni tendance dominante. Ces constructions repr\u00e9sentent un \u00e9lan chaotique provoqu\u00e9 par un syst\u00e8me qui tombait en d\u00e9cr\u00e9pitude. Leur diversit\u00e9 annonce la fin de l&#8217;Union sovi\u00e9tique. Profitant de l&#8217;effondrement de cette structure monolithique, des trous dans le filet qui devenait plus l\u00e2che, des architectes ont revisit\u00e9 toutes les p\u00e9riodes et tous les styles, remontant aux sources ou innovant librement. Certains audacieux r\u00e9alis\u00e8rent des projets qui auraient fait r\u00eaver les constructivistes (le sanatorium de Druzhba, \u00e0 Yalta), d&#8217;autres ont laiss\u00e9 parler leur imagination d&#8217;une mani\u00e8re expressionniste (le Palais du mariage de Tbilissi). Une colonie de vacances, inspir\u00e9e d&#8217;esquisses d&#8217;un prototype de base lunaire revendique son influence supr\u00e9matiste (camp de jeunes Prom\u00e9th\u00e9e, \u00e0 Bogatyr). Sans oublier l&#8217;\u00abarchitecture parlante\u00bb qui s&#8217;est g\u00e9n\u00e9ralis\u00e9e pendant les derni\u00e8res ann\u00e9es de l&#8217;URSS: un cr\u00e9matorium orn\u00e9 de flammes de b\u00e9ton (cr\u00e9matorium de Kiev), un institut technologique avec une soucoupe volante \u00e9cras\u00e9e sur le toit (institut de Kiev), un centre politique qui vous observe comme Big Brother (la maison des soviets de Kaliningrad). Ce puzzle de styles t\u00e9moigne de tous les r\u00eaves id\u00e9ologiques de cette p\u00e9riode, de l&#8217;obsession du cosmos \u00e0 la renaissance de la vie priv\u00e9e, tout en soulignant la g\u00e9ographie de l&#8217;URSS, montrant comment les influences locales ont apport\u00e9 leurs d\u00e9tournements exotiques avant de porter le coup fatal \u00e0 ce pays. Cosmic Communist Constructions Photographed, de Fr\u00e9d\u00e9ric Chaubin a \u00e9t\u00e9 \u00e9lu meilleur livre d&#8217;architecture de l&#8217;ann\u00e9e 2010 au Festival international du livre d&#8217;art et du film de Perpignan.<\/p>\n","protected":false},"excerpt":{"rendered":"<p>Dans cet ouvrage, le photographe Fr\u00e9d\u00e9ric Chaubin d\u00e9voile 90 b\u00e2timents situ\u00e9s dans 14 anciennes r\u00e9publiques sovi\u00e9tiques qui t\u00e9moignent de ce que l&#8217;on pourrait consid\u00e9rer comme la quatri\u00e8me \u00e9poque de l&#8217;architecture sovi\u00e9tique. Ses images po\u00e9tiques r\u00e9v\u00e8lent une renaissance inattendue de l&#8217;imagination, un bourgeonnement jusqu&#8217;ici inconnu qui s&#8217;est d\u00e9velopp\u00e9 de 1970 \u00e0 1990. Contrairement aux ann\u00e9es 1920 [&hellip;]<\/p>\n","protected":false},"featured_media":0,"template":"","meta":[],"product_cat":[55,7363],"product_tag":[],"acf":[],"yoast_head":"<!-- This site is optimized with the Yoast SEO plugin v20.11 - https:\/\/yoast.com\/wordpress\/plugins\/seo\/ -->\n<title>Cosmic communist constructions - Librairie 7L<\/title>\n<meta name=\"robots\" content=\"index, follow, max-snippet:-1, max-image-preview:large, max-video-preview:-1\" \/>\n<link rel=\"canonical\" href=\"https:\/\/librairie7l.com\/en\/produit\/cosmic-communist-constructions\/\" \/>\n<meta property=\"og:locale\" content=\"en_US\" \/>\n<meta property=\"og:type\" content=\"article\" \/>\n<meta property=\"og:title\" content=\"Cosmic communist constructions - Librairie 7L\" \/>\n<meta property=\"og:description\" content=\"Dans cet ouvrage, le photographe Fr\u00e9d\u00e9ric Chaubin d\u00e9voile 90 b\u00e2timents situ\u00e9s dans 14 anciennes r\u00e9publiques sovi\u00e9tiques qui t\u00e9moignent de ce que l&#8217;on pourrait consid\u00e9rer comme la quatri\u00e8me \u00e9poque de l&#8217;architecture sovi\u00e9tique. Ses images po\u00e9tiques r\u00e9v\u00e8lent une renaissance inattendue de l&#8217;imagination, un bourgeonnement jusqu&#8217;ici inconnu qui s&#8217;est d\u00e9velopp\u00e9 de 1970 \u00e0 1990. Contrairement aux ann\u00e9es 1920 [&hellip;]\" \/>\n<meta property=\"og:url\" content=\"https:\/\/librairie7l.com\/en\/produit\/cosmic-communist-constructions\/\" \/>\n<meta property=\"og:site_name\" content=\"Librairie 7L\" \/>\n<meta property=\"article:modified_time\" content=\"2026-04-30T18:58:50+00:00\" \/>\n<meta name=\"twitter:card\" content=\"summary_large_image\" \/>\n<meta name=\"twitter:label1\" content=\"Est. reading time\" \/>\n\t<meta name=\"twitter:data1\" content=\"2 minutes\" \/>\n<script type=\"application\/ld+json\" class=\"yoast-schema-graph\">{\"@context\":\"https:\/\/schema.org\",\"@graph\":[{\"@type\":\"WebPage\",\"@id\":\"https:\/\/librairie7l.com\/en\/produit\/cosmic-communist-constructions\/\",\"url\":\"https:\/\/librairie7l.com\/en\/produit\/cosmic-communist-constructions\/\",\"name\":\"Cosmic communist constructions - Librairie 7L\",\"isPartOf\":{\"@id\":\"https:\/\/librairie7l.com\/en\/#website\"},\"datePublished\":\"2025-08-19T20:55:21+00:00\",\"dateModified\":\"2026-04-30T18:58:50+00:00\",\"breadcrumb\":{\"@id\":\"https:\/\/librairie7l.com\/en\/produit\/cosmic-communist-constructions\/#breadcrumb\"},\"inLanguage\":\"en-US\",\"potentialAction\":[{\"@type\":\"ReadAction\",\"target\":[\"https:\/\/librairie7l.com\/en\/produit\/cosmic-communist-constructions\/\"]}]},{\"@type\":\"BreadcrumbList\",\"@id\":\"https:\/\/librairie7l.com\/en\/produit\/cosmic-communist-constructions\/#breadcrumb\",\"itemListElement\":[{\"@type\":\"ListItem\",\"position\":1,\"name\":\"Accueil\",\"item\":\"https:\/\/librairie7l.com\/en\/\"},{\"@type\":\"ListItem\",\"position\":2,\"name\":\"Shop\",\"item\":\"https:\/\/librairie7l.com\/en\/shop\/\"},{\"@type\":\"ListItem\",\"position\":3,\"name\":\"COSMIC COMMUNIST CONSTRUCTIONS\"}]},{\"@type\":\"WebSite\",\"@id\":\"https:\/\/librairie7l.com\/en\/#website\",\"url\":\"https:\/\/librairie7l.com\/en\/\",\"name\":\"Librairie 7L\",\"description\":\"Librairie fond\u00e9e en 1999 par Karl Lagerfeld \u00e0 Paris\",\"publisher\":{\"@id\":\"https:\/\/librairie7l.com\/en\/#organization\"},\"potentialAction\":[{\"@type\":\"SearchAction\",\"target\":{\"@type\":\"EntryPoint\",\"urlTemplate\":\"https:\/\/librairie7l.com\/en\/?s={search_term_string}\"},\"query-input\":\"required name=search_term_string\"}],\"inLanguage\":\"en-US\"},{\"@type\":\"Organization\",\"@id\":\"https:\/\/librairie7l.com\/en\/#organization\",\"name\":\"Librairie 7L\",\"url\":\"https:\/\/librairie7l.com\/en\/\",\"logo\":{\"@type\":\"ImageObject\",\"inLanguage\":\"en-US\",\"@id\":\"https:\/\/librairie7l.com\/en\/#\/schema\/logo\/image\/\",\"url\":\"https:\/\/librairie7l.com\/wp-content\/uploads\/2022\/08\/logo-1.png\",\"contentUrl\":\"https:\/\/librairie7l.com\/wp-content\/uploads\/2022\/08\/logo-1.png\",\"width\":227,\"height\":301,\"caption\":\"Librairie 7L\"},\"image\":{\"@id\":\"https:\/\/librairie7l.com\/en\/#\/schema\/logo\/image\/\"}}]}<\/script>\n<!-- \/ Yoast SEO plugin. -->","yoast_head_json":{"title":"Cosmic communist constructions - Librairie 7L","robots":{"index":"index","follow":"follow","max-snippet":"max-snippet:-1","max-image-preview":"max-image-preview:large","max-video-preview":"max-video-preview:-1"},"canonical":"https:\/\/librairie7l.com\/en\/produit\/cosmic-communist-constructions\/","og_locale":"en_US","og_type":"article","og_title":"Cosmic communist constructions - Librairie 7L","og_description":"Dans cet ouvrage, le photographe Fr\u00e9d\u00e9ric Chaubin d\u00e9voile 90 b\u00e2timents situ\u00e9s dans 14 anciennes r\u00e9publiques sovi\u00e9tiques qui t\u00e9moignent de ce que l&#8217;on pourrait consid\u00e9rer comme la quatri\u00e8me \u00e9poque de l&#8217;architecture sovi\u00e9tique. Ses images po\u00e9tiques r\u00e9v\u00e8lent une renaissance inattendue de l&#8217;imagination, un bourgeonnement jusqu&#8217;ici inconnu qui s&#8217;est d\u00e9velopp\u00e9 de 1970 \u00e0 1990. Contrairement aux ann\u00e9es 1920 [&hellip;]","og_url":"https:\/\/librairie7l.com\/en\/produit\/cosmic-communist-constructions\/","og_site_name":"Librairie 7L","article_modified_time":"2026-04-30T18:58:50+00:00","twitter_card":"summary_large_image","twitter_misc":{"Est. reading time":"2 minutes"},"schema":{"@context":"https:\/\/schema.org","@graph":[{"@type":"WebPage","@id":"https:\/\/librairie7l.com\/en\/produit\/cosmic-communist-constructions\/","url":"https:\/\/librairie7l.com\/en\/produit\/cosmic-communist-constructions\/","name":"Cosmic communist constructions - Librairie 7L","isPartOf":{"@id":"https:\/\/librairie7l.com\/en\/#website"},"datePublished":"2025-08-19T20:55:21+00:00","dateModified":"2026-04-30T18:58:50+00:00","breadcrumb":{"@id":"https:\/\/librairie7l.com\/en\/produit\/cosmic-communist-constructions\/#breadcrumb"},"inLanguage":"en-US","potentialAction":[{"@type":"ReadAction","target":["https:\/\/librairie7l.com\/en\/produit\/cosmic-communist-constructions\/"]}]},{"@type":"BreadcrumbList","@id":"https:\/\/librairie7l.com\/en\/produit\/cosmic-communist-constructions\/#breadcrumb","itemListElement":[{"@type":"ListItem","position":1,"name":"Accueil","item":"https:\/\/librairie7l.com\/en\/"},{"@type":"ListItem","position":2,"name":"Shop","item":"https:\/\/librairie7l.com\/en\/shop\/"},{"@type":"ListItem","position":3,"name":"COSMIC COMMUNIST CONSTRUCTIONS"}]},{"@type":"WebSite","@id":"https:\/\/librairie7l.com\/en\/#website","url":"https:\/\/librairie7l.com\/en\/","name":"Librairie 7L","description":"Librairie fond\u00e9e en 1999 par Karl Lagerfeld \u00e0 Paris","publisher":{"@id":"https:\/\/librairie7l.com\/en\/#organization"},"potentialAction":[{"@type":"SearchAction","target":{"@type":"EntryPoint","urlTemplate":"https:\/\/librairie7l.com\/en\/?s={search_term_string}"},"query-input":"required name=search_term_string"}],"inLanguage":"en-US"},{"@type":"Organization","@id":"https:\/\/librairie7l.com\/en\/#organization","name":"Librairie 7L","url":"https:\/\/librairie7l.com\/en\/","logo":{"@type":"ImageObject","inLanguage":"en-US","@id":"https:\/\/librairie7l.com\/en\/#\/schema\/logo\/image\/","url":"https:\/\/librairie7l.com\/wp-content\/uploads\/2022\/08\/logo-1.png","contentUrl":"https:\/\/librairie7l.com\/wp-content\/uploads\/2022\/08\/logo-1.png","width":227,"height":301,"caption":"Librairie 7L"},"image":{"@id":"https:\/\/librairie7l.com\/en\/#\/schema\/logo\/image\/"}}]}},"_links":{"self":[{"href":"https:\/\/librairie7l.com\/en\/wp-json\/wp\/v2\/product\/49887"}],"collection":[{"href":"https:\/\/librairie7l.com\/en\/wp-json\/wp\/v2\/product"}],"about":[{"href":"https:\/\/librairie7l.com\/en\/wp-json\/wp\/v2\/types\/product"}],"wp:attachment":[{"href":"https:\/\/librairie7l.com\/en\/wp-json\/wp\/v2\/media?parent=49887"}],"wp:term":[{"taxonomy":"product_cat","embeddable":true,"href":"https:\/\/librairie7l.com\/en\/wp-json\/wp\/v2\/product_cat?post=49887"},{"taxonomy":"product_tag","embeddable":true,"href":"https:\/\/librairie7l.com\/en\/wp-json\/wp\/v2\/product_tag?post=49887"}],"curies":[{"name":"wp","href":"https:\/\/api.w.org\/{rel}","templated":true}]}}