{"id":49895,"date":"2025-08-22T00:47:30","date_gmt":"2025-08-21T22:47:30","guid":{"rendered":"https:\/\/librairie7l.com\/?post_type=product&#038;p=49895"},"modified":"2026-04-06T17:08:17","modified_gmt":"2026-04-06T15:08:17","slug":"napoleon-2","status":"publish","type":"product","link":"https:\/\/librairie7l.com\/en\/produit\/napoleon-2\/","title":{"rendered":"NAPOL\u00c9ON"},"content":{"rendered":"<p>La l\u00e9gende napol\u00e9onienne red\u00e9couverte.<br \/>\nNapol\u00e9on est le personnage de l&#8217;histoire de France dont la l\u00e9gende semble le mieux r\u00e9sister au temps et \u00e0 l&#8217;entreprise syst\u00e9matique de d\u00e9boulonnage des grands hommes. Mais la l\u00e9gende n&#8217;a-t-elle pas masqu\u00e9 la r\u00e9alit\u00e9 ? Derri\u00e8re le h\u00e9ros, conna\u00eet-on toujours l&#8217;homme, qui n&#8217;a pas \u00e9chapp\u00e9 \u00e0 une &#8221; l\u00e9gende noire &#8220;, tiss\u00e9e de son vivant ?<br \/>\nM\u00eame si l&#8217;on compte sans doute plus de livres et d&#8217;articles sur Napol\u00e9on qu&#8217;il ne s&#8217;est \u00e9coul\u00e9 de jours depuis sa mort, et que la Cin\u00e9math\u00e8que de Lausanne a recens\u00e9 plus de mille films consacr\u00e9s \u00e0 l&#8217;\u00e9pop\u00e9e imp\u00e9riale, le personnage ne cesse de fasciner. Aussi est-il plus que jamais n\u00e9cessaire de trier dans cette abondance le bon grain de l&#8217;ivraie.<\/p>\n<p>Il revenait naturellement \u00e0 Jean Tulard, sacr\u00e9 &#8221; ma\u00eetre des \u00e9tudes napol\u00e9oniennes &#8220;, la mission de distinguer le vrai du faux. Napol\u00e9on est-il un fauteur de guerres ? Celles-ci ont-elles caus\u00e9 la mort d&#8217;un million de Fran\u00e7ais ? A-t-il ruin\u00e9 le pays ? La vente de la Louisiane constitue-t-elle une faute ? Est-il misogyne, esclavagiste et antis\u00e9mite ? Se veut-il corse avant d&#8217;\u00eatre fran\u00e7ais ? Jos\u00e9phine a-t-elle jou\u00e9 un r\u00f4le important ? A-t-il \u00e9t\u00e9 empoisonn\u00e9 \u00e0 Sainte-H\u00e9l\u00e8ne ? Est-il l&#8217;anc\u00eatre des dictateurs ?<\/p>\n","protected":false},"excerpt":{"rendered":"<p>La l\u00e9gende napol\u00e9onienne red\u00e9couverte. Napol\u00e9on est le personnage de l&#8217;histoire de France dont la l\u00e9gende semble le mieux r\u00e9sister au temps et \u00e0 l&#8217;entreprise syst\u00e9matique de d\u00e9boulonnage des grands hommes. Mais la l\u00e9gende n&#8217;a-t-elle pas masqu\u00e9 la r\u00e9alit\u00e9 ? Derri\u00e8re le h\u00e9ros, conna\u00eet-on toujours l&#8217;homme, qui n&#8217;a pas \u00e9chapp\u00e9 \u00e0 une &#8221; l\u00e9gende noire &#8220;, [&hellip;]<\/p>\n","protected":false},"featured_media":49893,"template":"","meta":[],"product_cat":[7364,2948],"product_tag":[],"acf":[],"yoast_head":"<!-- This site is optimized with the Yoast SEO plugin v20.11 - https:\/\/yoast.com\/wordpress\/plugins\/seo\/ -->\n<title>Napol\u00e9on - Librairie 7L<\/title>\n<meta name=\"robots\" content=\"index, follow, max-snippet:-1, max-image-preview:large, max-video-preview:-1\" \/>\n<link rel=\"canonical\" href=\"https:\/\/librairie7l.com\/en\/produit\/napoleon-2\/\" \/>\n<meta property=\"og:locale\" content=\"en_US\" \/>\n<meta property=\"og:type\" content=\"article\" \/>\n<meta property=\"og:title\" content=\"Napol\u00e9on - Librairie 7L\" \/>\n<meta property=\"og:description\" content=\"La l\u00e9gende napol\u00e9onienne red\u00e9couverte. Napol\u00e9on est le personnage de l&#8217;histoire de France dont la l\u00e9gende semble le mieux r\u00e9sister au temps et \u00e0 l&#8217;entreprise syst\u00e9matique de d\u00e9boulonnage des grands hommes. Mais la l\u00e9gende n&#8217;a-t-elle pas masqu\u00e9 la r\u00e9alit\u00e9 ? Derri\u00e8re le h\u00e9ros, conna\u00eet-on toujours l&#8217;homme, qui n&#8217;a pas \u00e9chapp\u00e9 \u00e0 une &#8221; l\u00e9gende noire &#8220;, [&hellip;]\" \/>\n<meta property=\"og:url\" content=\"https:\/\/librairie7l.com\/en\/produit\/napoleon-2\/\" \/>\n<meta property=\"og:site_name\" content=\"Librairie 7L\" \/>\n<meta property=\"article:modified_time\" content=\"2026-04-06T15:08:17+00:00\" \/>\n<meta property=\"og:image\" content=\"https:\/\/librairie7l.com\/wp-content\/uploads\/2024\/12\/9782262106614_1_75.jpg\" \/>\n\t<meta property=\"og:image:width\" content=\"600\" \/>\n\t<meta property=\"og:image:height\" content=\"950\" \/>\n\t<meta property=\"og:image:type\" content=\"image\/jpeg\" \/>\n<meta name=\"twitter:card\" content=\"summary_large_image\" \/>\n<meta name=\"twitter:label1\" content=\"Est. reading time\" \/>\n\t<meta name=\"twitter:data1\" content=\"1 minute\" \/>\n<script type=\"application\/ld+json\" class=\"yoast-schema-graph\">{\"@context\":\"https:\/\/schema.org\",\"@graph\":[{\"@type\":\"WebPage\",\"@id\":\"https:\/\/librairie7l.com\/en\/produit\/napoleon-2\/\",\"url\":\"https:\/\/librairie7l.com\/en\/produit\/napoleon-2\/\",\"name\":\"Napol\u00e9on - Librairie 7L\",\"isPartOf\":{\"@id\":\"https:\/\/librairie7l.com\/en\/#website\"},\"datePublished\":\"2025-08-21T22:47:30+00:00\",\"dateModified\":\"2026-04-06T15:08:17+00:00\",\"breadcrumb\":{\"@id\":\"https:\/\/librairie7l.com\/en\/produit\/napoleon-2\/#breadcrumb\"},\"inLanguage\":\"en-US\",\"potentialAction\":[{\"@type\":\"ReadAction\",\"target\":[\"https:\/\/librairie7l.com\/en\/produit\/napoleon-2\/\"]}]},{\"@type\":\"BreadcrumbList\",\"@id\":\"https:\/\/librairie7l.com\/en\/produit\/napoleon-2\/#breadcrumb\",\"itemListElement\":[{\"@type\":\"ListItem\",\"position\":1,\"name\":\"Accueil\",\"item\":\"https:\/\/librairie7l.com\/en\/\"},{\"@type\":\"ListItem\",\"position\":2,\"name\":\"Shop\",\"item\":\"https:\/\/librairie7l.com\/en\/shop\/\"},{\"@type\":\"ListItem\",\"position\":3,\"name\":\"NAPOL\u00c9ON\"}]},{\"@type\":\"WebSite\",\"@id\":\"https:\/\/librairie7l.com\/en\/#website\",\"url\":\"https:\/\/librairie7l.com\/en\/\",\"name\":\"Librairie 7L\",\"description\":\"Librairie fond\u00e9e en 1999 par Karl Lagerfeld \u00e0 Paris\",\"publisher\":{\"@id\":\"https:\/\/librairie7l.com\/en\/#organization\"},\"potentialAction\":[{\"@type\":\"SearchAction\",\"target\":{\"@type\":\"EntryPoint\",\"urlTemplate\":\"https:\/\/librairie7l.com\/en\/?s={search_term_string}\"},\"query-input\":\"required name=search_term_string\"}],\"inLanguage\":\"en-US\"},{\"@type\":\"Organization\",\"@id\":\"https:\/\/librairie7l.com\/en\/#organization\",\"name\":\"Librairie 7L\",\"url\":\"https:\/\/librairie7l.com\/en\/\",\"logo\":{\"@type\":\"ImageObject\",\"inLanguage\":\"en-US\",\"@id\":\"https:\/\/librairie7l.com\/en\/#\/schema\/logo\/image\/\",\"url\":\"https:\/\/librairie7l.com\/wp-content\/uploads\/2022\/08\/logo-1.png\",\"contentUrl\":\"https:\/\/librairie7l.com\/wp-content\/uploads\/2022\/08\/logo-1.png\",\"width\":227,\"height\":301,\"caption\":\"Librairie 7L\"},\"image\":{\"@id\":\"https:\/\/librairie7l.com\/en\/#\/schema\/logo\/image\/\"}}]}<\/script>\n<!-- \/ Yoast SEO plugin. -->","yoast_head_json":{"title":"Napol\u00e9on - Librairie 7L","robots":{"index":"index","follow":"follow","max-snippet":"max-snippet:-1","max-image-preview":"max-image-preview:large","max-video-preview":"max-video-preview:-1"},"canonical":"https:\/\/librairie7l.com\/en\/produit\/napoleon-2\/","og_locale":"en_US","og_type":"article","og_title":"Napol\u00e9on - Librairie 7L","og_description":"La l\u00e9gende napol\u00e9onienne red\u00e9couverte. Napol\u00e9on est le personnage de l&#8217;histoire de France dont la l\u00e9gende semble le mieux r\u00e9sister au temps et \u00e0 l&#8217;entreprise syst\u00e9matique de d\u00e9boulonnage des grands hommes. Mais la l\u00e9gende n&#8217;a-t-elle pas masqu\u00e9 la r\u00e9alit\u00e9 ? Derri\u00e8re le h\u00e9ros, conna\u00eet-on toujours l&#8217;homme, qui n&#8217;a pas \u00e9chapp\u00e9 \u00e0 une &#8221; l\u00e9gende noire &#8220;, [&hellip;]","og_url":"https:\/\/librairie7l.com\/en\/produit\/napoleon-2\/","og_site_name":"Librairie 7L","article_modified_time":"2026-04-06T15:08:17+00:00","og_image":[{"width":600,"height":950,"url":"https:\/\/librairie7l.com\/wp-content\/uploads\/2024\/12\/9782262106614_1_75.jpg","type":"image\/jpeg"}],"twitter_card":"summary_large_image","twitter_misc":{"Est. reading time":"1 minute"},"schema":{"@context":"https:\/\/schema.org","@graph":[{"@type":"WebPage","@id":"https:\/\/librairie7l.com\/en\/produit\/napoleon-2\/","url":"https:\/\/librairie7l.com\/en\/produit\/napoleon-2\/","name":"Napol\u00e9on - Librairie 7L","isPartOf":{"@id":"https:\/\/librairie7l.com\/en\/#website"},"datePublished":"2025-08-21T22:47:30+00:00","dateModified":"2026-04-06T15:08:17+00:00","breadcrumb":{"@id":"https:\/\/librairie7l.com\/en\/produit\/napoleon-2\/#breadcrumb"},"inLanguage":"en-US","potentialAction":[{"@type":"ReadAction","target":["https:\/\/librairie7l.com\/en\/produit\/napoleon-2\/"]}]},{"@type":"BreadcrumbList","@id":"https:\/\/librairie7l.com\/en\/produit\/napoleon-2\/#breadcrumb","itemListElement":[{"@type":"ListItem","position":1,"name":"Accueil","item":"https:\/\/librairie7l.com\/en\/"},{"@type":"ListItem","position":2,"name":"Shop","item":"https:\/\/librairie7l.com\/en\/shop\/"},{"@type":"ListItem","position":3,"name":"NAPOL\u00c9ON"}]},{"@type":"WebSite","@id":"https:\/\/librairie7l.com\/en\/#website","url":"https:\/\/librairie7l.com\/en\/","name":"Librairie 7L","description":"Librairie fond\u00e9e en 1999 par Karl Lagerfeld \u00e0 Paris","publisher":{"@id":"https:\/\/librairie7l.com\/en\/#organization"},"potentialAction":[{"@type":"SearchAction","target":{"@type":"EntryPoint","urlTemplate":"https:\/\/librairie7l.com\/en\/?s={search_term_string}"},"query-input":"required name=search_term_string"}],"inLanguage":"en-US"},{"@type":"Organization","@id":"https:\/\/librairie7l.com\/en\/#organization","name":"Librairie 7L","url":"https:\/\/librairie7l.com\/en\/","logo":{"@type":"ImageObject","inLanguage":"en-US","@id":"https:\/\/librairie7l.com\/en\/#\/schema\/logo\/image\/","url":"https:\/\/librairie7l.com\/wp-content\/uploads\/2022\/08\/logo-1.png","contentUrl":"https:\/\/librairie7l.com\/wp-content\/uploads\/2022\/08\/logo-1.png","width":227,"height":301,"caption":"Librairie 7L"},"image":{"@id":"https:\/\/librairie7l.com\/en\/#\/schema\/logo\/image\/"}}]}},"_links":{"self":[{"href":"https:\/\/librairie7l.com\/en\/wp-json\/wp\/v2\/product\/49895"}],"collection":[{"href":"https:\/\/librairie7l.com\/en\/wp-json\/wp\/v2\/product"}],"about":[{"href":"https:\/\/librairie7l.com\/en\/wp-json\/wp\/v2\/types\/product"}],"wp:featuredmedia":[{"embeddable":true,"href":"https:\/\/librairie7l.com\/en\/wp-json\/wp\/v2\/media\/49893"}],"wp:attachment":[{"href":"https:\/\/librairie7l.com\/en\/wp-json\/wp\/v2\/media?parent=49895"}],"wp:term":[{"taxonomy":"product_cat","embeddable":true,"href":"https:\/\/librairie7l.com\/en\/wp-json\/wp\/v2\/product_cat?post=49895"},{"taxonomy":"product_tag","embeddable":true,"href":"https:\/\/librairie7l.com\/en\/wp-json\/wp\/v2\/product_tag?post=49895"}],"curies":[{"name":"wp","href":"https:\/\/api.w.org\/{rel}","templated":true}]}}