{"id":49906,"date":"2025-08-23T17:32:38","date_gmt":"2025-08-23T15:32:38","guid":{"rendered":"https:\/\/librairie7l.com\/?post_type=product&#038;p=49906"},"modified":"2026-04-06T15:31:04","modified_gmt":"2026-04-06T13:31:04","slug":"lina-bo-bardi-larchitecture-comme-action-2","status":"publish","type":"product","link":"https:\/\/librairie7l.com\/en\/produit\/lina-bo-bardi-larchitecture-comme-action-2\/","title":{"rendered":"LINA BO BARDI : L&#8217;ARCHITECTURE COMME ACTION"},"content":{"rendered":"<p>\u00c0 la fin de sa vie, Lina Bo Bardi (1914-1992) con\u00e7oit un projet destine\u00b4 a` \u00eatre pr\u00e9sente\u00b4 lors de l&#8217;Exposition universelle de S\u00e9ville de 1992. Il ne sera jamais r\u00e9alis\u00e9, mais rend compte de plusieurs des pr\u00e9occupations de cette architecte et intellectuelle, qui v\u00e9cut entre l&#8217;Italie et le Br\u00e9sil, notamment sa vigilance a` l&#8217;\u00e9gard de l&#8217;ascendance des valeurs occidentales sur le reste du monde et sa conviction que les identit\u00e9s culturelles sont ancr\u00e9es dans les manifestations quotidiennes. Pour elle, l&#8217;architecture ne se r\u00e9duit pas a` un effet formel, elle implique la vie, la pens\u00e9e critique et l&#8217;action collective. Cet ouvrage nous permet de comprendre le dialogue, \u00e0 la fois critique et f\u00e9cond, que Lina Bo Bardi noue avec la culture du xxe si\u00e8cle. Son h\u00e9ritage cr\u00e9atif et visionnaire reste d&#8217;actualit\u00e9 dans un monde o\u00f9 les valeurs et pratiques humanistes sont en jeu.<\/p>\n","protected":false},"excerpt":{"rendered":"<p>\u00c0 la fin de sa vie, Lina Bo Bardi (1914-1992) con\u00e7oit un projet destine\u00b4 a` \u00eatre pr\u00e9sente\u00b4 lors de l&#8217;Exposition universelle de S\u00e9ville de 1992. Il ne sera jamais r\u00e9alis\u00e9, mais rend compte de plusieurs des pr\u00e9occupations de cette architecte et intellectuelle, qui v\u00e9cut entre l&#8217;Italie et le Br\u00e9sil, notamment sa vigilance a` l&#8217;\u00e9gard de [&hellip;]<\/p>\n","protected":false},"featured_media":49904,"template":"","meta":[],"product_cat":[7364,2948],"product_tag":[],"acf":[],"yoast_head":"<!-- This site is optimized with the Yoast SEO plugin v20.11 - https:\/\/yoast.com\/wordpress\/plugins\/seo\/ -->\n<title>Lina bo bardi : L&#039;architecture comme action - Librairie 7L<\/title>\n<meta name=\"robots\" content=\"index, follow, max-snippet:-1, max-image-preview:large, max-video-preview:-1\" \/>\n<link rel=\"canonical\" href=\"https:\/\/librairie7l.com\/en\/produit\/lina-bo-bardi-larchitecture-comme-action-2\/\" \/>\n<meta property=\"og:locale\" content=\"en_US\" \/>\n<meta property=\"og:type\" content=\"article\" \/>\n<meta property=\"og:title\" content=\"Lina bo bardi : L&#039;architecture comme action - Librairie 7L\" \/>\n<meta property=\"og:description\" content=\"\u00c0 la fin de sa vie, Lina Bo Bardi (1914-1992) con\u00e7oit un projet destine\u00b4 a` \u00eatre pr\u00e9sente\u00b4 lors de l&#8217;Exposition universelle de S\u00e9ville de 1992. Il ne sera jamais r\u00e9alis\u00e9, mais rend compte de plusieurs des pr\u00e9occupations de cette architecte et intellectuelle, qui v\u00e9cut entre l&#8217;Italie et le Br\u00e9sil, notamment sa vigilance a` l&#8217;\u00e9gard de [&hellip;]\" \/>\n<meta property=\"og:url\" content=\"https:\/\/librairie7l.com\/en\/produit\/lina-bo-bardi-larchitecture-comme-action-2\/\" \/>\n<meta property=\"og:site_name\" content=\"Librairie 7L\" \/>\n<meta property=\"article:modified_time\" content=\"2026-04-06T13:31:04+00:00\" \/>\n<meta property=\"og:image\" content=\"https:\/\/librairie7l.com\/wp-content\/uploads\/2023\/11\/9782492607097_1_75.jpg\" \/>\n\t<meta property=\"og:image:width\" content=\"600\" \/>\n\t<meta property=\"og:image:height\" content=\"900\" \/>\n\t<meta property=\"og:image:type\" content=\"image\/jpeg\" \/>\n<meta name=\"twitter:card\" content=\"summary_large_image\" \/>\n<meta name=\"twitter:label1\" content=\"Est. reading time\" \/>\n\t<meta name=\"twitter:data1\" content=\"1 minute\" \/>\n<script type=\"application\/ld+json\" class=\"yoast-schema-graph\">{\"@context\":\"https:\/\/schema.org\",\"@graph\":[{\"@type\":\"WebPage\",\"@id\":\"https:\/\/librairie7l.com\/en\/produit\/lina-bo-bardi-larchitecture-comme-action-2\/\",\"url\":\"https:\/\/librairie7l.com\/en\/produit\/lina-bo-bardi-larchitecture-comme-action-2\/\",\"name\":\"Lina bo bardi : L'architecture comme action - Librairie 7L\",\"isPartOf\":{\"@id\":\"https:\/\/librairie7l.com\/en\/#website\"},\"datePublished\":\"2025-08-23T15:32:38+00:00\",\"dateModified\":\"2026-04-06T13:31:04+00:00\",\"breadcrumb\":{\"@id\":\"https:\/\/librairie7l.com\/en\/produit\/lina-bo-bardi-larchitecture-comme-action-2\/#breadcrumb\"},\"inLanguage\":\"en-US\",\"potentialAction\":[{\"@type\":\"ReadAction\",\"target\":[\"https:\/\/librairie7l.com\/en\/produit\/lina-bo-bardi-larchitecture-comme-action-2\/\"]}]},{\"@type\":\"BreadcrumbList\",\"@id\":\"https:\/\/librairie7l.com\/en\/produit\/lina-bo-bardi-larchitecture-comme-action-2\/#breadcrumb\",\"itemListElement\":[{\"@type\":\"ListItem\",\"position\":1,\"name\":\"Accueil\",\"item\":\"https:\/\/librairie7l.com\/en\/\"},{\"@type\":\"ListItem\",\"position\":2,\"name\":\"Shop\",\"item\":\"https:\/\/librairie7l.com\/en\/shop\/\"},{\"@type\":\"ListItem\",\"position\":3,\"name\":\"LINA BO BARDI : L&#8217;ARCHITECTURE COMME ACTION\"}]},{\"@type\":\"WebSite\",\"@id\":\"https:\/\/librairie7l.com\/en\/#website\",\"url\":\"https:\/\/librairie7l.com\/en\/\",\"name\":\"Librairie 7L\",\"description\":\"Librairie fond\u00e9e en 1999 par Karl Lagerfeld \u00e0 Paris\",\"publisher\":{\"@id\":\"https:\/\/librairie7l.com\/en\/#organization\"},\"potentialAction\":[{\"@type\":\"SearchAction\",\"target\":{\"@type\":\"EntryPoint\",\"urlTemplate\":\"https:\/\/librairie7l.com\/en\/?s={search_term_string}\"},\"query-input\":\"required name=search_term_string\"}],\"inLanguage\":\"en-US\"},{\"@type\":\"Organization\",\"@id\":\"https:\/\/librairie7l.com\/en\/#organization\",\"name\":\"Librairie 7L\",\"url\":\"https:\/\/librairie7l.com\/en\/\",\"logo\":{\"@type\":\"ImageObject\",\"inLanguage\":\"en-US\",\"@id\":\"https:\/\/librairie7l.com\/en\/#\/schema\/logo\/image\/\",\"url\":\"https:\/\/librairie7l.com\/wp-content\/uploads\/2022\/08\/logo-1.png\",\"contentUrl\":\"https:\/\/librairie7l.com\/wp-content\/uploads\/2022\/08\/logo-1.png\",\"width\":227,\"height\":301,\"caption\":\"Librairie 7L\"},\"image\":{\"@id\":\"https:\/\/librairie7l.com\/en\/#\/schema\/logo\/image\/\"}}]}<\/script>\n<!-- \/ Yoast SEO plugin. -->","yoast_head_json":{"title":"Lina bo bardi : L'architecture comme action - Librairie 7L","robots":{"index":"index","follow":"follow","max-snippet":"max-snippet:-1","max-image-preview":"max-image-preview:large","max-video-preview":"max-video-preview:-1"},"canonical":"https:\/\/librairie7l.com\/en\/produit\/lina-bo-bardi-larchitecture-comme-action-2\/","og_locale":"en_US","og_type":"article","og_title":"Lina bo bardi : L'architecture comme action - Librairie 7L","og_description":"\u00c0 la fin de sa vie, Lina Bo Bardi (1914-1992) con\u00e7oit un projet destine\u00b4 a` \u00eatre pr\u00e9sente\u00b4 lors de l&#8217;Exposition universelle de S\u00e9ville de 1992. Il ne sera jamais r\u00e9alis\u00e9, mais rend compte de plusieurs des pr\u00e9occupations de cette architecte et intellectuelle, qui v\u00e9cut entre l&#8217;Italie et le Br\u00e9sil, notamment sa vigilance a` l&#8217;\u00e9gard de [&hellip;]","og_url":"https:\/\/librairie7l.com\/en\/produit\/lina-bo-bardi-larchitecture-comme-action-2\/","og_site_name":"Librairie 7L","article_modified_time":"2026-04-06T13:31:04+00:00","og_image":[{"width":600,"height":900,"url":"https:\/\/librairie7l.com\/wp-content\/uploads\/2023\/11\/9782492607097_1_75.jpg","type":"image\/jpeg"}],"twitter_card":"summary_large_image","twitter_misc":{"Est. reading time":"1 minute"},"schema":{"@context":"https:\/\/schema.org","@graph":[{"@type":"WebPage","@id":"https:\/\/librairie7l.com\/en\/produit\/lina-bo-bardi-larchitecture-comme-action-2\/","url":"https:\/\/librairie7l.com\/en\/produit\/lina-bo-bardi-larchitecture-comme-action-2\/","name":"Lina bo bardi : L'architecture comme action - Librairie 7L","isPartOf":{"@id":"https:\/\/librairie7l.com\/en\/#website"},"datePublished":"2025-08-23T15:32:38+00:00","dateModified":"2026-04-06T13:31:04+00:00","breadcrumb":{"@id":"https:\/\/librairie7l.com\/en\/produit\/lina-bo-bardi-larchitecture-comme-action-2\/#breadcrumb"},"inLanguage":"en-US","potentialAction":[{"@type":"ReadAction","target":["https:\/\/librairie7l.com\/en\/produit\/lina-bo-bardi-larchitecture-comme-action-2\/"]}]},{"@type":"BreadcrumbList","@id":"https:\/\/librairie7l.com\/en\/produit\/lina-bo-bardi-larchitecture-comme-action-2\/#breadcrumb","itemListElement":[{"@type":"ListItem","position":1,"name":"Accueil","item":"https:\/\/librairie7l.com\/en\/"},{"@type":"ListItem","position":2,"name":"Shop","item":"https:\/\/librairie7l.com\/en\/shop\/"},{"@type":"ListItem","position":3,"name":"LINA BO BARDI : L&#8217;ARCHITECTURE COMME ACTION"}]},{"@type":"WebSite","@id":"https:\/\/librairie7l.com\/en\/#website","url":"https:\/\/librairie7l.com\/en\/","name":"Librairie 7L","description":"Librairie fond\u00e9e en 1999 par Karl Lagerfeld \u00e0 Paris","publisher":{"@id":"https:\/\/librairie7l.com\/en\/#organization"},"potentialAction":[{"@type":"SearchAction","target":{"@type":"EntryPoint","urlTemplate":"https:\/\/librairie7l.com\/en\/?s={search_term_string}"},"query-input":"required name=search_term_string"}],"inLanguage":"en-US"},{"@type":"Organization","@id":"https:\/\/librairie7l.com\/en\/#organization","name":"Librairie 7L","url":"https:\/\/librairie7l.com\/en\/","logo":{"@type":"ImageObject","inLanguage":"en-US","@id":"https:\/\/librairie7l.com\/en\/#\/schema\/logo\/image\/","url":"https:\/\/librairie7l.com\/wp-content\/uploads\/2022\/08\/logo-1.png","contentUrl":"https:\/\/librairie7l.com\/wp-content\/uploads\/2022\/08\/logo-1.png","width":227,"height":301,"caption":"Librairie 7L"},"image":{"@id":"https:\/\/librairie7l.com\/en\/#\/schema\/logo\/image\/"}}]}},"_links":{"self":[{"href":"https:\/\/librairie7l.com\/en\/wp-json\/wp\/v2\/product\/49906"}],"collection":[{"href":"https:\/\/librairie7l.com\/en\/wp-json\/wp\/v2\/product"}],"about":[{"href":"https:\/\/librairie7l.com\/en\/wp-json\/wp\/v2\/types\/product"}],"wp:featuredmedia":[{"embeddable":true,"href":"https:\/\/librairie7l.com\/en\/wp-json\/wp\/v2\/media\/49904"}],"wp:attachment":[{"href":"https:\/\/librairie7l.com\/en\/wp-json\/wp\/v2\/media?parent=49906"}],"wp:term":[{"taxonomy":"product_cat","embeddable":true,"href":"https:\/\/librairie7l.com\/en\/wp-json\/wp\/v2\/product_cat?post=49906"},{"taxonomy":"product_tag","embeddable":true,"href":"https:\/\/librairie7l.com\/en\/wp-json\/wp\/v2\/product_tag?post=49906"}],"curies":[{"name":"wp","href":"https:\/\/api.w.org\/{rel}","templated":true}]}}