{"id":49912,"date":"2025-08-27T09:17:47","date_gmt":"2025-08-27T07:17:47","guid":{"rendered":"https:\/\/librairie7l.com\/?post_type=product&#038;p=49912"},"modified":"2026-04-19T14:38:40","modified_gmt":"2026-04-19T12:38:40","slug":"ernst-gamperl-2","status":"publish","type":"product","link":"https:\/\/librairie7l.com\/en\/produit\/ernst-gamperl-2\/","title":{"rendered":"ERNST GAMPERL"},"content":{"rendered":"<p>Les sculptures en bois de Gamperl, n\u00e9es du respect de la nature et du hasard, s\u00e9duisent par leur \u00e9l\u00e9gance et leur puissance<br \/>\nPour l&#8217;artiste de renomm\u00e9e internationale qu&#8217;est Ernst Gamperl, le dialogue avec le bois et le caract\u00e8re impr\u00e9visible de ce mat\u00e9riau sont \u00e0 la fois la source de son inspiration et la force motrice de son travail &#8211; un travail dont les traits distinctifs sont un lien \u00e9troit avec la nature et le respect de la mati\u00e8re vivante. Certains des bois qu&#8217;il choisit de travailler proviennent d&#8217;arbres majestueux et uniques, morts de leur belle mort apr\u00e8s avoir v\u00e9cu des dizaines ou des centaines d&#8217;ann\u00e9es au coeur de la nature.<br \/>\nPartie int\u00e9grante de la cr\u00e9ation, les arbres sont des symboles de vie et de force, dont Gamperl &#8220;per\u00e7oit&#8221; l&#8217;essence m\u00eame pour les avoir longtemps \u00e9tudi\u00e9s au point de vivre en symbiose avec eux. Sa capacit\u00e9 \u00e0 conjuguer une approche non conventionnelle de la mati\u00e8re, une technique r\u00e9volutionnaire et une interpr\u00e9tation originale, nourrie par des ann\u00e9es de pratique, se concr\u00e9tise dans des sculptures puissantes, \u00e0 l&#8217;\u00e9l\u00e9gance et au charisme sans pareils, d\u00e9fiant les limites de la technique et enthousiasmant le spectateur, amen\u00e9 \u00e0 d\u00e9couvrir en elles quelque chose de profond\u00e9ment original, quelque chose qu&#8217;il n&#8217;a jamais vu auparavant.<br \/>\nExpositions :<br \/>\nBayerisches Nationalmuseum, Munich, du 14 mai au 5 octobre 2025<br \/>\nGalerie Handwerk, Munich, du 27 juin au 2 ao\u00fbt 2025<br \/>\nSarah Myerscough Gallery, Londres, automne 2025<\/p>\n","protected":false},"excerpt":{"rendered":"<p>Les sculptures en bois de Gamperl, n\u00e9es du respect de la nature et du hasard, s\u00e9duisent par leur \u00e9l\u00e9gance et leur puissance Pour l&#8217;artiste de renomm\u00e9e internationale qu&#8217;est Ernst Gamperl, le dialogue avec le bois et le caract\u00e8re impr\u00e9visible de ce mat\u00e9riau sont \u00e0 la fois la source de son inspiration et la force motrice [&hellip;]<\/p>\n","protected":false},"featured_media":49910,"template":"","meta":[],"product_cat":[2948,2952],"product_tag":[],"acf":[],"yoast_head":"<!-- This site is optimized with the Yoast SEO plugin v20.11 - https:\/\/yoast.com\/wordpress\/plugins\/seo\/ -->\n<title>Ernst Gamperl - Librairie 7L<\/title>\n<meta name=\"robots\" content=\"index, follow, max-snippet:-1, max-image-preview:large, max-video-preview:-1\" \/>\n<link rel=\"canonical\" href=\"https:\/\/librairie7l.com\/en\/produit\/ernst-gamperl-2\/\" \/>\n<meta property=\"og:locale\" content=\"en_US\" \/>\n<meta property=\"og:type\" content=\"article\" \/>\n<meta property=\"og:title\" content=\"Ernst Gamperl - Librairie 7L\" \/>\n<meta property=\"og:description\" content=\"Les sculptures en bois de Gamperl, n\u00e9es du respect de la nature et du hasard, s\u00e9duisent par leur \u00e9l\u00e9gance et leur puissance Pour l&#8217;artiste de renomm\u00e9e internationale qu&#8217;est Ernst Gamperl, le dialogue avec le bois et le caract\u00e8re impr\u00e9visible de ce mat\u00e9riau sont \u00e0 la fois la source de son inspiration et la force motrice [&hellip;]\" \/>\n<meta property=\"og:url\" content=\"https:\/\/librairie7l.com\/en\/produit\/ernst-gamperl-2\/\" \/>\n<meta property=\"og:site_name\" content=\"Librairie 7L\" \/>\n<meta property=\"article:modified_time\" content=\"2026-04-19T12:38:40+00:00\" \/>\n<meta property=\"og:image\" content=\"https:\/\/librairie7l.com\/wp-content\/uploads\/2024\/12\/9791254600863_1_75.jpg\" \/>\n\t<meta property=\"og:image:width\" content=\"600\" \/>\n\t<meta property=\"og:image:height\" content=\"771\" \/>\n\t<meta property=\"og:image:type\" content=\"image\/jpeg\" \/>\n<meta name=\"twitter:card\" content=\"summary_large_image\" \/>\n<meta name=\"twitter:label1\" content=\"Est. reading time\" \/>\n\t<meta name=\"twitter:data1\" content=\"1 minute\" \/>\n<script type=\"application\/ld+json\" class=\"yoast-schema-graph\">{\"@context\":\"https:\/\/schema.org\",\"@graph\":[{\"@type\":\"WebPage\",\"@id\":\"https:\/\/librairie7l.com\/en\/produit\/ernst-gamperl-2\/\",\"url\":\"https:\/\/librairie7l.com\/en\/produit\/ernst-gamperl-2\/\",\"name\":\"Ernst Gamperl - Librairie 7L\",\"isPartOf\":{\"@id\":\"https:\/\/librairie7l.com\/en\/#website\"},\"datePublished\":\"2025-08-27T07:17:47+00:00\",\"dateModified\":\"2026-04-19T12:38:40+00:00\",\"breadcrumb\":{\"@id\":\"https:\/\/librairie7l.com\/en\/produit\/ernst-gamperl-2\/#breadcrumb\"},\"inLanguage\":\"en-US\",\"potentialAction\":[{\"@type\":\"ReadAction\",\"target\":[\"https:\/\/librairie7l.com\/en\/produit\/ernst-gamperl-2\/\"]}]},{\"@type\":\"BreadcrumbList\",\"@id\":\"https:\/\/librairie7l.com\/en\/produit\/ernst-gamperl-2\/#breadcrumb\",\"itemListElement\":[{\"@type\":\"ListItem\",\"position\":1,\"name\":\"Accueil\",\"item\":\"https:\/\/librairie7l.com\/en\/\"},{\"@type\":\"ListItem\",\"position\":2,\"name\":\"Shop\",\"item\":\"https:\/\/librairie7l.com\/en\/shop\/\"},{\"@type\":\"ListItem\",\"position\":3,\"name\":\"ERNST GAMPERL\"}]},{\"@type\":\"WebSite\",\"@id\":\"https:\/\/librairie7l.com\/en\/#website\",\"url\":\"https:\/\/librairie7l.com\/en\/\",\"name\":\"Librairie 7L\",\"description\":\"Librairie fond\u00e9e en 1999 par Karl Lagerfeld \u00e0 Paris\",\"publisher\":{\"@id\":\"https:\/\/librairie7l.com\/en\/#organization\"},\"potentialAction\":[{\"@type\":\"SearchAction\",\"target\":{\"@type\":\"EntryPoint\",\"urlTemplate\":\"https:\/\/librairie7l.com\/en\/?s={search_term_string}\"},\"query-input\":\"required name=search_term_string\"}],\"inLanguage\":\"en-US\"},{\"@type\":\"Organization\",\"@id\":\"https:\/\/librairie7l.com\/en\/#organization\",\"name\":\"Librairie 7L\",\"url\":\"https:\/\/librairie7l.com\/en\/\",\"logo\":{\"@type\":\"ImageObject\",\"inLanguage\":\"en-US\",\"@id\":\"https:\/\/librairie7l.com\/en\/#\/schema\/logo\/image\/\",\"url\":\"https:\/\/librairie7l.com\/wp-content\/uploads\/2022\/08\/logo-1.png\",\"contentUrl\":\"https:\/\/librairie7l.com\/wp-content\/uploads\/2022\/08\/logo-1.png\",\"width\":227,\"height\":301,\"caption\":\"Librairie 7L\"},\"image\":{\"@id\":\"https:\/\/librairie7l.com\/en\/#\/schema\/logo\/image\/\"}}]}<\/script>\n<!-- \/ Yoast SEO plugin. -->","yoast_head_json":{"title":"Ernst Gamperl - Librairie 7L","robots":{"index":"index","follow":"follow","max-snippet":"max-snippet:-1","max-image-preview":"max-image-preview:large","max-video-preview":"max-video-preview:-1"},"canonical":"https:\/\/librairie7l.com\/en\/produit\/ernst-gamperl-2\/","og_locale":"en_US","og_type":"article","og_title":"Ernst Gamperl - Librairie 7L","og_description":"Les sculptures en bois de Gamperl, n\u00e9es du respect de la nature et du hasard, s\u00e9duisent par leur \u00e9l\u00e9gance et leur puissance Pour l&#8217;artiste de renomm\u00e9e internationale qu&#8217;est Ernst Gamperl, le dialogue avec le bois et le caract\u00e8re impr\u00e9visible de ce mat\u00e9riau sont \u00e0 la fois la source de son inspiration et la force motrice [&hellip;]","og_url":"https:\/\/librairie7l.com\/en\/produit\/ernst-gamperl-2\/","og_site_name":"Librairie 7L","article_modified_time":"2026-04-19T12:38:40+00:00","og_image":[{"width":600,"height":771,"url":"https:\/\/librairie7l.com\/wp-content\/uploads\/2024\/12\/9791254600863_1_75.jpg","type":"image\/jpeg"}],"twitter_card":"summary_large_image","twitter_misc":{"Est. reading time":"1 minute"},"schema":{"@context":"https:\/\/schema.org","@graph":[{"@type":"WebPage","@id":"https:\/\/librairie7l.com\/en\/produit\/ernst-gamperl-2\/","url":"https:\/\/librairie7l.com\/en\/produit\/ernst-gamperl-2\/","name":"Ernst Gamperl - Librairie 7L","isPartOf":{"@id":"https:\/\/librairie7l.com\/en\/#website"},"datePublished":"2025-08-27T07:17:47+00:00","dateModified":"2026-04-19T12:38:40+00:00","breadcrumb":{"@id":"https:\/\/librairie7l.com\/en\/produit\/ernst-gamperl-2\/#breadcrumb"},"inLanguage":"en-US","potentialAction":[{"@type":"ReadAction","target":["https:\/\/librairie7l.com\/en\/produit\/ernst-gamperl-2\/"]}]},{"@type":"BreadcrumbList","@id":"https:\/\/librairie7l.com\/en\/produit\/ernst-gamperl-2\/#breadcrumb","itemListElement":[{"@type":"ListItem","position":1,"name":"Accueil","item":"https:\/\/librairie7l.com\/en\/"},{"@type":"ListItem","position":2,"name":"Shop","item":"https:\/\/librairie7l.com\/en\/shop\/"},{"@type":"ListItem","position":3,"name":"ERNST GAMPERL"}]},{"@type":"WebSite","@id":"https:\/\/librairie7l.com\/en\/#website","url":"https:\/\/librairie7l.com\/en\/","name":"Librairie 7L","description":"Librairie fond\u00e9e en 1999 par Karl Lagerfeld \u00e0 Paris","publisher":{"@id":"https:\/\/librairie7l.com\/en\/#organization"},"potentialAction":[{"@type":"SearchAction","target":{"@type":"EntryPoint","urlTemplate":"https:\/\/librairie7l.com\/en\/?s={search_term_string}"},"query-input":"required name=search_term_string"}],"inLanguage":"en-US"},{"@type":"Organization","@id":"https:\/\/librairie7l.com\/en\/#organization","name":"Librairie 7L","url":"https:\/\/librairie7l.com\/en\/","logo":{"@type":"ImageObject","inLanguage":"en-US","@id":"https:\/\/librairie7l.com\/en\/#\/schema\/logo\/image\/","url":"https:\/\/librairie7l.com\/wp-content\/uploads\/2022\/08\/logo-1.png","contentUrl":"https:\/\/librairie7l.com\/wp-content\/uploads\/2022\/08\/logo-1.png","width":227,"height":301,"caption":"Librairie 7L"},"image":{"@id":"https:\/\/librairie7l.com\/en\/#\/schema\/logo\/image\/"}}]}},"_links":{"self":[{"href":"https:\/\/librairie7l.com\/en\/wp-json\/wp\/v2\/product\/49912"}],"collection":[{"href":"https:\/\/librairie7l.com\/en\/wp-json\/wp\/v2\/product"}],"about":[{"href":"https:\/\/librairie7l.com\/en\/wp-json\/wp\/v2\/types\/product"}],"wp:featuredmedia":[{"embeddable":true,"href":"https:\/\/librairie7l.com\/en\/wp-json\/wp\/v2\/media\/49910"}],"wp:attachment":[{"href":"https:\/\/librairie7l.com\/en\/wp-json\/wp\/v2\/media?parent=49912"}],"wp:term":[{"taxonomy":"product_cat","embeddable":true,"href":"https:\/\/librairie7l.com\/en\/wp-json\/wp\/v2\/product_cat?post=49912"},{"taxonomy":"product_tag","embeddable":true,"href":"https:\/\/librairie7l.com\/en\/wp-json\/wp\/v2\/product_tag?post=49912"}],"curies":[{"name":"wp","href":"https:\/\/api.w.org\/{rel}","templated":true}]}}