{"id":49976,"date":"2025-08-27T10:16:10","date_gmt":"2025-08-27T08:16:10","guid":{"rendered":"https:\/\/librairie7l.com\/?post_type=product&#038;p=49976"},"modified":"2026-04-16T04:52:43","modified_gmt":"2026-04-16T02:52:43","slug":"planetary-gardener-life-first-2","status":"publish","type":"product","link":"https:\/\/librairie7l.com\/en\/produit\/planetary-gardener-life-first-2\/","title":{"rendered":"PLANETARY GARDENER : LIFE FIRST"},"content":{"rendered":"<p>Welcome planetary gardeners! This book, edited brought to you by French gardener, botanist and writer Gilles Cl\u00e9ment and landscape architects Coloco, showcases how we can live in harmony with nature and appreciate the ecosystem in all its diversity, acting as a gardener and guardian. Adopting the point of view of the Planetary Gardener requires personal sensitivity, scientific rigour and practical experience. Beyond what nature can do for us, let&#8217;s ask ourselves What can we do for nature? Let&#8217;s be alarmed, let&#8217;s widen our focus, but above all let&#8217;s adopt a code of conduct and take immediate action on all fronts.<\/p>\n<p>Published following the exhibition \u00abDevenir jardinier plan\u00e9taire. La pr\u00e9s\u00e9ance du vivant\u00bb at the Orangerie du Parc de la T\u00eate d&#8217;or in Lyon, the book features the work of gardeners who work on vast territories as well as very small gardens with the same respect. They are not all landscape gardeners, nor do they only carry out commissioned projects. They are sometimes involved in situations of resistance and activism that defend the Presence of living things. The final part of the book sets out the main concepts developed by Gilles Cl\u00e9ment and Coloco to help you get started on your part of the planetary garden.<\/p>\n","protected":false},"excerpt":{"rendered":"<p>Welcome planetary gardeners! This book, edited brought to you by French gardener, botanist and writer Gilles Cl\u00e9ment and landscape architects Coloco, showcases how we can live in harmony with nature and appreciate the ecosystem in all its diversity, acting as a gardener and guardian. Adopting the point of view of the Planetary Gardener requires personal [&hellip;]<\/p>\n","protected":false},"featured_media":49974,"template":"","meta":[],"product_cat":[2948,2956],"product_tag":[],"acf":[],"yoast_head":"<!-- This site is optimized with the Yoast SEO plugin v20.11 - https:\/\/yoast.com\/wordpress\/plugins\/seo\/ -->\n<title>Planetary Gardener : Life First - Librairie 7L<\/title>\n<meta name=\"robots\" content=\"index, follow, max-snippet:-1, max-image-preview:large, max-video-preview:-1\" \/>\n<link rel=\"canonical\" href=\"https:\/\/librairie7l.com\/en\/produit\/planetary-gardener-life-first-2\/\" \/>\n<meta property=\"og:locale\" content=\"en_US\" \/>\n<meta property=\"og:type\" content=\"article\" \/>\n<meta property=\"og:title\" content=\"Planetary Gardener : Life First - Librairie 7L\" \/>\n<meta property=\"og:description\" content=\"Welcome planetary gardeners! This book, edited brought to you by French gardener, botanist and writer Gilles Cl\u00e9ment and landscape architects Coloco, showcases how we can live in harmony with nature and appreciate the ecosystem in all its diversity, acting as a gardener and guardian. Adopting the point of view of the Planetary Gardener requires personal [&hellip;]\" \/>\n<meta property=\"og:url\" content=\"https:\/\/librairie7l.com\/en\/produit\/planetary-gardener-life-first-2\/\" \/>\n<meta property=\"og:site_name\" content=\"Librairie 7L\" \/>\n<meta property=\"article:modified_time\" content=\"2026-04-16T02:52:43+00:00\" \/>\n<meta property=\"og:image\" content=\"https:\/\/librairie7l.com\/wp-content\/uploads\/2024\/12\/9783037787755_1_75.jpg\" \/>\n\t<meta property=\"og:image:width\" content=\"331\" \/>\n\t<meta property=\"og:image:height\" content=\"500\" \/>\n\t<meta property=\"og:image:type\" content=\"image\/jpeg\" \/>\n<meta name=\"twitter:card\" content=\"summary_large_image\" \/>\n<meta name=\"twitter:label1\" content=\"Est. reading time\" \/>\n\t<meta name=\"twitter:data1\" content=\"1 minute\" \/>\n<script type=\"application\/ld+json\" class=\"yoast-schema-graph\">{\"@context\":\"https:\/\/schema.org\",\"@graph\":[{\"@type\":\"WebPage\",\"@id\":\"https:\/\/librairie7l.com\/en\/produit\/planetary-gardener-life-first-2\/\",\"url\":\"https:\/\/librairie7l.com\/en\/produit\/planetary-gardener-life-first-2\/\",\"name\":\"Planetary Gardener : Life First - Librairie 7L\",\"isPartOf\":{\"@id\":\"https:\/\/librairie7l.com\/en\/#website\"},\"datePublished\":\"2025-08-27T08:16:10+00:00\",\"dateModified\":\"2026-04-16T02:52:43+00:00\",\"breadcrumb\":{\"@id\":\"https:\/\/librairie7l.com\/en\/produit\/planetary-gardener-life-first-2\/#breadcrumb\"},\"inLanguage\":\"en-US\",\"potentialAction\":[{\"@type\":\"ReadAction\",\"target\":[\"https:\/\/librairie7l.com\/en\/produit\/planetary-gardener-life-first-2\/\"]}]},{\"@type\":\"BreadcrumbList\",\"@id\":\"https:\/\/librairie7l.com\/en\/produit\/planetary-gardener-life-first-2\/#breadcrumb\",\"itemListElement\":[{\"@type\":\"ListItem\",\"position\":1,\"name\":\"Accueil\",\"item\":\"https:\/\/librairie7l.com\/en\/\"},{\"@type\":\"ListItem\",\"position\":2,\"name\":\"Shop\",\"item\":\"https:\/\/librairie7l.com\/en\/shop\/\"},{\"@type\":\"ListItem\",\"position\":3,\"name\":\"PLANETARY GARDENER : LIFE FIRST\"}]},{\"@type\":\"WebSite\",\"@id\":\"https:\/\/librairie7l.com\/en\/#website\",\"url\":\"https:\/\/librairie7l.com\/en\/\",\"name\":\"Librairie 7L\",\"description\":\"Librairie fond\u00e9e en 1999 par Karl Lagerfeld \u00e0 Paris\",\"publisher\":{\"@id\":\"https:\/\/librairie7l.com\/en\/#organization\"},\"potentialAction\":[{\"@type\":\"SearchAction\",\"target\":{\"@type\":\"EntryPoint\",\"urlTemplate\":\"https:\/\/librairie7l.com\/en\/?s={search_term_string}\"},\"query-input\":\"required name=search_term_string\"}],\"inLanguage\":\"en-US\"},{\"@type\":\"Organization\",\"@id\":\"https:\/\/librairie7l.com\/en\/#organization\",\"name\":\"Librairie 7L\",\"url\":\"https:\/\/librairie7l.com\/en\/\",\"logo\":{\"@type\":\"ImageObject\",\"inLanguage\":\"en-US\",\"@id\":\"https:\/\/librairie7l.com\/en\/#\/schema\/logo\/image\/\",\"url\":\"https:\/\/librairie7l.com\/wp-content\/uploads\/2022\/08\/logo-1.png\",\"contentUrl\":\"https:\/\/librairie7l.com\/wp-content\/uploads\/2022\/08\/logo-1.png\",\"width\":227,\"height\":301,\"caption\":\"Librairie 7L\"},\"image\":{\"@id\":\"https:\/\/librairie7l.com\/en\/#\/schema\/logo\/image\/\"}}]}<\/script>\n<!-- \/ Yoast SEO plugin. -->","yoast_head_json":{"title":"Planetary Gardener : Life First - Librairie 7L","robots":{"index":"index","follow":"follow","max-snippet":"max-snippet:-1","max-image-preview":"max-image-preview:large","max-video-preview":"max-video-preview:-1"},"canonical":"https:\/\/librairie7l.com\/en\/produit\/planetary-gardener-life-first-2\/","og_locale":"en_US","og_type":"article","og_title":"Planetary Gardener : Life First - Librairie 7L","og_description":"Welcome planetary gardeners! This book, edited brought to you by French gardener, botanist and writer Gilles Cl\u00e9ment and landscape architects Coloco, showcases how we can live in harmony with nature and appreciate the ecosystem in all its diversity, acting as a gardener and guardian. Adopting the point of view of the Planetary Gardener requires personal [&hellip;]","og_url":"https:\/\/librairie7l.com\/en\/produit\/planetary-gardener-life-first-2\/","og_site_name":"Librairie 7L","article_modified_time":"2026-04-16T02:52:43+00:00","og_image":[{"width":331,"height":500,"url":"https:\/\/librairie7l.com\/wp-content\/uploads\/2024\/12\/9783037787755_1_75.jpg","type":"image\/jpeg"}],"twitter_card":"summary_large_image","twitter_misc":{"Est. reading time":"1 minute"},"schema":{"@context":"https:\/\/schema.org","@graph":[{"@type":"WebPage","@id":"https:\/\/librairie7l.com\/en\/produit\/planetary-gardener-life-first-2\/","url":"https:\/\/librairie7l.com\/en\/produit\/planetary-gardener-life-first-2\/","name":"Planetary Gardener : Life First - Librairie 7L","isPartOf":{"@id":"https:\/\/librairie7l.com\/en\/#website"},"datePublished":"2025-08-27T08:16:10+00:00","dateModified":"2026-04-16T02:52:43+00:00","breadcrumb":{"@id":"https:\/\/librairie7l.com\/en\/produit\/planetary-gardener-life-first-2\/#breadcrumb"},"inLanguage":"en-US","potentialAction":[{"@type":"ReadAction","target":["https:\/\/librairie7l.com\/en\/produit\/planetary-gardener-life-first-2\/"]}]},{"@type":"BreadcrumbList","@id":"https:\/\/librairie7l.com\/en\/produit\/planetary-gardener-life-first-2\/#breadcrumb","itemListElement":[{"@type":"ListItem","position":1,"name":"Accueil","item":"https:\/\/librairie7l.com\/en\/"},{"@type":"ListItem","position":2,"name":"Shop","item":"https:\/\/librairie7l.com\/en\/shop\/"},{"@type":"ListItem","position":3,"name":"PLANETARY GARDENER : LIFE FIRST"}]},{"@type":"WebSite","@id":"https:\/\/librairie7l.com\/en\/#website","url":"https:\/\/librairie7l.com\/en\/","name":"Librairie 7L","description":"Librairie fond\u00e9e en 1999 par Karl Lagerfeld \u00e0 Paris","publisher":{"@id":"https:\/\/librairie7l.com\/en\/#organization"},"potentialAction":[{"@type":"SearchAction","target":{"@type":"EntryPoint","urlTemplate":"https:\/\/librairie7l.com\/en\/?s={search_term_string}"},"query-input":"required name=search_term_string"}],"inLanguage":"en-US"},{"@type":"Organization","@id":"https:\/\/librairie7l.com\/en\/#organization","name":"Librairie 7L","url":"https:\/\/librairie7l.com\/en\/","logo":{"@type":"ImageObject","inLanguage":"en-US","@id":"https:\/\/librairie7l.com\/en\/#\/schema\/logo\/image\/","url":"https:\/\/librairie7l.com\/wp-content\/uploads\/2022\/08\/logo-1.png","contentUrl":"https:\/\/librairie7l.com\/wp-content\/uploads\/2022\/08\/logo-1.png","width":227,"height":301,"caption":"Librairie 7L"},"image":{"@id":"https:\/\/librairie7l.com\/en\/#\/schema\/logo\/image\/"}}]}},"_links":{"self":[{"href":"https:\/\/librairie7l.com\/en\/wp-json\/wp\/v2\/product\/49976"}],"collection":[{"href":"https:\/\/librairie7l.com\/en\/wp-json\/wp\/v2\/product"}],"about":[{"href":"https:\/\/librairie7l.com\/en\/wp-json\/wp\/v2\/types\/product"}],"wp:featuredmedia":[{"embeddable":true,"href":"https:\/\/librairie7l.com\/en\/wp-json\/wp\/v2\/media\/49974"}],"wp:attachment":[{"href":"https:\/\/librairie7l.com\/en\/wp-json\/wp\/v2\/media?parent=49976"}],"wp:term":[{"taxonomy":"product_cat","embeddable":true,"href":"https:\/\/librairie7l.com\/en\/wp-json\/wp\/v2\/product_cat?post=49976"},{"taxonomy":"product_tag","embeddable":true,"href":"https:\/\/librairie7l.com\/en\/wp-json\/wp\/v2\/product_tag?post=49976"}],"curies":[{"name":"wp","href":"https:\/\/api.w.org\/{rel}","templated":true}]}}