{"id":49988,"date":"2025-08-27T10:16:17","date_gmt":"2025-08-27T08:16:17","guid":{"rendered":"https:\/\/librairie7l.com\/?post_type=product&#038;p=49988"},"modified":"2026-04-18T15:20:34","modified_gmt":"2026-04-18T13:20:34","slug":"harry-et-moi-1950-1960-les-annees-en-famille-2","status":"publish","type":"product","link":"https:\/\/librairie7l.com\/en\/produit\/harry-et-moi-1950-1960-les-annees-en-famille-2\/","title":{"rendered":"HARRY ET MOI : 1950-1960. LES ANN\u00c9ES EN FAMILLE"},"content":{"rendered":"<p>Niki de Saint Phalle raconte l&#8217;histoire de sa vie avec l&#8217;\u00e9crivain am\u00e9ricain Harry Mathews, de 1950 \u00e0 1960, dans cet ouvrage tr\u00e8s personnel et richement illustr\u00e9, deuxi\u00e8me tome de ses \u00absouvenirs\u00bb. Voici donc ces ann\u00e9es en famille durant lesquelles, pour la premi\u00e8re fois de son existence, elle conna\u00eetra la paix et la stabilit\u00e9. De nombreuses oeuvres de Niki de Saint Phalle datent de cette \u00e9poque et cette publication les \u00e9claire d&#8217;une lumi\u00e8re nouvelle.<\/p>\n","protected":false},"excerpt":{"rendered":"<p>Niki de Saint Phalle raconte l&#8217;histoire de sa vie avec l&#8217;\u00e9crivain am\u00e9ricain Harry Mathews, de 1950 \u00e0 1960, dans cet ouvrage tr\u00e8s personnel et richement illustr\u00e9, deuxi\u00e8me tome de ses \u00absouvenirs\u00bb. Voici donc ces ann\u00e9es en famille durant lesquelles, pour la premi\u00e8re fois de son existence, elle conna\u00eetra la paix et la stabilit\u00e9. De nombreuses [&hellip;]<\/p>\n","protected":false},"featured_media":49986,"template":"","meta":[],"product_cat":[2948,2953],"product_tag":[],"acf":[],"yoast_head":"<!-- This site is optimized with the Yoast SEO plugin v20.11 - https:\/\/yoast.com\/wordpress\/plugins\/seo\/ -->\n<title>Harry et moi : 1950-1960. Les ann\u00e9es en famille - Librairie 7L<\/title>\n<meta name=\"robots\" content=\"index, follow, max-snippet:-1, max-image-preview:large, max-video-preview:-1\" \/>\n<link rel=\"canonical\" href=\"https:\/\/librairie7l.com\/en\/produit\/harry-et-moi-1950-1960-les-annees-en-famille-2\/\" \/>\n<meta property=\"og:locale\" content=\"en_US\" \/>\n<meta property=\"og:type\" content=\"article\" \/>\n<meta property=\"og:title\" content=\"Harry et moi : 1950-1960. Les ann\u00e9es en famille - Librairie 7L\" \/>\n<meta property=\"og:description\" content=\"Niki de Saint Phalle raconte l&#8217;histoire de sa vie avec l&#8217;\u00e9crivain am\u00e9ricain Harry Mathews, de 1950 \u00e0 1960, dans cet ouvrage tr\u00e8s personnel et richement illustr\u00e9, deuxi\u00e8me tome de ses \u00absouvenirs\u00bb. Voici donc ces ann\u00e9es en famille durant lesquelles, pour la premi\u00e8re fois de son existence, elle conna\u00eetra la paix et la stabilit\u00e9. De nombreuses [&hellip;]\" \/>\n<meta property=\"og:url\" content=\"https:\/\/librairie7l.com\/en\/produit\/harry-et-moi-1950-1960-les-annees-en-famille-2\/\" \/>\n<meta property=\"og:site_name\" content=\"Librairie 7L\" \/>\n<meta property=\"article:modified_time\" content=\"2026-04-18T13:20:34+00:00\" \/>\n<meta property=\"og:image\" content=\"https:\/\/librairie7l.com\/wp-content\/uploads\/2025\/01\/9782073072962_1_75.jpg\" \/>\n\t<meta property=\"og:image:width\" content=\"600\" \/>\n\t<meta property=\"og:image:height\" content=\"726\" \/>\n\t<meta property=\"og:image:type\" content=\"image\/jpeg\" \/>\n<meta name=\"twitter:card\" content=\"summary_large_image\" \/>\n<script type=\"application\/ld+json\" class=\"yoast-schema-graph\">{\"@context\":\"https:\/\/schema.org\",\"@graph\":[{\"@type\":\"WebPage\",\"@id\":\"https:\/\/librairie7l.com\/en\/produit\/harry-et-moi-1950-1960-les-annees-en-famille-2\/\",\"url\":\"https:\/\/librairie7l.com\/en\/produit\/harry-et-moi-1950-1960-les-annees-en-famille-2\/\",\"name\":\"Harry et moi : 1950-1960. Les ann\u00e9es en famille - Librairie 7L\",\"isPartOf\":{\"@id\":\"https:\/\/librairie7l.com\/en\/#website\"},\"datePublished\":\"2025-08-27T08:16:17+00:00\",\"dateModified\":\"2026-04-18T13:20:34+00:00\",\"breadcrumb\":{\"@id\":\"https:\/\/librairie7l.com\/en\/produit\/harry-et-moi-1950-1960-les-annees-en-famille-2\/#breadcrumb\"},\"inLanguage\":\"en-US\",\"potentialAction\":[{\"@type\":\"ReadAction\",\"target\":[\"https:\/\/librairie7l.com\/en\/produit\/harry-et-moi-1950-1960-les-annees-en-famille-2\/\"]}]},{\"@type\":\"BreadcrumbList\",\"@id\":\"https:\/\/librairie7l.com\/en\/produit\/harry-et-moi-1950-1960-les-annees-en-famille-2\/#breadcrumb\",\"itemListElement\":[{\"@type\":\"ListItem\",\"position\":1,\"name\":\"Accueil\",\"item\":\"https:\/\/librairie7l.com\/en\/\"},{\"@type\":\"ListItem\",\"position\":2,\"name\":\"Shop\",\"item\":\"https:\/\/librairie7l.com\/en\/shop\/\"},{\"@type\":\"ListItem\",\"position\":3,\"name\":\"HARRY ET MOI : 1950-1960. LES ANN\u00c9ES EN FAMILLE\"}]},{\"@type\":\"WebSite\",\"@id\":\"https:\/\/librairie7l.com\/en\/#website\",\"url\":\"https:\/\/librairie7l.com\/en\/\",\"name\":\"Librairie 7L\",\"description\":\"Librairie fond\u00e9e en 1999 par Karl Lagerfeld \u00e0 Paris\",\"publisher\":{\"@id\":\"https:\/\/librairie7l.com\/en\/#organization\"},\"potentialAction\":[{\"@type\":\"SearchAction\",\"target\":{\"@type\":\"EntryPoint\",\"urlTemplate\":\"https:\/\/librairie7l.com\/en\/?s={search_term_string}\"},\"query-input\":\"required name=search_term_string\"}],\"inLanguage\":\"en-US\"},{\"@type\":\"Organization\",\"@id\":\"https:\/\/librairie7l.com\/en\/#organization\",\"name\":\"Librairie 7L\",\"url\":\"https:\/\/librairie7l.com\/en\/\",\"logo\":{\"@type\":\"ImageObject\",\"inLanguage\":\"en-US\",\"@id\":\"https:\/\/librairie7l.com\/en\/#\/schema\/logo\/image\/\",\"url\":\"https:\/\/librairie7l.com\/wp-content\/uploads\/2022\/08\/logo-1.png\",\"contentUrl\":\"https:\/\/librairie7l.com\/wp-content\/uploads\/2022\/08\/logo-1.png\",\"width\":227,\"height\":301,\"caption\":\"Librairie 7L\"},\"image\":{\"@id\":\"https:\/\/librairie7l.com\/en\/#\/schema\/logo\/image\/\"}}]}<\/script>\n<!-- \/ Yoast SEO plugin. -->","yoast_head_json":{"title":"Harry et moi : 1950-1960. Les ann\u00e9es en famille - Librairie 7L","robots":{"index":"index","follow":"follow","max-snippet":"max-snippet:-1","max-image-preview":"max-image-preview:large","max-video-preview":"max-video-preview:-1"},"canonical":"https:\/\/librairie7l.com\/en\/produit\/harry-et-moi-1950-1960-les-annees-en-famille-2\/","og_locale":"en_US","og_type":"article","og_title":"Harry et moi : 1950-1960. Les ann\u00e9es en famille - Librairie 7L","og_description":"Niki de Saint Phalle raconte l&#8217;histoire de sa vie avec l&#8217;\u00e9crivain am\u00e9ricain Harry Mathews, de 1950 \u00e0 1960, dans cet ouvrage tr\u00e8s personnel et richement illustr\u00e9, deuxi\u00e8me tome de ses \u00absouvenirs\u00bb. Voici donc ces ann\u00e9es en famille durant lesquelles, pour la premi\u00e8re fois de son existence, elle conna\u00eetra la paix et la stabilit\u00e9. De nombreuses [&hellip;]","og_url":"https:\/\/librairie7l.com\/en\/produit\/harry-et-moi-1950-1960-les-annees-en-famille-2\/","og_site_name":"Librairie 7L","article_modified_time":"2026-04-18T13:20:34+00:00","og_image":[{"width":600,"height":726,"url":"https:\/\/librairie7l.com\/wp-content\/uploads\/2025\/01\/9782073072962_1_75.jpg","type":"image\/jpeg"}],"twitter_card":"summary_large_image","schema":{"@context":"https:\/\/schema.org","@graph":[{"@type":"WebPage","@id":"https:\/\/librairie7l.com\/en\/produit\/harry-et-moi-1950-1960-les-annees-en-famille-2\/","url":"https:\/\/librairie7l.com\/en\/produit\/harry-et-moi-1950-1960-les-annees-en-famille-2\/","name":"Harry et moi : 1950-1960. Les ann\u00e9es en famille - Librairie 7L","isPartOf":{"@id":"https:\/\/librairie7l.com\/en\/#website"},"datePublished":"2025-08-27T08:16:17+00:00","dateModified":"2026-04-18T13:20:34+00:00","breadcrumb":{"@id":"https:\/\/librairie7l.com\/en\/produit\/harry-et-moi-1950-1960-les-annees-en-famille-2\/#breadcrumb"},"inLanguage":"en-US","potentialAction":[{"@type":"ReadAction","target":["https:\/\/librairie7l.com\/en\/produit\/harry-et-moi-1950-1960-les-annees-en-famille-2\/"]}]},{"@type":"BreadcrumbList","@id":"https:\/\/librairie7l.com\/en\/produit\/harry-et-moi-1950-1960-les-annees-en-famille-2\/#breadcrumb","itemListElement":[{"@type":"ListItem","position":1,"name":"Accueil","item":"https:\/\/librairie7l.com\/en\/"},{"@type":"ListItem","position":2,"name":"Shop","item":"https:\/\/librairie7l.com\/en\/shop\/"},{"@type":"ListItem","position":3,"name":"HARRY ET MOI : 1950-1960. LES ANN\u00c9ES EN FAMILLE"}]},{"@type":"WebSite","@id":"https:\/\/librairie7l.com\/en\/#website","url":"https:\/\/librairie7l.com\/en\/","name":"Librairie 7L","description":"Librairie fond\u00e9e en 1999 par Karl Lagerfeld \u00e0 Paris","publisher":{"@id":"https:\/\/librairie7l.com\/en\/#organization"},"potentialAction":[{"@type":"SearchAction","target":{"@type":"EntryPoint","urlTemplate":"https:\/\/librairie7l.com\/en\/?s={search_term_string}"},"query-input":"required name=search_term_string"}],"inLanguage":"en-US"},{"@type":"Organization","@id":"https:\/\/librairie7l.com\/en\/#organization","name":"Librairie 7L","url":"https:\/\/librairie7l.com\/en\/","logo":{"@type":"ImageObject","inLanguage":"en-US","@id":"https:\/\/librairie7l.com\/en\/#\/schema\/logo\/image\/","url":"https:\/\/librairie7l.com\/wp-content\/uploads\/2022\/08\/logo-1.png","contentUrl":"https:\/\/librairie7l.com\/wp-content\/uploads\/2022\/08\/logo-1.png","width":227,"height":301,"caption":"Librairie 7L"},"image":{"@id":"https:\/\/librairie7l.com\/en\/#\/schema\/logo\/image\/"}}]}},"_links":{"self":[{"href":"https:\/\/librairie7l.com\/en\/wp-json\/wp\/v2\/product\/49988"}],"collection":[{"href":"https:\/\/librairie7l.com\/en\/wp-json\/wp\/v2\/product"}],"about":[{"href":"https:\/\/librairie7l.com\/en\/wp-json\/wp\/v2\/types\/product"}],"wp:featuredmedia":[{"embeddable":true,"href":"https:\/\/librairie7l.com\/en\/wp-json\/wp\/v2\/media\/49986"}],"wp:attachment":[{"href":"https:\/\/librairie7l.com\/en\/wp-json\/wp\/v2\/media?parent=49988"}],"wp:term":[{"taxonomy":"product_cat","embeddable":true,"href":"https:\/\/librairie7l.com\/en\/wp-json\/wp\/v2\/product_cat?post=49988"},{"taxonomy":"product_tag","embeddable":true,"href":"https:\/\/librairie7l.com\/en\/wp-json\/wp\/v2\/product_tag?post=49988"}],"curies":[{"name":"wp","href":"https:\/\/api.w.org\/{rel}","templated":true}]}}