{"id":50000,"date":"2025-08-27T10:16:24","date_gmt":"2025-08-27T08:16:24","guid":{"rendered":"https:\/\/librairie7l.com\/?post_type=product&#038;p=50000"},"modified":"2026-04-17T14:32:44","modified_gmt":"2026-04-17T12:32:44","slug":"charles-et-ray-eames-2","status":"publish","type":"product","link":"https:\/\/librairie7l.com\/en\/produit\/charles-et-ray-eames-2\/","title":{"rendered":"CHARLES ET RAY EAMES"},"content":{"rendered":"<p>Le couple mythique californien, ic\u00f4ne du design pop.<br \/>\nCr\u00e9ateurs ouverts, curieux et passionn\u00e9s, Charles (1907-1978) et Ray (1912-1988) Eames laissent une oeuvre constitu\u00e9e de plus d&#8217;une centaine de meubles, v\u00e9ritables best-sellers du design dont beaucoup sont toujours \u00e9dit\u00e9s et vendus aujourd&#8217;hui. Communicants de g\u00e9nie, ils ont r\u00e9volutionn\u00e9 les modes d&#8217;exposition en associant les pratiques artistiques afin de captiver le public le plus large. La pr\u00e9sence de leurs oeuvres dans les collections de mus\u00e9es majeurs, du Centre Pompidou (Paris) au Victoria &amp; Albert Museum (Londres), en passant par le Los Angeles County Museum of Art ou le MoMA (New York), affirme leur contribution essentielle \u00e0 l&#8217;art du XXe si\u00e8cle.<\/p>\n","protected":false},"excerpt":{"rendered":"<p>Le couple mythique californien, ic\u00f4ne du design pop. Cr\u00e9ateurs ouverts, curieux et passionn\u00e9s, Charles (1907-1978) et Ray (1912-1988) Eames laissent une oeuvre constitu\u00e9e de plus d&#8217;une centaine de meubles, v\u00e9ritables best-sellers du design dont beaucoup sont toujours \u00e9dit\u00e9s et vendus aujourd&#8217;hui. Communicants de g\u00e9nie, ils ont r\u00e9volutionn\u00e9 les modes d&#8217;exposition en associant les pratiques artistiques [&hellip;]<\/p>\n","protected":false},"featured_media":49998,"template":"","meta":[],"product_cat":[2948,2952],"product_tag":[],"acf":[],"yoast_head":"<!-- This site is optimized with the Yoast SEO plugin v20.11 - https:\/\/yoast.com\/wordpress\/plugins\/seo\/ -->\n<title>Charles et Ray Eames - Librairie 7L<\/title>\n<meta name=\"robots\" content=\"index, follow, max-snippet:-1, max-image-preview:large, max-video-preview:-1\" \/>\n<link rel=\"canonical\" href=\"https:\/\/librairie7l.com\/en\/produit\/charles-et-ray-eames-2\/\" \/>\n<meta property=\"og:locale\" content=\"en_US\" \/>\n<meta property=\"og:type\" content=\"article\" \/>\n<meta property=\"og:title\" content=\"Charles et Ray Eames - Librairie 7L\" \/>\n<meta property=\"og:description\" content=\"Le couple mythique californien, ic\u00f4ne du design pop. Cr\u00e9ateurs ouverts, curieux et passionn\u00e9s, Charles (1907-1978) et Ray (1912-1988) Eames laissent une oeuvre constitu\u00e9e de plus d&#8217;une centaine de meubles, v\u00e9ritables best-sellers du design dont beaucoup sont toujours \u00e9dit\u00e9s et vendus aujourd&#8217;hui. Communicants de g\u00e9nie, ils ont r\u00e9volutionn\u00e9 les modes d&#8217;exposition en associant les pratiques artistiques [&hellip;]\" \/>\n<meta property=\"og:url\" content=\"https:\/\/librairie7l.com\/en\/produit\/charles-et-ray-eames-2\/\" \/>\n<meta property=\"og:site_name\" content=\"Librairie 7L\" \/>\n<meta property=\"article:modified_time\" content=\"2026-04-17T12:32:44+00:00\" \/>\n<meta property=\"og:image\" content=\"https:\/\/librairie7l.com\/wp-content\/uploads\/2024\/12\/9791037513816_1_75.jpg\" \/>\n\t<meta property=\"og:image:width\" content=\"600\" \/>\n\t<meta property=\"og:image:height\" content=\"802\" \/>\n\t<meta property=\"og:image:type\" content=\"image\/jpeg\" \/>\n<meta name=\"twitter:card\" content=\"summary_large_image\" \/>\n<meta name=\"twitter:label1\" content=\"Est. reading time\" \/>\n\t<meta name=\"twitter:data1\" content=\"1 minute\" \/>\n<script type=\"application\/ld+json\" class=\"yoast-schema-graph\">{\"@context\":\"https:\/\/schema.org\",\"@graph\":[{\"@type\":\"WebPage\",\"@id\":\"https:\/\/librairie7l.com\/en\/produit\/charles-et-ray-eames-2\/\",\"url\":\"https:\/\/librairie7l.com\/en\/produit\/charles-et-ray-eames-2\/\",\"name\":\"Charles et Ray Eames - Librairie 7L\",\"isPartOf\":{\"@id\":\"https:\/\/librairie7l.com\/en\/#website\"},\"datePublished\":\"2025-08-27T08:16:24+00:00\",\"dateModified\":\"2026-04-17T12:32:44+00:00\",\"breadcrumb\":{\"@id\":\"https:\/\/librairie7l.com\/en\/produit\/charles-et-ray-eames-2\/#breadcrumb\"},\"inLanguage\":\"en-US\",\"potentialAction\":[{\"@type\":\"ReadAction\",\"target\":[\"https:\/\/librairie7l.com\/en\/produit\/charles-et-ray-eames-2\/\"]}]},{\"@type\":\"BreadcrumbList\",\"@id\":\"https:\/\/librairie7l.com\/en\/produit\/charles-et-ray-eames-2\/#breadcrumb\",\"itemListElement\":[{\"@type\":\"ListItem\",\"position\":1,\"name\":\"Accueil\",\"item\":\"https:\/\/librairie7l.com\/en\/\"},{\"@type\":\"ListItem\",\"position\":2,\"name\":\"Shop\",\"item\":\"https:\/\/librairie7l.com\/en\/shop\/\"},{\"@type\":\"ListItem\",\"position\":3,\"name\":\"CHARLES ET RAY EAMES\"}]},{\"@type\":\"WebSite\",\"@id\":\"https:\/\/librairie7l.com\/en\/#website\",\"url\":\"https:\/\/librairie7l.com\/en\/\",\"name\":\"Librairie 7L\",\"description\":\"Librairie fond\u00e9e en 1999 par Karl Lagerfeld \u00e0 Paris\",\"publisher\":{\"@id\":\"https:\/\/librairie7l.com\/en\/#organization\"},\"potentialAction\":[{\"@type\":\"SearchAction\",\"target\":{\"@type\":\"EntryPoint\",\"urlTemplate\":\"https:\/\/librairie7l.com\/en\/?s={search_term_string}\"},\"query-input\":\"required name=search_term_string\"}],\"inLanguage\":\"en-US\"},{\"@type\":\"Organization\",\"@id\":\"https:\/\/librairie7l.com\/en\/#organization\",\"name\":\"Librairie 7L\",\"url\":\"https:\/\/librairie7l.com\/en\/\",\"logo\":{\"@type\":\"ImageObject\",\"inLanguage\":\"en-US\",\"@id\":\"https:\/\/librairie7l.com\/en\/#\/schema\/logo\/image\/\",\"url\":\"https:\/\/librairie7l.com\/wp-content\/uploads\/2022\/08\/logo-1.png\",\"contentUrl\":\"https:\/\/librairie7l.com\/wp-content\/uploads\/2022\/08\/logo-1.png\",\"width\":227,\"height\":301,\"caption\":\"Librairie 7L\"},\"image\":{\"@id\":\"https:\/\/librairie7l.com\/en\/#\/schema\/logo\/image\/\"}}]}<\/script>\n<!-- \/ Yoast SEO plugin. -->","yoast_head_json":{"title":"Charles et Ray Eames - Librairie 7L","robots":{"index":"index","follow":"follow","max-snippet":"max-snippet:-1","max-image-preview":"max-image-preview:large","max-video-preview":"max-video-preview:-1"},"canonical":"https:\/\/librairie7l.com\/en\/produit\/charles-et-ray-eames-2\/","og_locale":"en_US","og_type":"article","og_title":"Charles et Ray Eames - Librairie 7L","og_description":"Le couple mythique californien, ic\u00f4ne du design pop. Cr\u00e9ateurs ouverts, curieux et passionn\u00e9s, Charles (1907-1978) et Ray (1912-1988) Eames laissent une oeuvre constitu\u00e9e de plus d&#8217;une centaine de meubles, v\u00e9ritables best-sellers du design dont beaucoup sont toujours \u00e9dit\u00e9s et vendus aujourd&#8217;hui. Communicants de g\u00e9nie, ils ont r\u00e9volutionn\u00e9 les modes d&#8217;exposition en associant les pratiques artistiques [&hellip;]","og_url":"https:\/\/librairie7l.com\/en\/produit\/charles-et-ray-eames-2\/","og_site_name":"Librairie 7L","article_modified_time":"2026-04-17T12:32:44+00:00","og_image":[{"width":600,"height":802,"url":"https:\/\/librairie7l.com\/wp-content\/uploads\/2024\/12\/9791037513816_1_75.jpg","type":"image\/jpeg"}],"twitter_card":"summary_large_image","twitter_misc":{"Est. reading time":"1 minute"},"schema":{"@context":"https:\/\/schema.org","@graph":[{"@type":"WebPage","@id":"https:\/\/librairie7l.com\/en\/produit\/charles-et-ray-eames-2\/","url":"https:\/\/librairie7l.com\/en\/produit\/charles-et-ray-eames-2\/","name":"Charles et Ray Eames - Librairie 7L","isPartOf":{"@id":"https:\/\/librairie7l.com\/en\/#website"},"datePublished":"2025-08-27T08:16:24+00:00","dateModified":"2026-04-17T12:32:44+00:00","breadcrumb":{"@id":"https:\/\/librairie7l.com\/en\/produit\/charles-et-ray-eames-2\/#breadcrumb"},"inLanguage":"en-US","potentialAction":[{"@type":"ReadAction","target":["https:\/\/librairie7l.com\/en\/produit\/charles-et-ray-eames-2\/"]}]},{"@type":"BreadcrumbList","@id":"https:\/\/librairie7l.com\/en\/produit\/charles-et-ray-eames-2\/#breadcrumb","itemListElement":[{"@type":"ListItem","position":1,"name":"Accueil","item":"https:\/\/librairie7l.com\/en\/"},{"@type":"ListItem","position":2,"name":"Shop","item":"https:\/\/librairie7l.com\/en\/shop\/"},{"@type":"ListItem","position":3,"name":"CHARLES ET RAY EAMES"}]},{"@type":"WebSite","@id":"https:\/\/librairie7l.com\/en\/#website","url":"https:\/\/librairie7l.com\/en\/","name":"Librairie 7L","description":"Librairie fond\u00e9e en 1999 par Karl Lagerfeld \u00e0 Paris","publisher":{"@id":"https:\/\/librairie7l.com\/en\/#organization"},"potentialAction":[{"@type":"SearchAction","target":{"@type":"EntryPoint","urlTemplate":"https:\/\/librairie7l.com\/en\/?s={search_term_string}"},"query-input":"required name=search_term_string"}],"inLanguage":"en-US"},{"@type":"Organization","@id":"https:\/\/librairie7l.com\/en\/#organization","name":"Librairie 7L","url":"https:\/\/librairie7l.com\/en\/","logo":{"@type":"ImageObject","inLanguage":"en-US","@id":"https:\/\/librairie7l.com\/en\/#\/schema\/logo\/image\/","url":"https:\/\/librairie7l.com\/wp-content\/uploads\/2022\/08\/logo-1.png","contentUrl":"https:\/\/librairie7l.com\/wp-content\/uploads\/2022\/08\/logo-1.png","width":227,"height":301,"caption":"Librairie 7L"},"image":{"@id":"https:\/\/librairie7l.com\/en\/#\/schema\/logo\/image\/"}}]}},"_links":{"self":[{"href":"https:\/\/librairie7l.com\/en\/wp-json\/wp\/v2\/product\/50000"}],"collection":[{"href":"https:\/\/librairie7l.com\/en\/wp-json\/wp\/v2\/product"}],"about":[{"href":"https:\/\/librairie7l.com\/en\/wp-json\/wp\/v2\/types\/product"}],"wp:featuredmedia":[{"embeddable":true,"href":"https:\/\/librairie7l.com\/en\/wp-json\/wp\/v2\/media\/49998"}],"wp:attachment":[{"href":"https:\/\/librairie7l.com\/en\/wp-json\/wp\/v2\/media?parent=50000"}],"wp:term":[{"taxonomy":"product_cat","embeddable":true,"href":"https:\/\/librairie7l.com\/en\/wp-json\/wp\/v2\/product_cat?post=50000"},{"taxonomy":"product_tag","embeddable":true,"href":"https:\/\/librairie7l.com\/en\/wp-json\/wp\/v2\/product_tag?post=50000"}],"curies":[{"name":"wp","href":"https:\/\/api.w.org\/{rel}","templated":true}]}}