{"id":50004,"date":"2025-08-27T10:16:26","date_gmt":"2025-08-27T08:16:26","guid":{"rendered":"https:\/\/librairie7l.com\/?post_type=product&#038;p=50004"},"modified":"2026-04-17T14:31:13","modified_gmt":"2026-04-17T12:31:13","slug":"eileen-gray-2","status":"publish","type":"product","link":"https:\/\/librairie7l.com\/en\/produit\/eileen-gray-2\/","title":{"rendered":"EILEEN GRAY"},"content":{"rendered":"<p>Une cre\u00b4atrice avant-gardiste et atypique.<br \/>\nDiscr\u00e8te aventuri\u00e8re, \u00e0 la fois curieuse et solitaire, aussi d\u00e9termin\u00e9e qu&#8217;insaisissable, Eileen Gray (1878-1976) a profond\u00e9ment marqu\u00e9 de son avant-gardisme l&#8217;histoire de l&#8217;Art d\u00e9co et de la modernit\u00e9. Tout \u00e0 la fois peintre, designer, architecte et photographe, la cr\u00e9atrice irlandaise install\u00e9e \u00e0 Paris se distingue des artistes de son temps par son ind\u00e9pendance d&#8217;esprit, son audace et sa libert\u00e9. De ses paravents en laque \u00e0 ses meubles en tube de m\u00e9tal, elle ne cesse d&#8217;innover, se jouant des fronti\u00e8res entre l&#8217;art et le design. Charg\u00e9es d&#8217;\u00e9motion et de po\u00e9sie, ses oeuvres inspirent aujourd&#8217;hui les plus grands cr\u00e9ateurs. Sa villa E-1027, construite en 1926 \u00e0 Roquebrune-Cap-Martin, est consid\u00e9r\u00e9e comme l&#8217;un des plus brillants chefs-d&#8217;oeuvre de l&#8217;architecture du XXe si\u00e8cle.<\/p>\n","protected":false},"excerpt":{"rendered":"<p>Une cre\u00b4atrice avant-gardiste et atypique. Discr\u00e8te aventuri\u00e8re, \u00e0 la fois curieuse et solitaire, aussi d\u00e9termin\u00e9e qu&#8217;insaisissable, Eileen Gray (1878-1976) a profond\u00e9ment marqu\u00e9 de son avant-gardisme l&#8217;histoire de l&#8217;Art d\u00e9co et de la modernit\u00e9. Tout \u00e0 la fois peintre, designer, architecte et photographe, la cr\u00e9atrice irlandaise install\u00e9e \u00e0 Paris se distingue des artistes de son temps [&hellip;]<\/p>\n","protected":false},"featured_media":50002,"template":"","meta":[],"product_cat":[2948,2952],"product_tag":[],"acf":[],"yoast_head":"<!-- This site is optimized with the Yoast SEO plugin v20.11 - https:\/\/yoast.com\/wordpress\/plugins\/seo\/ -->\n<title>Eileen Gray - Librairie 7L<\/title>\n<meta name=\"robots\" content=\"index, follow, max-snippet:-1, max-image-preview:large, max-video-preview:-1\" \/>\n<link rel=\"canonical\" href=\"https:\/\/librairie7l.com\/en\/produit\/eileen-gray-2\/\" \/>\n<meta property=\"og:locale\" content=\"en_US\" \/>\n<meta property=\"og:type\" content=\"article\" \/>\n<meta property=\"og:title\" content=\"Eileen Gray - Librairie 7L\" \/>\n<meta property=\"og:description\" content=\"Une cre\u00b4atrice avant-gardiste et atypique. Discr\u00e8te aventuri\u00e8re, \u00e0 la fois curieuse et solitaire, aussi d\u00e9termin\u00e9e qu&#8217;insaisissable, Eileen Gray (1878-1976) a profond\u00e9ment marqu\u00e9 de son avant-gardisme l&#8217;histoire de l&#8217;Art d\u00e9co et de la modernit\u00e9. Tout \u00e0 la fois peintre, designer, architecte et photographe, la cr\u00e9atrice irlandaise install\u00e9e \u00e0 Paris se distingue des artistes de son temps [&hellip;]\" \/>\n<meta property=\"og:url\" content=\"https:\/\/librairie7l.com\/en\/produit\/eileen-gray-2\/\" \/>\n<meta property=\"og:site_name\" content=\"Librairie 7L\" \/>\n<meta property=\"article:modified_time\" content=\"2026-04-17T12:31:13+00:00\" \/>\n<meta property=\"og:image\" content=\"https:\/\/librairie7l.com\/wp-content\/uploads\/2024\/12\/9791037513809_1_75.jpg\" \/>\n\t<meta property=\"og:image:width\" content=\"600\" \/>\n\t<meta property=\"og:image:height\" content=\"802\" \/>\n\t<meta property=\"og:image:type\" content=\"image\/jpeg\" \/>\n<meta name=\"twitter:card\" content=\"summary_large_image\" \/>\n<meta name=\"twitter:label1\" content=\"Est. reading time\" \/>\n\t<meta name=\"twitter:data1\" content=\"1 minute\" \/>\n<script type=\"application\/ld+json\" class=\"yoast-schema-graph\">{\"@context\":\"https:\/\/schema.org\",\"@graph\":[{\"@type\":\"WebPage\",\"@id\":\"https:\/\/librairie7l.com\/en\/produit\/eileen-gray-2\/\",\"url\":\"https:\/\/librairie7l.com\/en\/produit\/eileen-gray-2\/\",\"name\":\"Eileen Gray - Librairie 7L\",\"isPartOf\":{\"@id\":\"https:\/\/librairie7l.com\/en\/#website\"},\"datePublished\":\"2025-08-27T08:16:26+00:00\",\"dateModified\":\"2026-04-17T12:31:13+00:00\",\"breadcrumb\":{\"@id\":\"https:\/\/librairie7l.com\/en\/produit\/eileen-gray-2\/#breadcrumb\"},\"inLanguage\":\"en-US\",\"potentialAction\":[{\"@type\":\"ReadAction\",\"target\":[\"https:\/\/librairie7l.com\/en\/produit\/eileen-gray-2\/\"]}]},{\"@type\":\"BreadcrumbList\",\"@id\":\"https:\/\/librairie7l.com\/en\/produit\/eileen-gray-2\/#breadcrumb\",\"itemListElement\":[{\"@type\":\"ListItem\",\"position\":1,\"name\":\"Accueil\",\"item\":\"https:\/\/librairie7l.com\/en\/\"},{\"@type\":\"ListItem\",\"position\":2,\"name\":\"Shop\",\"item\":\"https:\/\/librairie7l.com\/en\/shop\/\"},{\"@type\":\"ListItem\",\"position\":3,\"name\":\"EILEEN GRAY\"}]},{\"@type\":\"WebSite\",\"@id\":\"https:\/\/librairie7l.com\/en\/#website\",\"url\":\"https:\/\/librairie7l.com\/en\/\",\"name\":\"Librairie 7L\",\"description\":\"Librairie fond\u00e9e en 1999 par Karl Lagerfeld \u00e0 Paris\",\"publisher\":{\"@id\":\"https:\/\/librairie7l.com\/en\/#organization\"},\"potentialAction\":[{\"@type\":\"SearchAction\",\"target\":{\"@type\":\"EntryPoint\",\"urlTemplate\":\"https:\/\/librairie7l.com\/en\/?s={search_term_string}\"},\"query-input\":\"required name=search_term_string\"}],\"inLanguage\":\"en-US\"},{\"@type\":\"Organization\",\"@id\":\"https:\/\/librairie7l.com\/en\/#organization\",\"name\":\"Librairie 7L\",\"url\":\"https:\/\/librairie7l.com\/en\/\",\"logo\":{\"@type\":\"ImageObject\",\"inLanguage\":\"en-US\",\"@id\":\"https:\/\/librairie7l.com\/en\/#\/schema\/logo\/image\/\",\"url\":\"https:\/\/librairie7l.com\/wp-content\/uploads\/2022\/08\/logo-1.png\",\"contentUrl\":\"https:\/\/librairie7l.com\/wp-content\/uploads\/2022\/08\/logo-1.png\",\"width\":227,\"height\":301,\"caption\":\"Librairie 7L\"},\"image\":{\"@id\":\"https:\/\/librairie7l.com\/en\/#\/schema\/logo\/image\/\"}}]}<\/script>\n<!-- \/ Yoast SEO plugin. -->","yoast_head_json":{"title":"Eileen Gray - Librairie 7L","robots":{"index":"index","follow":"follow","max-snippet":"max-snippet:-1","max-image-preview":"max-image-preview:large","max-video-preview":"max-video-preview:-1"},"canonical":"https:\/\/librairie7l.com\/en\/produit\/eileen-gray-2\/","og_locale":"en_US","og_type":"article","og_title":"Eileen Gray - Librairie 7L","og_description":"Une cre\u00b4atrice avant-gardiste et atypique. Discr\u00e8te aventuri\u00e8re, \u00e0 la fois curieuse et solitaire, aussi d\u00e9termin\u00e9e qu&#8217;insaisissable, Eileen Gray (1878-1976) a profond\u00e9ment marqu\u00e9 de son avant-gardisme l&#8217;histoire de l&#8217;Art d\u00e9co et de la modernit\u00e9. Tout \u00e0 la fois peintre, designer, architecte et photographe, la cr\u00e9atrice irlandaise install\u00e9e \u00e0 Paris se distingue des artistes de son temps [&hellip;]","og_url":"https:\/\/librairie7l.com\/en\/produit\/eileen-gray-2\/","og_site_name":"Librairie 7L","article_modified_time":"2026-04-17T12:31:13+00:00","og_image":[{"width":600,"height":802,"url":"https:\/\/librairie7l.com\/wp-content\/uploads\/2024\/12\/9791037513809_1_75.jpg","type":"image\/jpeg"}],"twitter_card":"summary_large_image","twitter_misc":{"Est. reading time":"1 minute"},"schema":{"@context":"https:\/\/schema.org","@graph":[{"@type":"WebPage","@id":"https:\/\/librairie7l.com\/en\/produit\/eileen-gray-2\/","url":"https:\/\/librairie7l.com\/en\/produit\/eileen-gray-2\/","name":"Eileen Gray - Librairie 7L","isPartOf":{"@id":"https:\/\/librairie7l.com\/en\/#website"},"datePublished":"2025-08-27T08:16:26+00:00","dateModified":"2026-04-17T12:31:13+00:00","breadcrumb":{"@id":"https:\/\/librairie7l.com\/en\/produit\/eileen-gray-2\/#breadcrumb"},"inLanguage":"en-US","potentialAction":[{"@type":"ReadAction","target":["https:\/\/librairie7l.com\/en\/produit\/eileen-gray-2\/"]}]},{"@type":"BreadcrumbList","@id":"https:\/\/librairie7l.com\/en\/produit\/eileen-gray-2\/#breadcrumb","itemListElement":[{"@type":"ListItem","position":1,"name":"Accueil","item":"https:\/\/librairie7l.com\/en\/"},{"@type":"ListItem","position":2,"name":"Shop","item":"https:\/\/librairie7l.com\/en\/shop\/"},{"@type":"ListItem","position":3,"name":"EILEEN GRAY"}]},{"@type":"WebSite","@id":"https:\/\/librairie7l.com\/en\/#website","url":"https:\/\/librairie7l.com\/en\/","name":"Librairie 7L","description":"Librairie fond\u00e9e en 1999 par Karl Lagerfeld \u00e0 Paris","publisher":{"@id":"https:\/\/librairie7l.com\/en\/#organization"},"potentialAction":[{"@type":"SearchAction","target":{"@type":"EntryPoint","urlTemplate":"https:\/\/librairie7l.com\/en\/?s={search_term_string}"},"query-input":"required name=search_term_string"}],"inLanguage":"en-US"},{"@type":"Organization","@id":"https:\/\/librairie7l.com\/en\/#organization","name":"Librairie 7L","url":"https:\/\/librairie7l.com\/en\/","logo":{"@type":"ImageObject","inLanguage":"en-US","@id":"https:\/\/librairie7l.com\/en\/#\/schema\/logo\/image\/","url":"https:\/\/librairie7l.com\/wp-content\/uploads\/2022\/08\/logo-1.png","contentUrl":"https:\/\/librairie7l.com\/wp-content\/uploads\/2022\/08\/logo-1.png","width":227,"height":301,"caption":"Librairie 7L"},"image":{"@id":"https:\/\/librairie7l.com\/en\/#\/schema\/logo\/image\/"}}]}},"_links":{"self":[{"href":"https:\/\/librairie7l.com\/en\/wp-json\/wp\/v2\/product\/50004"}],"collection":[{"href":"https:\/\/librairie7l.com\/en\/wp-json\/wp\/v2\/product"}],"about":[{"href":"https:\/\/librairie7l.com\/en\/wp-json\/wp\/v2\/types\/product"}],"wp:featuredmedia":[{"embeddable":true,"href":"https:\/\/librairie7l.com\/en\/wp-json\/wp\/v2\/media\/50002"}],"wp:attachment":[{"href":"https:\/\/librairie7l.com\/en\/wp-json\/wp\/v2\/media?parent=50004"}],"wp:term":[{"taxonomy":"product_cat","embeddable":true,"href":"https:\/\/librairie7l.com\/en\/wp-json\/wp\/v2\/product_cat?post=50004"},{"taxonomy":"product_tag","embeddable":true,"href":"https:\/\/librairie7l.com\/en\/wp-json\/wp\/v2\/product_tag?post=50004"}],"curies":[{"name":"wp","href":"https:\/\/api.w.org\/{rel}","templated":true}]}}