{"id":50008,"date":"2025-08-27T10:16:28","date_gmt":"2025-08-27T08:16:28","guid":{"rendered":"https:\/\/librairie7l.com\/?post_type=product&#038;p=50008"},"modified":"2026-04-04T22:43:35","modified_gmt":"2026-04-04T20:43:35","slug":"eileen-gray-le-corbusier-villa-e-1027123-2","status":"publish","type":"product","link":"https:\/\/librairie7l.com\/en\/produit\/eileen-gray-le-corbusier-villa-e-1027123-2\/","title":{"rendered":"EILEEN GRAY \/ LE CORBUSIER VILLA E-1027+123"},"content":{"rendered":"<p>Publi\u00e9 \u00e0 l&#8217;occasion de l&#8217;exposition de la s\u00e9rie &#8221; E-1027 + 123 &#8221; aux Rencontres d&#8217;Arles 2025, cet ouvrage pr\u00e9sente l&#8217;ensemble de cette s\u00e9rie de grands formats, qui seront accompagn\u00e9s d&#8217;un texte de l&#8217;historienne de l&#8217;art Nathalie Herschdorfer.<br \/>\nDes chantiers de construction de Berlin aux logements b\u00e2tis par Fernand Pouillon dans les ann\u00e9es 1950 \u00e0 Alger, le travail de St\u00e9phane Couturier repense le rapport au m\u00e9dium photographique et \u00e0 son caract\u00e8re pr\u00e9tendument objectif. Par un principe de combinaison de plusieurs clich\u00e9s, l&#8217;artiste propose, avec une grande diversit\u00e9 de formes et de couleurs, de v\u00e9ritables constructions photographiques, proches de l&#8217;abstraction, tout en gardant un fort ancrage documentaire &#8211; cr\u00e9ant ainsi une nouvelle architecture visuelle.<br \/>\nLa s\u00e9rie &#8221; E-1027 + 123 &#8220;, qui prend pour sujet la villa E-1027 con\u00e7ue par Eileen Gray et Jean Badovici dans les ann\u00e9es 1920 &#8211; et sur laquelle, quelques ann\u00e9es plus tard, Le Corbusier viendra apposer ses fresques -, poursuit cette mise \u00e0 l&#8217;\u00e9preuve du m\u00e9dium photographique. En superposant l&#8217;architecture du b\u00e2timent aux fresques peintes,<br \/>\nau mobilier et \u00e0 l&#8217;espace ext\u00e9rieur, St\u00e9phane Couturier<br \/>\ndessine en creux l&#8217;histoire du lieu. \u00c0 travers une trentaine de photographies de grands formats dans lesquelles l&#8217;oeil du spectateur est confront\u00e9 \u00e0 la multitude des d\u00e9tails qui sugg\u00e8rent, sans jamais d\u00e9finir totalement, les contours de la villa, l&#8217;artiste donne \u00e9galement \u00e0 voir la synth\u00e8se des arts qui est en jeu dans cet ensemble architectural.<\/p>\n","protected":false},"excerpt":{"rendered":"<p>Publi\u00e9 \u00e0 l&#8217;occasion de l&#8217;exposition de la s\u00e9rie &#8221; E-1027 + 123 &#8221; aux Rencontres d&#8217;Arles 2025, cet ouvrage pr\u00e9sente l&#8217;ensemble de cette s\u00e9rie de grands formats, qui seront accompagn\u00e9s d&#8217;un texte de l&#8217;historienne de l&#8217;art Nathalie Herschdorfer. Des chantiers de construction de Berlin aux logements b\u00e2tis par Fernand Pouillon dans les ann\u00e9es 1950 \u00e0 [&hellip;]<\/p>\n","protected":false},"featured_media":50006,"template":"","meta":[],"product_cat":[2948,2958],"product_tag":[],"acf":[],"yoast_head":"<!-- This site is optimized with the Yoast SEO plugin v20.11 - https:\/\/yoast.com\/wordpress\/plugins\/seo\/ -->\n<title>Eileen Gray \/ Le Corbusier Villa E-1027+123 - Librairie 7L<\/title>\n<meta name=\"robots\" content=\"index, follow, max-snippet:-1, max-image-preview:large, max-video-preview:-1\" \/>\n<link rel=\"canonical\" href=\"https:\/\/librairie7l.com\/en\/produit\/eileen-gray-le-corbusier-villa-e-1027123-2\/\" \/>\n<meta property=\"og:locale\" content=\"en_US\" \/>\n<meta property=\"og:type\" content=\"article\" \/>\n<meta property=\"og:title\" content=\"Eileen Gray \/ Le Corbusier Villa E-1027+123 - Librairie 7L\" \/>\n<meta property=\"og:description\" content=\"Publi\u00e9 \u00e0 l&#8217;occasion de l&#8217;exposition de la s\u00e9rie &#8221; E-1027 + 123 &#8221; aux Rencontres d&#8217;Arles 2025, cet ouvrage pr\u00e9sente l&#8217;ensemble de cette s\u00e9rie de grands formats, qui seront accompagn\u00e9s d&#8217;un texte de l&#8217;historienne de l&#8217;art Nathalie Herschdorfer. Des chantiers de construction de Berlin aux logements b\u00e2tis par Fernand Pouillon dans les ann\u00e9es 1950 \u00e0 [&hellip;]\" \/>\n<meta property=\"og:url\" content=\"https:\/\/librairie7l.com\/en\/produit\/eileen-gray-le-corbusier-villa-e-1027123-2\/\" \/>\n<meta property=\"og:site_name\" content=\"Librairie 7L\" \/>\n<meta property=\"article:modified_time\" content=\"2026-04-04T20:43:35+00:00\" \/>\n<meta property=\"og:image\" content=\"https:\/\/librairie7l.com\/wp-content\/uploads\/2025\/04\/9782365114493_1_75.jpg\" \/>\n\t<meta property=\"og:image:width\" content=\"600\" \/>\n\t<meta property=\"og:image:height\" content=\"777\" \/>\n\t<meta property=\"og:image:type\" content=\"image\/jpeg\" \/>\n<meta name=\"twitter:card\" content=\"summary_large_image\" \/>\n<meta name=\"twitter:label1\" content=\"Est. reading time\" \/>\n\t<meta name=\"twitter:data1\" content=\"1 minute\" \/>\n<script type=\"application\/ld+json\" class=\"yoast-schema-graph\">{\"@context\":\"https:\/\/schema.org\",\"@graph\":[{\"@type\":\"WebPage\",\"@id\":\"https:\/\/librairie7l.com\/en\/produit\/eileen-gray-le-corbusier-villa-e-1027123-2\/\",\"url\":\"https:\/\/librairie7l.com\/en\/produit\/eileen-gray-le-corbusier-villa-e-1027123-2\/\",\"name\":\"Eileen Gray \/ Le Corbusier Villa E-1027+123 - Librairie 7L\",\"isPartOf\":{\"@id\":\"https:\/\/librairie7l.com\/en\/#website\"},\"datePublished\":\"2025-08-27T08:16:28+00:00\",\"dateModified\":\"2026-04-04T20:43:35+00:00\",\"breadcrumb\":{\"@id\":\"https:\/\/librairie7l.com\/en\/produit\/eileen-gray-le-corbusier-villa-e-1027123-2\/#breadcrumb\"},\"inLanguage\":\"en-US\",\"potentialAction\":[{\"@type\":\"ReadAction\",\"target\":[\"https:\/\/librairie7l.com\/en\/produit\/eileen-gray-le-corbusier-villa-e-1027123-2\/\"]}]},{\"@type\":\"BreadcrumbList\",\"@id\":\"https:\/\/librairie7l.com\/en\/produit\/eileen-gray-le-corbusier-villa-e-1027123-2\/#breadcrumb\",\"itemListElement\":[{\"@type\":\"ListItem\",\"position\":1,\"name\":\"Accueil\",\"item\":\"https:\/\/librairie7l.com\/en\/\"},{\"@type\":\"ListItem\",\"position\":2,\"name\":\"Shop\",\"item\":\"https:\/\/librairie7l.com\/en\/shop\/\"},{\"@type\":\"ListItem\",\"position\":3,\"name\":\"EILEEN GRAY \/ LE CORBUSIER VILLA E-1027+123\"}]},{\"@type\":\"WebSite\",\"@id\":\"https:\/\/librairie7l.com\/en\/#website\",\"url\":\"https:\/\/librairie7l.com\/en\/\",\"name\":\"Librairie 7L\",\"description\":\"Librairie fond\u00e9e en 1999 par Karl Lagerfeld \u00e0 Paris\",\"publisher\":{\"@id\":\"https:\/\/librairie7l.com\/en\/#organization\"},\"potentialAction\":[{\"@type\":\"SearchAction\",\"target\":{\"@type\":\"EntryPoint\",\"urlTemplate\":\"https:\/\/librairie7l.com\/en\/?s={search_term_string}\"},\"query-input\":\"required name=search_term_string\"}],\"inLanguage\":\"en-US\"},{\"@type\":\"Organization\",\"@id\":\"https:\/\/librairie7l.com\/en\/#organization\",\"name\":\"Librairie 7L\",\"url\":\"https:\/\/librairie7l.com\/en\/\",\"logo\":{\"@type\":\"ImageObject\",\"inLanguage\":\"en-US\",\"@id\":\"https:\/\/librairie7l.com\/en\/#\/schema\/logo\/image\/\",\"url\":\"https:\/\/librairie7l.com\/wp-content\/uploads\/2022\/08\/logo-1.png\",\"contentUrl\":\"https:\/\/librairie7l.com\/wp-content\/uploads\/2022\/08\/logo-1.png\",\"width\":227,\"height\":301,\"caption\":\"Librairie 7L\"},\"image\":{\"@id\":\"https:\/\/librairie7l.com\/en\/#\/schema\/logo\/image\/\"}}]}<\/script>\n<!-- \/ Yoast SEO plugin. -->","yoast_head_json":{"title":"Eileen Gray \/ Le Corbusier Villa E-1027+123 - Librairie 7L","robots":{"index":"index","follow":"follow","max-snippet":"max-snippet:-1","max-image-preview":"max-image-preview:large","max-video-preview":"max-video-preview:-1"},"canonical":"https:\/\/librairie7l.com\/en\/produit\/eileen-gray-le-corbusier-villa-e-1027123-2\/","og_locale":"en_US","og_type":"article","og_title":"Eileen Gray \/ Le Corbusier Villa E-1027+123 - Librairie 7L","og_description":"Publi\u00e9 \u00e0 l&#8217;occasion de l&#8217;exposition de la s\u00e9rie &#8221; E-1027 + 123 &#8221; aux Rencontres d&#8217;Arles 2025, cet ouvrage pr\u00e9sente l&#8217;ensemble de cette s\u00e9rie de grands formats, qui seront accompagn\u00e9s d&#8217;un texte de l&#8217;historienne de l&#8217;art Nathalie Herschdorfer. Des chantiers de construction de Berlin aux logements b\u00e2tis par Fernand Pouillon dans les ann\u00e9es 1950 \u00e0 [&hellip;]","og_url":"https:\/\/librairie7l.com\/en\/produit\/eileen-gray-le-corbusier-villa-e-1027123-2\/","og_site_name":"Librairie 7L","article_modified_time":"2026-04-04T20:43:35+00:00","og_image":[{"width":600,"height":777,"url":"https:\/\/librairie7l.com\/wp-content\/uploads\/2025\/04\/9782365114493_1_75.jpg","type":"image\/jpeg"}],"twitter_card":"summary_large_image","twitter_misc":{"Est. reading time":"1 minute"},"schema":{"@context":"https:\/\/schema.org","@graph":[{"@type":"WebPage","@id":"https:\/\/librairie7l.com\/en\/produit\/eileen-gray-le-corbusier-villa-e-1027123-2\/","url":"https:\/\/librairie7l.com\/en\/produit\/eileen-gray-le-corbusier-villa-e-1027123-2\/","name":"Eileen Gray \/ Le Corbusier Villa E-1027+123 - Librairie 7L","isPartOf":{"@id":"https:\/\/librairie7l.com\/en\/#website"},"datePublished":"2025-08-27T08:16:28+00:00","dateModified":"2026-04-04T20:43:35+00:00","breadcrumb":{"@id":"https:\/\/librairie7l.com\/en\/produit\/eileen-gray-le-corbusier-villa-e-1027123-2\/#breadcrumb"},"inLanguage":"en-US","potentialAction":[{"@type":"ReadAction","target":["https:\/\/librairie7l.com\/en\/produit\/eileen-gray-le-corbusier-villa-e-1027123-2\/"]}]},{"@type":"BreadcrumbList","@id":"https:\/\/librairie7l.com\/en\/produit\/eileen-gray-le-corbusier-villa-e-1027123-2\/#breadcrumb","itemListElement":[{"@type":"ListItem","position":1,"name":"Accueil","item":"https:\/\/librairie7l.com\/en\/"},{"@type":"ListItem","position":2,"name":"Shop","item":"https:\/\/librairie7l.com\/en\/shop\/"},{"@type":"ListItem","position":3,"name":"EILEEN GRAY \/ LE CORBUSIER VILLA E-1027+123"}]},{"@type":"WebSite","@id":"https:\/\/librairie7l.com\/en\/#website","url":"https:\/\/librairie7l.com\/en\/","name":"Librairie 7L","description":"Librairie fond\u00e9e en 1999 par Karl Lagerfeld \u00e0 Paris","publisher":{"@id":"https:\/\/librairie7l.com\/en\/#organization"},"potentialAction":[{"@type":"SearchAction","target":{"@type":"EntryPoint","urlTemplate":"https:\/\/librairie7l.com\/en\/?s={search_term_string}"},"query-input":"required name=search_term_string"}],"inLanguage":"en-US"},{"@type":"Organization","@id":"https:\/\/librairie7l.com\/en\/#organization","name":"Librairie 7L","url":"https:\/\/librairie7l.com\/en\/","logo":{"@type":"ImageObject","inLanguage":"en-US","@id":"https:\/\/librairie7l.com\/en\/#\/schema\/logo\/image\/","url":"https:\/\/librairie7l.com\/wp-content\/uploads\/2022\/08\/logo-1.png","contentUrl":"https:\/\/librairie7l.com\/wp-content\/uploads\/2022\/08\/logo-1.png","width":227,"height":301,"caption":"Librairie 7L"},"image":{"@id":"https:\/\/librairie7l.com\/en\/#\/schema\/logo\/image\/"}}]}},"_links":{"self":[{"href":"https:\/\/librairie7l.com\/en\/wp-json\/wp\/v2\/product\/50008"}],"collection":[{"href":"https:\/\/librairie7l.com\/en\/wp-json\/wp\/v2\/product"}],"about":[{"href":"https:\/\/librairie7l.com\/en\/wp-json\/wp\/v2\/types\/product"}],"wp:featuredmedia":[{"embeddable":true,"href":"https:\/\/librairie7l.com\/en\/wp-json\/wp\/v2\/media\/50006"}],"wp:attachment":[{"href":"https:\/\/librairie7l.com\/en\/wp-json\/wp\/v2\/media?parent=50008"}],"wp:term":[{"taxonomy":"product_cat","embeddable":true,"href":"https:\/\/librairie7l.com\/en\/wp-json\/wp\/v2\/product_cat?post=50008"},{"taxonomy":"product_tag","embeddable":true,"href":"https:\/\/librairie7l.com\/en\/wp-json\/wp\/v2\/product_tag?post=50008"}],"curies":[{"name":"wp","href":"https:\/\/api.w.org\/{rel}","templated":true}]}}