{"id":50012,"date":"2025-08-27T10:16:30","date_gmt":"2025-08-27T08:16:30","guid":{"rendered":"https:\/\/librairie7l.com\/?post_type=product&#038;p=50012"},"modified":"2026-04-05T14:53:36","modified_gmt":"2026-04-05T12:53:36","slug":"archilab-dialogue-entre-lespace-et-le-temps-2","status":"publish","type":"product","link":"https:\/\/librairie7l.com\/en\/produit\/archilab-dialogue-entre-lespace-et-le-temps-2\/","title":{"rendered":"ARCHILAB : DIALOGUE ENTRE L&#8217;ESPACE ET LE TEMPS"},"content":{"rendered":"<p>Archilab, acteur majeur de l&#8217;architecture suisse et internationale, s&#8217;impose par ses projets embl\u00e9matiques et sa qu\u00eate constante d&#8217;innovation, alliant sensibilit\u00e9 historique et durabilit\u00e9 pour r\u00e9pondre aux exigences croissantes d&#8217;une client\u00e8le mondiale.<br \/>\nApr\u00e8s trente-cinq ann\u00e9es d&#8217;excellence, Archilab et ses trente collaborateurs jouissent aujourd&#8217;hui d&#8217;une renomm\u00e9e internationale. Principalement implant\u00e9 en Suisse, ce bureau d&#8217;architecture et d&#8217;urbanisme a sign\u00e9 des projets embl\u00e9matiques tels que le si\u00e8ge de MSC \u00e0 Gen\u00e8ve, la Fondation Martin Bodmer \u00e0 Cologny, le mus\u00e9e de la photographie \u00c9lys\u00e9e \u00e0 Lausanne, le futur mus\u00e9e de l&#8217;automobile \u00e0 Pregny, ou encore le nouveau centre de recherches m\u00e9dicales \u00e0 Genolier. Archilab est \u00e9galement reconnu pour ses nombreuses r\u00e9alisations de b\u00e2timents r\u00e9sidentiels et de villas individuelles, souvent prim\u00e9es et salu\u00e9es par la presse sp\u00e9cialis\u00e9e.<br \/>\nAu-del\u00e0 des fronti\u00e8res suisses, Archilab a \u00e9tendu son expertise avec des projets comme la Swiss International School \u00e0 Dubai&#776;, la Clinique La Prairie \u00e0 Doha, des centres commerciaux en Mauritanie et au Danemark, ainsi que de b\u00e2timents r\u00e9sidentiels en France et en Italie.<br \/>\n&#8203;<br \/>\nCe livre c\u00e9l\u00e8bre le travail d&#8217;une \u00e9quipe qui, tel un laboratoire, innove sans cesse pour une client\u00e8le exigeante, tout en int\u00e9grant les enjeux cruciaux de sensibilit\u00e9 historique et de durabilit\u00e9.<\/p>\n","protected":false},"excerpt":{"rendered":"<p>Archilab, acteur majeur de l&#8217;architecture suisse et internationale, s&#8217;impose par ses projets embl\u00e9matiques et sa qu\u00eate constante d&#8217;innovation, alliant sensibilit\u00e9 historique et durabilit\u00e9 pour r\u00e9pondre aux exigences croissantes d&#8217;une client\u00e8le mondiale. Apr\u00e8s trente-cinq ann\u00e9es d&#8217;excellence, Archilab et ses trente collaborateurs jouissent aujourd&#8217;hui d&#8217;une renomm\u00e9e internationale. Principalement implant\u00e9 en Suisse, ce bureau d&#8217;architecture et d&#8217;urbanisme a [&hellip;]<\/p>\n","protected":false},"featured_media":50010,"template":"","meta":[],"product_cat":[2948,2950],"product_tag":[],"acf":[],"yoast_head":"<!-- This site is optimized with the Yoast SEO plugin v20.11 - https:\/\/yoast.com\/wordpress\/plugins\/seo\/ -->\n<title>Archilab : Dialogue entre l&#039;espace et le temps - Librairie 7L<\/title>\n<meta name=\"robots\" content=\"index, follow, max-snippet:-1, max-image-preview:large, max-video-preview:-1\" \/>\n<link rel=\"canonical\" href=\"https:\/\/librairie7l.com\/en\/produit\/archilab-dialogue-entre-lespace-et-le-temps-2\/\" \/>\n<meta property=\"og:locale\" content=\"en_US\" \/>\n<meta property=\"og:type\" content=\"article\" \/>\n<meta property=\"og:title\" content=\"Archilab : Dialogue entre l&#039;espace et le temps - Librairie 7L\" \/>\n<meta property=\"og:description\" content=\"Archilab, acteur majeur de l&#8217;architecture suisse et internationale, s&#8217;impose par ses projets embl\u00e9matiques et sa qu\u00eate constante d&#8217;innovation, alliant sensibilit\u00e9 historique et durabilit\u00e9 pour r\u00e9pondre aux exigences croissantes d&#8217;une client\u00e8le mondiale. Apr\u00e8s trente-cinq ann\u00e9es d&#8217;excellence, Archilab et ses trente collaborateurs jouissent aujourd&#8217;hui d&#8217;une renomm\u00e9e internationale. Principalement implant\u00e9 en Suisse, ce bureau d&#8217;architecture et d&#8217;urbanisme a [&hellip;]\" \/>\n<meta property=\"og:url\" content=\"https:\/\/librairie7l.com\/en\/produit\/archilab-dialogue-entre-lespace-et-le-temps-2\/\" \/>\n<meta property=\"og:site_name\" content=\"Librairie 7L\" \/>\n<meta property=\"article:modified_time\" content=\"2026-04-05T12:53:36+00:00\" \/>\n<meta property=\"og:image\" content=\"https:\/\/librairie7l.com\/wp-content\/uploads\/2025\/03\/9782884746991_1_75.jpg\" \/>\n\t<meta property=\"og:image:width\" content=\"400\" \/>\n\t<meta property=\"og:image:height\" content=\"366\" \/>\n\t<meta property=\"og:image:type\" content=\"image\/jpeg\" \/>\n<meta name=\"twitter:card\" content=\"summary_large_image\" \/>\n<meta name=\"twitter:label1\" content=\"Est. reading time\" \/>\n\t<meta name=\"twitter:data1\" content=\"1 minute\" \/>\n<script type=\"application\/ld+json\" class=\"yoast-schema-graph\">{\"@context\":\"https:\/\/schema.org\",\"@graph\":[{\"@type\":\"WebPage\",\"@id\":\"https:\/\/librairie7l.com\/en\/produit\/archilab-dialogue-entre-lespace-et-le-temps-2\/\",\"url\":\"https:\/\/librairie7l.com\/en\/produit\/archilab-dialogue-entre-lespace-et-le-temps-2\/\",\"name\":\"Archilab : Dialogue entre l'espace et le temps - Librairie 7L\",\"isPartOf\":{\"@id\":\"https:\/\/librairie7l.com\/en\/#website\"},\"datePublished\":\"2025-08-27T08:16:30+00:00\",\"dateModified\":\"2026-04-05T12:53:36+00:00\",\"breadcrumb\":{\"@id\":\"https:\/\/librairie7l.com\/en\/produit\/archilab-dialogue-entre-lespace-et-le-temps-2\/#breadcrumb\"},\"inLanguage\":\"en-US\",\"potentialAction\":[{\"@type\":\"ReadAction\",\"target\":[\"https:\/\/librairie7l.com\/en\/produit\/archilab-dialogue-entre-lespace-et-le-temps-2\/\"]}]},{\"@type\":\"BreadcrumbList\",\"@id\":\"https:\/\/librairie7l.com\/en\/produit\/archilab-dialogue-entre-lespace-et-le-temps-2\/#breadcrumb\",\"itemListElement\":[{\"@type\":\"ListItem\",\"position\":1,\"name\":\"Accueil\",\"item\":\"https:\/\/librairie7l.com\/en\/\"},{\"@type\":\"ListItem\",\"position\":2,\"name\":\"Shop\",\"item\":\"https:\/\/librairie7l.com\/en\/shop\/\"},{\"@type\":\"ListItem\",\"position\":3,\"name\":\"ARCHILAB : DIALOGUE ENTRE L&#8217;ESPACE ET LE TEMPS\"}]},{\"@type\":\"WebSite\",\"@id\":\"https:\/\/librairie7l.com\/en\/#website\",\"url\":\"https:\/\/librairie7l.com\/en\/\",\"name\":\"Librairie 7L\",\"description\":\"Librairie fond\u00e9e en 1999 par Karl Lagerfeld \u00e0 Paris\",\"publisher\":{\"@id\":\"https:\/\/librairie7l.com\/en\/#organization\"},\"potentialAction\":[{\"@type\":\"SearchAction\",\"target\":{\"@type\":\"EntryPoint\",\"urlTemplate\":\"https:\/\/librairie7l.com\/en\/?s={search_term_string}\"},\"query-input\":\"required name=search_term_string\"}],\"inLanguage\":\"en-US\"},{\"@type\":\"Organization\",\"@id\":\"https:\/\/librairie7l.com\/en\/#organization\",\"name\":\"Librairie 7L\",\"url\":\"https:\/\/librairie7l.com\/en\/\",\"logo\":{\"@type\":\"ImageObject\",\"inLanguage\":\"en-US\",\"@id\":\"https:\/\/librairie7l.com\/en\/#\/schema\/logo\/image\/\",\"url\":\"https:\/\/librairie7l.com\/wp-content\/uploads\/2022\/08\/logo-1.png\",\"contentUrl\":\"https:\/\/librairie7l.com\/wp-content\/uploads\/2022\/08\/logo-1.png\",\"width\":227,\"height\":301,\"caption\":\"Librairie 7L\"},\"image\":{\"@id\":\"https:\/\/librairie7l.com\/en\/#\/schema\/logo\/image\/\"}}]}<\/script>\n<!-- \/ Yoast SEO plugin. -->","yoast_head_json":{"title":"Archilab : Dialogue entre l'espace et le temps - Librairie 7L","robots":{"index":"index","follow":"follow","max-snippet":"max-snippet:-1","max-image-preview":"max-image-preview:large","max-video-preview":"max-video-preview:-1"},"canonical":"https:\/\/librairie7l.com\/en\/produit\/archilab-dialogue-entre-lespace-et-le-temps-2\/","og_locale":"en_US","og_type":"article","og_title":"Archilab : Dialogue entre l'espace et le temps - Librairie 7L","og_description":"Archilab, acteur majeur de l&#8217;architecture suisse et internationale, s&#8217;impose par ses projets embl\u00e9matiques et sa qu\u00eate constante d&#8217;innovation, alliant sensibilit\u00e9 historique et durabilit\u00e9 pour r\u00e9pondre aux exigences croissantes d&#8217;une client\u00e8le mondiale. Apr\u00e8s trente-cinq ann\u00e9es d&#8217;excellence, Archilab et ses trente collaborateurs jouissent aujourd&#8217;hui d&#8217;une renomm\u00e9e internationale. Principalement implant\u00e9 en Suisse, ce bureau d&#8217;architecture et d&#8217;urbanisme a [&hellip;]","og_url":"https:\/\/librairie7l.com\/en\/produit\/archilab-dialogue-entre-lespace-et-le-temps-2\/","og_site_name":"Librairie 7L","article_modified_time":"2026-04-05T12:53:36+00:00","og_image":[{"width":400,"height":366,"url":"https:\/\/librairie7l.com\/wp-content\/uploads\/2025\/03\/9782884746991_1_75.jpg","type":"image\/jpeg"}],"twitter_card":"summary_large_image","twitter_misc":{"Est. reading time":"1 minute"},"schema":{"@context":"https:\/\/schema.org","@graph":[{"@type":"WebPage","@id":"https:\/\/librairie7l.com\/en\/produit\/archilab-dialogue-entre-lespace-et-le-temps-2\/","url":"https:\/\/librairie7l.com\/en\/produit\/archilab-dialogue-entre-lespace-et-le-temps-2\/","name":"Archilab : Dialogue entre l'espace et le temps - Librairie 7L","isPartOf":{"@id":"https:\/\/librairie7l.com\/en\/#website"},"datePublished":"2025-08-27T08:16:30+00:00","dateModified":"2026-04-05T12:53:36+00:00","breadcrumb":{"@id":"https:\/\/librairie7l.com\/en\/produit\/archilab-dialogue-entre-lespace-et-le-temps-2\/#breadcrumb"},"inLanguage":"en-US","potentialAction":[{"@type":"ReadAction","target":["https:\/\/librairie7l.com\/en\/produit\/archilab-dialogue-entre-lespace-et-le-temps-2\/"]}]},{"@type":"BreadcrumbList","@id":"https:\/\/librairie7l.com\/en\/produit\/archilab-dialogue-entre-lespace-et-le-temps-2\/#breadcrumb","itemListElement":[{"@type":"ListItem","position":1,"name":"Accueil","item":"https:\/\/librairie7l.com\/en\/"},{"@type":"ListItem","position":2,"name":"Shop","item":"https:\/\/librairie7l.com\/en\/shop\/"},{"@type":"ListItem","position":3,"name":"ARCHILAB : DIALOGUE ENTRE L&#8217;ESPACE ET LE TEMPS"}]},{"@type":"WebSite","@id":"https:\/\/librairie7l.com\/en\/#website","url":"https:\/\/librairie7l.com\/en\/","name":"Librairie 7L","description":"Librairie fond\u00e9e en 1999 par Karl Lagerfeld \u00e0 Paris","publisher":{"@id":"https:\/\/librairie7l.com\/en\/#organization"},"potentialAction":[{"@type":"SearchAction","target":{"@type":"EntryPoint","urlTemplate":"https:\/\/librairie7l.com\/en\/?s={search_term_string}"},"query-input":"required name=search_term_string"}],"inLanguage":"en-US"},{"@type":"Organization","@id":"https:\/\/librairie7l.com\/en\/#organization","name":"Librairie 7L","url":"https:\/\/librairie7l.com\/en\/","logo":{"@type":"ImageObject","inLanguage":"en-US","@id":"https:\/\/librairie7l.com\/en\/#\/schema\/logo\/image\/","url":"https:\/\/librairie7l.com\/wp-content\/uploads\/2022\/08\/logo-1.png","contentUrl":"https:\/\/librairie7l.com\/wp-content\/uploads\/2022\/08\/logo-1.png","width":227,"height":301,"caption":"Librairie 7L"},"image":{"@id":"https:\/\/librairie7l.com\/en\/#\/schema\/logo\/image\/"}}]}},"_links":{"self":[{"href":"https:\/\/librairie7l.com\/en\/wp-json\/wp\/v2\/product\/50012"}],"collection":[{"href":"https:\/\/librairie7l.com\/en\/wp-json\/wp\/v2\/product"}],"about":[{"href":"https:\/\/librairie7l.com\/en\/wp-json\/wp\/v2\/types\/product"}],"wp:featuredmedia":[{"embeddable":true,"href":"https:\/\/librairie7l.com\/en\/wp-json\/wp\/v2\/media\/50010"}],"wp:attachment":[{"href":"https:\/\/librairie7l.com\/en\/wp-json\/wp\/v2\/media?parent=50012"}],"wp:term":[{"taxonomy":"product_cat","embeddable":true,"href":"https:\/\/librairie7l.com\/en\/wp-json\/wp\/v2\/product_cat?post=50012"},{"taxonomy":"product_tag","embeddable":true,"href":"https:\/\/librairie7l.com\/en\/wp-json\/wp\/v2\/product_tag?post=50012"}],"curies":[{"name":"wp","href":"https:\/\/api.w.org\/{rel}","templated":true}]}}