{"id":50082,"date":"2025-08-29T09:17:52","date_gmt":"2025-08-29T07:17:52","guid":{"rendered":"https:\/\/librairie7l.com\/?post_type=product&#038;p=50082"},"modified":"2026-05-08T05:39:19","modified_gmt":"2026-05-08T03:39:19","slug":"orizzonti-rosso-2","status":"publish","type":"product","link":"https:\/\/librairie7l.com\/en\/produit\/orizzonti-rosso-2\/","title":{"rendered":"ORIZZONTI ROSSO !"},"content":{"rendered":"<p>\u00c0 partir des ann\u00e9es 50, Valentino Garavani commence \u00e0 cr\u00e9er des v\u00eatements rouges qui r\u00e9alisent, par l&#8217;identification d&#8217;une couleur \u00e0 sa forme, la vitalit\u00e9 dynamique du nouveau monde, en renouvelant l&#8217;\u00e9l\u00e9gance et l&#8217;aisance : ses cr\u00e9ations en rouge sont, par leur \u00e9vidence synth\u00e9tique, individuelle et sociale, des signaux-guides qui connotent le tournant de l&#8217;histoire et lui donnent une lisibilit\u00e9 d&#8217;\u00e9poque : c&#8217;est ce qu&#8217;on appelle le style, une m\u00e9thode subtile et rayonnante pour marquer le temps historique.  Cette exposition, qui inaugure la Fondation Valentino Garavani et Giancarlo Giammetti dans le nouveau b\u00e2timent de la tr\u00e8s centrale Piazza Mignanelli \u00e0 Rome, et son pr\u00e9cieux catalogue suivent la ph\u00e9nom\u00e9nologie du rouge dans la peinture et, simultan\u00e9ment, les rouges de Valentino : un certain rouge qui devient indiscernable de ses formes, au point d&#8217;affirmer le terme \u00ab rouge Valentino \u00bb au-del\u00e0 du domaine de la mode, en conqu\u00e9rant sa d\u00e9finition en dehors du domaine sp\u00e9cifique de l&#8217;habillement, de la production et de la publicit\u00e9, en trouvant sa place dans le champ universel des significations. Des oeuvres d&#8217;Alberto Burri, Jeff Koons, Andy Warhol, Mark Rothko et Basquiat consacr\u00e9es ou inextricablement li\u00e9es au \u00ab rouge Valentino \u00bb seront expos\u00e9es, entre autres.<\/p>\n","protected":false},"excerpt":{"rendered":"<p>\u00c0 partir des ann\u00e9es 50, Valentino Garavani commence \u00e0 cr\u00e9er des v\u00eatements rouges qui r\u00e9alisent, par l&#8217;identification d&#8217;une couleur \u00e0 sa forme, la vitalit\u00e9 dynamique du nouveau monde, en renouvelant l&#8217;\u00e9l\u00e9gance et l&#8217;aisance : ses cr\u00e9ations en rouge sont, par leur \u00e9vidence synth\u00e9tique, individuelle et sociale, des signaux-guides qui connotent le tournant de l&#8217;histoire et [&hellip;]<\/p>\n","protected":false},"featured_media":50080,"template":"","meta":[],"product_cat":[2948],"product_tag":[],"acf":[],"yoast_head":"<!-- This site is optimized with the Yoast SEO plugin v20.11 - https:\/\/yoast.com\/wordpress\/plugins\/seo\/ -->\n<title>Orizzonti Rosso ! - Librairie 7L<\/title>\n<meta name=\"robots\" content=\"index, follow, max-snippet:-1, max-image-preview:large, max-video-preview:-1\" \/>\n<link rel=\"canonical\" href=\"https:\/\/librairie7l.com\/en\/produit\/orizzonti-rosso-2\/\" \/>\n<meta property=\"og:locale\" content=\"en_US\" \/>\n<meta property=\"og:type\" content=\"article\" \/>\n<meta property=\"og:title\" content=\"Orizzonti Rosso ! - Librairie 7L\" \/>\n<meta property=\"og:description\" content=\"\u00c0 partir des ann\u00e9es 50, Valentino Garavani commence \u00e0 cr\u00e9er des v\u00eatements rouges qui r\u00e9alisent, par l&#8217;identification d&#8217;une couleur \u00e0 sa forme, la vitalit\u00e9 dynamique du nouveau monde, en renouvelant l&#8217;\u00e9l\u00e9gance et l&#8217;aisance : ses cr\u00e9ations en rouge sont, par leur \u00e9vidence synth\u00e9tique, individuelle et sociale, des signaux-guides qui connotent le tournant de l&#8217;histoire et [&hellip;]\" \/>\n<meta property=\"og:url\" content=\"https:\/\/librairie7l.com\/en\/produit\/orizzonti-rosso-2\/\" \/>\n<meta property=\"og:site_name\" content=\"Librairie 7L\" \/>\n<meta property=\"article:modified_time\" content=\"2026-05-08T03:39:19+00:00\" \/>\n<meta property=\"og:image\" content=\"https:\/\/librairie7l.com\/wp-content\/uploads\/2025\/03\/9788833673059_1_75.jpg\" \/>\n\t<meta property=\"og:image:width\" content=\"600\" \/>\n\t<meta property=\"og:image:height\" content=\"775\" \/>\n\t<meta property=\"og:image:type\" content=\"image\/jpeg\" \/>\n<meta name=\"twitter:card\" content=\"summary_large_image\" \/>\n<meta name=\"twitter:label1\" content=\"Est. reading time\" \/>\n\t<meta name=\"twitter:data1\" content=\"1 minute\" \/>\n<script type=\"application\/ld+json\" class=\"yoast-schema-graph\">{\"@context\":\"https:\/\/schema.org\",\"@graph\":[{\"@type\":\"WebPage\",\"@id\":\"https:\/\/librairie7l.com\/en\/produit\/orizzonti-rosso-2\/\",\"url\":\"https:\/\/librairie7l.com\/en\/produit\/orizzonti-rosso-2\/\",\"name\":\"Orizzonti Rosso ! - Librairie 7L\",\"isPartOf\":{\"@id\":\"https:\/\/librairie7l.com\/en\/#website\"},\"datePublished\":\"2025-08-29T07:17:52+00:00\",\"dateModified\":\"2026-05-08T03:39:19+00:00\",\"breadcrumb\":{\"@id\":\"https:\/\/librairie7l.com\/en\/produit\/orizzonti-rosso-2\/#breadcrumb\"},\"inLanguage\":\"en-US\",\"potentialAction\":[{\"@type\":\"ReadAction\",\"target\":[\"https:\/\/librairie7l.com\/en\/produit\/orizzonti-rosso-2\/\"]}]},{\"@type\":\"BreadcrumbList\",\"@id\":\"https:\/\/librairie7l.com\/en\/produit\/orizzonti-rosso-2\/#breadcrumb\",\"itemListElement\":[{\"@type\":\"ListItem\",\"position\":1,\"name\":\"Accueil\",\"item\":\"https:\/\/librairie7l.com\/en\/\"},{\"@type\":\"ListItem\",\"position\":2,\"name\":\"Shop\",\"item\":\"https:\/\/librairie7l.com\/en\/shop\/\"},{\"@type\":\"ListItem\",\"position\":3,\"name\":\"ORIZZONTI ROSSO !\"}]},{\"@type\":\"WebSite\",\"@id\":\"https:\/\/librairie7l.com\/en\/#website\",\"url\":\"https:\/\/librairie7l.com\/en\/\",\"name\":\"Librairie 7L\",\"description\":\"Librairie fond\u00e9e en 1999 par Karl Lagerfeld \u00e0 Paris\",\"publisher\":{\"@id\":\"https:\/\/librairie7l.com\/en\/#organization\"},\"potentialAction\":[{\"@type\":\"SearchAction\",\"target\":{\"@type\":\"EntryPoint\",\"urlTemplate\":\"https:\/\/librairie7l.com\/en\/?s={search_term_string}\"},\"query-input\":\"required name=search_term_string\"}],\"inLanguage\":\"en-US\"},{\"@type\":\"Organization\",\"@id\":\"https:\/\/librairie7l.com\/en\/#organization\",\"name\":\"Librairie 7L\",\"url\":\"https:\/\/librairie7l.com\/en\/\",\"logo\":{\"@type\":\"ImageObject\",\"inLanguage\":\"en-US\",\"@id\":\"https:\/\/librairie7l.com\/en\/#\/schema\/logo\/image\/\",\"url\":\"https:\/\/librairie7l.com\/wp-content\/uploads\/2022\/08\/logo-1.png\",\"contentUrl\":\"https:\/\/librairie7l.com\/wp-content\/uploads\/2022\/08\/logo-1.png\",\"width\":227,\"height\":301,\"caption\":\"Librairie 7L\"},\"image\":{\"@id\":\"https:\/\/librairie7l.com\/en\/#\/schema\/logo\/image\/\"}}]}<\/script>\n<!-- \/ Yoast SEO plugin. -->","yoast_head_json":{"title":"Orizzonti Rosso ! - Librairie 7L","robots":{"index":"index","follow":"follow","max-snippet":"max-snippet:-1","max-image-preview":"max-image-preview:large","max-video-preview":"max-video-preview:-1"},"canonical":"https:\/\/librairie7l.com\/en\/produit\/orizzonti-rosso-2\/","og_locale":"en_US","og_type":"article","og_title":"Orizzonti Rosso ! - Librairie 7L","og_description":"\u00c0 partir des ann\u00e9es 50, Valentino Garavani commence \u00e0 cr\u00e9er des v\u00eatements rouges qui r\u00e9alisent, par l&#8217;identification d&#8217;une couleur \u00e0 sa forme, la vitalit\u00e9 dynamique du nouveau monde, en renouvelant l&#8217;\u00e9l\u00e9gance et l&#8217;aisance : ses cr\u00e9ations en rouge sont, par leur \u00e9vidence synth\u00e9tique, individuelle et sociale, des signaux-guides qui connotent le tournant de l&#8217;histoire et [&hellip;]","og_url":"https:\/\/librairie7l.com\/en\/produit\/orizzonti-rosso-2\/","og_site_name":"Librairie 7L","article_modified_time":"2026-05-08T03:39:19+00:00","og_image":[{"width":600,"height":775,"url":"https:\/\/librairie7l.com\/wp-content\/uploads\/2025\/03\/9788833673059_1_75.jpg","type":"image\/jpeg"}],"twitter_card":"summary_large_image","twitter_misc":{"Est. reading time":"1 minute"},"schema":{"@context":"https:\/\/schema.org","@graph":[{"@type":"WebPage","@id":"https:\/\/librairie7l.com\/en\/produit\/orizzonti-rosso-2\/","url":"https:\/\/librairie7l.com\/en\/produit\/orizzonti-rosso-2\/","name":"Orizzonti Rosso ! - Librairie 7L","isPartOf":{"@id":"https:\/\/librairie7l.com\/en\/#website"},"datePublished":"2025-08-29T07:17:52+00:00","dateModified":"2026-05-08T03:39:19+00:00","breadcrumb":{"@id":"https:\/\/librairie7l.com\/en\/produit\/orizzonti-rosso-2\/#breadcrumb"},"inLanguage":"en-US","potentialAction":[{"@type":"ReadAction","target":["https:\/\/librairie7l.com\/en\/produit\/orizzonti-rosso-2\/"]}]},{"@type":"BreadcrumbList","@id":"https:\/\/librairie7l.com\/en\/produit\/orizzonti-rosso-2\/#breadcrumb","itemListElement":[{"@type":"ListItem","position":1,"name":"Accueil","item":"https:\/\/librairie7l.com\/en\/"},{"@type":"ListItem","position":2,"name":"Shop","item":"https:\/\/librairie7l.com\/en\/shop\/"},{"@type":"ListItem","position":3,"name":"ORIZZONTI ROSSO !"}]},{"@type":"WebSite","@id":"https:\/\/librairie7l.com\/en\/#website","url":"https:\/\/librairie7l.com\/en\/","name":"Librairie 7L","description":"Librairie fond\u00e9e en 1999 par Karl Lagerfeld \u00e0 Paris","publisher":{"@id":"https:\/\/librairie7l.com\/en\/#organization"},"potentialAction":[{"@type":"SearchAction","target":{"@type":"EntryPoint","urlTemplate":"https:\/\/librairie7l.com\/en\/?s={search_term_string}"},"query-input":"required name=search_term_string"}],"inLanguage":"en-US"},{"@type":"Organization","@id":"https:\/\/librairie7l.com\/en\/#organization","name":"Librairie 7L","url":"https:\/\/librairie7l.com\/en\/","logo":{"@type":"ImageObject","inLanguage":"en-US","@id":"https:\/\/librairie7l.com\/en\/#\/schema\/logo\/image\/","url":"https:\/\/librairie7l.com\/wp-content\/uploads\/2022\/08\/logo-1.png","contentUrl":"https:\/\/librairie7l.com\/wp-content\/uploads\/2022\/08\/logo-1.png","width":227,"height":301,"caption":"Librairie 7L"},"image":{"@id":"https:\/\/librairie7l.com\/en\/#\/schema\/logo\/image\/"}}]}},"_links":{"self":[{"href":"https:\/\/librairie7l.com\/en\/wp-json\/wp\/v2\/product\/50082"}],"collection":[{"href":"https:\/\/librairie7l.com\/en\/wp-json\/wp\/v2\/product"}],"about":[{"href":"https:\/\/librairie7l.com\/en\/wp-json\/wp\/v2\/types\/product"}],"wp:featuredmedia":[{"embeddable":true,"href":"https:\/\/librairie7l.com\/en\/wp-json\/wp\/v2\/media\/50080"}],"wp:attachment":[{"href":"https:\/\/librairie7l.com\/en\/wp-json\/wp\/v2\/media?parent=50082"}],"wp:term":[{"taxonomy":"product_cat","embeddable":true,"href":"https:\/\/librairie7l.com\/en\/wp-json\/wp\/v2\/product_cat?post=50082"},{"taxonomy":"product_tag","embeddable":true,"href":"https:\/\/librairie7l.com\/en\/wp-json\/wp\/v2\/product_tag?post=50082"}],"curies":[{"name":"wp","href":"https:\/\/api.w.org\/{rel}","templated":true}]}}