{"id":50086,"date":"2025-08-29T09:17:55","date_gmt":"2025-08-29T07:17:55","guid":{"rendered":"https:\/\/librairie7l.com\/?post_type=product&#038;p=50086"},"modified":"2026-05-08T05:39:21","modified_gmt":"2026-05-08T03:39:21","slug":"maillol-picasso-defier-lideal-classique-2","status":"publish","type":"product","link":"https:\/\/librairie7l.com\/en\/produit\/maillol-picasso-defier-lideal-classique-2\/","title":{"rendered":"MAILLOL &#8211; PICASSO : D\u00c9FIER L&#8217;ID\u00c9AL CLASSIQUE"},"content":{"rendered":"<p>M\u00eame si les chemins de Maillol et de Picasso se sont crois\u00e9s \u00e0 Paris, la rencontre qui est le point de d\u00e9part de cette exposition est tardive, post\u00e9rieure m\u00eame \u00e0 la mort de Maillol, lorsque Picasso se rapproche, \u00e0 Perpignan, de son Espagne natale. \u00c0 cette occasion, il ne manque pas de regarder Maillol dont les sculptures tr\u00f4nent dans l&#8217;espace public. Cette proximit\u00e9 imm\u00e9diate et physique les r\u00e9unit de mani\u00e8re tangible et formalise une rencontre singuli\u00e8re.<\/p>\n<p>Ce catalogue d\u00e9code les points de convergences esth\u00e9tiques et techniques des deux artistes autour de leur identit\u00e9 catalane, de la f\u00e9minit\u00e9, du portrait, ou encore des paysages du Roussillon. Une lecture qui offre une vision pr\u00e9coce de la modernit\u00e9 de Maillol r\u00e9v\u00e9l\u00e9e par Picasso dont la quintessence se partage entre beaut\u00e9 classique et r\u00e9volution plastique.<\/p>\n","protected":false},"excerpt":{"rendered":"<p>M\u00eame si les chemins de Maillol et de Picasso se sont crois\u00e9s \u00e0 Paris, la rencontre qui est le point de d\u00e9part de cette exposition est tardive, post\u00e9rieure m\u00eame \u00e0 la mort de Maillol, lorsque Picasso se rapproche, \u00e0 Perpignan, de son Espagne natale. \u00c0 cette occasion, il ne manque pas de regarder Maillol dont [&hellip;]<\/p>\n","protected":false},"featured_media":50084,"template":"","meta":[],"product_cat":[2948],"product_tag":[],"acf":[],"yoast_head":"<!-- This site is optimized with the Yoast SEO plugin v20.11 - https:\/\/yoast.com\/wordpress\/plugins\/seo\/ -->\n<title>Maillol - Picasso : D\u00e9fier l&#039;id\u00e9al classique - Librairie 7L<\/title>\n<meta name=\"robots\" content=\"index, follow, max-snippet:-1, max-image-preview:large, max-video-preview:-1\" \/>\n<link rel=\"canonical\" href=\"https:\/\/librairie7l.com\/en\/produit\/maillol-picasso-defier-lideal-classique-2\/\" \/>\n<meta property=\"og:locale\" content=\"en_US\" \/>\n<meta property=\"og:type\" content=\"article\" \/>\n<meta property=\"og:title\" content=\"Maillol - Picasso : D\u00e9fier l&#039;id\u00e9al classique - Librairie 7L\" \/>\n<meta property=\"og:description\" content=\"M\u00eame si les chemins de Maillol et de Picasso se sont crois\u00e9s \u00e0 Paris, la rencontre qui est le point de d\u00e9part de cette exposition est tardive, post\u00e9rieure m\u00eame \u00e0 la mort de Maillol, lorsque Picasso se rapproche, \u00e0 Perpignan, de son Espagne natale. \u00c0 cette occasion, il ne manque pas de regarder Maillol dont [&hellip;]\" \/>\n<meta property=\"og:url\" content=\"https:\/\/librairie7l.com\/en\/produit\/maillol-picasso-defier-lideal-classique-2\/\" \/>\n<meta property=\"og:site_name\" content=\"Librairie 7L\" \/>\n<meta property=\"article:modified_time\" content=\"2026-05-08T03:39:21+00:00\" \/>\n<meta property=\"og:image\" content=\"https:\/\/librairie7l.com\/wp-content\/uploads\/2025\/03\/9788836659128_1_75.jpg\" \/>\n\t<meta property=\"og:image:width\" content=\"600\" \/>\n\t<meta property=\"og:image:height\" content=\"691\" \/>\n\t<meta property=\"og:image:type\" content=\"image\/jpeg\" \/>\n<meta name=\"twitter:card\" content=\"summary_large_image\" \/>\n<meta name=\"twitter:label1\" content=\"Est. reading time\" \/>\n\t<meta name=\"twitter:data1\" content=\"1 minute\" \/>\n<script type=\"application\/ld+json\" class=\"yoast-schema-graph\">{\"@context\":\"https:\/\/schema.org\",\"@graph\":[{\"@type\":\"WebPage\",\"@id\":\"https:\/\/librairie7l.com\/en\/produit\/maillol-picasso-defier-lideal-classique-2\/\",\"url\":\"https:\/\/librairie7l.com\/en\/produit\/maillol-picasso-defier-lideal-classique-2\/\",\"name\":\"Maillol - Picasso : D\u00e9fier l'id\u00e9al classique - Librairie 7L\",\"isPartOf\":{\"@id\":\"https:\/\/librairie7l.com\/en\/#website\"},\"datePublished\":\"2025-08-29T07:17:55+00:00\",\"dateModified\":\"2026-05-08T03:39:21+00:00\",\"breadcrumb\":{\"@id\":\"https:\/\/librairie7l.com\/en\/produit\/maillol-picasso-defier-lideal-classique-2\/#breadcrumb\"},\"inLanguage\":\"en-US\",\"potentialAction\":[{\"@type\":\"ReadAction\",\"target\":[\"https:\/\/librairie7l.com\/en\/produit\/maillol-picasso-defier-lideal-classique-2\/\"]}]},{\"@type\":\"BreadcrumbList\",\"@id\":\"https:\/\/librairie7l.com\/en\/produit\/maillol-picasso-defier-lideal-classique-2\/#breadcrumb\",\"itemListElement\":[{\"@type\":\"ListItem\",\"position\":1,\"name\":\"Accueil\",\"item\":\"https:\/\/librairie7l.com\/en\/\"},{\"@type\":\"ListItem\",\"position\":2,\"name\":\"Shop\",\"item\":\"https:\/\/librairie7l.com\/en\/shop\/\"},{\"@type\":\"ListItem\",\"position\":3,\"name\":\"MAILLOL &#8211; PICASSO : D\u00c9FIER L&#8217;ID\u00c9AL CLASSIQUE\"}]},{\"@type\":\"WebSite\",\"@id\":\"https:\/\/librairie7l.com\/en\/#website\",\"url\":\"https:\/\/librairie7l.com\/en\/\",\"name\":\"Librairie 7L\",\"description\":\"Librairie fond\u00e9e en 1999 par Karl Lagerfeld \u00e0 Paris\",\"publisher\":{\"@id\":\"https:\/\/librairie7l.com\/en\/#organization\"},\"potentialAction\":[{\"@type\":\"SearchAction\",\"target\":{\"@type\":\"EntryPoint\",\"urlTemplate\":\"https:\/\/librairie7l.com\/en\/?s={search_term_string}\"},\"query-input\":\"required name=search_term_string\"}],\"inLanguage\":\"en-US\"},{\"@type\":\"Organization\",\"@id\":\"https:\/\/librairie7l.com\/en\/#organization\",\"name\":\"Librairie 7L\",\"url\":\"https:\/\/librairie7l.com\/en\/\",\"logo\":{\"@type\":\"ImageObject\",\"inLanguage\":\"en-US\",\"@id\":\"https:\/\/librairie7l.com\/en\/#\/schema\/logo\/image\/\",\"url\":\"https:\/\/librairie7l.com\/wp-content\/uploads\/2022\/08\/logo-1.png\",\"contentUrl\":\"https:\/\/librairie7l.com\/wp-content\/uploads\/2022\/08\/logo-1.png\",\"width\":227,\"height\":301,\"caption\":\"Librairie 7L\"},\"image\":{\"@id\":\"https:\/\/librairie7l.com\/en\/#\/schema\/logo\/image\/\"}}]}<\/script>\n<!-- \/ Yoast SEO plugin. -->","yoast_head_json":{"title":"Maillol - Picasso : D\u00e9fier l'id\u00e9al classique - Librairie 7L","robots":{"index":"index","follow":"follow","max-snippet":"max-snippet:-1","max-image-preview":"max-image-preview:large","max-video-preview":"max-video-preview:-1"},"canonical":"https:\/\/librairie7l.com\/en\/produit\/maillol-picasso-defier-lideal-classique-2\/","og_locale":"en_US","og_type":"article","og_title":"Maillol - Picasso : D\u00e9fier l'id\u00e9al classique - Librairie 7L","og_description":"M\u00eame si les chemins de Maillol et de Picasso se sont crois\u00e9s \u00e0 Paris, la rencontre qui est le point de d\u00e9part de cette exposition est tardive, post\u00e9rieure m\u00eame \u00e0 la mort de Maillol, lorsque Picasso se rapproche, \u00e0 Perpignan, de son Espagne natale. \u00c0 cette occasion, il ne manque pas de regarder Maillol dont [&hellip;]","og_url":"https:\/\/librairie7l.com\/en\/produit\/maillol-picasso-defier-lideal-classique-2\/","og_site_name":"Librairie 7L","article_modified_time":"2026-05-08T03:39:21+00:00","og_image":[{"width":600,"height":691,"url":"https:\/\/librairie7l.com\/wp-content\/uploads\/2025\/03\/9788836659128_1_75.jpg","type":"image\/jpeg"}],"twitter_card":"summary_large_image","twitter_misc":{"Est. reading time":"1 minute"},"schema":{"@context":"https:\/\/schema.org","@graph":[{"@type":"WebPage","@id":"https:\/\/librairie7l.com\/en\/produit\/maillol-picasso-defier-lideal-classique-2\/","url":"https:\/\/librairie7l.com\/en\/produit\/maillol-picasso-defier-lideal-classique-2\/","name":"Maillol - Picasso : D\u00e9fier l'id\u00e9al classique - Librairie 7L","isPartOf":{"@id":"https:\/\/librairie7l.com\/en\/#website"},"datePublished":"2025-08-29T07:17:55+00:00","dateModified":"2026-05-08T03:39:21+00:00","breadcrumb":{"@id":"https:\/\/librairie7l.com\/en\/produit\/maillol-picasso-defier-lideal-classique-2\/#breadcrumb"},"inLanguage":"en-US","potentialAction":[{"@type":"ReadAction","target":["https:\/\/librairie7l.com\/en\/produit\/maillol-picasso-defier-lideal-classique-2\/"]}]},{"@type":"BreadcrumbList","@id":"https:\/\/librairie7l.com\/en\/produit\/maillol-picasso-defier-lideal-classique-2\/#breadcrumb","itemListElement":[{"@type":"ListItem","position":1,"name":"Accueil","item":"https:\/\/librairie7l.com\/en\/"},{"@type":"ListItem","position":2,"name":"Shop","item":"https:\/\/librairie7l.com\/en\/shop\/"},{"@type":"ListItem","position":3,"name":"MAILLOL &#8211; PICASSO : D\u00c9FIER L&#8217;ID\u00c9AL CLASSIQUE"}]},{"@type":"WebSite","@id":"https:\/\/librairie7l.com\/en\/#website","url":"https:\/\/librairie7l.com\/en\/","name":"Librairie 7L","description":"Librairie fond\u00e9e en 1999 par Karl Lagerfeld \u00e0 Paris","publisher":{"@id":"https:\/\/librairie7l.com\/en\/#organization"},"potentialAction":[{"@type":"SearchAction","target":{"@type":"EntryPoint","urlTemplate":"https:\/\/librairie7l.com\/en\/?s={search_term_string}"},"query-input":"required name=search_term_string"}],"inLanguage":"en-US"},{"@type":"Organization","@id":"https:\/\/librairie7l.com\/en\/#organization","name":"Librairie 7L","url":"https:\/\/librairie7l.com\/en\/","logo":{"@type":"ImageObject","inLanguage":"en-US","@id":"https:\/\/librairie7l.com\/en\/#\/schema\/logo\/image\/","url":"https:\/\/librairie7l.com\/wp-content\/uploads\/2022\/08\/logo-1.png","contentUrl":"https:\/\/librairie7l.com\/wp-content\/uploads\/2022\/08\/logo-1.png","width":227,"height":301,"caption":"Librairie 7L"},"image":{"@id":"https:\/\/librairie7l.com\/en\/#\/schema\/logo\/image\/"}}]}},"_links":{"self":[{"href":"https:\/\/librairie7l.com\/en\/wp-json\/wp\/v2\/product\/50086"}],"collection":[{"href":"https:\/\/librairie7l.com\/en\/wp-json\/wp\/v2\/product"}],"about":[{"href":"https:\/\/librairie7l.com\/en\/wp-json\/wp\/v2\/types\/product"}],"wp:featuredmedia":[{"embeddable":true,"href":"https:\/\/librairie7l.com\/en\/wp-json\/wp\/v2\/media\/50084"}],"wp:attachment":[{"href":"https:\/\/librairie7l.com\/en\/wp-json\/wp\/v2\/media?parent=50086"}],"wp:term":[{"taxonomy":"product_cat","embeddable":true,"href":"https:\/\/librairie7l.com\/en\/wp-json\/wp\/v2\/product_cat?post=50086"},{"taxonomy":"product_tag","embeddable":true,"href":"https:\/\/librairie7l.com\/en\/wp-json\/wp\/v2\/product_tag?post=50086"}],"curies":[{"name":"wp","href":"https:\/\/api.w.org\/{rel}","templated":true}]}}