{"id":50090,"date":"2025-08-29T09:17:57","date_gmt":"2025-08-29T07:17:57","guid":{"rendered":"https:\/\/librairie7l.com\/?post_type=product&#038;p=50090"},"modified":"2026-04-20T17:46:42","modified_gmt":"2026-04-20T15:46:42","slug":"un-certain-regard-chefs-doeuvre-de-la-collection-sidarta-2","status":"publish","type":"product","link":"https:\/\/librairie7l.com\/en\/produit\/un-certain-regard-chefs-doeuvre-de-la-collection-sidarta-2\/","title":{"rendered":"UN CERTAIN REGARD : CHEFS-D&#8217;OEUVRE DE LA COLLECTION SIDARTA"},"content":{"rendered":"<p>La collection Sidarta se pr\u00e9sente pour la premi\u00e8re fois dans son ensemble. Elle regroupe pr\u00e8s de 70 oeuvres de 28 artistes &#8211; hommes et femmes &#8211; parmi les plus importants. Ex\u00e9cut\u00e9es entre 1850 et 1950, elles forment un ensemble \u00e9poustouflant et d&#8217;une rare coh\u00e9rence : Balthus, Bonnard, Camille Claudel, Cezanne, Corot, Degas, Giacometti, Matisse, Morandi, Morisot, Monet, Picasso, Renoir, Seurat, Van Dongen, Vuillard&#8230;<br \/>\nLe fil rouge qui les r\u00e9unit a guid\u00e9 l&#8217;oeil d&#8217;une collectionneuse passionn\u00e9e faisant dialoguer plusieurs univers tout en privil\u00e9giant la longue dur\u00e9e, celle d&#8217;une historie de l&#8217;art o\u00f9 la composition, la lumi\u00e8re et le m\u00e9tier ont un sens. Des artistes qui ont en commun avec Bonnard cet attachement au sujet, \u00e0 sa formulation ancr\u00e9e dans les ressorts de la sensation et du pouvoir de la couleur.<\/p>\n","protected":false},"excerpt":{"rendered":"<p>La collection Sidarta se pr\u00e9sente pour la premi\u00e8re fois dans son ensemble. Elle regroupe pr\u00e8s de 70 oeuvres de 28 artistes &#8211; hommes et femmes &#8211; parmi les plus importants. Ex\u00e9cut\u00e9es entre 1850 et 1950, elles forment un ensemble \u00e9poustouflant et d&#8217;une rare coh\u00e9rence : Balthus, Bonnard, Camille Claudel, Cezanne, Corot, Degas, Giacometti, Matisse, Morandi, [&hellip;]<\/p>\n","protected":false},"featured_media":50088,"template":"","meta":[],"product_cat":[2948],"product_tag":[],"acf":[],"yoast_head":"<!-- This site is optimized with the Yoast SEO plugin v20.11 - https:\/\/yoast.com\/wordpress\/plugins\/seo\/ -->\n<title>Un certain regard : Chefs-d&#039;oeuvre de la collection Sidarta - Librairie 7L<\/title>\n<meta name=\"robots\" content=\"index, follow, max-snippet:-1, max-image-preview:large, max-video-preview:-1\" \/>\n<link rel=\"canonical\" href=\"https:\/\/librairie7l.com\/en\/produit\/un-certain-regard-chefs-doeuvre-de-la-collection-sidarta-2\/\" \/>\n<meta property=\"og:locale\" content=\"en_US\" \/>\n<meta property=\"og:type\" content=\"article\" \/>\n<meta property=\"og:title\" content=\"Un certain regard : Chefs-d&#039;oeuvre de la collection Sidarta - Librairie 7L\" \/>\n<meta property=\"og:description\" content=\"La collection Sidarta se pr\u00e9sente pour la premi\u00e8re fois dans son ensemble. Elle regroupe pr\u00e8s de 70 oeuvres de 28 artistes &#8211; hommes et femmes &#8211; parmi les plus importants. Ex\u00e9cut\u00e9es entre 1850 et 1950, elles forment un ensemble \u00e9poustouflant et d&#8217;une rare coh\u00e9rence : Balthus, Bonnard, Camille Claudel, Cezanne, Corot, Degas, Giacometti, Matisse, Morandi, [&hellip;]\" \/>\n<meta property=\"og:url\" content=\"https:\/\/librairie7l.com\/en\/produit\/un-certain-regard-chefs-doeuvre-de-la-collection-sidarta-2\/\" \/>\n<meta property=\"og:site_name\" content=\"Librairie 7L\" \/>\n<meta property=\"article:modified_time\" content=\"2026-04-20T15:46:42+00:00\" \/>\n<meta property=\"og:image\" content=\"https:\/\/librairie7l.com\/wp-content\/uploads\/2025\/03\/9788836660643_1_75.jpg\" \/>\n\t<meta property=\"og:image:width\" content=\"600\" \/>\n\t<meta property=\"og:image:height\" content=\"729\" \/>\n\t<meta property=\"og:image:type\" content=\"image\/jpeg\" \/>\n<meta name=\"twitter:card\" content=\"summary_large_image\" \/>\n<meta name=\"twitter:label1\" content=\"Est. reading time\" \/>\n\t<meta name=\"twitter:data1\" content=\"1 minute\" \/>\n<script type=\"application\/ld+json\" class=\"yoast-schema-graph\">{\"@context\":\"https:\/\/schema.org\",\"@graph\":[{\"@type\":\"WebPage\",\"@id\":\"https:\/\/librairie7l.com\/en\/produit\/un-certain-regard-chefs-doeuvre-de-la-collection-sidarta-2\/\",\"url\":\"https:\/\/librairie7l.com\/en\/produit\/un-certain-regard-chefs-doeuvre-de-la-collection-sidarta-2\/\",\"name\":\"Un certain regard : Chefs-d'oeuvre de la collection Sidarta - Librairie 7L\",\"isPartOf\":{\"@id\":\"https:\/\/librairie7l.com\/en\/#website\"},\"datePublished\":\"2025-08-29T07:17:57+00:00\",\"dateModified\":\"2026-04-20T15:46:42+00:00\",\"breadcrumb\":{\"@id\":\"https:\/\/librairie7l.com\/en\/produit\/un-certain-regard-chefs-doeuvre-de-la-collection-sidarta-2\/#breadcrumb\"},\"inLanguage\":\"en-US\",\"potentialAction\":[{\"@type\":\"ReadAction\",\"target\":[\"https:\/\/librairie7l.com\/en\/produit\/un-certain-regard-chefs-doeuvre-de-la-collection-sidarta-2\/\"]}]},{\"@type\":\"BreadcrumbList\",\"@id\":\"https:\/\/librairie7l.com\/en\/produit\/un-certain-regard-chefs-doeuvre-de-la-collection-sidarta-2\/#breadcrumb\",\"itemListElement\":[{\"@type\":\"ListItem\",\"position\":1,\"name\":\"Accueil\",\"item\":\"https:\/\/librairie7l.com\/en\/\"},{\"@type\":\"ListItem\",\"position\":2,\"name\":\"Shop\",\"item\":\"https:\/\/librairie7l.com\/en\/shop\/\"},{\"@type\":\"ListItem\",\"position\":3,\"name\":\"UN CERTAIN REGARD : CHEFS-D&#8217;OEUVRE DE LA COLLECTION SIDARTA\"}]},{\"@type\":\"WebSite\",\"@id\":\"https:\/\/librairie7l.com\/en\/#website\",\"url\":\"https:\/\/librairie7l.com\/en\/\",\"name\":\"Librairie 7L\",\"description\":\"Librairie fond\u00e9e en 1999 par Karl Lagerfeld \u00e0 Paris\",\"publisher\":{\"@id\":\"https:\/\/librairie7l.com\/en\/#organization\"},\"potentialAction\":[{\"@type\":\"SearchAction\",\"target\":{\"@type\":\"EntryPoint\",\"urlTemplate\":\"https:\/\/librairie7l.com\/en\/?s={search_term_string}\"},\"query-input\":\"required name=search_term_string\"}],\"inLanguage\":\"en-US\"},{\"@type\":\"Organization\",\"@id\":\"https:\/\/librairie7l.com\/en\/#organization\",\"name\":\"Librairie 7L\",\"url\":\"https:\/\/librairie7l.com\/en\/\",\"logo\":{\"@type\":\"ImageObject\",\"inLanguage\":\"en-US\",\"@id\":\"https:\/\/librairie7l.com\/en\/#\/schema\/logo\/image\/\",\"url\":\"https:\/\/librairie7l.com\/wp-content\/uploads\/2022\/08\/logo-1.png\",\"contentUrl\":\"https:\/\/librairie7l.com\/wp-content\/uploads\/2022\/08\/logo-1.png\",\"width\":227,\"height\":301,\"caption\":\"Librairie 7L\"},\"image\":{\"@id\":\"https:\/\/librairie7l.com\/en\/#\/schema\/logo\/image\/\"}}]}<\/script>\n<!-- \/ Yoast SEO plugin. -->","yoast_head_json":{"title":"Un certain regard : Chefs-d'oeuvre de la collection Sidarta - Librairie 7L","robots":{"index":"index","follow":"follow","max-snippet":"max-snippet:-1","max-image-preview":"max-image-preview:large","max-video-preview":"max-video-preview:-1"},"canonical":"https:\/\/librairie7l.com\/en\/produit\/un-certain-regard-chefs-doeuvre-de-la-collection-sidarta-2\/","og_locale":"en_US","og_type":"article","og_title":"Un certain regard : Chefs-d'oeuvre de la collection Sidarta - Librairie 7L","og_description":"La collection Sidarta se pr\u00e9sente pour la premi\u00e8re fois dans son ensemble. Elle regroupe pr\u00e8s de 70 oeuvres de 28 artistes &#8211; hommes et femmes &#8211; parmi les plus importants. Ex\u00e9cut\u00e9es entre 1850 et 1950, elles forment un ensemble \u00e9poustouflant et d&#8217;une rare coh\u00e9rence : Balthus, Bonnard, Camille Claudel, Cezanne, Corot, Degas, Giacometti, Matisse, Morandi, [&hellip;]","og_url":"https:\/\/librairie7l.com\/en\/produit\/un-certain-regard-chefs-doeuvre-de-la-collection-sidarta-2\/","og_site_name":"Librairie 7L","article_modified_time":"2026-04-20T15:46:42+00:00","og_image":[{"width":600,"height":729,"url":"https:\/\/librairie7l.com\/wp-content\/uploads\/2025\/03\/9788836660643_1_75.jpg","type":"image\/jpeg"}],"twitter_card":"summary_large_image","twitter_misc":{"Est. reading time":"1 minute"},"schema":{"@context":"https:\/\/schema.org","@graph":[{"@type":"WebPage","@id":"https:\/\/librairie7l.com\/en\/produit\/un-certain-regard-chefs-doeuvre-de-la-collection-sidarta-2\/","url":"https:\/\/librairie7l.com\/en\/produit\/un-certain-regard-chefs-doeuvre-de-la-collection-sidarta-2\/","name":"Un certain regard : Chefs-d'oeuvre de la collection Sidarta - Librairie 7L","isPartOf":{"@id":"https:\/\/librairie7l.com\/en\/#website"},"datePublished":"2025-08-29T07:17:57+00:00","dateModified":"2026-04-20T15:46:42+00:00","breadcrumb":{"@id":"https:\/\/librairie7l.com\/en\/produit\/un-certain-regard-chefs-doeuvre-de-la-collection-sidarta-2\/#breadcrumb"},"inLanguage":"en-US","potentialAction":[{"@type":"ReadAction","target":["https:\/\/librairie7l.com\/en\/produit\/un-certain-regard-chefs-doeuvre-de-la-collection-sidarta-2\/"]}]},{"@type":"BreadcrumbList","@id":"https:\/\/librairie7l.com\/en\/produit\/un-certain-regard-chefs-doeuvre-de-la-collection-sidarta-2\/#breadcrumb","itemListElement":[{"@type":"ListItem","position":1,"name":"Accueil","item":"https:\/\/librairie7l.com\/en\/"},{"@type":"ListItem","position":2,"name":"Shop","item":"https:\/\/librairie7l.com\/en\/shop\/"},{"@type":"ListItem","position":3,"name":"UN CERTAIN REGARD : CHEFS-D&#8217;OEUVRE DE LA COLLECTION SIDARTA"}]},{"@type":"WebSite","@id":"https:\/\/librairie7l.com\/en\/#website","url":"https:\/\/librairie7l.com\/en\/","name":"Librairie 7L","description":"Librairie fond\u00e9e en 1999 par Karl Lagerfeld \u00e0 Paris","publisher":{"@id":"https:\/\/librairie7l.com\/en\/#organization"},"potentialAction":[{"@type":"SearchAction","target":{"@type":"EntryPoint","urlTemplate":"https:\/\/librairie7l.com\/en\/?s={search_term_string}"},"query-input":"required name=search_term_string"}],"inLanguage":"en-US"},{"@type":"Organization","@id":"https:\/\/librairie7l.com\/en\/#organization","name":"Librairie 7L","url":"https:\/\/librairie7l.com\/en\/","logo":{"@type":"ImageObject","inLanguage":"en-US","@id":"https:\/\/librairie7l.com\/en\/#\/schema\/logo\/image\/","url":"https:\/\/librairie7l.com\/wp-content\/uploads\/2022\/08\/logo-1.png","contentUrl":"https:\/\/librairie7l.com\/wp-content\/uploads\/2022\/08\/logo-1.png","width":227,"height":301,"caption":"Librairie 7L"},"image":{"@id":"https:\/\/librairie7l.com\/en\/#\/schema\/logo\/image\/"}}]}},"_links":{"self":[{"href":"https:\/\/librairie7l.com\/en\/wp-json\/wp\/v2\/product\/50090"}],"collection":[{"href":"https:\/\/librairie7l.com\/en\/wp-json\/wp\/v2\/product"}],"about":[{"href":"https:\/\/librairie7l.com\/en\/wp-json\/wp\/v2\/types\/product"}],"wp:featuredmedia":[{"embeddable":true,"href":"https:\/\/librairie7l.com\/en\/wp-json\/wp\/v2\/media\/50088"}],"wp:attachment":[{"href":"https:\/\/librairie7l.com\/en\/wp-json\/wp\/v2\/media?parent=50090"}],"wp:term":[{"taxonomy":"product_cat","embeddable":true,"href":"https:\/\/librairie7l.com\/en\/wp-json\/wp\/v2\/product_cat?post=50090"},{"taxonomy":"product_tag","embeddable":true,"href":"https:\/\/librairie7l.com\/en\/wp-json\/wp\/v2\/product_tag?post=50090"}],"curies":[{"name":"wp","href":"https:\/\/api.w.org\/{rel}","templated":true}]}}