{"id":50098,"date":"2025-08-29T09:18:03","date_gmt":"2025-08-29T07:18:03","guid":{"rendered":"https:\/\/librairie7l.com\/?post_type=product&#038;p=50098"},"modified":"2026-04-27T13:53:33","modified_gmt":"2026-04-27T11:53:33","slug":"voir-cest-croire-lart-et-linfluence-de-jean-leon-gerome-2","status":"publish","type":"product","link":"https:\/\/librairie7l.com\/en\/produit\/voir-cest-croire-lart-et-linfluence-de-jean-leon-gerome-2\/","title":{"rendered":"VOIR, C&#8217;EST CROIRE : L&#8217;ART ET L&#8217;INFLUENCE DE JEAN-L\u00c9ON G\u00c9R\u00d4ME"},"content":{"rendered":"<p>Le catalogue est consacr\u00e9 \u00e0 l&#8217;un des artistes orientalistes les plus c\u00e9l\u00e8bres, le peintre et sculpteur fran\u00e7ais Jean-L\u00e9on G\u00e9r\u00f4me (1824-1904), \u00e0 l&#8217;occasion du 200e anniversaire de sa naissance. N\u00e9 en 1824 dans la petite ville de Vesoul, dans l&#8217;Est de la France, au sein d&#8217;une famille d&#8217;orf\u00e8vres, G\u00e9r\u00f4me est devenu l&#8217;un des peintres acad\u00e9miques les plus reconnus et distingu\u00e9s du Second Empire (1852-1870).<br \/>\nLa premi\u00e8re section explore la biographie de l&#8217;artiste ainsi que ses techniques picturales, tout en soulevant des questions critiques sur la r\u00e9ception de son art \u00e0 diff\u00e9rentes \u00e9poques et dans divers milieux. La deuxi\u00e8me section examine le r\u00f4le central de la photographie dans l&#8217;oeuvre de G\u00e9r\u00f4me, en analysant comment elle a facilit\u00e9 son processus artistique et contribu\u00e9 \u00e0 sa renomm\u00e9e mondiale. La troisi\u00e8me section ouvre une perspective contemporaine, en pr\u00e9sentant des oeuvres qui r\u00e9pondent \u00e0 l&#8217;oeuvre de G\u00e9r\u00f4me de mani\u00e8re diverse et stimulante.<br \/>\nPubli\u00e9 \u00e0 l&#8217;occasion d&#8217;une grande exposition organis\u00e9e par les Mus\u00e9es du Qatar \u00e0 Doha, l&#8217;ouvrage est le fruit de la collaboration entre deux institutions : le Mathaf, Mus\u00e9e arabe d&#8217;art moderne, et le Mus\u00e9e de Lusail. Gr\u00e2ce \u00e0 cette collaboration curatoriale, les deux mus\u00e9es ont pu r\u00e9unir des oeuvres issues de leurs collections et d&#8217;institutions internationales telles que le Mus\u00e9e des arts islamiques de Malaisie, le Metropolitan Museum of Art des \u00c9tats-Unis et le Mus\u00e9e d&#8217;Orsay en France, ainsi que de nombreux collectionneurs priv\u00e9s.<\/p>\n","protected":false},"excerpt":{"rendered":"<p>Le catalogue est consacr\u00e9 \u00e0 l&#8217;un des artistes orientalistes les plus c\u00e9l\u00e8bres, le peintre et sculpteur fran\u00e7ais Jean-L\u00e9on G\u00e9r\u00f4me (1824-1904), \u00e0 l&#8217;occasion du 200e anniversaire de sa naissance. N\u00e9 en 1824 dans la petite ville de Vesoul, dans l&#8217;Est de la France, au sein d&#8217;une famille d&#8217;orf\u00e8vres, G\u00e9r\u00f4me est devenu l&#8217;un des peintres acad\u00e9miques les [&hellip;]<\/p>\n","protected":false},"featured_media":50096,"template":"","meta":[],"product_cat":[2948],"product_tag":[],"acf":[],"yoast_head":"<!-- This site is optimized with the Yoast SEO plugin v20.11 - https:\/\/yoast.com\/wordpress\/plugins\/seo\/ -->\n<title>Voir, c&#039;est croire : L&#039;art et l&#039;influence de Jean-L\u00e9on G\u00e9r\u00f4me - Librairie 7L<\/title>\n<meta name=\"robots\" content=\"index, follow, max-snippet:-1, max-image-preview:large, max-video-preview:-1\" \/>\n<link rel=\"canonical\" href=\"https:\/\/librairie7l.com\/en\/produit\/voir-cest-croire-lart-et-linfluence-de-jean-leon-gerome-2\/\" \/>\n<meta property=\"og:locale\" content=\"en_US\" \/>\n<meta property=\"og:type\" content=\"article\" \/>\n<meta property=\"og:title\" content=\"Voir, c&#039;est croire : L&#039;art et l&#039;influence de Jean-L\u00e9on G\u00e9r\u00f4me - Librairie 7L\" \/>\n<meta property=\"og:description\" content=\"Le catalogue est consacr\u00e9 \u00e0 l&#8217;un des artistes orientalistes les plus c\u00e9l\u00e8bres, le peintre et sculpteur fran\u00e7ais Jean-L\u00e9on G\u00e9r\u00f4me (1824-1904), \u00e0 l&#8217;occasion du 200e anniversaire de sa naissance. N\u00e9 en 1824 dans la petite ville de Vesoul, dans l&#8217;Est de la France, au sein d&#8217;une famille d&#8217;orf\u00e8vres, G\u00e9r\u00f4me est devenu l&#8217;un des peintres acad\u00e9miques les [&hellip;]\" \/>\n<meta property=\"og:url\" content=\"https:\/\/librairie7l.com\/en\/produit\/voir-cest-croire-lart-et-linfluence-de-jean-leon-gerome-2\/\" \/>\n<meta property=\"og:site_name\" content=\"Librairie 7L\" \/>\n<meta property=\"article:modified_time\" content=\"2026-04-27T11:53:33+00:00\" \/>\n<meta property=\"og:image\" content=\"https:\/\/librairie7l.com\/wp-content\/uploads\/2024\/09\/9788836659333_1_75.jpg\" \/>\n\t<meta property=\"og:image:width\" content=\"600\" \/>\n\t<meta property=\"og:image:height\" content=\"764\" \/>\n\t<meta property=\"og:image:type\" content=\"image\/jpeg\" \/>\n<meta name=\"twitter:card\" content=\"summary_large_image\" \/>\n<meta name=\"twitter:label1\" content=\"Est. reading time\" \/>\n\t<meta name=\"twitter:data1\" content=\"1 minute\" \/>\n<script type=\"application\/ld+json\" class=\"yoast-schema-graph\">{\"@context\":\"https:\/\/schema.org\",\"@graph\":[{\"@type\":\"WebPage\",\"@id\":\"https:\/\/librairie7l.com\/en\/produit\/voir-cest-croire-lart-et-linfluence-de-jean-leon-gerome-2\/\",\"url\":\"https:\/\/librairie7l.com\/en\/produit\/voir-cest-croire-lart-et-linfluence-de-jean-leon-gerome-2\/\",\"name\":\"Voir, c'est croire : L'art et l'influence de Jean-L\u00e9on G\u00e9r\u00f4me - Librairie 7L\",\"isPartOf\":{\"@id\":\"https:\/\/librairie7l.com\/en\/#website\"},\"datePublished\":\"2025-08-29T07:18:03+00:00\",\"dateModified\":\"2026-04-27T11:53:33+00:00\",\"breadcrumb\":{\"@id\":\"https:\/\/librairie7l.com\/en\/produit\/voir-cest-croire-lart-et-linfluence-de-jean-leon-gerome-2\/#breadcrumb\"},\"inLanguage\":\"en-US\",\"potentialAction\":[{\"@type\":\"ReadAction\",\"target\":[\"https:\/\/librairie7l.com\/en\/produit\/voir-cest-croire-lart-et-linfluence-de-jean-leon-gerome-2\/\"]}]},{\"@type\":\"BreadcrumbList\",\"@id\":\"https:\/\/librairie7l.com\/en\/produit\/voir-cest-croire-lart-et-linfluence-de-jean-leon-gerome-2\/#breadcrumb\",\"itemListElement\":[{\"@type\":\"ListItem\",\"position\":1,\"name\":\"Accueil\",\"item\":\"https:\/\/librairie7l.com\/en\/\"},{\"@type\":\"ListItem\",\"position\":2,\"name\":\"Shop\",\"item\":\"https:\/\/librairie7l.com\/en\/shop\/\"},{\"@type\":\"ListItem\",\"position\":3,\"name\":\"VOIR, C&#8217;EST CROIRE : L&#8217;ART ET L&#8217;INFLUENCE DE JEAN-L\u00c9ON G\u00c9R\u00d4ME\"}]},{\"@type\":\"WebSite\",\"@id\":\"https:\/\/librairie7l.com\/en\/#website\",\"url\":\"https:\/\/librairie7l.com\/en\/\",\"name\":\"Librairie 7L\",\"description\":\"Librairie fond\u00e9e en 1999 par Karl Lagerfeld \u00e0 Paris\",\"publisher\":{\"@id\":\"https:\/\/librairie7l.com\/en\/#organization\"},\"potentialAction\":[{\"@type\":\"SearchAction\",\"target\":{\"@type\":\"EntryPoint\",\"urlTemplate\":\"https:\/\/librairie7l.com\/en\/?s={search_term_string}\"},\"query-input\":\"required name=search_term_string\"}],\"inLanguage\":\"en-US\"},{\"@type\":\"Organization\",\"@id\":\"https:\/\/librairie7l.com\/en\/#organization\",\"name\":\"Librairie 7L\",\"url\":\"https:\/\/librairie7l.com\/en\/\",\"logo\":{\"@type\":\"ImageObject\",\"inLanguage\":\"en-US\",\"@id\":\"https:\/\/librairie7l.com\/en\/#\/schema\/logo\/image\/\",\"url\":\"https:\/\/librairie7l.com\/wp-content\/uploads\/2022\/08\/logo-1.png\",\"contentUrl\":\"https:\/\/librairie7l.com\/wp-content\/uploads\/2022\/08\/logo-1.png\",\"width\":227,\"height\":301,\"caption\":\"Librairie 7L\"},\"image\":{\"@id\":\"https:\/\/librairie7l.com\/en\/#\/schema\/logo\/image\/\"}}]}<\/script>\n<!-- \/ Yoast SEO plugin. -->","yoast_head_json":{"title":"Voir, c'est croire : L'art et l'influence de Jean-L\u00e9on G\u00e9r\u00f4me - Librairie 7L","robots":{"index":"index","follow":"follow","max-snippet":"max-snippet:-1","max-image-preview":"max-image-preview:large","max-video-preview":"max-video-preview:-1"},"canonical":"https:\/\/librairie7l.com\/en\/produit\/voir-cest-croire-lart-et-linfluence-de-jean-leon-gerome-2\/","og_locale":"en_US","og_type":"article","og_title":"Voir, c'est croire : L'art et l'influence de Jean-L\u00e9on G\u00e9r\u00f4me - Librairie 7L","og_description":"Le catalogue est consacr\u00e9 \u00e0 l&#8217;un des artistes orientalistes les plus c\u00e9l\u00e8bres, le peintre et sculpteur fran\u00e7ais Jean-L\u00e9on G\u00e9r\u00f4me (1824-1904), \u00e0 l&#8217;occasion du 200e anniversaire de sa naissance. N\u00e9 en 1824 dans la petite ville de Vesoul, dans l&#8217;Est de la France, au sein d&#8217;une famille d&#8217;orf\u00e8vres, G\u00e9r\u00f4me est devenu l&#8217;un des peintres acad\u00e9miques les [&hellip;]","og_url":"https:\/\/librairie7l.com\/en\/produit\/voir-cest-croire-lart-et-linfluence-de-jean-leon-gerome-2\/","og_site_name":"Librairie 7L","article_modified_time":"2026-04-27T11:53:33+00:00","og_image":[{"width":600,"height":764,"url":"https:\/\/librairie7l.com\/wp-content\/uploads\/2024\/09\/9788836659333_1_75.jpg","type":"image\/jpeg"}],"twitter_card":"summary_large_image","twitter_misc":{"Est. reading time":"1 minute"},"schema":{"@context":"https:\/\/schema.org","@graph":[{"@type":"WebPage","@id":"https:\/\/librairie7l.com\/en\/produit\/voir-cest-croire-lart-et-linfluence-de-jean-leon-gerome-2\/","url":"https:\/\/librairie7l.com\/en\/produit\/voir-cest-croire-lart-et-linfluence-de-jean-leon-gerome-2\/","name":"Voir, c'est croire : L'art et l'influence de Jean-L\u00e9on G\u00e9r\u00f4me - Librairie 7L","isPartOf":{"@id":"https:\/\/librairie7l.com\/en\/#website"},"datePublished":"2025-08-29T07:18:03+00:00","dateModified":"2026-04-27T11:53:33+00:00","breadcrumb":{"@id":"https:\/\/librairie7l.com\/en\/produit\/voir-cest-croire-lart-et-linfluence-de-jean-leon-gerome-2\/#breadcrumb"},"inLanguage":"en-US","potentialAction":[{"@type":"ReadAction","target":["https:\/\/librairie7l.com\/en\/produit\/voir-cest-croire-lart-et-linfluence-de-jean-leon-gerome-2\/"]}]},{"@type":"BreadcrumbList","@id":"https:\/\/librairie7l.com\/en\/produit\/voir-cest-croire-lart-et-linfluence-de-jean-leon-gerome-2\/#breadcrumb","itemListElement":[{"@type":"ListItem","position":1,"name":"Accueil","item":"https:\/\/librairie7l.com\/en\/"},{"@type":"ListItem","position":2,"name":"Shop","item":"https:\/\/librairie7l.com\/en\/shop\/"},{"@type":"ListItem","position":3,"name":"VOIR, C&#8217;EST CROIRE : L&#8217;ART ET L&#8217;INFLUENCE DE JEAN-L\u00c9ON G\u00c9R\u00d4ME"}]},{"@type":"WebSite","@id":"https:\/\/librairie7l.com\/en\/#website","url":"https:\/\/librairie7l.com\/en\/","name":"Librairie 7L","description":"Librairie fond\u00e9e en 1999 par Karl Lagerfeld \u00e0 Paris","publisher":{"@id":"https:\/\/librairie7l.com\/en\/#organization"},"potentialAction":[{"@type":"SearchAction","target":{"@type":"EntryPoint","urlTemplate":"https:\/\/librairie7l.com\/en\/?s={search_term_string}"},"query-input":"required name=search_term_string"}],"inLanguage":"en-US"},{"@type":"Organization","@id":"https:\/\/librairie7l.com\/en\/#organization","name":"Librairie 7L","url":"https:\/\/librairie7l.com\/en\/","logo":{"@type":"ImageObject","inLanguage":"en-US","@id":"https:\/\/librairie7l.com\/en\/#\/schema\/logo\/image\/","url":"https:\/\/librairie7l.com\/wp-content\/uploads\/2022\/08\/logo-1.png","contentUrl":"https:\/\/librairie7l.com\/wp-content\/uploads\/2022\/08\/logo-1.png","width":227,"height":301,"caption":"Librairie 7L"},"image":{"@id":"https:\/\/librairie7l.com\/en\/#\/schema\/logo\/image\/"}}]}},"_links":{"self":[{"href":"https:\/\/librairie7l.com\/en\/wp-json\/wp\/v2\/product\/50098"}],"collection":[{"href":"https:\/\/librairie7l.com\/en\/wp-json\/wp\/v2\/product"}],"about":[{"href":"https:\/\/librairie7l.com\/en\/wp-json\/wp\/v2\/types\/product"}],"wp:featuredmedia":[{"embeddable":true,"href":"https:\/\/librairie7l.com\/en\/wp-json\/wp\/v2\/media\/50096"}],"wp:attachment":[{"href":"https:\/\/librairie7l.com\/en\/wp-json\/wp\/v2\/media?parent=50098"}],"wp:term":[{"taxonomy":"product_cat","embeddable":true,"href":"https:\/\/librairie7l.com\/en\/wp-json\/wp\/v2\/product_cat?post=50098"},{"taxonomy":"product_tag","embeddable":true,"href":"https:\/\/librairie7l.com\/en\/wp-json\/wp\/v2\/product_tag?post=50098"}],"curies":[{"name":"wp","href":"https:\/\/api.w.org\/{rel}","templated":true}]}}