{"id":50114,"date":"2025-08-29T14:51:44","date_gmt":"2025-08-29T12:51:44","guid":{"rendered":"https:\/\/librairie7l.com\/?post_type=product&#038;p=50114"},"modified":"2026-04-05T22:06:45","modified_gmt":"2026-04-05T20:06:45","slug":"christian-dior-et-moi-2","status":"publish","type":"product","link":"https:\/\/librairie7l.com\/en\/produit\/christian-dior-et-moi-2\/","title":{"rendered":"CHRISTIAN DIOR ET MOI"},"content":{"rendered":"<p>Les m\u00e9moires d&#8217;un g\u00e9nie de la mode Peu avant sa mort soudaine en 1957, Christian Dior, alors au fa\u00eete de sa gloire, entreprit de publier ses M\u00e9moires o\u00f9, avec humour et style, il retrace le destin exceptionnel d&#8217;un homme qui, inconnu un jour, c\u00e9l\u00e8bre dans le monde entier le lendemain, r\u00e9volutionna la mode.<br \/>\nRien, pourtant, ne semblait l&#8217;y pr\u00e9destiner. C&#8217;est sur le tard que, press\u00e9 par la n\u00e9cessit\u00e9, il s&#8217;initie \u00e0 la gravure de mode, puis travaille avec les plus grands. En 1946 (il a alors 41 ans), na\u00eet la maison Christian Dior. Quelques mois plus tard, sa premi\u00e8re collection rencontre un succ\u00e8s imm\u00e9diat et \u00e9clatant : son existence en sera irr\u00e9m\u00e9diablement boulevers\u00e9e.<br \/>\nC&#8217;est ce parcours hors du commun que, dans un style surprenant d&#8217;\u00e9l\u00e9gance, Christian Dior nous fait d\u00e9couvrir. Il nous invite \u00e0 passer les portes du 30, avenue Montaigne pour assister \u00e0 la naissance d&#8217;une collection ou p\u00e9n\u00e9trer dans les coulisses d&#8217;un d\u00e9fil\u00e9. Et, surtout, il dit ses intuitions g\u00e9niales, avoue ses doutes, ses audaces, son obsession du d\u00e9tail et du travail soign\u00e9, tout ce qui en fit l&#8217;un des plus grands noms de la haute couture.<\/p>\n","protected":false},"excerpt":{"rendered":"<p>Les m\u00e9moires d&#8217;un g\u00e9nie de la mode Peu avant sa mort soudaine en 1957, Christian Dior, alors au fa\u00eete de sa gloire, entreprit de publier ses M\u00e9moires o\u00f9, avec humour et style, il retrace le destin exceptionnel d&#8217;un homme qui, inconnu un jour, c\u00e9l\u00e8bre dans le monde entier le lendemain, r\u00e9volutionna la mode. Rien, pourtant, [&hellip;]<\/p>\n","protected":false},"featured_media":50112,"template":"","meta":[],"product_cat":[7364,2948],"product_tag":[],"acf":[],"yoast_head":"<!-- This site is optimized with the Yoast SEO plugin v20.11 - https:\/\/yoast.com\/wordpress\/plugins\/seo\/ -->\n<title>Christian Dior et moi - Librairie 7L<\/title>\n<meta name=\"robots\" content=\"index, follow, max-snippet:-1, max-image-preview:large, max-video-preview:-1\" \/>\n<link rel=\"canonical\" href=\"https:\/\/librairie7l.com\/en\/produit\/christian-dior-et-moi-2\/\" \/>\n<meta property=\"og:locale\" content=\"en_US\" \/>\n<meta property=\"og:type\" content=\"article\" \/>\n<meta property=\"og:title\" content=\"Christian Dior et moi - Librairie 7L\" \/>\n<meta property=\"og:description\" content=\"Les m\u00e9moires d&#8217;un g\u00e9nie de la mode Peu avant sa mort soudaine en 1957, Christian Dior, alors au fa\u00eete de sa gloire, entreprit de publier ses M\u00e9moires o\u00f9, avec humour et style, il retrace le destin exceptionnel d&#8217;un homme qui, inconnu un jour, c\u00e9l\u00e8bre dans le monde entier le lendemain, r\u00e9volutionna la mode. Rien, pourtant, [&hellip;]\" \/>\n<meta property=\"og:url\" content=\"https:\/\/librairie7l.com\/en\/produit\/christian-dior-et-moi-2\/\" \/>\n<meta property=\"og:site_name\" content=\"Librairie 7L\" \/>\n<meta property=\"article:modified_time\" content=\"2026-04-05T20:06:45+00:00\" \/>\n<meta property=\"og:image\" content=\"https:\/\/librairie7l.com\/wp-content\/uploads\/2022\/05\/9782311150377_1_75.jpg\" \/>\n\t<meta property=\"og:image:width\" content=\"600\" \/>\n\t<meta property=\"og:image:height\" content=\"938\" \/>\n\t<meta property=\"og:image:type\" content=\"image\/jpeg\" \/>\n<meta name=\"twitter:card\" content=\"summary_large_image\" \/>\n<meta name=\"twitter:label1\" content=\"Est. reading time\" \/>\n\t<meta name=\"twitter:data1\" content=\"1 minute\" \/>\n<script type=\"application\/ld+json\" class=\"yoast-schema-graph\">{\"@context\":\"https:\/\/schema.org\",\"@graph\":[{\"@type\":\"WebPage\",\"@id\":\"https:\/\/librairie7l.com\/en\/produit\/christian-dior-et-moi-2\/\",\"url\":\"https:\/\/librairie7l.com\/en\/produit\/christian-dior-et-moi-2\/\",\"name\":\"Christian Dior et moi - Librairie 7L\",\"isPartOf\":{\"@id\":\"https:\/\/librairie7l.com\/en\/#website\"},\"datePublished\":\"2025-08-29T12:51:44+00:00\",\"dateModified\":\"2026-04-05T20:06:45+00:00\",\"breadcrumb\":{\"@id\":\"https:\/\/librairie7l.com\/en\/produit\/christian-dior-et-moi-2\/#breadcrumb\"},\"inLanguage\":\"en-US\",\"potentialAction\":[{\"@type\":\"ReadAction\",\"target\":[\"https:\/\/librairie7l.com\/en\/produit\/christian-dior-et-moi-2\/\"]}]},{\"@type\":\"BreadcrumbList\",\"@id\":\"https:\/\/librairie7l.com\/en\/produit\/christian-dior-et-moi-2\/#breadcrumb\",\"itemListElement\":[{\"@type\":\"ListItem\",\"position\":1,\"name\":\"Accueil\",\"item\":\"https:\/\/librairie7l.com\/en\/\"},{\"@type\":\"ListItem\",\"position\":2,\"name\":\"Shop\",\"item\":\"https:\/\/librairie7l.com\/en\/shop\/\"},{\"@type\":\"ListItem\",\"position\":3,\"name\":\"CHRISTIAN DIOR ET MOI\"}]},{\"@type\":\"WebSite\",\"@id\":\"https:\/\/librairie7l.com\/en\/#website\",\"url\":\"https:\/\/librairie7l.com\/en\/\",\"name\":\"Librairie 7L\",\"description\":\"Librairie fond\u00e9e en 1999 par Karl Lagerfeld \u00e0 Paris\",\"publisher\":{\"@id\":\"https:\/\/librairie7l.com\/en\/#organization\"},\"potentialAction\":[{\"@type\":\"SearchAction\",\"target\":{\"@type\":\"EntryPoint\",\"urlTemplate\":\"https:\/\/librairie7l.com\/en\/?s={search_term_string}\"},\"query-input\":\"required name=search_term_string\"}],\"inLanguage\":\"en-US\"},{\"@type\":\"Organization\",\"@id\":\"https:\/\/librairie7l.com\/en\/#organization\",\"name\":\"Librairie 7L\",\"url\":\"https:\/\/librairie7l.com\/en\/\",\"logo\":{\"@type\":\"ImageObject\",\"inLanguage\":\"en-US\",\"@id\":\"https:\/\/librairie7l.com\/en\/#\/schema\/logo\/image\/\",\"url\":\"https:\/\/librairie7l.com\/wp-content\/uploads\/2022\/08\/logo-1.png\",\"contentUrl\":\"https:\/\/librairie7l.com\/wp-content\/uploads\/2022\/08\/logo-1.png\",\"width\":227,\"height\":301,\"caption\":\"Librairie 7L\"},\"image\":{\"@id\":\"https:\/\/librairie7l.com\/en\/#\/schema\/logo\/image\/\"}}]}<\/script>\n<!-- \/ Yoast SEO plugin. -->","yoast_head_json":{"title":"Christian Dior et moi - Librairie 7L","robots":{"index":"index","follow":"follow","max-snippet":"max-snippet:-1","max-image-preview":"max-image-preview:large","max-video-preview":"max-video-preview:-1"},"canonical":"https:\/\/librairie7l.com\/en\/produit\/christian-dior-et-moi-2\/","og_locale":"en_US","og_type":"article","og_title":"Christian Dior et moi - Librairie 7L","og_description":"Les m\u00e9moires d&#8217;un g\u00e9nie de la mode Peu avant sa mort soudaine en 1957, Christian Dior, alors au fa\u00eete de sa gloire, entreprit de publier ses M\u00e9moires o\u00f9, avec humour et style, il retrace le destin exceptionnel d&#8217;un homme qui, inconnu un jour, c\u00e9l\u00e8bre dans le monde entier le lendemain, r\u00e9volutionna la mode. Rien, pourtant, [&hellip;]","og_url":"https:\/\/librairie7l.com\/en\/produit\/christian-dior-et-moi-2\/","og_site_name":"Librairie 7L","article_modified_time":"2026-04-05T20:06:45+00:00","og_image":[{"width":600,"height":938,"url":"https:\/\/librairie7l.com\/wp-content\/uploads\/2022\/05\/9782311150377_1_75.jpg","type":"image\/jpeg"}],"twitter_card":"summary_large_image","twitter_misc":{"Est. reading time":"1 minute"},"schema":{"@context":"https:\/\/schema.org","@graph":[{"@type":"WebPage","@id":"https:\/\/librairie7l.com\/en\/produit\/christian-dior-et-moi-2\/","url":"https:\/\/librairie7l.com\/en\/produit\/christian-dior-et-moi-2\/","name":"Christian Dior et moi - Librairie 7L","isPartOf":{"@id":"https:\/\/librairie7l.com\/en\/#website"},"datePublished":"2025-08-29T12:51:44+00:00","dateModified":"2026-04-05T20:06:45+00:00","breadcrumb":{"@id":"https:\/\/librairie7l.com\/en\/produit\/christian-dior-et-moi-2\/#breadcrumb"},"inLanguage":"en-US","potentialAction":[{"@type":"ReadAction","target":["https:\/\/librairie7l.com\/en\/produit\/christian-dior-et-moi-2\/"]}]},{"@type":"BreadcrumbList","@id":"https:\/\/librairie7l.com\/en\/produit\/christian-dior-et-moi-2\/#breadcrumb","itemListElement":[{"@type":"ListItem","position":1,"name":"Accueil","item":"https:\/\/librairie7l.com\/en\/"},{"@type":"ListItem","position":2,"name":"Shop","item":"https:\/\/librairie7l.com\/en\/shop\/"},{"@type":"ListItem","position":3,"name":"CHRISTIAN DIOR ET MOI"}]},{"@type":"WebSite","@id":"https:\/\/librairie7l.com\/en\/#website","url":"https:\/\/librairie7l.com\/en\/","name":"Librairie 7L","description":"Librairie fond\u00e9e en 1999 par Karl Lagerfeld \u00e0 Paris","publisher":{"@id":"https:\/\/librairie7l.com\/en\/#organization"},"potentialAction":[{"@type":"SearchAction","target":{"@type":"EntryPoint","urlTemplate":"https:\/\/librairie7l.com\/en\/?s={search_term_string}"},"query-input":"required name=search_term_string"}],"inLanguage":"en-US"},{"@type":"Organization","@id":"https:\/\/librairie7l.com\/en\/#organization","name":"Librairie 7L","url":"https:\/\/librairie7l.com\/en\/","logo":{"@type":"ImageObject","inLanguage":"en-US","@id":"https:\/\/librairie7l.com\/en\/#\/schema\/logo\/image\/","url":"https:\/\/librairie7l.com\/wp-content\/uploads\/2022\/08\/logo-1.png","contentUrl":"https:\/\/librairie7l.com\/wp-content\/uploads\/2022\/08\/logo-1.png","width":227,"height":301,"caption":"Librairie 7L"},"image":{"@id":"https:\/\/librairie7l.com\/en\/#\/schema\/logo\/image\/"}}]}},"_links":{"self":[{"href":"https:\/\/librairie7l.com\/en\/wp-json\/wp\/v2\/product\/50114"}],"collection":[{"href":"https:\/\/librairie7l.com\/en\/wp-json\/wp\/v2\/product"}],"about":[{"href":"https:\/\/librairie7l.com\/en\/wp-json\/wp\/v2\/types\/product"}],"wp:featuredmedia":[{"embeddable":true,"href":"https:\/\/librairie7l.com\/en\/wp-json\/wp\/v2\/media\/50112"}],"wp:attachment":[{"href":"https:\/\/librairie7l.com\/en\/wp-json\/wp\/v2\/media?parent=50114"}],"wp:term":[{"taxonomy":"product_cat","embeddable":true,"href":"https:\/\/librairie7l.com\/en\/wp-json\/wp\/v2\/product_cat?post=50114"},{"taxonomy":"product_tag","embeddable":true,"href":"https:\/\/librairie7l.com\/en\/wp-json\/wp\/v2\/product_tag?post=50114"}],"curies":[{"name":"wp","href":"https:\/\/api.w.org\/{rel}","templated":true}]}}