{"id":50126,"date":"2025-08-30T09:17:43","date_gmt":"2025-08-30T07:17:43","guid":{"rendered":"https:\/\/librairie7l.com\/?post_type=product&#038;p=50126"},"modified":"2026-04-16T15:06:02","modified_gmt":"2026-04-16T13:06:02","slug":"les-tres-riches-heures-du-duc-de-berry-3","status":"publish","type":"product","link":"https:\/\/librairie7l.com\/en\/produit\/les-tres-riches-heures-du-duc-de-berry-3\/","title":{"rendered":"LES TR\u00c8S RICHES HEURES DU DUC DE BERRY"},"content":{"rendered":"<p>Apr\u00e8s &#8220;L&#8217;Apocalypse selon D\u00fcrer&#8221;, Alberto Manguel se pr\u00eate \u00e0 nouveau au jeu de l&#8217;ekphrasis avec&#8221; Les Tr\u00e8s Riches Heures&#8221; du Duc de Berry.<br \/>\nCe livre de pri\u00e8res, command\u00e9 vers 1411 par le duc Jean 1er de Berry puis rachet\u00e9 par le duc d&#8217;Aumale en 1855, est aujourd&#8217;hui conserv\u00e9 au mus\u00e9e Cond\u00e9 de Chantilly. Dans ce joyau de l&#8217;art gothique international se croisent les influences flamandes, fran\u00e7aises, italiennes, orientales et antiques. Il compte parmi ses enlumineurs les fr\u00e8res Limbourg. \u00c0 la mort de ceux-ci en 1416, les peintres se succ\u00e8dent tout au long du xve si\u00e8cle faisant de cet ouvrage un somptueux livre-cath\u00e9drale. Alberto Manguel entreprend une r\u00e9flexion profonde et po\u00e9tique de ce chef-d&#8217;oeuvre du Moyen \u00c2ge. Au fil des 12 chapitres d\u00e9di\u00e9s aux 12 mois de l&#8217;ann\u00e9e, il offre au lecteur son immense connaissance de l&#8217;histoire du livre et nous d\u00e9voile les secrets de ces enluminures. Par son approche sensible et savante, Alberto Manguel propose dans cet ouvrage une lecture immersive du manuscrit le plus c\u00e9l\u00e8bre au monde.<\/p>\n","protected":false},"excerpt":{"rendered":"<p>Apr\u00e8s &#8220;L&#8217;Apocalypse selon D\u00fcrer&#8221;, Alberto Manguel se pr\u00eate \u00e0 nouveau au jeu de l&#8217;ekphrasis avec&#8221; Les Tr\u00e8s Riches Heures&#8221; du Duc de Berry. Ce livre de pri\u00e8res, command\u00e9 vers 1411 par le duc Jean 1er de Berry puis rachet\u00e9 par le duc d&#8217;Aumale en 1855, est aujourd&#8217;hui conserv\u00e9 au mus\u00e9e Cond\u00e9 de Chantilly. Dans ce [&hellip;]<\/p>\n","protected":false},"featured_media":50124,"template":"","meta":[],"product_cat":[2948,2953],"product_tag":[],"acf":[],"yoast_head":"<!-- This site is optimized with the Yoast SEO plugin v20.11 - https:\/\/yoast.com\/wordpress\/plugins\/seo\/ -->\n<title>Les Tr\u00e8s Riches Heures du Duc de Berry - Librairie 7L<\/title>\n<meta name=\"robots\" content=\"index, follow, max-snippet:-1, max-image-preview:large, max-video-preview:-1\" \/>\n<link rel=\"canonical\" href=\"https:\/\/librairie7l.com\/en\/produit\/les-tres-riches-heures-du-duc-de-berry-3\/\" \/>\n<meta property=\"og:locale\" content=\"en_US\" \/>\n<meta property=\"og:type\" content=\"article\" \/>\n<meta property=\"og:title\" content=\"Les Tr\u00e8s Riches Heures du Duc de Berry - Librairie 7L\" \/>\n<meta property=\"og:description\" content=\"Apr\u00e8s &#8220;L&#8217;Apocalypse selon D\u00fcrer&#8221;, Alberto Manguel se pr\u00eate \u00e0 nouveau au jeu de l&#8217;ekphrasis avec&#8221; Les Tr\u00e8s Riches Heures&#8221; du Duc de Berry. Ce livre de pri\u00e8res, command\u00e9 vers 1411 par le duc Jean 1er de Berry puis rachet\u00e9 par le duc d&#8217;Aumale en 1855, est aujourd&#8217;hui conserv\u00e9 au mus\u00e9e Cond\u00e9 de Chantilly. Dans ce [&hellip;]\" \/>\n<meta property=\"og:url\" content=\"https:\/\/librairie7l.com\/en\/produit\/les-tres-riches-heures-du-duc-de-berry-3\/\" \/>\n<meta property=\"og:site_name\" content=\"Librairie 7L\" \/>\n<meta property=\"article:modified_time\" content=\"2026-04-16T13:06:02+00:00\" \/>\n<meta property=\"og:image\" content=\"https:\/\/librairie7l.com\/wp-content\/uploads\/2024\/06\/9782376801313_1_75.jpg\" \/>\n\t<meta property=\"og:image:width\" content=\"300\" \/>\n\t<meta property=\"og:image:height\" content=\"400\" \/>\n\t<meta property=\"og:image:type\" content=\"image\/jpeg\" \/>\n<meta name=\"twitter:card\" content=\"summary_large_image\" \/>\n<meta name=\"twitter:label1\" content=\"Est. reading time\" \/>\n\t<meta name=\"twitter:data1\" content=\"1 minute\" \/>\n<script type=\"application\/ld+json\" class=\"yoast-schema-graph\">{\"@context\":\"https:\/\/schema.org\",\"@graph\":[{\"@type\":\"WebPage\",\"@id\":\"https:\/\/librairie7l.com\/en\/produit\/les-tres-riches-heures-du-duc-de-berry-3\/\",\"url\":\"https:\/\/librairie7l.com\/en\/produit\/les-tres-riches-heures-du-duc-de-berry-3\/\",\"name\":\"Les Tr\u00e8s Riches Heures du Duc de Berry - Librairie 7L\",\"isPartOf\":{\"@id\":\"https:\/\/librairie7l.com\/en\/#website\"},\"datePublished\":\"2025-08-30T07:17:43+00:00\",\"dateModified\":\"2026-04-16T13:06:02+00:00\",\"breadcrumb\":{\"@id\":\"https:\/\/librairie7l.com\/en\/produit\/les-tres-riches-heures-du-duc-de-berry-3\/#breadcrumb\"},\"inLanguage\":\"en-US\",\"potentialAction\":[{\"@type\":\"ReadAction\",\"target\":[\"https:\/\/librairie7l.com\/en\/produit\/les-tres-riches-heures-du-duc-de-berry-3\/\"]}]},{\"@type\":\"BreadcrumbList\",\"@id\":\"https:\/\/librairie7l.com\/en\/produit\/les-tres-riches-heures-du-duc-de-berry-3\/#breadcrumb\",\"itemListElement\":[{\"@type\":\"ListItem\",\"position\":1,\"name\":\"Accueil\",\"item\":\"https:\/\/librairie7l.com\/en\/\"},{\"@type\":\"ListItem\",\"position\":2,\"name\":\"Shop\",\"item\":\"https:\/\/librairie7l.com\/en\/shop\/\"},{\"@type\":\"ListItem\",\"position\":3,\"name\":\"LES TR\u00c8S RICHES HEURES DU DUC DE BERRY\"}]},{\"@type\":\"WebSite\",\"@id\":\"https:\/\/librairie7l.com\/en\/#website\",\"url\":\"https:\/\/librairie7l.com\/en\/\",\"name\":\"Librairie 7L\",\"description\":\"Librairie fond\u00e9e en 1999 par Karl Lagerfeld \u00e0 Paris\",\"publisher\":{\"@id\":\"https:\/\/librairie7l.com\/en\/#organization\"},\"potentialAction\":[{\"@type\":\"SearchAction\",\"target\":{\"@type\":\"EntryPoint\",\"urlTemplate\":\"https:\/\/librairie7l.com\/en\/?s={search_term_string}\"},\"query-input\":\"required name=search_term_string\"}],\"inLanguage\":\"en-US\"},{\"@type\":\"Organization\",\"@id\":\"https:\/\/librairie7l.com\/en\/#organization\",\"name\":\"Librairie 7L\",\"url\":\"https:\/\/librairie7l.com\/en\/\",\"logo\":{\"@type\":\"ImageObject\",\"inLanguage\":\"en-US\",\"@id\":\"https:\/\/librairie7l.com\/en\/#\/schema\/logo\/image\/\",\"url\":\"https:\/\/librairie7l.com\/wp-content\/uploads\/2022\/08\/logo-1.png\",\"contentUrl\":\"https:\/\/librairie7l.com\/wp-content\/uploads\/2022\/08\/logo-1.png\",\"width\":227,\"height\":301,\"caption\":\"Librairie 7L\"},\"image\":{\"@id\":\"https:\/\/librairie7l.com\/en\/#\/schema\/logo\/image\/\"}}]}<\/script>\n<!-- \/ Yoast SEO plugin. -->","yoast_head_json":{"title":"Les Tr\u00e8s Riches Heures du Duc de Berry - Librairie 7L","robots":{"index":"index","follow":"follow","max-snippet":"max-snippet:-1","max-image-preview":"max-image-preview:large","max-video-preview":"max-video-preview:-1"},"canonical":"https:\/\/librairie7l.com\/en\/produit\/les-tres-riches-heures-du-duc-de-berry-3\/","og_locale":"en_US","og_type":"article","og_title":"Les Tr\u00e8s Riches Heures du Duc de Berry - Librairie 7L","og_description":"Apr\u00e8s &#8220;L&#8217;Apocalypse selon D\u00fcrer&#8221;, Alberto Manguel se pr\u00eate \u00e0 nouveau au jeu de l&#8217;ekphrasis avec&#8221; Les Tr\u00e8s Riches Heures&#8221; du Duc de Berry. Ce livre de pri\u00e8res, command\u00e9 vers 1411 par le duc Jean 1er de Berry puis rachet\u00e9 par le duc d&#8217;Aumale en 1855, est aujourd&#8217;hui conserv\u00e9 au mus\u00e9e Cond\u00e9 de Chantilly. Dans ce [&hellip;]","og_url":"https:\/\/librairie7l.com\/en\/produit\/les-tres-riches-heures-du-duc-de-berry-3\/","og_site_name":"Librairie 7L","article_modified_time":"2026-04-16T13:06:02+00:00","og_image":[{"width":300,"height":400,"url":"https:\/\/librairie7l.com\/wp-content\/uploads\/2024\/06\/9782376801313_1_75.jpg","type":"image\/jpeg"}],"twitter_card":"summary_large_image","twitter_misc":{"Est. reading time":"1 minute"},"schema":{"@context":"https:\/\/schema.org","@graph":[{"@type":"WebPage","@id":"https:\/\/librairie7l.com\/en\/produit\/les-tres-riches-heures-du-duc-de-berry-3\/","url":"https:\/\/librairie7l.com\/en\/produit\/les-tres-riches-heures-du-duc-de-berry-3\/","name":"Les Tr\u00e8s Riches Heures du Duc de Berry - Librairie 7L","isPartOf":{"@id":"https:\/\/librairie7l.com\/en\/#website"},"datePublished":"2025-08-30T07:17:43+00:00","dateModified":"2026-04-16T13:06:02+00:00","breadcrumb":{"@id":"https:\/\/librairie7l.com\/en\/produit\/les-tres-riches-heures-du-duc-de-berry-3\/#breadcrumb"},"inLanguage":"en-US","potentialAction":[{"@type":"ReadAction","target":["https:\/\/librairie7l.com\/en\/produit\/les-tres-riches-heures-du-duc-de-berry-3\/"]}]},{"@type":"BreadcrumbList","@id":"https:\/\/librairie7l.com\/en\/produit\/les-tres-riches-heures-du-duc-de-berry-3\/#breadcrumb","itemListElement":[{"@type":"ListItem","position":1,"name":"Accueil","item":"https:\/\/librairie7l.com\/en\/"},{"@type":"ListItem","position":2,"name":"Shop","item":"https:\/\/librairie7l.com\/en\/shop\/"},{"@type":"ListItem","position":3,"name":"LES TR\u00c8S RICHES HEURES DU DUC DE BERRY"}]},{"@type":"WebSite","@id":"https:\/\/librairie7l.com\/en\/#website","url":"https:\/\/librairie7l.com\/en\/","name":"Librairie 7L","description":"Librairie fond\u00e9e en 1999 par Karl Lagerfeld \u00e0 Paris","publisher":{"@id":"https:\/\/librairie7l.com\/en\/#organization"},"potentialAction":[{"@type":"SearchAction","target":{"@type":"EntryPoint","urlTemplate":"https:\/\/librairie7l.com\/en\/?s={search_term_string}"},"query-input":"required name=search_term_string"}],"inLanguage":"en-US"},{"@type":"Organization","@id":"https:\/\/librairie7l.com\/en\/#organization","name":"Librairie 7L","url":"https:\/\/librairie7l.com\/en\/","logo":{"@type":"ImageObject","inLanguage":"en-US","@id":"https:\/\/librairie7l.com\/en\/#\/schema\/logo\/image\/","url":"https:\/\/librairie7l.com\/wp-content\/uploads\/2022\/08\/logo-1.png","contentUrl":"https:\/\/librairie7l.com\/wp-content\/uploads\/2022\/08\/logo-1.png","width":227,"height":301,"caption":"Librairie 7L"},"image":{"@id":"https:\/\/librairie7l.com\/en\/#\/schema\/logo\/image\/"}}]}},"_links":{"self":[{"href":"https:\/\/librairie7l.com\/en\/wp-json\/wp\/v2\/product\/50126"}],"collection":[{"href":"https:\/\/librairie7l.com\/en\/wp-json\/wp\/v2\/product"}],"about":[{"href":"https:\/\/librairie7l.com\/en\/wp-json\/wp\/v2\/types\/product"}],"wp:featuredmedia":[{"embeddable":true,"href":"https:\/\/librairie7l.com\/en\/wp-json\/wp\/v2\/media\/50124"}],"wp:attachment":[{"href":"https:\/\/librairie7l.com\/en\/wp-json\/wp\/v2\/media?parent=50126"}],"wp:term":[{"taxonomy":"product_cat","embeddable":true,"href":"https:\/\/librairie7l.com\/en\/wp-json\/wp\/v2\/product_cat?post=50126"},{"taxonomy":"product_tag","embeddable":true,"href":"https:\/\/librairie7l.com\/en\/wp-json\/wp\/v2\/product_tag?post=50126"}],"curies":[{"name":"wp","href":"https:\/\/api.w.org\/{rel}","templated":true}]}}