{"id":50130,"date":"2025-08-30T09:17:45","date_gmt":"2025-08-30T07:17:45","guid":{"rendered":"https:\/\/librairie7l.com\/?post_type=product&#038;p=50130"},"modified":"2026-04-17T12:00:59","modified_gmt":"2026-04-17T10:00:59","slug":"picasso-et-ses-chiens-2","status":"publish","type":"product","link":"https:\/\/librairie7l.com\/en\/produit\/picasso-et-ses-chiens-2\/","title":{"rendered":"PICASSO ET SES CHIENS"},"content":{"rendered":"<p>En 1933, Virginia Woolf \u00e9crit une biographie de la po\u00e9tesse Elisabeth Barret Browning, racont\u00e9e \u00e0 la premi\u00e8re<br \/>\npersonne par son cocker, Flush. En 1936, pour \u00e9crire ses m\u00e9moires, All the dogs of my life, Elisabeth von Arnim<br \/>\nchoisit de raconter la vie des 14 chiens qui l&#8217;ont accompagn\u00e9e, de son enfance dans la Prusse de la fin du XIXe si\u00e8cle<br \/>\n\u00e0 sa retraite sur la c\u00f4te d&#8217;Azur. En 1957, le teckel Lump arrive chez Pablo Picasso, dont il partagera la vie jusqu&#8217;en<br \/>\n1973. Sa vie intime, familiale, avec Jacqueline, Claude et Paloma, avec les animaux qui peuplent la villa La Californie,<br \/>\nmais aussi sa vie artistique, puisqu&#8217;on le retrouve jusque dans les variations autour des M\u00e9nines de Velasquez. David<br \/>\nDouglas Duncan, l&#8217;ami qui a offert Lump \u00e0 Picasso, rassemble les t\u00e9moignages de cette vie commune dans Picasso<br \/>\nand Lump, a Dachshund Odyssey.<br \/>\nInspir\u00e9e par ces r\u00e9f\u00e9rences, cette nouvelle collection (dont le titre est un clin d&#8217;oeil \u00e0 Picasso et Lump) propose un<br \/>\nregard sur la vie et l&#8217;oeuvre de grands artistes et amoureux de l&#8217;art du XXe<br \/>\n et du XXIe<br \/>\n si\u00e8cle sous l&#8217;angle de la relation<br \/>\naux \u00ab chiens de leur vie \u00bb. Des ouvrages \u00e9rudits et l\u00e9gers, confi\u00e9s aux meilleurs sp\u00e9cialistes, m\u00ealant t\u00e9moignages<br \/>\net r\u00e9cits, citations, photographies d&#8217;archive et reproductions d&#8217;oeuvres, qui invitent \u00e0 une approche singuli\u00e8re, entre<br \/>\nsensibilit\u00e9 et humour, de la vie et de l&#8217;oeuvre de Pablo Picasso, Joan Mitchell, Andy Warhol, Francis Picabia, Pierre<br \/>\nBonnard, David Hockney, William Wegman, ou encore Gertrude Stein, Peggy Guggenheim, Yves Saint Laurent&#8230;<\/p>\n","protected":false},"excerpt":{"rendered":"<p>En 1933, Virginia Woolf \u00e9crit une biographie de la po\u00e9tesse Elisabeth Barret Browning, racont\u00e9e \u00e0 la premi\u00e8re personne par son cocker, Flush. En 1936, pour \u00e9crire ses m\u00e9moires, All the dogs of my life, Elisabeth von Arnim choisit de raconter la vie des 14 chiens qui l&#8217;ont accompagn\u00e9e, de son enfance dans la Prusse de [&hellip;]<\/p>\n","protected":false},"featured_media":50128,"template":"","meta":[],"product_cat":[2948,2953],"product_tag":[],"acf":[],"yoast_head":"<!-- This site is optimized with the Yoast SEO plugin v20.11 - https:\/\/yoast.com\/wordpress\/plugins\/seo\/ -->\n<title>Picasso et ses chiens - Librairie 7L<\/title>\n<meta name=\"robots\" content=\"index, follow, max-snippet:-1, max-image-preview:large, max-video-preview:-1\" \/>\n<link rel=\"canonical\" href=\"https:\/\/librairie7l.com\/en\/produit\/picasso-et-ses-chiens-2\/\" \/>\n<meta property=\"og:locale\" content=\"en_US\" \/>\n<meta property=\"og:type\" content=\"article\" \/>\n<meta property=\"og:title\" content=\"Picasso et ses chiens - Librairie 7L\" \/>\n<meta property=\"og:description\" content=\"En 1933, Virginia Woolf \u00e9crit une biographie de la po\u00e9tesse Elisabeth Barret Browning, racont\u00e9e \u00e0 la premi\u00e8re personne par son cocker, Flush. En 1936, pour \u00e9crire ses m\u00e9moires, All the dogs of my life, Elisabeth von Arnim choisit de raconter la vie des 14 chiens qui l&#8217;ont accompagn\u00e9e, de son enfance dans la Prusse de [&hellip;]\" \/>\n<meta property=\"og:url\" content=\"https:\/\/librairie7l.com\/en\/produit\/picasso-et-ses-chiens-2\/\" \/>\n<meta property=\"og:site_name\" content=\"Librairie 7L\" \/>\n<meta property=\"article:modified_time\" content=\"2026-04-17T10:00:59+00:00\" \/>\n<meta property=\"og:image\" content=\"https:\/\/librairie7l.com\/wp-content\/uploads\/2024\/01\/9782376660828_1_75.jpg\" \/>\n\t<meta property=\"og:image:width\" content=\"600\" \/>\n\t<meta property=\"og:image:height\" content=\"788\" \/>\n\t<meta property=\"og:image:type\" content=\"image\/jpeg\" \/>\n<meta name=\"twitter:card\" content=\"summary_large_image\" \/>\n<meta name=\"twitter:label1\" content=\"Est. reading time\" \/>\n\t<meta name=\"twitter:data1\" content=\"1 minute\" \/>\n<script type=\"application\/ld+json\" class=\"yoast-schema-graph\">{\"@context\":\"https:\/\/schema.org\",\"@graph\":[{\"@type\":\"WebPage\",\"@id\":\"https:\/\/librairie7l.com\/en\/produit\/picasso-et-ses-chiens-2\/\",\"url\":\"https:\/\/librairie7l.com\/en\/produit\/picasso-et-ses-chiens-2\/\",\"name\":\"Picasso et ses chiens - Librairie 7L\",\"isPartOf\":{\"@id\":\"https:\/\/librairie7l.com\/en\/#website\"},\"datePublished\":\"2025-08-30T07:17:45+00:00\",\"dateModified\":\"2026-04-17T10:00:59+00:00\",\"breadcrumb\":{\"@id\":\"https:\/\/librairie7l.com\/en\/produit\/picasso-et-ses-chiens-2\/#breadcrumb\"},\"inLanguage\":\"en-US\",\"potentialAction\":[{\"@type\":\"ReadAction\",\"target\":[\"https:\/\/librairie7l.com\/en\/produit\/picasso-et-ses-chiens-2\/\"]}]},{\"@type\":\"BreadcrumbList\",\"@id\":\"https:\/\/librairie7l.com\/en\/produit\/picasso-et-ses-chiens-2\/#breadcrumb\",\"itemListElement\":[{\"@type\":\"ListItem\",\"position\":1,\"name\":\"Accueil\",\"item\":\"https:\/\/librairie7l.com\/en\/\"},{\"@type\":\"ListItem\",\"position\":2,\"name\":\"Shop\",\"item\":\"https:\/\/librairie7l.com\/en\/shop\/\"},{\"@type\":\"ListItem\",\"position\":3,\"name\":\"PICASSO ET SES CHIENS\"}]},{\"@type\":\"WebSite\",\"@id\":\"https:\/\/librairie7l.com\/en\/#website\",\"url\":\"https:\/\/librairie7l.com\/en\/\",\"name\":\"Librairie 7L\",\"description\":\"Librairie fond\u00e9e en 1999 par Karl Lagerfeld \u00e0 Paris\",\"publisher\":{\"@id\":\"https:\/\/librairie7l.com\/en\/#organization\"},\"potentialAction\":[{\"@type\":\"SearchAction\",\"target\":{\"@type\":\"EntryPoint\",\"urlTemplate\":\"https:\/\/librairie7l.com\/en\/?s={search_term_string}\"},\"query-input\":\"required name=search_term_string\"}],\"inLanguage\":\"en-US\"},{\"@type\":\"Organization\",\"@id\":\"https:\/\/librairie7l.com\/en\/#organization\",\"name\":\"Librairie 7L\",\"url\":\"https:\/\/librairie7l.com\/en\/\",\"logo\":{\"@type\":\"ImageObject\",\"inLanguage\":\"en-US\",\"@id\":\"https:\/\/librairie7l.com\/en\/#\/schema\/logo\/image\/\",\"url\":\"https:\/\/librairie7l.com\/wp-content\/uploads\/2022\/08\/logo-1.png\",\"contentUrl\":\"https:\/\/librairie7l.com\/wp-content\/uploads\/2022\/08\/logo-1.png\",\"width\":227,\"height\":301,\"caption\":\"Librairie 7L\"},\"image\":{\"@id\":\"https:\/\/librairie7l.com\/en\/#\/schema\/logo\/image\/\"}}]}<\/script>\n<!-- \/ Yoast SEO plugin. -->","yoast_head_json":{"title":"Picasso et ses chiens - Librairie 7L","robots":{"index":"index","follow":"follow","max-snippet":"max-snippet:-1","max-image-preview":"max-image-preview:large","max-video-preview":"max-video-preview:-1"},"canonical":"https:\/\/librairie7l.com\/en\/produit\/picasso-et-ses-chiens-2\/","og_locale":"en_US","og_type":"article","og_title":"Picasso et ses chiens - Librairie 7L","og_description":"En 1933, Virginia Woolf \u00e9crit une biographie de la po\u00e9tesse Elisabeth Barret Browning, racont\u00e9e \u00e0 la premi\u00e8re personne par son cocker, Flush. En 1936, pour \u00e9crire ses m\u00e9moires, All the dogs of my life, Elisabeth von Arnim choisit de raconter la vie des 14 chiens qui l&#8217;ont accompagn\u00e9e, de son enfance dans la Prusse de [&hellip;]","og_url":"https:\/\/librairie7l.com\/en\/produit\/picasso-et-ses-chiens-2\/","og_site_name":"Librairie 7L","article_modified_time":"2026-04-17T10:00:59+00:00","og_image":[{"width":600,"height":788,"url":"https:\/\/librairie7l.com\/wp-content\/uploads\/2024\/01\/9782376660828_1_75.jpg","type":"image\/jpeg"}],"twitter_card":"summary_large_image","twitter_misc":{"Est. reading time":"1 minute"},"schema":{"@context":"https:\/\/schema.org","@graph":[{"@type":"WebPage","@id":"https:\/\/librairie7l.com\/en\/produit\/picasso-et-ses-chiens-2\/","url":"https:\/\/librairie7l.com\/en\/produit\/picasso-et-ses-chiens-2\/","name":"Picasso et ses chiens - Librairie 7L","isPartOf":{"@id":"https:\/\/librairie7l.com\/en\/#website"},"datePublished":"2025-08-30T07:17:45+00:00","dateModified":"2026-04-17T10:00:59+00:00","breadcrumb":{"@id":"https:\/\/librairie7l.com\/en\/produit\/picasso-et-ses-chiens-2\/#breadcrumb"},"inLanguage":"en-US","potentialAction":[{"@type":"ReadAction","target":["https:\/\/librairie7l.com\/en\/produit\/picasso-et-ses-chiens-2\/"]}]},{"@type":"BreadcrumbList","@id":"https:\/\/librairie7l.com\/en\/produit\/picasso-et-ses-chiens-2\/#breadcrumb","itemListElement":[{"@type":"ListItem","position":1,"name":"Accueil","item":"https:\/\/librairie7l.com\/en\/"},{"@type":"ListItem","position":2,"name":"Shop","item":"https:\/\/librairie7l.com\/en\/shop\/"},{"@type":"ListItem","position":3,"name":"PICASSO ET SES CHIENS"}]},{"@type":"WebSite","@id":"https:\/\/librairie7l.com\/en\/#website","url":"https:\/\/librairie7l.com\/en\/","name":"Librairie 7L","description":"Librairie fond\u00e9e en 1999 par Karl Lagerfeld \u00e0 Paris","publisher":{"@id":"https:\/\/librairie7l.com\/en\/#organization"},"potentialAction":[{"@type":"SearchAction","target":{"@type":"EntryPoint","urlTemplate":"https:\/\/librairie7l.com\/en\/?s={search_term_string}"},"query-input":"required name=search_term_string"}],"inLanguage":"en-US"},{"@type":"Organization","@id":"https:\/\/librairie7l.com\/en\/#organization","name":"Librairie 7L","url":"https:\/\/librairie7l.com\/en\/","logo":{"@type":"ImageObject","inLanguage":"en-US","@id":"https:\/\/librairie7l.com\/en\/#\/schema\/logo\/image\/","url":"https:\/\/librairie7l.com\/wp-content\/uploads\/2022\/08\/logo-1.png","contentUrl":"https:\/\/librairie7l.com\/wp-content\/uploads\/2022\/08\/logo-1.png","width":227,"height":301,"caption":"Librairie 7L"},"image":{"@id":"https:\/\/librairie7l.com\/en\/#\/schema\/logo\/image\/"}}]}},"_links":{"self":[{"href":"https:\/\/librairie7l.com\/en\/wp-json\/wp\/v2\/product\/50130"}],"collection":[{"href":"https:\/\/librairie7l.com\/en\/wp-json\/wp\/v2\/product"}],"about":[{"href":"https:\/\/librairie7l.com\/en\/wp-json\/wp\/v2\/types\/product"}],"wp:featuredmedia":[{"embeddable":true,"href":"https:\/\/librairie7l.com\/en\/wp-json\/wp\/v2\/media\/50128"}],"wp:attachment":[{"href":"https:\/\/librairie7l.com\/en\/wp-json\/wp\/v2\/media?parent=50130"}],"wp:term":[{"taxonomy":"product_cat","embeddable":true,"href":"https:\/\/librairie7l.com\/en\/wp-json\/wp\/v2\/product_cat?post=50130"},{"taxonomy":"product_tag","embeddable":true,"href":"https:\/\/librairie7l.com\/en\/wp-json\/wp\/v2\/product_tag?post=50130"}],"curies":[{"name":"wp","href":"https:\/\/api.w.org\/{rel}","templated":true}]}}